{"id":10363,"date":"2021-01-14T12:15:38","date_gmt":"2021-01-14T10:15:39","guid":{"rendered":"http:\/\/www.pristatomegeles.lt\/?post_type=product&#038;p=10363"},"modified":"2026-02-05T19:45:15","modified_gmt":"2026-02-05T17:45:15","slug":"big-sky-blue-sleeping-rose","status":"publish","type":"product","link":"https:\/\/www.pristatomegeles.lt\/en\/produktas\/big-sky-blue-sleeping-rose\/","title":{"rendered":"Big sky-blue sleeping rose"},"content":{"rendered":"","protected":false},"excerpt":{"rendered":"<p>Get this sky-blue sleeping rose under the dome and it will brighten up the day of every receiver.<\/p>\n<p>This sleeping rose will not loose its beauty and charm for several years. The height of the rose is 31,5 cm.<\/p>\n","protected":false},"featured_media":13898,"template":"","meta":[],"product_brand":[],"product_cat":[458],"product_tag":[],"class_list":{"0":"post-10363","1":"product","2":"type-product","3":"status-publish","4":"has-post-thumbnail","6":"product_cat-sleeping-roses","7":"product_shipping_class-in-all-lithuania","8":"tm-has-options","10":"first","11":"instock","12":"taxable","13":"shipping-taxable","14":"purchasable","15":"product-type-simple"},"yoast_head":"<!-- This site is optimized with the Yoast SEO plugin v24.3 - https:\/\/yoast.com\/wordpress\/plugins\/seo\/ -->\n<title>Big sky-blue sleeping rose | Stabilized roses | Pristatome g\u0117les<\/title>\n<meta name=\"description\" content=\"Surprise your beloved one with something special and this sleeping sky-blue rose is exactly what will help to make a wonderful surprise.\" \/>\n<meta name=\"robots\" content=\"index, follow, max-snippet:-1, max-image-preview:large, max-video-preview:-1\" \/>\n<link rel=\"canonical\" href=\"https:\/\/www.pristatomegeles.lt\/en\/produktas\/big-sky-blue-sleeping-rose\/\" \/>\n<meta property=\"og:locale\" content=\"en_US\" \/>\n<meta property=\"og:type\" content=\"article\" \/>\n<meta property=\"og:title\" content=\"Big sky-blue sleeping rose | Stabilized roses | Pristatome g\u0117les\" \/>\n<meta property=\"og:description\" content=\"Surprise your beloved one with something special and this sleeping sky-blue rose is exactly what will help to make a wonderful surprise.\" \/>\n<meta property=\"og:url\" content=\"https:\/\/www.pristatomegeles.lt\/en\/produktas\/big-sky-blue-sleeping-rose\/\" \/>\n<meta property=\"og:site_name\" content=\"Pristatomegeles.lt\" \/>\n<meta property=\"article:modified_time\" content=\"2026-02-05T17:45:15+00:00\" \/>\n<meta property=\"og:image\" content=\"https:\/\/www.pristatomegeles.lt\/wp-content\/uploads\/2021\/01\/zydra-mieganti-roze-po-stikliniu-gaubtu-scaled.jpg\" \/>\n\t<meta property=\"og:image:width\" content=\"1000\" \/>\n\t<meta property=\"og:image:height\" content=\"1000\" \/>\n\t<meta property=\"og:image:type\" content=\"image\/jpeg\" \/>\n<meta name=\"twitter:card\" content=\"summary_large_image\" \/>\n<meta name=\"twitter:label1\" content=\"Est. reading time\" \/>\n\t<meta name=\"twitter:data1\" content=\"1 minute\" \/>\n<script type=\"application\/ld+json\" class=\"yoast-schema-graph\">{\"@context\":\"https:\/\/schema.org\",\"@graph\":[{\"@type\":\"WebPage\",\"@id\":\"https:\/\/www.pristatomegeles.lt\/en\/produktas\/big-sky-blue-sleeping-rose\/\",\"url\":\"https:\/\/www.pristatomegeles.lt\/en\/produktas\/big-sky-blue-sleeping-rose\/\",\"name\":\"Big sky-blue sleeping rose | Stabilized roses | Pristatome g\u0117les\",\"isPartOf\":{\"@id\":\"https:\/\/www.pristatomegeles.lt\/en\/#website\"},\"primaryImageOfPage\":{\"@id\":\"https:\/\/www.pristatomegeles.lt\/en\/produktas\/big-sky-blue-sleeping-rose\/#primaryimage\"},\"image\":{\"@id\":\"https:\/\/www.pristatomegeles.lt\/en\/produktas\/big-sky-blue-sleeping-rose\/#primaryimage\"},\"thumbnailUrl\":\"https:\/\/www.pristatomegeles.lt\/wp-content\/uploads\/2021\/01\/zydra-mieganti-roze-po-stikliniu-gaubtu-scaled.jpg\",\"datePublished\":\"2021-01-14T10:15:39+00:00\",\"dateModified\":\"2026-02-05T17:45:15+00:00\",\"description\":\"Surprise your beloved one with something special and this sleeping sky-blue rose is exactly what will help to make a wonderful surprise.\",\"breadcrumb\":{\"@id\":\"https:\/\/www.pristatomegeles.lt\/en\/produktas\/big-sky-blue-sleeping-rose\/#breadcrumb\"},\"inLanguage\":\"en-US\",\"potentialAction\":[{\"@type\":\"ReadAction\",\"target\":[\"https:\/\/www.pristatomegeles.lt\/en\/produktas\/big-sky-blue-sleeping-rose\/\"]}]},{\"@type\":\"ImageObject\",\"inLanguage\":\"en-US\",\"@id\":\"https:\/\/www.pristatomegeles.lt\/en\/produktas\/big-sky-blue-sleeping-rose\/#primaryimage\",\"url\":\"https:\/\/www.pristatomegeles.lt\/wp-content\/uploads\/2021\/01\/zydra-mieganti-roze-po-stikliniu-gaubtu-scaled.jpg\",\"contentUrl\":\"https:\/\/www.pristatomegeles.lt\/wp-content\/uploads\/2021\/01\/zydra-mieganti-roze-po-stikliniu-gaubtu-scaled.jpg\",\"width\":1000,\"height\":1000,\"caption\":\"\u017dydra mieganti ro\u017e\u0117 po stiklu\"},{\"@type\":\"BreadcrumbList\",\"@id\":\"https:\/\/www.pristatomegeles.lt\/en\/produktas\/big-sky-blue-sleeping-rose\/#breadcrumb\",\"itemListElement\":[{\"@type\":\"ListItem\",\"position\":1,\"name\":\"Home\",\"item\":\"https:\/\/www.pristatomegeles.lt\/en\/home-2\/\"},{\"@type\":\"ListItem\",\"position\":2,\"name\":\"Flowers\",\"item\":\"https:\/\/www.pristatomegeles.lt\/en\/flowers\/\"},{\"@type\":\"ListItem\",\"position\":3,\"name\":\"Big sky-blue sleeping rose\"}]},{\"@type\":\"WebSite\",\"@id\":\"https:\/\/www.pristatomegeles.lt\/en\/#website\",\"url\":\"https:\/\/www.pristatomegeles.lt\/en\/\",\"name\":\"Pristatomegeles.lt\",\"description\":\"\",\"potentialAction\":[{\"@type\":\"SearchAction\",\"target\":{\"@type\":\"EntryPoint\",\"urlTemplate\":\"https:\/\/www.pristatomegeles.lt\/en\/?s={search_term_string}\"},\"query-input\":{\"@type\":\"PropertyValueSpecification\",\"valueRequired\":true,\"valueName\":\"search_term_string\"}}],\"inLanguage\":\"en-US\"}]}<\/script>\n<!-- \/ Yoast SEO plugin. -->","yoast_head_json":{"title":"Big sky-blue sleeping rose | Stabilized roses | Pristatome g\u0117les","description":"Surprise your beloved one with something special and this sleeping sky-blue rose is exactly what will help to make a wonderful surprise.","robots":{"index":"index","follow":"follow","max-snippet":"max-snippet:-1","max-image-preview":"max-image-preview:large","max-video-preview":"max-video-preview:-1"},"canonical":"https:\/\/www.pristatomegeles.lt\/en\/produktas\/big-sky-blue-sleeping-rose\/","og_locale":"en_US","og_type":"article","og_title":"Big sky-blue sleeping rose | Stabilized roses | Pristatome g\u0117les","og_description":"Surprise your beloved one with something special and this sleeping sky-blue rose is exactly what will help to make a wonderful surprise.","og_url":"https:\/\/www.pristatomegeles.lt\/en\/produktas\/big-sky-blue-sleeping-rose\/","og_site_name":"Pristatomegeles.lt","article_modified_time":"2026-02-05T17:45:15+00:00","og_image":[{"width":1000,"height":1000,"url":"https:\/\/www.pristatomegeles.lt\/wp-content\/uploads\/2021\/01\/zydra-mieganti-roze-po-stikliniu-gaubtu-scaled.jpg","type":"image\/jpeg"}],"twitter_card":"summary_large_image","twitter_misc":{"Est. reading time":"1 minute"},"schema":{"@context":"https:\/\/schema.org","@graph":[{"@type":"WebPage","@id":"https:\/\/www.pristatomegeles.lt\/en\/produktas\/big-sky-blue-sleeping-rose\/","url":"https:\/\/www.pristatomegeles.lt\/en\/produktas\/big-sky-blue-sleeping-rose\/","name":"Big sky-blue sleeping rose | Stabilized roses | Pristatome g\u0117les","isPartOf":{"@id":"https:\/\/www.pristatomegeles.lt\/en\/#website"},"primaryImageOfPage":{"@id":"https:\/\/www.pristatomegeles.lt\/en\/produktas\/big-sky-blue-sleeping-rose\/#primaryimage"},"image":{"@id":"https:\/\/www.pristatomegeles.lt\/en\/produktas\/big-sky-blue-sleeping-rose\/#primaryimage"},"thumbnailUrl":"https:\/\/www.pristatomegeles.lt\/wp-content\/uploads\/2021\/01\/zydra-mieganti-roze-po-stikliniu-gaubtu-scaled.jpg","datePublished":"2021-01-14T10:15:39+00:00","dateModified":"2026-02-05T17:45:15+00:00","description":"Surprise your beloved one with something special and this sleeping sky-blue rose is exactly what will help to make a wonderful surprise.","breadcrumb":{"@id":"https:\/\/www.pristatomegeles.lt\/en\/produktas\/big-sky-blue-sleeping-rose\/#breadcrumb"},"inLanguage":"en-US","potentialAction":[{"@type":"ReadAction","target":["https:\/\/www.pristatomegeles.lt\/en\/produktas\/big-sky-blue-sleeping-rose\/"]}]},{"@type":"ImageObject","inLanguage":"en-US","@id":"https:\/\/www.pristatomegeles.lt\/en\/produktas\/big-sky-blue-sleeping-rose\/#primaryimage","url":"https:\/\/www.pristatomegeles.lt\/wp-content\/uploads\/2021\/01\/zydra-mieganti-roze-po-stikliniu-gaubtu-scaled.jpg","contentUrl":"https:\/\/www.pristatomegeles.lt\/wp-content\/uploads\/2021\/01\/zydra-mieganti-roze-po-stikliniu-gaubtu-scaled.jpg","width":1000,"height":1000,"caption":"\u017dydra mieganti ro\u017e\u0117 po stiklu"},{"@type":"BreadcrumbList","@id":"https:\/\/www.pristatomegeles.lt\/en\/produktas\/big-sky-blue-sleeping-rose\/#breadcrumb","itemListElement":[{"@type":"ListItem","position":1,"name":"Home","item":"https:\/\/www.pristatomegeles.lt\/en\/home-2\/"},{"@type":"ListItem","position":2,"name":"Flowers","item":"https:\/\/www.pristatomegeles.lt\/en\/flowers\/"},{"@type":"ListItem","position":3,"name":"Big sky-blue sleeping rose"}]},{"@type":"WebSite","@id":"https:\/\/www.pristatomegeles.lt\/en\/#website","url":"https:\/\/www.pristatomegeles.lt\/en\/","name":"Pristatomegeles.lt","description":"","potentialAction":[{"@type":"SearchAction","target":{"@type":"EntryPoint","urlTemplate":"https:\/\/www.pristatomegeles.lt\/en\/?s={search_term_string}"},"query-input":{"@type":"PropertyValueSpecification","valueRequired":true,"valueName":"search_term_string"}}],"inLanguage":"en-US"}]}},"_links":{"self":[{"href":"https:\/\/www.pristatomegeles.lt\/en\/wp-json\/wp\/v2\/product\/10363","targetHints":{"allow":["GET"]}}],"collection":[{"href":"https:\/\/www.pristatomegeles.lt\/en\/wp-json\/wp\/v2\/product"}],"about":[{"href":"https:\/\/www.pristatomegeles.lt\/en\/wp-json\/wp\/v2\/types\/product"}],"wp:featuredmedia":[{"embeddable":true,"href":"https:\/\/www.pristatomegeles.lt\/en\/wp-json\/wp\/v2\/media\/13898"}],"wp:attachment":[{"href":"https:\/\/www.pristatomegeles.lt\/en\/wp-json\/wp\/v2\/media?parent=10363"}],"wp:term":[{"taxonomy":"product_brand","embeddable":true,"href":"https:\/\/www.pristatomegeles.lt\/en\/wp-json\/wp\/v2\/product_brand?post=10363"},{"taxonomy":"product_cat","embeddable":true,"href":"https:\/\/www.pristatomegeles.lt\/en\/wp-json\/wp\/v2\/product_cat?post=10363"},{"taxonomy":"product_tag","embeddable":true,"href":"https:\/\/www.pristatomegeles.lt\/en\/wp-json\/wp\/v2\/product_tag?post=10363"}],"curies":[{"name":"wp","href":"https:\/\/api.w.org\/{rel}","templated":true}]}}