{"id":11844,"date":"2021-02-03T20:15:33","date_gmt":"2023-07-19T16:00:53","guid":{"rendered":"http:\/\/www.pristatomegeles.lt\/?post_type=product&#038;p=11844"},"modified":"2023-07-19T18:00:54","modified_gmt":"2023-07-19T16:00:54","slug":"big-orange-rose-bear","status":"publish","type":"product","link":"https:\/\/www.pristatomegeles.lt\/en\/produktas\/big-orange-rose-bear\/","title":{"rendered":"Big orange rose bear"},"content":{"rendered":"","protected":false},"excerpt":{"rendered":"<p>Looking for a subtle, stylish, and exceptional gift for your loved woman, mother, sister, or a colleague? Surprise with this lovely rose bear that will decorate both the house interior and the work place.<\/p>\n<p>Rose bear looks especially lovely when packed in a box. The size of a bear is 40 cm.<\/p>\n","protected":false},"featured_media":13939,"template":"","meta":[],"product_brand":[],"product_cat":[398,1301],"product_tag":[],"class_list":{"0":"post-11844","1":"product","2":"type-product","3":"status-publish","4":"has-post-thumbnail","6":"product_cat-gifts","7":"product_cat-teddy-bears-of-roses-gifts","8":"product_shipping_class-in-all-lithuania","9":"tm-has-options","11":"first","12":"outofstock","13":"taxable","14":"shipping-taxable","15":"purchasable","16":"product-type-simple"},"yoast_head":"<!-- This site is optimized with the Yoast SEO plugin v24.3 - https:\/\/yoast.com\/wordpress\/plugins\/seo\/ -->\n<title>Big orange rose bear | Lovely gifts | Pristatome g\u0117les<\/title>\n<meta name=\"description\" content=\"Rose bear is a lovely gift that will surprise your loved woman. It is stylishly packed and ready to be given.\" \/>\n<meta name=\"robots\" content=\"index, follow, max-snippet:-1, max-image-preview:large, max-video-preview:-1\" \/>\n<link rel=\"canonical\" href=\"https:\/\/www.pristatomegeles.lt\/en\/produktas\/big-orange-rose-bear\/\" \/>\n<meta property=\"og:locale\" content=\"en_US\" \/>\n<meta property=\"og:type\" content=\"article\" \/>\n<meta property=\"og:title\" content=\"Big orange rose bear | Lovely gifts | Pristatome g\u0117les\" \/>\n<meta property=\"og:description\" content=\"Rose bear is a lovely gift that will surprise your loved woman. It is stylishly packed and ready to be given.\" \/>\n<meta property=\"og:url\" content=\"https:\/\/www.pristatomegeles.lt\/en\/produktas\/big-orange-rose-bear\/\" \/>\n<meta property=\"og:site_name\" content=\"Pristatomegeles.lt\" \/>\n<meta property=\"article:modified_time\" content=\"2023-07-19T16:00:54+00:00\" \/>\n<meta property=\"og:image\" content=\"https:\/\/www.pristatomegeles.lt\/wp-content\/uploads\/2021\/02\/didelis-oranzines-spalvos-roziu-meskinas.jpg\" \/>\n\t<meta property=\"og:image:width\" content=\"600\" \/>\n\t<meta property=\"og:image:height\" content=\"600\" \/>\n\t<meta property=\"og:image:type\" content=\"image\/jpeg\" \/>\n<meta name=\"twitter:card\" content=\"summary_large_image\" \/>\n<script type=\"application\/ld+json\" class=\"yoast-schema-graph\">{\"@context\":\"https:\/\/schema.org\",\"@graph\":[{\"@type\":\"WebPage\",\"@id\":\"https:\/\/www.pristatomegeles.lt\/en\/produktas\/big-orange-rose-bear\/\",\"url\":\"https:\/\/www.pristatomegeles.lt\/en\/produktas\/big-orange-rose-bear\/\",\"name\":\"Big orange rose bear | Lovely gifts | Pristatome g\u0117les\",\"isPartOf\":{\"@id\":\"https:\/\/www.pristatomegeles.lt\/en\/#website\"},\"primaryImageOfPage\":{\"@id\":\"https:\/\/www.pristatomegeles.lt\/en\/produktas\/big-orange-rose-bear\/#primaryimage\"},\"image\":{\"@id\":\"https:\/\/www.pristatomegeles.lt\/en\/produktas\/big-orange-rose-bear\/#primaryimage\"},\"thumbnailUrl\":\"https:\/\/www.pristatomegeles.lt\/wp-content\/uploads\/2021\/02\/didelis-oranzines-spalvos-roziu-meskinas.jpg\",\"datePublished\":\"2023-07-19T16:00:53+00:00\",\"dateModified\":\"2023-07-19T16:00:54+00:00\",\"description\":\"Rose bear is a lovely gift that will surprise your loved woman. It is stylishly packed and ready to be given.\",\"breadcrumb\":{\"@id\":\"https:\/\/www.pristatomegeles.lt\/en\/produktas\/big-orange-rose-bear\/#breadcrumb\"},\"inLanguage\":\"en-US\",\"potentialAction\":[{\"@type\":\"ReadAction\",\"target\":[\"https:\/\/www.pristatomegeles.lt\/en\/produktas\/big-orange-rose-bear\/\"]}]},{\"@type\":\"ImageObject\",\"inLanguage\":\"en-US\",\"@id\":\"https:\/\/www.pristatomegeles.lt\/en\/produktas\/big-orange-rose-bear\/#primaryimage\",\"url\":\"https:\/\/www.pristatomegeles.lt\/wp-content\/uploads\/2021\/02\/didelis-oranzines-spalvos-roziu-meskinas.jpg\",\"contentUrl\":\"https:\/\/www.pristatomegeles.lt\/wp-content\/uploads\/2021\/02\/didelis-oranzines-spalvos-roziu-meskinas.jpg\",\"width\":600,\"height\":600,\"caption\":\"Oran\u017einis ro\u017ei\u0173 me\u0161kinas 40cm su d\u0117\u017eute\"},{\"@type\":\"BreadcrumbList\",\"@id\":\"https:\/\/www.pristatomegeles.lt\/en\/produktas\/big-orange-rose-bear\/#breadcrumb\",\"itemListElement\":[{\"@type\":\"ListItem\",\"position\":1,\"name\":\"Home\",\"item\":\"https:\/\/www.pristatomegeles.lt\/en\/home-2\/\"},{\"@type\":\"ListItem\",\"position\":2,\"name\":\"Flowers\",\"item\":\"https:\/\/www.pristatomegeles.lt\/en\/flowers\/\"},{\"@type\":\"ListItem\",\"position\":3,\"name\":\"Big orange rose bear\"}]},{\"@type\":\"WebSite\",\"@id\":\"https:\/\/www.pristatomegeles.lt\/en\/#website\",\"url\":\"https:\/\/www.pristatomegeles.lt\/en\/\",\"name\":\"Pristatomegeles.lt\",\"description\":\"\",\"potentialAction\":[{\"@type\":\"SearchAction\",\"target\":{\"@type\":\"EntryPoint\",\"urlTemplate\":\"https:\/\/www.pristatomegeles.lt\/en\/?s={search_term_string}\"},\"query-input\":{\"@type\":\"PropertyValueSpecification\",\"valueRequired\":true,\"valueName\":\"search_term_string\"}}],\"inLanguage\":\"en-US\"}]}<\/script>\n<!-- \/ Yoast SEO plugin. -->","yoast_head_json":{"title":"Big orange rose bear | Lovely gifts | Pristatome g\u0117les","description":"Rose bear is a lovely gift that will surprise your loved woman. It is stylishly packed and ready to be given.","robots":{"index":"index","follow":"follow","max-snippet":"max-snippet:-1","max-image-preview":"max-image-preview:large","max-video-preview":"max-video-preview:-1"},"canonical":"https:\/\/www.pristatomegeles.lt\/en\/produktas\/big-orange-rose-bear\/","og_locale":"en_US","og_type":"article","og_title":"Big orange rose bear | Lovely gifts | Pristatome g\u0117les","og_description":"Rose bear is a lovely gift that will surprise your loved woman. It is stylishly packed and ready to be given.","og_url":"https:\/\/www.pristatomegeles.lt\/en\/produktas\/big-orange-rose-bear\/","og_site_name":"Pristatomegeles.lt","article_modified_time":"2023-07-19T16:00:54+00:00","og_image":[{"width":600,"height":600,"url":"https:\/\/www.pristatomegeles.lt\/wp-content\/uploads\/2021\/02\/didelis-oranzines-spalvos-roziu-meskinas.jpg","type":"image\/jpeg"}],"twitter_card":"summary_large_image","schema":{"@context":"https:\/\/schema.org","@graph":[{"@type":"WebPage","@id":"https:\/\/www.pristatomegeles.lt\/en\/produktas\/big-orange-rose-bear\/","url":"https:\/\/www.pristatomegeles.lt\/en\/produktas\/big-orange-rose-bear\/","name":"Big orange rose bear | Lovely gifts | Pristatome g\u0117les","isPartOf":{"@id":"https:\/\/www.pristatomegeles.lt\/en\/#website"},"primaryImageOfPage":{"@id":"https:\/\/www.pristatomegeles.lt\/en\/produktas\/big-orange-rose-bear\/#primaryimage"},"image":{"@id":"https:\/\/www.pristatomegeles.lt\/en\/produktas\/big-orange-rose-bear\/#primaryimage"},"thumbnailUrl":"https:\/\/www.pristatomegeles.lt\/wp-content\/uploads\/2021\/02\/didelis-oranzines-spalvos-roziu-meskinas.jpg","datePublished":"2023-07-19T16:00:53+00:00","dateModified":"2023-07-19T16:00:54+00:00","description":"Rose bear is a lovely gift that will surprise your loved woman. It is stylishly packed and ready to be given.","breadcrumb":{"@id":"https:\/\/www.pristatomegeles.lt\/en\/produktas\/big-orange-rose-bear\/#breadcrumb"},"inLanguage":"en-US","potentialAction":[{"@type":"ReadAction","target":["https:\/\/www.pristatomegeles.lt\/en\/produktas\/big-orange-rose-bear\/"]}]},{"@type":"ImageObject","inLanguage":"en-US","@id":"https:\/\/www.pristatomegeles.lt\/en\/produktas\/big-orange-rose-bear\/#primaryimage","url":"https:\/\/www.pristatomegeles.lt\/wp-content\/uploads\/2021\/02\/didelis-oranzines-spalvos-roziu-meskinas.jpg","contentUrl":"https:\/\/www.pristatomegeles.lt\/wp-content\/uploads\/2021\/02\/didelis-oranzines-spalvos-roziu-meskinas.jpg","width":600,"height":600,"caption":"Oran\u017einis ro\u017ei\u0173 me\u0161kinas 40cm su d\u0117\u017eute"},{"@type":"BreadcrumbList","@id":"https:\/\/www.pristatomegeles.lt\/en\/produktas\/big-orange-rose-bear\/#breadcrumb","itemListElement":[{"@type":"ListItem","position":1,"name":"Home","item":"https:\/\/www.pristatomegeles.lt\/en\/home-2\/"},{"@type":"ListItem","position":2,"name":"Flowers","item":"https:\/\/www.pristatomegeles.lt\/en\/flowers\/"},{"@type":"ListItem","position":3,"name":"Big orange rose bear"}]},{"@type":"WebSite","@id":"https:\/\/www.pristatomegeles.lt\/en\/#website","url":"https:\/\/www.pristatomegeles.lt\/en\/","name":"Pristatomegeles.lt","description":"","potentialAction":[{"@type":"SearchAction","target":{"@type":"EntryPoint","urlTemplate":"https:\/\/www.pristatomegeles.lt\/en\/?s={search_term_string}"},"query-input":{"@type":"PropertyValueSpecification","valueRequired":true,"valueName":"search_term_string"}}],"inLanguage":"en-US"}]}},"_links":{"self":[{"href":"https:\/\/www.pristatomegeles.lt\/en\/wp-json\/wp\/v2\/product\/11844","targetHints":{"allow":["GET"]}}],"collection":[{"href":"https:\/\/www.pristatomegeles.lt\/en\/wp-json\/wp\/v2\/product"}],"about":[{"href":"https:\/\/www.pristatomegeles.lt\/en\/wp-json\/wp\/v2\/types\/product"}],"wp:featuredmedia":[{"embeddable":true,"href":"https:\/\/www.pristatomegeles.lt\/en\/wp-json\/wp\/v2\/media\/13939"}],"wp:attachment":[{"href":"https:\/\/www.pristatomegeles.lt\/en\/wp-json\/wp\/v2\/media?parent=11844"}],"wp:term":[{"taxonomy":"product_brand","embeddable":true,"href":"https:\/\/www.pristatomegeles.lt\/en\/wp-json\/wp\/v2\/product_brand?post=11844"},{"taxonomy":"product_cat","embeddable":true,"href":"https:\/\/www.pristatomegeles.lt\/en\/wp-json\/wp\/v2\/product_cat?post=11844"},{"taxonomy":"product_tag","embeddable":true,"href":"https:\/\/www.pristatomegeles.lt\/en\/wp-json\/wp\/v2\/product_tag?post=11844"}],"curies":[{"name":"wp","href":"https:\/\/api.w.org\/{rel}","templated":true}]}}