{"id":11869,"date":"2020-09-18T11:50:20","date_gmt":"2023-07-19T14:44:19","guid":{"rendered":"http:\/\/www.pristatomegeles.lt\/?post_type=product&#038;p=11869"},"modified":"2024-02-27T19:02:35","modified_gmt":"2024-02-27T17:02:35","slug":"bouquet-of-sunflowers-and-red-roses","status":"publish","type":"product","link":"https:\/\/www.pristatomegeles.lt\/en\/produktas\/bouquet-of-sunflowers-and-red-roses\/","title":{"rendered":"Bouquet of sunflowers and red roses"},"content":{"rendered":"","protected":false},"excerpt":{"rendered":"<p>The duet of bright, sunny sunflowers and expressive roses perfectly combine in a bouquet that will make any receiver happy. This bouquet radiates warmth and luxury which is why it will be suitable to give on any occasion. You may choose from three bouquet sizes:<\/p>\n<p>Small bouquet consists of 3 sunflowers and 4 roses;<\/p>\n<p>Medium-sized bouquet consists of 5 sunflowers and 10 roses;<\/p>\n<p>Large bouquet consists of 7 sunflowers and 15 roses.<\/p>\n","protected":false},"featured_media":17025,"template":"","meta":[],"product_brand":[],"product_cat":[1499,1497,419,1491,1496,1498,1493,1495,1492,1494,1153,415,588],"product_tag":[],"class_list":{"0":"post-11869","1":"product","2":"type-product","3":"status-publish","4":"has-post-thumbnail","6":"product_cat-anniversary-flowers","7":"product_cat-birthday-flowers","8":"product_cat-bouquets","9":"product_cat-flowers-for-a-girl","10":"product_cat-flowers-for-men","11":"product_cat-flowers-for-mom","12":"product_cat-flowers-for-teachers-day","13":"product_cat-flowers-for-the-1st-of-september","14":"product_cat-flowers-for-the-teachers","15":"product_cat-flowers-for-women","16":"product_cat-mothers-day-flowers","17":"product_cat-roses","18":"product_cat-sunflowers","19":"tm-has-options","21":"first","22":"outofstock","23":"taxable","24":"shipping-taxable","25":"purchasable","26":"product-type-variable","27":"has-default-attributes"},"yoast_head":"<!-- This site is optimized with the Yoast SEO plugin v24.3 - https:\/\/yoast.com\/wordpress\/plugins\/seo\/ -->\n<title>Bouquet of sunflowers and red roses | Flower delivery | Pristatome g\u0117les<\/title>\n<meta name=\"description\" content=\"Bright sunflowers that perfectly combine together with expressive roses will not leave anyone indifferent. Give this impressive bouquet and create a festive atmosphere in any celebration.\" \/>\n<meta name=\"robots\" content=\"index, follow, max-snippet:-1, max-image-preview:large, max-video-preview:-1\" \/>\n<link rel=\"canonical\" href=\"https:\/\/www.pristatomegeles.lt\/en\/produktas\/bouquet-of-sunflowers-and-red-roses\/\" \/>\n<meta property=\"og:locale\" content=\"en_US\" \/>\n<meta property=\"og:type\" content=\"article\" \/>\n<meta property=\"og:title\" content=\"Bouquet of sunflowers and red roses | Flower delivery | Pristatome g\u0117les\" \/>\n<meta property=\"og:description\" content=\"Bright sunflowers that perfectly combine together with expressive roses will not leave anyone indifferent. Give this impressive bouquet and create a festive atmosphere in any celebration.\" \/>\n<meta property=\"og:url\" content=\"https:\/\/www.pristatomegeles.lt\/en\/produktas\/bouquet-of-sunflowers-and-red-roses\/\" \/>\n<meta property=\"og:site_name\" content=\"Pristatomegeles.lt\" \/>\n<meta property=\"article:modified_time\" content=\"2024-02-27T17:02:35+00:00\" \/>\n<meta property=\"og:image\" content=\"http:\/\/www.pristatomegeles.lt\/wp-content\/uploads\/2020\/09\/saulegrazu-ir-raudonu-roziu-puokste-gimtadienio-geles.jpg\" \/>\n\t<meta property=\"og:image:width\" content=\"1200\" \/>\n\t<meta property=\"og:image:height\" content=\"1200\" \/>\n\t<meta property=\"og:image:type\" content=\"image\/jpeg\" \/>\n<meta name=\"twitter:card\" content=\"summary_large_image\" \/>\n<script type=\"application\/ld+json\" class=\"yoast-schema-graph\">{\"@context\":\"https:\/\/schema.org\",\"@graph\":[{\"@type\":\"WebPage\",\"@id\":\"https:\/\/www.pristatomegeles.lt\/en\/produktas\/bouquet-of-sunflowers-and-red-roses\/\",\"url\":\"https:\/\/www.pristatomegeles.lt\/en\/produktas\/bouquet-of-sunflowers-and-red-roses\/\",\"name\":\"Bouquet of sunflowers and red roses | Flower delivery | Pristatome g\u0117les\",\"isPartOf\":{\"@id\":\"https:\/\/www.pristatomegeles.lt\/en\/#website\"},\"primaryImageOfPage\":{\"@id\":\"https:\/\/www.pristatomegeles.lt\/en\/produktas\/bouquet-of-sunflowers-and-red-roses\/#primaryimage\"},\"image\":{\"@id\":\"https:\/\/www.pristatomegeles.lt\/en\/produktas\/bouquet-of-sunflowers-and-red-roses\/#primaryimage\"},\"thumbnailUrl\":\"https:\/\/www.pristatomegeles.lt\/wp-content\/uploads\/2020\/09\/saulegrazu-ir-raudonu-roziu-puokste-gimtadienio-geles.jpg\",\"datePublished\":\"2023-07-19T14:44:19+00:00\",\"dateModified\":\"2024-02-27T17:02:35+00:00\",\"description\":\"Bright sunflowers that perfectly combine together with expressive roses will not leave anyone indifferent. Give this impressive bouquet and create a festive atmosphere in any celebration.\",\"breadcrumb\":{\"@id\":\"https:\/\/www.pristatomegeles.lt\/en\/produktas\/bouquet-of-sunflowers-and-red-roses\/#breadcrumb\"},\"inLanguage\":\"en-US\",\"potentialAction\":[{\"@type\":\"ReadAction\",\"target\":[\"https:\/\/www.pristatomegeles.lt\/en\/produktas\/bouquet-of-sunflowers-and-red-roses\/\"]}]},{\"@type\":\"ImageObject\",\"inLanguage\":\"en-US\",\"@id\":\"https:\/\/www.pristatomegeles.lt\/en\/produktas\/bouquet-of-sunflowers-and-red-roses\/#primaryimage\",\"url\":\"https:\/\/www.pristatomegeles.lt\/wp-content\/uploads\/2020\/09\/saulegrazu-ir-raudonu-roziu-puokste-gimtadienio-geles.jpg\",\"contentUrl\":\"https:\/\/www.pristatomegeles.lt\/wp-content\/uploads\/2020\/09\/saulegrazu-ir-raudonu-roziu-puokste-gimtadienio-geles.jpg\",\"width\":1000,\"height\":1000,\"caption\":\"Raudonos ro\u017e\u0117s ir saul\u0117gr\u0105\u017eos puok\u0161t\u0117je g\u0117l\u0117s moterims\"},{\"@type\":\"BreadcrumbList\",\"@id\":\"https:\/\/www.pristatomegeles.lt\/en\/produktas\/bouquet-of-sunflowers-and-red-roses\/#breadcrumb\",\"itemListElement\":[{\"@type\":\"ListItem\",\"position\":1,\"name\":\"Home\",\"item\":\"https:\/\/www.pristatomegeles.lt\/en\/home-2\/\"},{\"@type\":\"ListItem\",\"position\":2,\"name\":\"Flowers\",\"item\":\"https:\/\/www.pristatomegeles.lt\/en\/flowers\/\"},{\"@type\":\"ListItem\",\"position\":3,\"name\":\"Bouquet of sunflowers and red roses\"}]},{\"@type\":\"WebSite\",\"@id\":\"https:\/\/www.pristatomegeles.lt\/en\/#website\",\"url\":\"https:\/\/www.pristatomegeles.lt\/en\/\",\"name\":\"Pristatomegeles.lt\",\"description\":\"\",\"potentialAction\":[{\"@type\":\"SearchAction\",\"target\":{\"@type\":\"EntryPoint\",\"urlTemplate\":\"https:\/\/www.pristatomegeles.lt\/en\/?s={search_term_string}\"},\"query-input\":{\"@type\":\"PropertyValueSpecification\",\"valueRequired\":true,\"valueName\":\"search_term_string\"}}],\"inLanguage\":\"en-US\"}]}<\/script>\n<!-- \/ Yoast SEO plugin. -->","yoast_head_json":{"title":"Bouquet of sunflowers and red roses | Flower delivery | Pristatome g\u0117les","description":"Bright sunflowers that perfectly combine together with expressive roses will not leave anyone indifferent. Give this impressive bouquet and create a festive atmosphere in any celebration.","robots":{"index":"index","follow":"follow","max-snippet":"max-snippet:-1","max-image-preview":"max-image-preview:large","max-video-preview":"max-video-preview:-1"},"canonical":"https:\/\/www.pristatomegeles.lt\/en\/produktas\/bouquet-of-sunflowers-and-red-roses\/","og_locale":"en_US","og_type":"article","og_title":"Bouquet of sunflowers and red roses | Flower delivery | Pristatome g\u0117les","og_description":"Bright sunflowers that perfectly combine together with expressive roses will not leave anyone indifferent. Give this impressive bouquet and create a festive atmosphere in any celebration.","og_url":"https:\/\/www.pristatomegeles.lt\/en\/produktas\/bouquet-of-sunflowers-and-red-roses\/","og_site_name":"Pristatomegeles.lt","article_modified_time":"2024-02-27T17:02:35+00:00","og_image":[{"width":1200,"height":1200,"url":"http:\/\/www.pristatomegeles.lt\/wp-content\/uploads\/2020\/09\/saulegrazu-ir-raudonu-roziu-puokste-gimtadienio-geles.jpg","type":"image\/jpeg"}],"twitter_card":"summary_large_image","schema":{"@context":"https:\/\/schema.org","@graph":[{"@type":"WebPage","@id":"https:\/\/www.pristatomegeles.lt\/en\/produktas\/bouquet-of-sunflowers-and-red-roses\/","url":"https:\/\/www.pristatomegeles.lt\/en\/produktas\/bouquet-of-sunflowers-and-red-roses\/","name":"Bouquet of sunflowers and red roses | Flower delivery | Pristatome g\u0117les","isPartOf":{"@id":"https:\/\/www.pristatomegeles.lt\/en\/#website"},"primaryImageOfPage":{"@id":"https:\/\/www.pristatomegeles.lt\/en\/produktas\/bouquet-of-sunflowers-and-red-roses\/#primaryimage"},"image":{"@id":"https:\/\/www.pristatomegeles.lt\/en\/produktas\/bouquet-of-sunflowers-and-red-roses\/#primaryimage"},"thumbnailUrl":"https:\/\/www.pristatomegeles.lt\/wp-content\/uploads\/2020\/09\/saulegrazu-ir-raudonu-roziu-puokste-gimtadienio-geles.jpg","datePublished":"2023-07-19T14:44:19+00:00","dateModified":"2024-02-27T17:02:35+00:00","description":"Bright sunflowers that perfectly combine together with expressive roses will not leave anyone indifferent. Give this impressive bouquet and create a festive atmosphere in any celebration.","breadcrumb":{"@id":"https:\/\/www.pristatomegeles.lt\/en\/produktas\/bouquet-of-sunflowers-and-red-roses\/#breadcrumb"},"inLanguage":"en-US","potentialAction":[{"@type":"ReadAction","target":["https:\/\/www.pristatomegeles.lt\/en\/produktas\/bouquet-of-sunflowers-and-red-roses\/"]}]},{"@type":"ImageObject","inLanguage":"en-US","@id":"https:\/\/www.pristatomegeles.lt\/en\/produktas\/bouquet-of-sunflowers-and-red-roses\/#primaryimage","url":"https:\/\/www.pristatomegeles.lt\/wp-content\/uploads\/2020\/09\/saulegrazu-ir-raudonu-roziu-puokste-gimtadienio-geles.jpg","contentUrl":"https:\/\/www.pristatomegeles.lt\/wp-content\/uploads\/2020\/09\/saulegrazu-ir-raudonu-roziu-puokste-gimtadienio-geles.jpg","width":1000,"height":1000,"caption":"Raudonos ro\u017e\u0117s ir saul\u0117gr\u0105\u017eos puok\u0161t\u0117je g\u0117l\u0117s moterims"},{"@type":"BreadcrumbList","@id":"https:\/\/www.pristatomegeles.lt\/en\/produktas\/bouquet-of-sunflowers-and-red-roses\/#breadcrumb","itemListElement":[{"@type":"ListItem","position":1,"name":"Home","item":"https:\/\/www.pristatomegeles.lt\/en\/home-2\/"},{"@type":"ListItem","position":2,"name":"Flowers","item":"https:\/\/www.pristatomegeles.lt\/en\/flowers\/"},{"@type":"ListItem","position":3,"name":"Bouquet of sunflowers and red roses"}]},{"@type":"WebSite","@id":"https:\/\/www.pristatomegeles.lt\/en\/#website","url":"https:\/\/www.pristatomegeles.lt\/en\/","name":"Pristatomegeles.lt","description":"","potentialAction":[{"@type":"SearchAction","target":{"@type":"EntryPoint","urlTemplate":"https:\/\/www.pristatomegeles.lt\/en\/?s={search_term_string}"},"query-input":{"@type":"PropertyValueSpecification","valueRequired":true,"valueName":"search_term_string"}}],"inLanguage":"en-US"}]}},"_links":{"self":[{"href":"https:\/\/www.pristatomegeles.lt\/en\/wp-json\/wp\/v2\/product\/11869","targetHints":{"allow":["GET"]}}],"collection":[{"href":"https:\/\/www.pristatomegeles.lt\/en\/wp-json\/wp\/v2\/product"}],"about":[{"href":"https:\/\/www.pristatomegeles.lt\/en\/wp-json\/wp\/v2\/types\/product"}],"wp:featuredmedia":[{"embeddable":true,"href":"https:\/\/www.pristatomegeles.lt\/en\/wp-json\/wp\/v2\/media\/17025"}],"wp:attachment":[{"href":"https:\/\/www.pristatomegeles.lt\/en\/wp-json\/wp\/v2\/media?parent=11869"}],"wp:term":[{"taxonomy":"product_brand","embeddable":true,"href":"https:\/\/www.pristatomegeles.lt\/en\/wp-json\/wp\/v2\/product_brand?post=11869"},{"taxonomy":"product_cat","embeddable":true,"href":"https:\/\/www.pristatomegeles.lt\/en\/wp-json\/wp\/v2\/product_cat?post=11869"},{"taxonomy":"product_tag","embeddable":true,"href":"https:\/\/www.pristatomegeles.lt\/en\/wp-json\/wp\/v2\/product_tag?post=11869"}],"curies":[{"name":"wp","href":"https:\/\/api.w.org\/{rel}","templated":true}]}}