{"id":11876,"date":"2022-01-11T15:53:46","date_gmt":"2023-07-04T11:42:02","guid":{"rendered":"http:\/\/www.pristatomegeles.lt\/?post_type=product&#038;p=11876"},"modified":"2025-01-31T12:12:20","modified_gmt":"2025-01-31T10:12:20","slug":"bouquet-of-gipsophila-and-chrysanthemums-tenderness","status":"publish","type":"product","link":"https:\/\/www.pristatomegeles.lt\/en\/produktas\/bouquet-of-gipsophila-and-chrysanthemums-tenderness\/","title":{"rendered":"Bouquet of gipsophila and chrysanthemums &#8220;Tenderness&#8221;"},"content":{"rendered":"<p id=\"tw-target-text\" class=\"tw-data-text tw-text-large tw-ta\" dir=\"ltr\" data-placeholder=\"Translation\"><span class=\"Y2IQFc\" lang=\"en\">The bouquet &#8220;Tenderness&#8221; consists of chrysanthemums and gipsophila. Beautiful packaging perfectly shapes the bouquet and gives it exceptional charm.<\/span><\/p>\n","protected":false},"excerpt":{"rendered":"<p id=\"tw-target-text\" class=\"tw-data-text tw-text-large tw-ta\" dir=\"ltr\" data-placeholder=\"Translation\"><span class=\"Y2IQFc\" lang=\"en\">Impress anyone with this wonderful bouquet! A romantic bouquet &#8211; for a romantic occasion. You will able to express your most tender feelings with this great gift. <\/span><\/p>\n<p class=\"tw-data-text tw-text-large tw-ta\" dir=\"ltr\" data-placeholder=\"Translation\"><span class=\"Y2IQFc\" lang=\"en\">The bouquet consists of: <\/span><\/p>\n<ul>\n<li class=\"tw-data-text tw-text-large tw-ta\" data-placeholder=\"Translation\"><span class=\"Y2IQFc\" lang=\"en\">small &#8211; 5 chrysanthemums, 4 gipsophilas;<\/span><\/li>\n<li class=\"tw-data-text tw-text-large tw-ta\" data-placeholder=\"Translation\"><span class=\"Y2IQFc\" lang=\"en\">medium &#8211; 8 chrysanthemums, 7 gipsophilas; <\/span><\/li>\n<li class=\"tw-data-text tw-text-large tw-ta\" data-placeholder=\"Translation\"><span class=\"Y2IQFc\" lang=\"en\">large &#8211; 11 chrysanthemums, 10 gipsophilas; <\/span><\/li>\n<\/ul>\n<p class=\"tw-data-text tw-text-large tw-ta\" dir=\"ltr\" data-placeholder=\"Translation\"><em><strong><span class=\"Y2IQFc\" lang=\"en\">The colors of gipsophilas and chrysanthemums may differ from the ones in the photo, as we choose the colors that we have in the store at the time, but we always try to choose the most beautiful option to make the bouquet look perfect.<\/span><\/strong><\/em><\/p>\n","protected":false},"featured_media":14312,"template":"","meta":[],"product_brand":[],"product_cat":[1499,1497,419,1424,1491,1496,1498,1493,1495,1492,1494,1421,1152,1153],"product_tag":[],"class_list":{"0":"post-11876","1":"product","2":"type-product","3":"status-publish","4":"has-post-thumbnail","6":"product_cat-anniversary-flowers","7":"product_cat-birthday-flowers","8":"product_cat-bouquets","9":"product_cat-chrysanthemums","10":"product_cat-flowers-for-a-girl","11":"product_cat-flowers-for-men","12":"product_cat-flowers-for-mom","13":"product_cat-flowers-for-teachers-day","14":"product_cat-flowers-for-the-1st-of-september","15":"product_cat-flowers-for-the-teachers","16":"product_cat-flowers-for-women","17":"product_cat-gypsophila","18":"product_cat-march-8-flowers","19":"product_cat-mothers-day-flowers","20":"tm-has-options","22":"first","23":"instock","24":"taxable","25":"shipping-taxable","26":"purchasable","27":"product-type-variable","28":"has-default-attributes"},"yoast_head":"<!-- This site is optimized with the Yoast SEO plugin v24.3 - https:\/\/yoast.com\/wordpress\/plugins\/seo\/ -->\n<title>Bouquet of gipsophila and chrysanthemums &quot;Tenderness&quot; | Pristatome g\u0117les<\/title>\n<meta name=\"description\" content=\"A soft, pastel-colored, dreamy bouquet of gipsophila and chrysanthemums is perfect for various holidays, to surprise and delight!\" \/>\n<meta name=\"robots\" content=\"index, follow, max-snippet:-1, max-image-preview:large, max-video-preview:-1\" \/>\n<link rel=\"canonical\" href=\"https:\/\/www.pristatomegeles.lt\/en\/produktas\/bouquet-of-gipsophila-and-chrysanthemums-tenderness\/\" \/>\n<meta property=\"og:locale\" content=\"en_US\" \/>\n<meta property=\"og:type\" content=\"article\" \/>\n<meta property=\"og:title\" content=\"Bouquet of gipsophila and chrysanthemums &quot;Tenderness&quot; | Pristatome g\u0117les\" \/>\n<meta property=\"og:description\" content=\"A soft, pastel-colored, dreamy bouquet of gipsophila and chrysanthemums is perfect for various holidays, to surprise and delight!\" \/>\n<meta property=\"og:url\" content=\"https:\/\/www.pristatomegeles.lt\/en\/produktas\/bouquet-of-gipsophila-and-chrysanthemums-tenderness\/\" \/>\n<meta property=\"og:site_name\" content=\"Pristatomegeles.lt\" \/>\n<meta property=\"article:modified_time\" content=\"2025-01-31T10:12:20+00:00\" \/>\n<meta property=\"og:image\" content=\"https:\/\/www.pristatomegeles.lt\/wp-content\/uploads\/2021\/08\/roziniu-chrizantemu-ir-violetiniu-guboju-puokste-scaled.jpg\" \/>\n\t<meta property=\"og:image:width\" content=\"2560\" \/>\n\t<meta property=\"og:image:height\" content=\"2560\" \/>\n\t<meta property=\"og:image:type\" content=\"image\/jpeg\" \/>\n<meta name=\"twitter:card\" content=\"summary_large_image\" \/>\n<script type=\"application\/ld+json\" class=\"yoast-schema-graph\">{\"@context\":\"https:\/\/schema.org\",\"@graph\":[{\"@type\":\"WebPage\",\"@id\":\"https:\/\/www.pristatomegeles.lt\/en\/produktas\/bouquet-of-gipsophila-and-chrysanthemums-tenderness\/\",\"url\":\"https:\/\/www.pristatomegeles.lt\/en\/produktas\/bouquet-of-gipsophila-and-chrysanthemums-tenderness\/\",\"name\":\"Bouquet of gipsophila and chrysanthemums \\\"Tenderness\\\" | Pristatome g\u0117les\",\"isPartOf\":{\"@id\":\"https:\/\/www.pristatomegeles.lt\/en\/#website\"},\"primaryImageOfPage\":{\"@id\":\"https:\/\/www.pristatomegeles.lt\/en\/produktas\/bouquet-of-gipsophila-and-chrysanthemums-tenderness\/#primaryimage\"},\"image\":{\"@id\":\"https:\/\/www.pristatomegeles.lt\/en\/produktas\/bouquet-of-gipsophila-and-chrysanthemums-tenderness\/#primaryimage\"},\"thumbnailUrl\":\"https:\/\/www.pristatomegeles.lt\/wp-content\/uploads\/2021\/08\/roziniu-chrizantemu-ir-violetiniu-guboju-puokste-scaled.jpg\",\"datePublished\":\"2023-07-04T11:42:02+00:00\",\"dateModified\":\"2025-01-31T10:12:20+00:00\",\"description\":\"A soft, pastel-colored, dreamy bouquet of gipsophila and chrysanthemums is perfect for various holidays, to surprise and delight!\",\"breadcrumb\":{\"@id\":\"https:\/\/www.pristatomegeles.lt\/en\/produktas\/bouquet-of-gipsophila-and-chrysanthemums-tenderness\/#breadcrumb\"},\"inLanguage\":\"en-US\",\"potentialAction\":[{\"@type\":\"ReadAction\",\"target\":[\"https:\/\/www.pristatomegeles.lt\/en\/produktas\/bouquet-of-gipsophila-and-chrysanthemums-tenderness\/\"]}]},{\"@type\":\"ImageObject\",\"inLanguage\":\"en-US\",\"@id\":\"https:\/\/www.pristatomegeles.lt\/en\/produktas\/bouquet-of-gipsophila-and-chrysanthemums-tenderness\/#primaryimage\",\"url\":\"https:\/\/www.pristatomegeles.lt\/wp-content\/uploads\/2021\/08\/roziniu-chrizantemu-ir-violetiniu-guboju-puokste-scaled.jpg\",\"contentUrl\":\"https:\/\/www.pristatomegeles.lt\/wp-content\/uploads\/2021\/08\/roziniu-chrizantemu-ir-violetiniu-guboju-puokste-scaled.jpg\",\"width\":1000,\"height\":1000,\"caption\":\"G\u0117li\u0173 puok\u0161t\u0117 moterims su gubojomis ir ro\u017ein\u0117mis chrizantemomis\"},{\"@type\":\"BreadcrumbList\",\"@id\":\"https:\/\/www.pristatomegeles.lt\/en\/produktas\/bouquet-of-gipsophila-and-chrysanthemums-tenderness\/#breadcrumb\",\"itemListElement\":[{\"@type\":\"ListItem\",\"position\":1,\"name\":\"Home\",\"item\":\"https:\/\/www.pristatomegeles.lt\/en\/home-2\/\"},{\"@type\":\"ListItem\",\"position\":2,\"name\":\"Flowers\",\"item\":\"https:\/\/www.pristatomegeles.lt\/en\/flowers\/\"},{\"@type\":\"ListItem\",\"position\":3,\"name\":\"Bouquet of gipsophila and chrysanthemums &#8220;Tenderness&#8221;\"}]},{\"@type\":\"WebSite\",\"@id\":\"https:\/\/www.pristatomegeles.lt\/en\/#website\",\"url\":\"https:\/\/www.pristatomegeles.lt\/en\/\",\"name\":\"Pristatomegeles.lt\",\"description\":\"\",\"potentialAction\":[{\"@type\":\"SearchAction\",\"target\":{\"@type\":\"EntryPoint\",\"urlTemplate\":\"https:\/\/www.pristatomegeles.lt\/en\/?s={search_term_string}\"},\"query-input\":{\"@type\":\"PropertyValueSpecification\",\"valueRequired\":true,\"valueName\":\"search_term_string\"}}],\"inLanguage\":\"en-US\"}]}<\/script>\n<!-- \/ Yoast SEO plugin. -->","yoast_head_json":{"title":"Bouquet of gipsophila and chrysanthemums \"Tenderness\" | Pristatome g\u0117les","description":"A soft, pastel-colored, dreamy bouquet of gipsophila and chrysanthemums is perfect for various holidays, to surprise and delight!","robots":{"index":"index","follow":"follow","max-snippet":"max-snippet:-1","max-image-preview":"max-image-preview:large","max-video-preview":"max-video-preview:-1"},"canonical":"https:\/\/www.pristatomegeles.lt\/en\/produktas\/bouquet-of-gipsophila-and-chrysanthemums-tenderness\/","og_locale":"en_US","og_type":"article","og_title":"Bouquet of gipsophila and chrysanthemums \"Tenderness\" | Pristatome g\u0117les","og_description":"A soft, pastel-colored, dreamy bouquet of gipsophila and chrysanthemums is perfect for various holidays, to surprise and delight!","og_url":"https:\/\/www.pristatomegeles.lt\/en\/produktas\/bouquet-of-gipsophila-and-chrysanthemums-tenderness\/","og_site_name":"Pristatomegeles.lt","article_modified_time":"2025-01-31T10:12:20+00:00","og_image":[{"width":2560,"height":2560,"url":"https:\/\/www.pristatomegeles.lt\/wp-content\/uploads\/2021\/08\/roziniu-chrizantemu-ir-violetiniu-guboju-puokste-scaled.jpg","type":"image\/jpeg"}],"twitter_card":"summary_large_image","schema":{"@context":"https:\/\/schema.org","@graph":[{"@type":"WebPage","@id":"https:\/\/www.pristatomegeles.lt\/en\/produktas\/bouquet-of-gipsophila-and-chrysanthemums-tenderness\/","url":"https:\/\/www.pristatomegeles.lt\/en\/produktas\/bouquet-of-gipsophila-and-chrysanthemums-tenderness\/","name":"Bouquet of gipsophila and chrysanthemums \"Tenderness\" | Pristatome g\u0117les","isPartOf":{"@id":"https:\/\/www.pristatomegeles.lt\/en\/#website"},"primaryImageOfPage":{"@id":"https:\/\/www.pristatomegeles.lt\/en\/produktas\/bouquet-of-gipsophila-and-chrysanthemums-tenderness\/#primaryimage"},"image":{"@id":"https:\/\/www.pristatomegeles.lt\/en\/produktas\/bouquet-of-gipsophila-and-chrysanthemums-tenderness\/#primaryimage"},"thumbnailUrl":"https:\/\/www.pristatomegeles.lt\/wp-content\/uploads\/2021\/08\/roziniu-chrizantemu-ir-violetiniu-guboju-puokste-scaled.jpg","datePublished":"2023-07-04T11:42:02+00:00","dateModified":"2025-01-31T10:12:20+00:00","description":"A soft, pastel-colored, dreamy bouquet of gipsophila and chrysanthemums is perfect for various holidays, to surprise and delight!","breadcrumb":{"@id":"https:\/\/www.pristatomegeles.lt\/en\/produktas\/bouquet-of-gipsophila-and-chrysanthemums-tenderness\/#breadcrumb"},"inLanguage":"en-US","potentialAction":[{"@type":"ReadAction","target":["https:\/\/www.pristatomegeles.lt\/en\/produktas\/bouquet-of-gipsophila-and-chrysanthemums-tenderness\/"]}]},{"@type":"ImageObject","inLanguage":"en-US","@id":"https:\/\/www.pristatomegeles.lt\/en\/produktas\/bouquet-of-gipsophila-and-chrysanthemums-tenderness\/#primaryimage","url":"https:\/\/www.pristatomegeles.lt\/wp-content\/uploads\/2021\/08\/roziniu-chrizantemu-ir-violetiniu-guboju-puokste-scaled.jpg","contentUrl":"https:\/\/www.pristatomegeles.lt\/wp-content\/uploads\/2021\/08\/roziniu-chrizantemu-ir-violetiniu-guboju-puokste-scaled.jpg","width":1000,"height":1000,"caption":"G\u0117li\u0173 puok\u0161t\u0117 moterims su gubojomis ir ro\u017ein\u0117mis chrizantemomis"},{"@type":"BreadcrumbList","@id":"https:\/\/www.pristatomegeles.lt\/en\/produktas\/bouquet-of-gipsophila-and-chrysanthemums-tenderness\/#breadcrumb","itemListElement":[{"@type":"ListItem","position":1,"name":"Home","item":"https:\/\/www.pristatomegeles.lt\/en\/home-2\/"},{"@type":"ListItem","position":2,"name":"Flowers","item":"https:\/\/www.pristatomegeles.lt\/en\/flowers\/"},{"@type":"ListItem","position":3,"name":"Bouquet of gipsophila and chrysanthemums &#8220;Tenderness&#8221;"}]},{"@type":"WebSite","@id":"https:\/\/www.pristatomegeles.lt\/en\/#website","url":"https:\/\/www.pristatomegeles.lt\/en\/","name":"Pristatomegeles.lt","description":"","potentialAction":[{"@type":"SearchAction","target":{"@type":"EntryPoint","urlTemplate":"https:\/\/www.pristatomegeles.lt\/en\/?s={search_term_string}"},"query-input":{"@type":"PropertyValueSpecification","valueRequired":true,"valueName":"search_term_string"}}],"inLanguage":"en-US"}]}},"_links":{"self":[{"href":"https:\/\/www.pristatomegeles.lt\/en\/wp-json\/wp\/v2\/product\/11876","targetHints":{"allow":["GET"]}}],"collection":[{"href":"https:\/\/www.pristatomegeles.lt\/en\/wp-json\/wp\/v2\/product"}],"about":[{"href":"https:\/\/www.pristatomegeles.lt\/en\/wp-json\/wp\/v2\/types\/product"}],"wp:featuredmedia":[{"embeddable":true,"href":"https:\/\/www.pristatomegeles.lt\/en\/wp-json\/wp\/v2\/media\/14312"}],"wp:attachment":[{"href":"https:\/\/www.pristatomegeles.lt\/en\/wp-json\/wp\/v2\/media?parent=11876"}],"wp:term":[{"taxonomy":"product_brand","embeddable":true,"href":"https:\/\/www.pristatomegeles.lt\/en\/wp-json\/wp\/v2\/product_brand?post=11876"},{"taxonomy":"product_cat","embeddable":true,"href":"https:\/\/www.pristatomegeles.lt\/en\/wp-json\/wp\/v2\/product_cat?post=11876"},{"taxonomy":"product_tag","embeddable":true,"href":"https:\/\/www.pristatomegeles.lt\/en\/wp-json\/wp\/v2\/product_tag?post=11876"}],"curies":[{"name":"wp","href":"https:\/\/api.w.org\/{rel}","templated":true}]}}