{"id":11877,"date":"2020-08-25T09:24:05","date_gmt":"2020-08-25T07:24:05","guid":{"rendered":"http:\/\/www.pristatomegeles.lt\/produktas\/white-sleeping-rose-in-a-tube\/"},"modified":"2021-04-21T12:11:49","modified_gmt":"2021-04-21T10:11:49","slug":"white-sleeping-rose-in-a-tube","status":"publish","type":"product","link":"https:\/\/www.pristatomegeles.lt\/en\/produktas\/white-sleeping-rose-in-a-tube\/","title":{"rendered":"White sleeping rose in a tube"},"content":{"rendered":"<p>Express your warmest feelings to your significant other by giving them this sleeping rose. The rose in the pyramid-shaped tube will remind them of you every day. Sleeping roses have especially lush colors and the perfect appearance is kept for several months.\u00a0 These roses do not require any special care, they do not need to be watered. You just need to enjoy and admire them!<\/p>\n","protected":false},"excerpt":{"rendered":"<p>White sleeping rose is a great gift for various occasions such as birthdays, Valentine&#8217;s Day. Or maybe you are looking for a way to show attention to a woman? This rose may become a great interior detail.<\/p>\n","protected":false},"featured_media":8013,"template":"","meta":[],"product_brand":[],"product_cat":[458],"product_tag":[],"class_list":{"0":"post-11877","1":"product","2":"type-product","3":"status-publish","4":"has-post-thumbnail","6":"product_cat-sleeping-roses","7":"tm-no-options","9":"first","10":"outofstock","11":"taxable","12":"shipping-taxable","13":"purchasable","14":"product-type-variable","15":"has-default-attributes"},"yoast_head":"<!-- This site is optimized with the Yoast SEO plugin v24.3 - https:\/\/yoast.com\/wordpress\/plugins\/seo\/ -->\n<title>White sleeping rose in a tube | Romantic gifts | Pristatome g\u0117les<\/title>\n<meta name=\"description\" content=\"Sleeping roses are processed by embalming method so it will delight you for a long time. We can pack the rose in the tube of your choice.\" \/>\n<meta name=\"robots\" content=\"index, follow, max-snippet:-1, max-image-preview:large, max-video-preview:-1\" \/>\n<link rel=\"canonical\" href=\"https:\/\/www.pristatomegeles.lt\/en\/produktas\/white-sleeping-rose-in-a-tube\/\" \/>\n<meta property=\"og:locale\" content=\"en_US\" \/>\n<meta property=\"og:type\" content=\"article\" \/>\n<meta property=\"og:title\" content=\"White sleeping rose in a tube | Romantic gifts | Pristatome g\u0117les\" \/>\n<meta property=\"og:description\" content=\"Sleeping roses are processed by embalming method so it will delight you for a long time. We can pack the rose in the tube of your choice.\" \/>\n<meta property=\"og:url\" content=\"https:\/\/www.pristatomegeles.lt\/en\/produktas\/white-sleeping-rose-in-a-tube\/\" \/>\n<meta property=\"og:site_name\" content=\"Pristatomegeles.lt\" \/>\n<meta property=\"article:modified_time\" content=\"2021-04-21T10:11:49+00:00\" \/>\n<meta property=\"og:image\" content=\"https:\/\/www.pristatomegeles.lt\/wp-content\/uploads\/2020\/08\/miegancios-rozes-baltos-spalvos-scaled.jpg\" \/>\n\t<meta property=\"og:image:width\" content=\"2560\" \/>\n\t<meta property=\"og:image:height\" content=\"2560\" \/>\n\t<meta property=\"og:image:type\" content=\"image\/jpeg\" \/>\n<meta name=\"twitter:card\" content=\"summary_large_image\" \/>\n<script type=\"application\/ld+json\" class=\"yoast-schema-graph\">{\"@context\":\"https:\/\/schema.org\",\"@graph\":[{\"@type\":\"WebPage\",\"@id\":\"https:\/\/www.pristatomegeles.lt\/en\/produktas\/white-sleeping-rose-in-a-tube\/\",\"url\":\"https:\/\/www.pristatomegeles.lt\/en\/produktas\/white-sleeping-rose-in-a-tube\/\",\"name\":\"White sleeping rose in a tube | Romantic gifts | Pristatome g\u0117les\",\"isPartOf\":{\"@id\":\"https:\/\/www.pristatomegeles.lt\/en\/#website\"},\"primaryImageOfPage\":{\"@id\":\"https:\/\/www.pristatomegeles.lt\/en\/produktas\/white-sleeping-rose-in-a-tube\/#primaryimage\"},\"image\":{\"@id\":\"https:\/\/www.pristatomegeles.lt\/en\/produktas\/white-sleeping-rose-in-a-tube\/#primaryimage\"},\"thumbnailUrl\":\"https:\/\/www.pristatomegeles.lt\/wp-content\/uploads\/2020\/08\/miegancios-rozes-baltos-spalvos-scaled.jpg\",\"datePublished\":\"2020-08-25T07:24:05+00:00\",\"dateModified\":\"2021-04-21T10:11:49+00:00\",\"description\":\"Sleeping roses are processed by embalming method so it will delight you for a long time. We can pack the rose in the tube of your choice.\",\"breadcrumb\":{\"@id\":\"https:\/\/www.pristatomegeles.lt\/en\/produktas\/white-sleeping-rose-in-a-tube\/#breadcrumb\"},\"inLanguage\":\"en-US\",\"potentialAction\":[{\"@type\":\"ReadAction\",\"target\":[\"https:\/\/www.pristatomegeles.lt\/en\/produktas\/white-sleeping-rose-in-a-tube\/\"]}]},{\"@type\":\"ImageObject\",\"inLanguage\":\"en-US\",\"@id\":\"https:\/\/www.pristatomegeles.lt\/en\/produktas\/white-sleeping-rose-in-a-tube\/#primaryimage\",\"url\":\"https:\/\/www.pristatomegeles.lt\/wp-content\/uploads\/2020\/08\/miegancios-rozes-baltos-spalvos-scaled.jpg\",\"contentUrl\":\"https:\/\/www.pristatomegeles.lt\/wp-content\/uploads\/2020\/08\/miegancios-rozes-baltos-spalvos-scaled.jpg\",\"width\":1000,\"height\":1000,\"caption\":\"Balta stabilizuota ro\u017e\u0117s t\u016bboje\"},{\"@type\":\"BreadcrumbList\",\"@id\":\"https:\/\/www.pristatomegeles.lt\/en\/produktas\/white-sleeping-rose-in-a-tube\/#breadcrumb\",\"itemListElement\":[{\"@type\":\"ListItem\",\"position\":1,\"name\":\"Home\",\"item\":\"https:\/\/www.pristatomegeles.lt\/en\/home-2\/\"},{\"@type\":\"ListItem\",\"position\":2,\"name\":\"Flowers\",\"item\":\"https:\/\/www.pristatomegeles.lt\/en\/flowers\/\"},{\"@type\":\"ListItem\",\"position\":3,\"name\":\"White sleeping rose in a tube\"}]},{\"@type\":\"WebSite\",\"@id\":\"https:\/\/www.pristatomegeles.lt\/en\/#website\",\"url\":\"https:\/\/www.pristatomegeles.lt\/en\/\",\"name\":\"Pristatomegeles.lt\",\"description\":\"\",\"potentialAction\":[{\"@type\":\"SearchAction\",\"target\":{\"@type\":\"EntryPoint\",\"urlTemplate\":\"https:\/\/www.pristatomegeles.lt\/en\/?s={search_term_string}\"},\"query-input\":{\"@type\":\"PropertyValueSpecification\",\"valueRequired\":true,\"valueName\":\"search_term_string\"}}],\"inLanguage\":\"en-US\"}]}<\/script>\n<!-- \/ Yoast SEO plugin. -->","yoast_head_json":{"title":"White sleeping rose in a tube | Romantic gifts | Pristatome g\u0117les","description":"Sleeping roses are processed by embalming method so it will delight you for a long time. We can pack the rose in the tube of your choice.","robots":{"index":"index","follow":"follow","max-snippet":"max-snippet:-1","max-image-preview":"max-image-preview:large","max-video-preview":"max-video-preview:-1"},"canonical":"https:\/\/www.pristatomegeles.lt\/en\/produktas\/white-sleeping-rose-in-a-tube\/","og_locale":"en_US","og_type":"article","og_title":"White sleeping rose in a tube | Romantic gifts | Pristatome g\u0117les","og_description":"Sleeping roses are processed by embalming method so it will delight you for a long time. We can pack the rose in the tube of your choice.","og_url":"https:\/\/www.pristatomegeles.lt\/en\/produktas\/white-sleeping-rose-in-a-tube\/","og_site_name":"Pristatomegeles.lt","article_modified_time":"2021-04-21T10:11:49+00:00","og_image":[{"width":2560,"height":2560,"url":"https:\/\/www.pristatomegeles.lt\/wp-content\/uploads\/2020\/08\/miegancios-rozes-baltos-spalvos-scaled.jpg","type":"image\/jpeg"}],"twitter_card":"summary_large_image","schema":{"@context":"https:\/\/schema.org","@graph":[{"@type":"WebPage","@id":"https:\/\/www.pristatomegeles.lt\/en\/produktas\/white-sleeping-rose-in-a-tube\/","url":"https:\/\/www.pristatomegeles.lt\/en\/produktas\/white-sleeping-rose-in-a-tube\/","name":"White sleeping rose in a tube | Romantic gifts | Pristatome g\u0117les","isPartOf":{"@id":"https:\/\/www.pristatomegeles.lt\/en\/#website"},"primaryImageOfPage":{"@id":"https:\/\/www.pristatomegeles.lt\/en\/produktas\/white-sleeping-rose-in-a-tube\/#primaryimage"},"image":{"@id":"https:\/\/www.pristatomegeles.lt\/en\/produktas\/white-sleeping-rose-in-a-tube\/#primaryimage"},"thumbnailUrl":"https:\/\/www.pristatomegeles.lt\/wp-content\/uploads\/2020\/08\/miegancios-rozes-baltos-spalvos-scaled.jpg","datePublished":"2020-08-25T07:24:05+00:00","dateModified":"2021-04-21T10:11:49+00:00","description":"Sleeping roses are processed by embalming method so it will delight you for a long time. We can pack the rose in the tube of your choice.","breadcrumb":{"@id":"https:\/\/www.pristatomegeles.lt\/en\/produktas\/white-sleeping-rose-in-a-tube\/#breadcrumb"},"inLanguage":"en-US","potentialAction":[{"@type":"ReadAction","target":["https:\/\/www.pristatomegeles.lt\/en\/produktas\/white-sleeping-rose-in-a-tube\/"]}]},{"@type":"ImageObject","inLanguage":"en-US","@id":"https:\/\/www.pristatomegeles.lt\/en\/produktas\/white-sleeping-rose-in-a-tube\/#primaryimage","url":"https:\/\/www.pristatomegeles.lt\/wp-content\/uploads\/2020\/08\/miegancios-rozes-baltos-spalvos-scaled.jpg","contentUrl":"https:\/\/www.pristatomegeles.lt\/wp-content\/uploads\/2020\/08\/miegancios-rozes-baltos-spalvos-scaled.jpg","width":1000,"height":1000,"caption":"Balta stabilizuota ro\u017e\u0117s t\u016bboje"},{"@type":"BreadcrumbList","@id":"https:\/\/www.pristatomegeles.lt\/en\/produktas\/white-sleeping-rose-in-a-tube\/#breadcrumb","itemListElement":[{"@type":"ListItem","position":1,"name":"Home","item":"https:\/\/www.pristatomegeles.lt\/en\/home-2\/"},{"@type":"ListItem","position":2,"name":"Flowers","item":"https:\/\/www.pristatomegeles.lt\/en\/flowers\/"},{"@type":"ListItem","position":3,"name":"White sleeping rose in a tube"}]},{"@type":"WebSite","@id":"https:\/\/www.pristatomegeles.lt\/en\/#website","url":"https:\/\/www.pristatomegeles.lt\/en\/","name":"Pristatomegeles.lt","description":"","potentialAction":[{"@type":"SearchAction","target":{"@type":"EntryPoint","urlTemplate":"https:\/\/www.pristatomegeles.lt\/en\/?s={search_term_string}"},"query-input":{"@type":"PropertyValueSpecification","valueRequired":true,"valueName":"search_term_string"}}],"inLanguage":"en-US"}]}},"_links":{"self":[{"href":"https:\/\/www.pristatomegeles.lt\/en\/wp-json\/wp\/v2\/product\/11877","targetHints":{"allow":["GET"]}}],"collection":[{"href":"https:\/\/www.pristatomegeles.lt\/en\/wp-json\/wp\/v2\/product"}],"about":[{"href":"https:\/\/www.pristatomegeles.lt\/en\/wp-json\/wp\/v2\/types\/product"}],"wp:featuredmedia":[{"embeddable":true,"href":"https:\/\/www.pristatomegeles.lt\/en\/wp-json\/wp\/v2\/media\/8013"}],"wp:attachment":[{"href":"https:\/\/www.pristatomegeles.lt\/en\/wp-json\/wp\/v2\/media?parent=11877"}],"wp:term":[{"taxonomy":"product_brand","embeddable":true,"href":"https:\/\/www.pristatomegeles.lt\/en\/wp-json\/wp\/v2\/product_brand?post=11877"},{"taxonomy":"product_cat","embeddable":true,"href":"https:\/\/www.pristatomegeles.lt\/en\/wp-json\/wp\/v2\/product_cat?post=11877"},{"taxonomy":"product_tag","embeddable":true,"href":"https:\/\/www.pristatomegeles.lt\/en\/wp-json\/wp\/v2\/product_tag?post=11877"}],"curies":[{"name":"wp","href":"https:\/\/api.w.org\/{rel}","templated":true}]}}