{"id":12018,"date":"2018-10-13T09:13:03","date_gmt":"2018-10-13T07:13:03","guid":{"rendered":"http:\/\/www.pristatomegeles.lt\/produktas\/freesia-box-one-color-wish\/"},"modified":"2025-01-31T11:52:15","modified_gmt":"2025-01-31T09:52:15","slug":"freesia-box-one-color-wish","status":"publish","type":"product","link":"https:\/\/www.pristatomegeles.lt\/en\/produktas\/freesia-box-one-color-wish\/","title":{"rendered":"Freesia box &#8220;One color wish&#8221;"},"content":{"rendered":"<p>What can be more beautiful than a box full of one-colored small blossoms that spread a wonderful scent and create a romantic atmosphere? Such gift will make a mother, friend, loved person, or a colleague happy. Decorate recipient&#8217;s home with this lovely freesia box. The color of flowers is chosen from the ones we have when the order is placed. The box color may differ from the one in the photo. The number of flowers may alter, depending on the size of blossoms.<\/p>\n","protected":false},"excerpt":{"rendered":"<p>A wonderful box of freesias is destined to surprise, greet, and to charm your special people on various occasions. Choose the size of a box. The larger the box, the bigger number of flowers is added.<\/p>\n<p>Medium-sized box consists of 31 freesias.<\/p>\n<p>Large box consists of 43 freesias.<\/p>\n<p><em><strong>We choose the color of the freesias according to what we have in the store at the time of ordering.<\/strong><\/em><\/p>\n","protected":false},"featured_media":9515,"template":"","meta":[],"product_brand":[],"product_cat":[1499,1497,414,1491,590,1496,1498,1494,497,1153],"product_tag":[],"class_list":{"0":"post-12018","1":"product","2":"type-product","3":"status-publish","4":"has-post-thumbnail","6":"product_cat-anniversary-flowers","7":"product_cat-birthday-flowers","8":"product_cat-flower-boxes","9":"product_cat-flowers-for-a-girl","10":"product_cat-flowers-for-funerals","11":"product_cat-flowers-for-men","12":"product_cat-flowers-for-mom","13":"product_cat-flowers-for-women","14":"product_cat-freesias","15":"product_cat-mothers-day-flowers","16":"tm-no-options","18":"first","19":"instock","20":"taxable","21":"shipping-taxable","22":"purchasable","23":"product-type-variable","24":"has-default-attributes"},"yoast_head":"<!-- This site is optimized with the Yoast SEO plugin v24.3 - https:\/\/yoast.com\/wordpress\/plugins\/seo\/ -->\n<title>Freesia box &quot;One color wish&quot; | Pristatome g\u0117les<\/title>\n<meta name=\"description\" content=\"Freesia box &quot;One color wish&quot; is abundant with freesias of one color. These flowers are exceptional because of their scent which is why they will charm every receiver.\" \/>\n<meta name=\"robots\" content=\"index, follow, max-snippet:-1, max-image-preview:large, max-video-preview:-1\" \/>\n<link rel=\"canonical\" href=\"https:\/\/www.pristatomegeles.lt\/en\/produktas\/freesia-box-one-color-wish\/\" \/>\n<meta property=\"og:locale\" content=\"en_US\" \/>\n<meta property=\"og:type\" content=\"article\" \/>\n<meta property=\"og:title\" content=\"Freesia box &quot;One color wish&quot; | Pristatome g\u0117les\" \/>\n<meta property=\"og:description\" content=\"Freesia box &quot;One color wish&quot; is abundant with freesias of one color. These flowers are exceptional because of their scent which is why they will charm every receiver.\" \/>\n<meta property=\"og:url\" content=\"https:\/\/www.pristatomegeles.lt\/en\/produktas\/freesia-box-one-color-wish\/\" \/>\n<meta property=\"og:site_name\" content=\"Pristatomegeles.lt\" \/>\n<meta property=\"article:modified_time\" content=\"2025-01-31T09:52:15+00:00\" \/>\n<meta property=\"og:image\" content=\"https:\/\/www.pristatomegeles.lt\/wp-content\/uploads\/2018\/10\/freziju-dezute-baltos-frezijos-scaled.jpg\" \/>\n\t<meta property=\"og:image:width\" content=\"2560\" \/>\n\t<meta property=\"og:image:height\" content=\"2560\" \/>\n\t<meta property=\"og:image:type\" content=\"image\/jpeg\" \/>\n<meta name=\"twitter:card\" content=\"summary_large_image\" \/>\n<script type=\"application\/ld+json\" class=\"yoast-schema-graph\">{\"@context\":\"https:\/\/schema.org\",\"@graph\":[{\"@type\":\"WebPage\",\"@id\":\"https:\/\/www.pristatomegeles.lt\/en\/produktas\/freesia-box-one-color-wish\/\",\"url\":\"https:\/\/www.pristatomegeles.lt\/en\/produktas\/freesia-box-one-color-wish\/\",\"name\":\"Freesia box \\\"One color wish\\\" | Pristatome g\u0117les\",\"isPartOf\":{\"@id\":\"https:\/\/www.pristatomegeles.lt\/en\/#website\"},\"primaryImageOfPage\":{\"@id\":\"https:\/\/www.pristatomegeles.lt\/en\/produktas\/freesia-box-one-color-wish\/#primaryimage\"},\"image\":{\"@id\":\"https:\/\/www.pristatomegeles.lt\/en\/produktas\/freesia-box-one-color-wish\/#primaryimage\"},\"thumbnailUrl\":\"https:\/\/www.pristatomegeles.lt\/wp-content\/uploads\/2018\/10\/freziju-dezute-baltos-frezijos-scaled.jpg\",\"datePublished\":\"2018-10-13T07:13:03+00:00\",\"dateModified\":\"2025-01-31T09:52:15+00:00\",\"description\":\"Freesia box \\\"One color wish\\\" is abundant with freesias of one color. These flowers are exceptional because of their scent which is why they will charm every receiver.\",\"breadcrumb\":{\"@id\":\"https:\/\/www.pristatomegeles.lt\/en\/produktas\/freesia-box-one-color-wish\/#breadcrumb\"},\"inLanguage\":\"en-US\",\"potentialAction\":[{\"@type\":\"ReadAction\",\"target\":[\"https:\/\/www.pristatomegeles.lt\/en\/produktas\/freesia-box-one-color-wish\/\"]}]},{\"@type\":\"ImageObject\",\"inLanguage\":\"en-US\",\"@id\":\"https:\/\/www.pristatomegeles.lt\/en\/produktas\/freesia-box-one-color-wish\/#primaryimage\",\"url\":\"https:\/\/www.pristatomegeles.lt\/wp-content\/uploads\/2018\/10\/freziju-dezute-baltos-frezijos-scaled.jpg\",\"contentUrl\":\"https:\/\/www.pristatomegeles.lt\/wp-content\/uploads\/2018\/10\/freziju-dezute-baltos-frezijos-scaled.jpg\",\"width\":1000,\"height\":1000,\"caption\":\"Vienspalv\u0117 frezij\u0173 d\u0117\u017eut\u0117\"},{\"@type\":\"BreadcrumbList\",\"@id\":\"https:\/\/www.pristatomegeles.lt\/en\/produktas\/freesia-box-one-color-wish\/#breadcrumb\",\"itemListElement\":[{\"@type\":\"ListItem\",\"position\":1,\"name\":\"Home\",\"item\":\"https:\/\/www.pristatomegeles.lt\/en\/home-2\/\"},{\"@type\":\"ListItem\",\"position\":2,\"name\":\"Flowers\",\"item\":\"https:\/\/www.pristatomegeles.lt\/en\/flowers\/\"},{\"@type\":\"ListItem\",\"position\":3,\"name\":\"Freesia box &#8220;One color wish&#8221;\"}]},{\"@type\":\"WebSite\",\"@id\":\"https:\/\/www.pristatomegeles.lt\/en\/#website\",\"url\":\"https:\/\/www.pristatomegeles.lt\/en\/\",\"name\":\"Pristatomegeles.lt\",\"description\":\"\",\"potentialAction\":[{\"@type\":\"SearchAction\",\"target\":{\"@type\":\"EntryPoint\",\"urlTemplate\":\"https:\/\/www.pristatomegeles.lt\/en\/?s={search_term_string}\"},\"query-input\":{\"@type\":\"PropertyValueSpecification\",\"valueRequired\":true,\"valueName\":\"search_term_string\"}}],\"inLanguage\":\"en-US\"}]}<\/script>\n<!-- \/ Yoast SEO plugin. -->","yoast_head_json":{"title":"Freesia box \"One color wish\" | Pristatome g\u0117les","description":"Freesia box \"One color wish\" is abundant with freesias of one color. These flowers are exceptional because of their scent which is why they will charm every receiver.","robots":{"index":"index","follow":"follow","max-snippet":"max-snippet:-1","max-image-preview":"max-image-preview:large","max-video-preview":"max-video-preview:-1"},"canonical":"https:\/\/www.pristatomegeles.lt\/en\/produktas\/freesia-box-one-color-wish\/","og_locale":"en_US","og_type":"article","og_title":"Freesia box \"One color wish\" | Pristatome g\u0117les","og_description":"Freesia box \"One color wish\" is abundant with freesias of one color. These flowers are exceptional because of their scent which is why they will charm every receiver.","og_url":"https:\/\/www.pristatomegeles.lt\/en\/produktas\/freesia-box-one-color-wish\/","og_site_name":"Pristatomegeles.lt","article_modified_time":"2025-01-31T09:52:15+00:00","og_image":[{"width":2560,"height":2560,"url":"https:\/\/www.pristatomegeles.lt\/wp-content\/uploads\/2018\/10\/freziju-dezute-baltos-frezijos-scaled.jpg","type":"image\/jpeg"}],"twitter_card":"summary_large_image","schema":{"@context":"https:\/\/schema.org","@graph":[{"@type":"WebPage","@id":"https:\/\/www.pristatomegeles.lt\/en\/produktas\/freesia-box-one-color-wish\/","url":"https:\/\/www.pristatomegeles.lt\/en\/produktas\/freesia-box-one-color-wish\/","name":"Freesia box \"One color wish\" | Pristatome g\u0117les","isPartOf":{"@id":"https:\/\/www.pristatomegeles.lt\/en\/#website"},"primaryImageOfPage":{"@id":"https:\/\/www.pristatomegeles.lt\/en\/produktas\/freesia-box-one-color-wish\/#primaryimage"},"image":{"@id":"https:\/\/www.pristatomegeles.lt\/en\/produktas\/freesia-box-one-color-wish\/#primaryimage"},"thumbnailUrl":"https:\/\/www.pristatomegeles.lt\/wp-content\/uploads\/2018\/10\/freziju-dezute-baltos-frezijos-scaled.jpg","datePublished":"2018-10-13T07:13:03+00:00","dateModified":"2025-01-31T09:52:15+00:00","description":"Freesia box \"One color wish\" is abundant with freesias of one color. These flowers are exceptional because of their scent which is why they will charm every receiver.","breadcrumb":{"@id":"https:\/\/www.pristatomegeles.lt\/en\/produktas\/freesia-box-one-color-wish\/#breadcrumb"},"inLanguage":"en-US","potentialAction":[{"@type":"ReadAction","target":["https:\/\/www.pristatomegeles.lt\/en\/produktas\/freesia-box-one-color-wish\/"]}]},{"@type":"ImageObject","inLanguage":"en-US","@id":"https:\/\/www.pristatomegeles.lt\/en\/produktas\/freesia-box-one-color-wish\/#primaryimage","url":"https:\/\/www.pristatomegeles.lt\/wp-content\/uploads\/2018\/10\/freziju-dezute-baltos-frezijos-scaled.jpg","contentUrl":"https:\/\/www.pristatomegeles.lt\/wp-content\/uploads\/2018\/10\/freziju-dezute-baltos-frezijos-scaled.jpg","width":1000,"height":1000,"caption":"Vienspalv\u0117 frezij\u0173 d\u0117\u017eut\u0117"},{"@type":"BreadcrumbList","@id":"https:\/\/www.pristatomegeles.lt\/en\/produktas\/freesia-box-one-color-wish\/#breadcrumb","itemListElement":[{"@type":"ListItem","position":1,"name":"Home","item":"https:\/\/www.pristatomegeles.lt\/en\/home-2\/"},{"@type":"ListItem","position":2,"name":"Flowers","item":"https:\/\/www.pristatomegeles.lt\/en\/flowers\/"},{"@type":"ListItem","position":3,"name":"Freesia box &#8220;One color wish&#8221;"}]},{"@type":"WebSite","@id":"https:\/\/www.pristatomegeles.lt\/en\/#website","url":"https:\/\/www.pristatomegeles.lt\/en\/","name":"Pristatomegeles.lt","description":"","potentialAction":[{"@type":"SearchAction","target":{"@type":"EntryPoint","urlTemplate":"https:\/\/www.pristatomegeles.lt\/en\/?s={search_term_string}"},"query-input":{"@type":"PropertyValueSpecification","valueRequired":true,"valueName":"search_term_string"}}],"inLanguage":"en-US"}]}},"_links":{"self":[{"href":"https:\/\/www.pristatomegeles.lt\/en\/wp-json\/wp\/v2\/product\/12018","targetHints":{"allow":["GET"]}}],"collection":[{"href":"https:\/\/www.pristatomegeles.lt\/en\/wp-json\/wp\/v2\/product"}],"about":[{"href":"https:\/\/www.pristatomegeles.lt\/en\/wp-json\/wp\/v2\/types\/product"}],"wp:featuredmedia":[{"embeddable":true,"href":"https:\/\/www.pristatomegeles.lt\/en\/wp-json\/wp\/v2\/media\/9515"}],"wp:attachment":[{"href":"https:\/\/www.pristatomegeles.lt\/en\/wp-json\/wp\/v2\/media?parent=12018"}],"wp:term":[{"taxonomy":"product_brand","embeddable":true,"href":"https:\/\/www.pristatomegeles.lt\/en\/wp-json\/wp\/v2\/product_brand?post=12018"},{"taxonomy":"product_cat","embeddable":true,"href":"https:\/\/www.pristatomegeles.lt\/en\/wp-json\/wp\/v2\/product_cat?post=12018"},{"taxonomy":"product_tag","embeddable":true,"href":"https:\/\/www.pristatomegeles.lt\/en\/wp-json\/wp\/v2\/product_tag?post=12018"}],"curies":[{"name":"wp","href":"https:\/\/api.w.org\/{rel}","templated":true}]}}