{"id":12021,"date":"2018-10-12T12:47:51","date_gmt":"2018-10-12T10:47:51","guid":{"rendered":"http:\/\/www.pristatomegeles.lt\/produktas\/pink-sleeping-rose\/"},"modified":"2026-02-05T19:47:23","modified_gmt":"2026-02-05T17:47:23","slug":"pink-sleeping-rose","status":"publish","type":"product","link":"https:\/\/www.pristatomegeles.lt\/en\/produktas\/pink-sleeping-rose\/","title":{"rendered":"Pink sleeping rose"},"content":{"rendered":"<p>Sleeping roses, that have already enchanted many hearts, do not go out of fashion. Pink sleeping rose is a stylish and unique gift that can decorate every interior. It can be given to anyone that just welcomed a newborn baby or to those who live with animals. Sleeping roses are not toxic, they do not harm any living organism. The best thing is that the receiver does not need to take care of it. The rose does not need to be watered or fertilized. It is a great alternative for those who love flowers but do not have time to take care of them, or for those who are constantly traveling. Pink sleeping rose does not wither for many years so give this flower to a precious person and we guarantee that the receiver will think of you every time he or she looks at the gift. Our courier will deliver the sleeping rose under the dome to the recipient&#8217;s home or any other place.<\/p>\n","protected":false},"excerpt":{"rendered":"<p>Pink sleeping rose will be loved by many ladies and women because this color is especially popular.<\/p>\n","protected":false},"featured_media":13515,"template":"","meta":[],"product_brand":[],"product_cat":[458],"product_tag":[],"class_list":{"0":"post-12021","1":"product","2":"type-product","3":"status-publish","4":"has-post-thumbnail","6":"product_cat-sleeping-roses","7":"product_shipping_class-in-all-lithuania","8":"tm-has-options","10":"first","11":"instock","12":"taxable","13":"shipping-taxable","14":"purchasable","15":"product-type-simple"},"yoast_head":"<!-- This site is optimized with the Yoast SEO plugin v24.3 - https:\/\/yoast.com\/wordpress\/plugins\/seo\/ -->\n<title>Pink sleeping rose under the dome | Pristatomegeles.lt<\/title>\n<meta name=\"description\" content=\"Order pink sleeping rose under the dome and surprise your loved woman.\" \/>\n<meta name=\"robots\" content=\"index, follow, max-snippet:-1, max-image-preview:large, max-video-preview:-1\" \/>\n<link rel=\"canonical\" href=\"https:\/\/www.pristatomegeles.lt\/en\/produktas\/pink-sleeping-rose\/\" \/>\n<meta property=\"og:locale\" content=\"en_US\" \/>\n<meta property=\"og:type\" content=\"article\" \/>\n<meta property=\"og:title\" content=\"Pink sleeping rose under the dome | Pristatomegeles.lt\" \/>\n<meta property=\"og:description\" content=\"Order pink sleeping rose under the dome and surprise your loved woman.\" \/>\n<meta property=\"og:url\" content=\"https:\/\/www.pristatomegeles.lt\/en\/produktas\/pink-sleeping-rose\/\" \/>\n<meta property=\"og:site_name\" content=\"Pristatomegeles.lt\" \/>\n<meta property=\"article:modified_time\" content=\"2026-02-05T17:47:23+00:00\" \/>\n<meta property=\"og:image\" content=\"https:\/\/www.pristatomegeles.lt\/wp-content\/uploads\/2018\/10\/didele-rozine-stabilizuota-roze-po-stiklu-gimtadienio-geles-scaled.jpg\" \/>\n\t<meta property=\"og:image:width\" content=\"1000\" \/>\n\t<meta property=\"og:image:height\" content=\"1000\" \/>\n\t<meta property=\"og:image:type\" content=\"image\/jpeg\" \/>\n<meta name=\"twitter:card\" content=\"summary_large_image\" \/>\n<meta name=\"twitter:label1\" content=\"Est. reading time\" \/>\n\t<meta name=\"twitter:data1\" content=\"2 minutes\" \/>\n<script type=\"application\/ld+json\" class=\"yoast-schema-graph\">{\"@context\":\"https:\/\/schema.org\",\"@graph\":[{\"@type\":\"WebPage\",\"@id\":\"https:\/\/www.pristatomegeles.lt\/en\/produktas\/pink-sleeping-rose\/\",\"url\":\"https:\/\/www.pristatomegeles.lt\/en\/produktas\/pink-sleeping-rose\/\",\"name\":\"Pink sleeping rose under the dome | Pristatomegeles.lt\",\"isPartOf\":{\"@id\":\"https:\/\/www.pristatomegeles.lt\/en\/#website\"},\"primaryImageOfPage\":{\"@id\":\"https:\/\/www.pristatomegeles.lt\/en\/produktas\/pink-sleeping-rose\/#primaryimage\"},\"image\":{\"@id\":\"https:\/\/www.pristatomegeles.lt\/en\/produktas\/pink-sleeping-rose\/#primaryimage\"},\"thumbnailUrl\":\"https:\/\/www.pristatomegeles.lt\/wp-content\/uploads\/2018\/10\/didele-rozine-stabilizuota-roze-po-stiklu-gimtadienio-geles-scaled.jpg\",\"datePublished\":\"2018-10-12T10:47:51+00:00\",\"dateModified\":\"2026-02-05T17:47:23+00:00\",\"description\":\"Order pink sleeping rose under the dome and surprise your loved woman.\",\"breadcrumb\":{\"@id\":\"https:\/\/www.pristatomegeles.lt\/en\/produktas\/pink-sleeping-rose\/#breadcrumb\"},\"inLanguage\":\"en-US\",\"potentialAction\":[{\"@type\":\"ReadAction\",\"target\":[\"https:\/\/www.pristatomegeles.lt\/en\/produktas\/pink-sleeping-rose\/\"]}]},{\"@type\":\"ImageObject\",\"inLanguage\":\"en-US\",\"@id\":\"https:\/\/www.pristatomegeles.lt\/en\/produktas\/pink-sleeping-rose\/#primaryimage\",\"url\":\"https:\/\/www.pristatomegeles.lt\/wp-content\/uploads\/2018\/10\/didele-rozine-stabilizuota-roze-po-stiklu-gimtadienio-geles-scaled.jpg\",\"contentUrl\":\"https:\/\/www.pristatomegeles.lt\/wp-content\/uploads\/2018\/10\/didele-rozine-stabilizuota-roze-po-stiklu-gimtadienio-geles-scaled.jpg\",\"width\":1000,\"height\":1000,\"caption\":\"Ro\u017ein\u0117s spalvos mieganti ro\u017e\u0117 po stiklu\"},{\"@type\":\"BreadcrumbList\",\"@id\":\"https:\/\/www.pristatomegeles.lt\/en\/produktas\/pink-sleeping-rose\/#breadcrumb\",\"itemListElement\":[{\"@type\":\"ListItem\",\"position\":1,\"name\":\"Home\",\"item\":\"https:\/\/www.pristatomegeles.lt\/en\/home-2\/\"},{\"@type\":\"ListItem\",\"position\":2,\"name\":\"Flowers\",\"item\":\"https:\/\/www.pristatomegeles.lt\/en\/flowers\/\"},{\"@type\":\"ListItem\",\"position\":3,\"name\":\"Pink sleeping rose\"}]},{\"@type\":\"WebSite\",\"@id\":\"https:\/\/www.pristatomegeles.lt\/en\/#website\",\"url\":\"https:\/\/www.pristatomegeles.lt\/en\/\",\"name\":\"Pristatomegeles.lt\",\"description\":\"\",\"potentialAction\":[{\"@type\":\"SearchAction\",\"target\":{\"@type\":\"EntryPoint\",\"urlTemplate\":\"https:\/\/www.pristatomegeles.lt\/en\/?s={search_term_string}\"},\"query-input\":{\"@type\":\"PropertyValueSpecification\",\"valueRequired\":true,\"valueName\":\"search_term_string\"}}],\"inLanguage\":\"en-US\"}]}<\/script>\n<!-- \/ Yoast SEO plugin. -->","yoast_head_json":{"title":"Pink sleeping rose under the dome | Pristatomegeles.lt","description":"Order pink sleeping rose under the dome and surprise your loved woman.","robots":{"index":"index","follow":"follow","max-snippet":"max-snippet:-1","max-image-preview":"max-image-preview:large","max-video-preview":"max-video-preview:-1"},"canonical":"https:\/\/www.pristatomegeles.lt\/en\/produktas\/pink-sleeping-rose\/","og_locale":"en_US","og_type":"article","og_title":"Pink sleeping rose under the dome | Pristatomegeles.lt","og_description":"Order pink sleeping rose under the dome and surprise your loved woman.","og_url":"https:\/\/www.pristatomegeles.lt\/en\/produktas\/pink-sleeping-rose\/","og_site_name":"Pristatomegeles.lt","article_modified_time":"2026-02-05T17:47:23+00:00","og_image":[{"width":1000,"height":1000,"url":"https:\/\/www.pristatomegeles.lt\/wp-content\/uploads\/2018\/10\/didele-rozine-stabilizuota-roze-po-stiklu-gimtadienio-geles-scaled.jpg","type":"image\/jpeg"}],"twitter_card":"summary_large_image","twitter_misc":{"Est. reading time":"2 minutes"},"schema":{"@context":"https:\/\/schema.org","@graph":[{"@type":"WebPage","@id":"https:\/\/www.pristatomegeles.lt\/en\/produktas\/pink-sleeping-rose\/","url":"https:\/\/www.pristatomegeles.lt\/en\/produktas\/pink-sleeping-rose\/","name":"Pink sleeping rose under the dome | Pristatomegeles.lt","isPartOf":{"@id":"https:\/\/www.pristatomegeles.lt\/en\/#website"},"primaryImageOfPage":{"@id":"https:\/\/www.pristatomegeles.lt\/en\/produktas\/pink-sleeping-rose\/#primaryimage"},"image":{"@id":"https:\/\/www.pristatomegeles.lt\/en\/produktas\/pink-sleeping-rose\/#primaryimage"},"thumbnailUrl":"https:\/\/www.pristatomegeles.lt\/wp-content\/uploads\/2018\/10\/didele-rozine-stabilizuota-roze-po-stiklu-gimtadienio-geles-scaled.jpg","datePublished":"2018-10-12T10:47:51+00:00","dateModified":"2026-02-05T17:47:23+00:00","description":"Order pink sleeping rose under the dome and surprise your loved woman.","breadcrumb":{"@id":"https:\/\/www.pristatomegeles.lt\/en\/produktas\/pink-sleeping-rose\/#breadcrumb"},"inLanguage":"en-US","potentialAction":[{"@type":"ReadAction","target":["https:\/\/www.pristatomegeles.lt\/en\/produktas\/pink-sleeping-rose\/"]}]},{"@type":"ImageObject","inLanguage":"en-US","@id":"https:\/\/www.pristatomegeles.lt\/en\/produktas\/pink-sleeping-rose\/#primaryimage","url":"https:\/\/www.pristatomegeles.lt\/wp-content\/uploads\/2018\/10\/didele-rozine-stabilizuota-roze-po-stiklu-gimtadienio-geles-scaled.jpg","contentUrl":"https:\/\/www.pristatomegeles.lt\/wp-content\/uploads\/2018\/10\/didele-rozine-stabilizuota-roze-po-stiklu-gimtadienio-geles-scaled.jpg","width":1000,"height":1000,"caption":"Ro\u017ein\u0117s spalvos mieganti ro\u017e\u0117 po stiklu"},{"@type":"BreadcrumbList","@id":"https:\/\/www.pristatomegeles.lt\/en\/produktas\/pink-sleeping-rose\/#breadcrumb","itemListElement":[{"@type":"ListItem","position":1,"name":"Home","item":"https:\/\/www.pristatomegeles.lt\/en\/home-2\/"},{"@type":"ListItem","position":2,"name":"Flowers","item":"https:\/\/www.pristatomegeles.lt\/en\/flowers\/"},{"@type":"ListItem","position":3,"name":"Pink sleeping rose"}]},{"@type":"WebSite","@id":"https:\/\/www.pristatomegeles.lt\/en\/#website","url":"https:\/\/www.pristatomegeles.lt\/en\/","name":"Pristatomegeles.lt","description":"","potentialAction":[{"@type":"SearchAction","target":{"@type":"EntryPoint","urlTemplate":"https:\/\/www.pristatomegeles.lt\/en\/?s={search_term_string}"},"query-input":{"@type":"PropertyValueSpecification","valueRequired":true,"valueName":"search_term_string"}}],"inLanguage":"en-US"}]}},"_links":{"self":[{"href":"https:\/\/www.pristatomegeles.lt\/en\/wp-json\/wp\/v2\/product\/12021","targetHints":{"allow":["GET"]}}],"collection":[{"href":"https:\/\/www.pristatomegeles.lt\/en\/wp-json\/wp\/v2\/product"}],"about":[{"href":"https:\/\/www.pristatomegeles.lt\/en\/wp-json\/wp\/v2\/types\/product"}],"wp:featuredmedia":[{"embeddable":true,"href":"https:\/\/www.pristatomegeles.lt\/en\/wp-json\/wp\/v2\/media\/13515"}],"wp:attachment":[{"href":"https:\/\/www.pristatomegeles.lt\/en\/wp-json\/wp\/v2\/media?parent=12021"}],"wp:term":[{"taxonomy":"product_brand","embeddable":true,"href":"https:\/\/www.pristatomegeles.lt\/en\/wp-json\/wp\/v2\/product_brand?post=12021"},{"taxonomy":"product_cat","embeddable":true,"href":"https:\/\/www.pristatomegeles.lt\/en\/wp-json\/wp\/v2\/product_cat?post=12021"},{"taxonomy":"product_tag","embeddable":true,"href":"https:\/\/www.pristatomegeles.lt\/en\/wp-json\/wp\/v2\/product_tag?post=12021"}],"curies":[{"name":"wp","href":"https:\/\/api.w.org\/{rel}","templated":true}]}}