{"id":12076,"date":"2018-06-26T18:31:42","date_gmt":"2018-06-26T16:31:42","guid":{"rendered":"http:\/\/www.pristatomegeles.lt\/produktas\/freesia-box-three-colored-wish\/"},"modified":"2025-01-31T11:51:58","modified_gmt":"2025-01-31T09:51:58","slug":"freesia-box-three-colored-wish","status":"publish","type":"product","link":"https:\/\/www.pristatomegeles.lt\/en\/produktas\/freesia-box-three-colored-wish\/","title":{"rendered":"Freesia box &#8220;Three-colored wish&#8221;"},"content":{"rendered":"<p>Freesia box &#8220;Three-colored wish&#8221; cannot be disliked. This colorful flower box consists of three or more color freesias that are stylishly composed in the box. We will present the box as if it is the sincerest gift for your special someone. The color of flowers is chosen randomly.<\/p>\n","protected":false},"excerpt":{"rendered":"<p>A stylish flower box that is composed of three different color freesias will be loved even by the choosiest person. Congratulate people by sending this box on any occasion.<\/p>\n<p>Medium-sized box consists of 31 freesias.<\/p>\n<p>Large box consists of 43 freesias.<\/p>\n<p><em><strong>We choose the color of the freesias according to what we have in the store at the time of ordering.<\/strong><\/em><\/p>\n","protected":false},"featured_media":13127,"template":"","meta":[],"product_brand":[],"product_cat":[1499,1497,414,1491,1498,1494,497,1152,1153,1501],"product_tag":[],"class_list":{"0":"post-12076","1":"product","2":"type-product","3":"status-publish","4":"has-post-thumbnail","6":"product_cat-anniversary-flowers","7":"product_cat-birthday-flowers","8":"product_cat-flower-boxes","9":"product_cat-flowers-for-a-girl","10":"product_cat-flowers-for-mom","11":"product_cat-flowers-for-women","12":"product_cat-freesias","13":"product_cat-march-8-flowers","14":"product_cat-mothers-day-flowers","15":"product_cat-valentines-day-flowers","16":"tm-no-options","18":"first","19":"instock","20":"featured","21":"taxable","22":"shipping-taxable","23":"purchasable","24":"product-type-variable","25":"has-default-attributes"},"yoast_head":"<!-- This site is optimized with the Yoast SEO plugin v24.3 - https:\/\/yoast.com\/wordpress\/plugins\/seo\/ -->\n<title>Freesia box &quot;Three-colored wish&quot; | Flower box | Pristatome g\u0117les<\/title>\n<meta name=\"description\" content=\"Freesia box &quot;Three-colored wish&quot; is one of the most colorful and joyous bouquets you can ever give to a loved or precious person.\" \/>\n<meta name=\"robots\" content=\"index, follow, max-snippet:-1, max-image-preview:large, max-video-preview:-1\" \/>\n<link rel=\"canonical\" href=\"https:\/\/www.pristatomegeles.lt\/en\/produktas\/freesia-box-three-colored-wish\/\" \/>\n<meta property=\"og:locale\" content=\"en_US\" \/>\n<meta property=\"og:type\" content=\"article\" \/>\n<meta property=\"og:title\" content=\"Freesia box &quot;Three-colored wish&quot; | Flower box | Pristatome g\u0117les\" \/>\n<meta property=\"og:description\" content=\"Freesia box &quot;Three-colored wish&quot; is one of the most colorful and joyous bouquets you can ever give to a loved or precious person.\" \/>\n<meta property=\"og:url\" content=\"https:\/\/www.pristatomegeles.lt\/en\/produktas\/freesia-box-three-colored-wish\/\" \/>\n<meta property=\"og:site_name\" content=\"Pristatomegeles.lt\" \/>\n<meta property=\"article:modified_time\" content=\"2025-01-31T09:51:58+00:00\" \/>\n<meta property=\"og:image\" content=\"https:\/\/www.pristatomegeles.lt\/wp-content\/uploads\/2018\/06\/frezijos-dezuteje-ivariu-spalvu-scaled.jpg\" \/>\n\t<meta property=\"og:image:width\" content=\"2560\" \/>\n\t<meta property=\"og:image:height\" content=\"2560\" \/>\n\t<meta property=\"og:image:type\" content=\"image\/jpeg\" \/>\n<meta name=\"twitter:card\" content=\"summary_large_image\" \/>\n<script type=\"application\/ld+json\" class=\"yoast-schema-graph\">{\"@context\":\"https:\/\/schema.org\",\"@graph\":[{\"@type\":\"WebPage\",\"@id\":\"https:\/\/www.pristatomegeles.lt\/en\/produktas\/freesia-box-three-colored-wish\/\",\"url\":\"https:\/\/www.pristatomegeles.lt\/en\/produktas\/freesia-box-three-colored-wish\/\",\"name\":\"Freesia box \\\"Three-colored wish\\\" | Flower box | Pristatome g\u0117les\",\"isPartOf\":{\"@id\":\"https:\/\/www.pristatomegeles.lt\/en\/#website\"},\"primaryImageOfPage\":{\"@id\":\"https:\/\/www.pristatomegeles.lt\/en\/produktas\/freesia-box-three-colored-wish\/#primaryimage\"},\"image\":{\"@id\":\"https:\/\/www.pristatomegeles.lt\/en\/produktas\/freesia-box-three-colored-wish\/#primaryimage\"},\"thumbnailUrl\":\"https:\/\/www.pristatomegeles.lt\/wp-content\/uploads\/2018\/06\/frezijos-dezuteje-ivariu-spalvu-scaled.jpg\",\"datePublished\":\"2018-06-26T16:31:42+00:00\",\"dateModified\":\"2025-01-31T09:51:58+00:00\",\"description\":\"Freesia box \\\"Three-colored wish\\\" is one of the most colorful and joyous bouquets you can ever give to a loved or precious person.\",\"breadcrumb\":{\"@id\":\"https:\/\/www.pristatomegeles.lt\/en\/produktas\/freesia-box-three-colored-wish\/#breadcrumb\"},\"inLanguage\":\"en-US\",\"potentialAction\":[{\"@type\":\"ReadAction\",\"target\":[\"https:\/\/www.pristatomegeles.lt\/en\/produktas\/freesia-box-three-colored-wish\/\"]}]},{\"@type\":\"ImageObject\",\"inLanguage\":\"en-US\",\"@id\":\"https:\/\/www.pristatomegeles.lt\/en\/produktas\/freesia-box-three-colored-wish\/#primaryimage\",\"url\":\"https:\/\/www.pristatomegeles.lt\/wp-content\/uploads\/2018\/06\/frezijos-dezuteje-ivariu-spalvu-scaled.jpg\",\"contentUrl\":\"https:\/\/www.pristatomegeles.lt\/wp-content\/uploads\/2018\/06\/frezijos-dezuteje-ivariu-spalvu-scaled.jpg\",\"width\":1000,\"height\":1000,\"caption\":\"Spalvinga frezij\u0173 d\u0117\u017eut\u0117 gimtadienio g\u0117l\u0117s\"},{\"@type\":\"BreadcrumbList\",\"@id\":\"https:\/\/www.pristatomegeles.lt\/en\/produktas\/freesia-box-three-colored-wish\/#breadcrumb\",\"itemListElement\":[{\"@type\":\"ListItem\",\"position\":1,\"name\":\"Home\",\"item\":\"https:\/\/www.pristatomegeles.lt\/en\/home-2\/\"},{\"@type\":\"ListItem\",\"position\":2,\"name\":\"Flowers\",\"item\":\"https:\/\/www.pristatomegeles.lt\/en\/flowers\/\"},{\"@type\":\"ListItem\",\"position\":3,\"name\":\"Freesia box &#8220;Three-colored wish&#8221;\"}]},{\"@type\":\"WebSite\",\"@id\":\"https:\/\/www.pristatomegeles.lt\/en\/#website\",\"url\":\"https:\/\/www.pristatomegeles.lt\/en\/\",\"name\":\"Pristatomegeles.lt\",\"description\":\"\",\"potentialAction\":[{\"@type\":\"SearchAction\",\"target\":{\"@type\":\"EntryPoint\",\"urlTemplate\":\"https:\/\/www.pristatomegeles.lt\/en\/?s={search_term_string}\"},\"query-input\":{\"@type\":\"PropertyValueSpecification\",\"valueRequired\":true,\"valueName\":\"search_term_string\"}}],\"inLanguage\":\"en-US\"}]}<\/script>\n<!-- \/ Yoast SEO plugin. -->","yoast_head_json":{"title":"Freesia box \"Three-colored wish\" | Flower box | Pristatome g\u0117les","description":"Freesia box \"Three-colored wish\" is one of the most colorful and joyous bouquets you can ever give to a loved or precious person.","robots":{"index":"index","follow":"follow","max-snippet":"max-snippet:-1","max-image-preview":"max-image-preview:large","max-video-preview":"max-video-preview:-1"},"canonical":"https:\/\/www.pristatomegeles.lt\/en\/produktas\/freesia-box-three-colored-wish\/","og_locale":"en_US","og_type":"article","og_title":"Freesia box \"Three-colored wish\" | Flower box | Pristatome g\u0117les","og_description":"Freesia box \"Three-colored wish\" is one of the most colorful and joyous bouquets you can ever give to a loved or precious person.","og_url":"https:\/\/www.pristatomegeles.lt\/en\/produktas\/freesia-box-three-colored-wish\/","og_site_name":"Pristatomegeles.lt","article_modified_time":"2025-01-31T09:51:58+00:00","og_image":[{"width":2560,"height":2560,"url":"https:\/\/www.pristatomegeles.lt\/wp-content\/uploads\/2018\/06\/frezijos-dezuteje-ivariu-spalvu-scaled.jpg","type":"image\/jpeg"}],"twitter_card":"summary_large_image","schema":{"@context":"https:\/\/schema.org","@graph":[{"@type":"WebPage","@id":"https:\/\/www.pristatomegeles.lt\/en\/produktas\/freesia-box-three-colored-wish\/","url":"https:\/\/www.pristatomegeles.lt\/en\/produktas\/freesia-box-three-colored-wish\/","name":"Freesia box \"Three-colored wish\" | Flower box | Pristatome g\u0117les","isPartOf":{"@id":"https:\/\/www.pristatomegeles.lt\/en\/#website"},"primaryImageOfPage":{"@id":"https:\/\/www.pristatomegeles.lt\/en\/produktas\/freesia-box-three-colored-wish\/#primaryimage"},"image":{"@id":"https:\/\/www.pristatomegeles.lt\/en\/produktas\/freesia-box-three-colored-wish\/#primaryimage"},"thumbnailUrl":"https:\/\/www.pristatomegeles.lt\/wp-content\/uploads\/2018\/06\/frezijos-dezuteje-ivariu-spalvu-scaled.jpg","datePublished":"2018-06-26T16:31:42+00:00","dateModified":"2025-01-31T09:51:58+00:00","description":"Freesia box \"Three-colored wish\" is one of the most colorful and joyous bouquets you can ever give to a loved or precious person.","breadcrumb":{"@id":"https:\/\/www.pristatomegeles.lt\/en\/produktas\/freesia-box-three-colored-wish\/#breadcrumb"},"inLanguage":"en-US","potentialAction":[{"@type":"ReadAction","target":["https:\/\/www.pristatomegeles.lt\/en\/produktas\/freesia-box-three-colored-wish\/"]}]},{"@type":"ImageObject","inLanguage":"en-US","@id":"https:\/\/www.pristatomegeles.lt\/en\/produktas\/freesia-box-three-colored-wish\/#primaryimage","url":"https:\/\/www.pristatomegeles.lt\/wp-content\/uploads\/2018\/06\/frezijos-dezuteje-ivariu-spalvu-scaled.jpg","contentUrl":"https:\/\/www.pristatomegeles.lt\/wp-content\/uploads\/2018\/06\/frezijos-dezuteje-ivariu-spalvu-scaled.jpg","width":1000,"height":1000,"caption":"Spalvinga frezij\u0173 d\u0117\u017eut\u0117 gimtadienio g\u0117l\u0117s"},{"@type":"BreadcrumbList","@id":"https:\/\/www.pristatomegeles.lt\/en\/produktas\/freesia-box-three-colored-wish\/#breadcrumb","itemListElement":[{"@type":"ListItem","position":1,"name":"Home","item":"https:\/\/www.pristatomegeles.lt\/en\/home-2\/"},{"@type":"ListItem","position":2,"name":"Flowers","item":"https:\/\/www.pristatomegeles.lt\/en\/flowers\/"},{"@type":"ListItem","position":3,"name":"Freesia box &#8220;Three-colored wish&#8221;"}]},{"@type":"WebSite","@id":"https:\/\/www.pristatomegeles.lt\/en\/#website","url":"https:\/\/www.pristatomegeles.lt\/en\/","name":"Pristatomegeles.lt","description":"","potentialAction":[{"@type":"SearchAction","target":{"@type":"EntryPoint","urlTemplate":"https:\/\/www.pristatomegeles.lt\/en\/?s={search_term_string}"},"query-input":{"@type":"PropertyValueSpecification","valueRequired":true,"valueName":"search_term_string"}}],"inLanguage":"en-US"}]}},"_links":{"self":[{"href":"https:\/\/www.pristatomegeles.lt\/en\/wp-json\/wp\/v2\/product\/12076","targetHints":{"allow":["GET"]}}],"collection":[{"href":"https:\/\/www.pristatomegeles.lt\/en\/wp-json\/wp\/v2\/product"}],"about":[{"href":"https:\/\/www.pristatomegeles.lt\/en\/wp-json\/wp\/v2\/types\/product"}],"wp:featuredmedia":[{"embeddable":true,"href":"https:\/\/www.pristatomegeles.lt\/en\/wp-json\/wp\/v2\/media\/13127"}],"wp:attachment":[{"href":"https:\/\/www.pristatomegeles.lt\/en\/wp-json\/wp\/v2\/media?parent=12076"}],"wp:term":[{"taxonomy":"product_brand","embeddable":true,"href":"https:\/\/www.pristatomegeles.lt\/en\/wp-json\/wp\/v2\/product_brand?post=12076"},{"taxonomy":"product_cat","embeddable":true,"href":"https:\/\/www.pristatomegeles.lt\/en\/wp-json\/wp\/v2\/product_cat?post=12076"},{"taxonomy":"product_tag","embeddable":true,"href":"https:\/\/www.pristatomegeles.lt\/en\/wp-json\/wp\/v2\/product_tag?post=12076"}],"curies":[{"name":"wp","href":"https:\/\/api.w.org\/{rel}","templated":true}]}}