{"id":12100,"date":"2018-05-29T14:29:23","date_gmt":"2018-05-29T12:29:23","guid":{"rendered":"http:\/\/www.pristatomegeles.lt\/produktas\/flower-bouquet-greetings\/"},"modified":"2026-02-05T20:16:33","modified_gmt":"2026-02-05T18:16:33","slug":"flower-bouquet-greetings","status":"publish","type":"product","link":"https:\/\/www.pristatomegeles.lt\/en\/produktas\/flower-bouquet-greetings\/","title":{"rendered":"Flower bouquet &#8220;Greetings&#8221;"},"content":{"rendered":"<p>Flower bouquet &#8220;Greetings&#8221; is composed of magnificent red roses and alstroemeria sprigs. Such bouquet will charm anyone because not many can resist the beauty of red roses that are accompanied by alstroemerias. The color of alstroemerias is chosen from the ones we have when the order is placed.<\/p>\n","protected":false},"excerpt":{"rendered":"<p>Festive atmosphere will be created with the bouquet of red roses and alstroemerias. Surprise your special people on any occasion and decorate his or her home. Choose the number of flowers and from that depend the size of a bouquet.<\/p>\n<p><em><strong>We choose the color of the alstroemerias according to what we have in the store at the time of ordering.<\/strong><\/em><\/p>\n","protected":false},"featured_media":16573,"template":"","meta":[],"product_brand":[],"product_cat":[454,1499,1497,419,1491,1496,1498,1493,1495,1492,1494,1152,1153,415,1501],"product_tag":[],"class_list":{"0":"post-12100","1":"product","2":"type-product","3":"status-publish","4":"has-post-thumbnail","6":"product_cat-alstromerias","7":"product_cat-anniversary-flowers","8":"product_cat-birthday-flowers","9":"product_cat-bouquets","10":"product_cat-flowers-for-a-girl","11":"product_cat-flowers-for-men","12":"product_cat-flowers-for-mom","13":"product_cat-flowers-for-teachers-day","14":"product_cat-flowers-for-the-1st-of-september","15":"product_cat-flowers-for-the-teachers","16":"product_cat-flowers-for-women","17":"product_cat-march-8-flowers","18":"product_cat-mothers-day-flowers","19":"product_cat-roses","20":"product_cat-valentines-day-flowers","21":"tm-has-options","23":"first","24":"instock","25":"taxable","26":"shipping-taxable","27":"purchasable","28":"product-type-variable","29":"has-default-attributes"},"yoast_head":"<!-- This site is optimized with the Yoast SEO plugin v24.3 - https:\/\/yoast.com\/wordpress\/plugins\/seo\/ -->\n<title>Flower bouquet &quot;Greetings&quot; | Flower delivery in Vilnius | Pristatome g\u0117les<\/title>\n<meta name=\"description\" content=\"Flower bouquet &quot;Greetings&quot; is an ideal gift if one wants to express any wishes on any celebration. Order online and this bouquet will brighten up any receiver&#039;s day.\" \/>\n<meta name=\"robots\" content=\"index, follow, max-snippet:-1, max-image-preview:large, max-video-preview:-1\" \/>\n<link rel=\"canonical\" href=\"https:\/\/www.pristatomegeles.lt\/en\/produktas\/flower-bouquet-greetings\/\" \/>\n<meta property=\"og:locale\" content=\"en_US\" \/>\n<meta property=\"og:type\" content=\"article\" \/>\n<meta property=\"og:title\" content=\"Flower bouquet &quot;Greetings&quot; | Flower delivery in Vilnius | Pristatome g\u0117les\" \/>\n<meta property=\"og:description\" content=\"Flower bouquet &quot;Greetings&quot; is an ideal gift if one wants to express any wishes on any celebration. Order online and this bouquet will brighten up any receiver&#039;s day.\" \/>\n<meta property=\"og:url\" content=\"https:\/\/www.pristatomegeles.lt\/en\/produktas\/flower-bouquet-greetings\/\" \/>\n<meta property=\"og:site_name\" content=\"Pristatomegeles.lt\" \/>\n<meta property=\"article:modified_time\" content=\"2026-02-05T18:16:33+00:00\" \/>\n<meta property=\"og:image\" content=\"https:\/\/www.pristatomegeles.lt\/wp-content\/uploads\/2018\/05\/raudonos-rozes-su-alstromerijomis-geliu-puokstes.jpg\" \/>\n\t<meta property=\"og:image:width\" content=\"1000\" \/>\n\t<meta property=\"og:image:height\" content=\"1000\" \/>\n\t<meta property=\"og:image:type\" content=\"image\/jpeg\" \/>\n<meta name=\"twitter:card\" content=\"summary_large_image\" \/>\n<meta name=\"twitter:label1\" content=\"Est. reading time\" \/>\n\t<meta name=\"twitter:data1\" content=\"1 minute\" \/>\n<script type=\"application\/ld+json\" class=\"yoast-schema-graph\">{\"@context\":\"https:\/\/schema.org\",\"@graph\":[{\"@type\":\"WebPage\",\"@id\":\"https:\/\/www.pristatomegeles.lt\/en\/produktas\/flower-bouquet-greetings\/\",\"url\":\"https:\/\/www.pristatomegeles.lt\/en\/produktas\/flower-bouquet-greetings\/\",\"name\":\"Flower bouquet \\\"Greetings\\\" | Flower delivery in Vilnius | Pristatome g\u0117les\",\"isPartOf\":{\"@id\":\"https:\/\/www.pristatomegeles.lt\/en\/#website\"},\"primaryImageOfPage\":{\"@id\":\"https:\/\/www.pristatomegeles.lt\/en\/produktas\/flower-bouquet-greetings\/#primaryimage\"},\"image\":{\"@id\":\"https:\/\/www.pristatomegeles.lt\/en\/produktas\/flower-bouquet-greetings\/#primaryimage\"},\"thumbnailUrl\":\"https:\/\/www.pristatomegeles.lt\/wp-content\/uploads\/2018\/05\/raudonos-rozes-su-alstromerijomis-geliu-puokstes.jpg\",\"datePublished\":\"2018-05-29T12:29:23+00:00\",\"dateModified\":\"2026-02-05T18:16:33+00:00\",\"description\":\"Flower bouquet \\\"Greetings\\\" is an ideal gift if one wants to express any wishes on any celebration. Order online and this bouquet will brighten up any receiver's day.\",\"breadcrumb\":{\"@id\":\"https:\/\/www.pristatomegeles.lt\/en\/produktas\/flower-bouquet-greetings\/#breadcrumb\"},\"inLanguage\":\"en-US\",\"potentialAction\":[{\"@type\":\"ReadAction\",\"target\":[\"https:\/\/www.pristatomegeles.lt\/en\/produktas\/flower-bouquet-greetings\/\"]}]},{\"@type\":\"ImageObject\",\"inLanguage\":\"en-US\",\"@id\":\"https:\/\/www.pristatomegeles.lt\/en\/produktas\/flower-bouquet-greetings\/#primaryimage\",\"url\":\"https:\/\/www.pristatomegeles.lt\/wp-content\/uploads\/2018\/05\/raudonos-rozes-su-alstromerijomis-geliu-puokstes.jpg\",\"contentUrl\":\"https:\/\/www.pristatomegeles.lt\/wp-content\/uploads\/2018\/05\/raudonos-rozes-su-alstromerijomis-geliu-puokstes.jpg\",\"width\":1000,\"height\":1000,\"caption\":\"Raudon\u0173 ro\u017ei\u0173 ir spalving\u0173 alstromerij\u0173 g\u0117li\u0173 puok\u0161t\u0117\"},{\"@type\":\"BreadcrumbList\",\"@id\":\"https:\/\/www.pristatomegeles.lt\/en\/produktas\/flower-bouquet-greetings\/#breadcrumb\",\"itemListElement\":[{\"@type\":\"ListItem\",\"position\":1,\"name\":\"Home\",\"item\":\"https:\/\/www.pristatomegeles.lt\/en\/home-2\/\"},{\"@type\":\"ListItem\",\"position\":2,\"name\":\"Flowers\",\"item\":\"https:\/\/www.pristatomegeles.lt\/en\/flowers\/\"},{\"@type\":\"ListItem\",\"position\":3,\"name\":\"Flower bouquet &#8220;Greetings&#8221;\"}]},{\"@type\":\"WebSite\",\"@id\":\"https:\/\/www.pristatomegeles.lt\/en\/#website\",\"url\":\"https:\/\/www.pristatomegeles.lt\/en\/\",\"name\":\"Pristatomegeles.lt\",\"description\":\"\",\"potentialAction\":[{\"@type\":\"SearchAction\",\"target\":{\"@type\":\"EntryPoint\",\"urlTemplate\":\"https:\/\/www.pristatomegeles.lt\/en\/?s={search_term_string}\"},\"query-input\":{\"@type\":\"PropertyValueSpecification\",\"valueRequired\":true,\"valueName\":\"search_term_string\"}}],\"inLanguage\":\"en-US\"}]}<\/script>\n<!-- \/ Yoast SEO plugin. -->","yoast_head_json":{"title":"Flower bouquet \"Greetings\" | Flower delivery in Vilnius | Pristatome g\u0117les","description":"Flower bouquet \"Greetings\" is an ideal gift if one wants to express any wishes on any celebration. Order online and this bouquet will brighten up any receiver's day.","robots":{"index":"index","follow":"follow","max-snippet":"max-snippet:-1","max-image-preview":"max-image-preview:large","max-video-preview":"max-video-preview:-1"},"canonical":"https:\/\/www.pristatomegeles.lt\/en\/produktas\/flower-bouquet-greetings\/","og_locale":"en_US","og_type":"article","og_title":"Flower bouquet \"Greetings\" | Flower delivery in Vilnius | Pristatome g\u0117les","og_description":"Flower bouquet \"Greetings\" is an ideal gift if one wants to express any wishes on any celebration. Order online and this bouquet will brighten up any receiver's day.","og_url":"https:\/\/www.pristatomegeles.lt\/en\/produktas\/flower-bouquet-greetings\/","og_site_name":"Pristatomegeles.lt","article_modified_time":"2026-02-05T18:16:33+00:00","og_image":[{"width":1000,"height":1000,"url":"https:\/\/www.pristatomegeles.lt\/wp-content\/uploads\/2018\/05\/raudonos-rozes-su-alstromerijomis-geliu-puokstes.jpg","type":"image\/jpeg"}],"twitter_card":"summary_large_image","twitter_misc":{"Est. reading time":"1 minute"},"schema":{"@context":"https:\/\/schema.org","@graph":[{"@type":"WebPage","@id":"https:\/\/www.pristatomegeles.lt\/en\/produktas\/flower-bouquet-greetings\/","url":"https:\/\/www.pristatomegeles.lt\/en\/produktas\/flower-bouquet-greetings\/","name":"Flower bouquet \"Greetings\" | Flower delivery in Vilnius | Pristatome g\u0117les","isPartOf":{"@id":"https:\/\/www.pristatomegeles.lt\/en\/#website"},"primaryImageOfPage":{"@id":"https:\/\/www.pristatomegeles.lt\/en\/produktas\/flower-bouquet-greetings\/#primaryimage"},"image":{"@id":"https:\/\/www.pristatomegeles.lt\/en\/produktas\/flower-bouquet-greetings\/#primaryimage"},"thumbnailUrl":"https:\/\/www.pristatomegeles.lt\/wp-content\/uploads\/2018\/05\/raudonos-rozes-su-alstromerijomis-geliu-puokstes.jpg","datePublished":"2018-05-29T12:29:23+00:00","dateModified":"2026-02-05T18:16:33+00:00","description":"Flower bouquet \"Greetings\" is an ideal gift if one wants to express any wishes on any celebration. Order online and this bouquet will brighten up any receiver's day.","breadcrumb":{"@id":"https:\/\/www.pristatomegeles.lt\/en\/produktas\/flower-bouquet-greetings\/#breadcrumb"},"inLanguage":"en-US","potentialAction":[{"@type":"ReadAction","target":["https:\/\/www.pristatomegeles.lt\/en\/produktas\/flower-bouquet-greetings\/"]}]},{"@type":"ImageObject","inLanguage":"en-US","@id":"https:\/\/www.pristatomegeles.lt\/en\/produktas\/flower-bouquet-greetings\/#primaryimage","url":"https:\/\/www.pristatomegeles.lt\/wp-content\/uploads\/2018\/05\/raudonos-rozes-su-alstromerijomis-geliu-puokstes.jpg","contentUrl":"https:\/\/www.pristatomegeles.lt\/wp-content\/uploads\/2018\/05\/raudonos-rozes-su-alstromerijomis-geliu-puokstes.jpg","width":1000,"height":1000,"caption":"Raudon\u0173 ro\u017ei\u0173 ir spalving\u0173 alstromerij\u0173 g\u0117li\u0173 puok\u0161t\u0117"},{"@type":"BreadcrumbList","@id":"https:\/\/www.pristatomegeles.lt\/en\/produktas\/flower-bouquet-greetings\/#breadcrumb","itemListElement":[{"@type":"ListItem","position":1,"name":"Home","item":"https:\/\/www.pristatomegeles.lt\/en\/home-2\/"},{"@type":"ListItem","position":2,"name":"Flowers","item":"https:\/\/www.pristatomegeles.lt\/en\/flowers\/"},{"@type":"ListItem","position":3,"name":"Flower bouquet &#8220;Greetings&#8221;"}]},{"@type":"WebSite","@id":"https:\/\/www.pristatomegeles.lt\/en\/#website","url":"https:\/\/www.pristatomegeles.lt\/en\/","name":"Pristatomegeles.lt","description":"","potentialAction":[{"@type":"SearchAction","target":{"@type":"EntryPoint","urlTemplate":"https:\/\/www.pristatomegeles.lt\/en\/?s={search_term_string}"},"query-input":{"@type":"PropertyValueSpecification","valueRequired":true,"valueName":"search_term_string"}}],"inLanguage":"en-US"}]}},"_links":{"self":[{"href":"https:\/\/www.pristatomegeles.lt\/en\/wp-json\/wp\/v2\/product\/12100","targetHints":{"allow":["GET"]}}],"collection":[{"href":"https:\/\/www.pristatomegeles.lt\/en\/wp-json\/wp\/v2\/product"}],"about":[{"href":"https:\/\/www.pristatomegeles.lt\/en\/wp-json\/wp\/v2\/types\/product"}],"wp:featuredmedia":[{"embeddable":true,"href":"https:\/\/www.pristatomegeles.lt\/en\/wp-json\/wp\/v2\/media\/16573"}],"wp:attachment":[{"href":"https:\/\/www.pristatomegeles.lt\/en\/wp-json\/wp\/v2\/media?parent=12100"}],"wp:term":[{"taxonomy":"product_brand","embeddable":true,"href":"https:\/\/www.pristatomegeles.lt\/en\/wp-json\/wp\/v2\/product_brand?post=12100"},{"taxonomy":"product_cat","embeddable":true,"href":"https:\/\/www.pristatomegeles.lt\/en\/wp-json\/wp\/v2\/product_cat?post=12100"},{"taxonomy":"product_tag","embeddable":true,"href":"https:\/\/www.pristatomegeles.lt\/en\/wp-json\/wp\/v2\/product_tag?post=12100"}],"curies":[{"name":"wp","href":"https:\/\/api.w.org\/{rel}","templated":true}]}}