{"id":12143,"date":"2018-02-27T11:51:18","date_gmt":"2018-02-27T09:51:18","guid":{"rendered":"http:\/\/www.pristatomegeles.lt\/produktas\/bouquet-of-small-flowered-carnations\/"},"modified":"2023-03-22T15:12:31","modified_gmt":"2023-03-22T13:12:31","slug":"bouquet-of-small-flowered-carnations","status":"publish","type":"product","link":"https:\/\/www.pristatomegeles.lt\/en\/produktas\/bouquet-of-small-flowered-carnations\/","title":{"rendered":"Bouquet of small-flowered carnations"},"content":{"rendered":"<p>Bouquet consists of the number of flowers you choose. Carnation sprigs may be red, pink, green, white, purple. Such bouquet looks not only warm and cozy but also very festive. Every receiver will be delighted by receiving such a colorful bouquet. If you want to choose the color, contact us and we will find a compromise.<\/p>\n","protected":false},"excerpt":{"rendered":"<p>Single colored carnation sprigs are a traditional and very joyous choice when surprising family members or friends on various occasions. The color of flowers may differ from the photo. These flowers are exceptional because of their unique colors, tiny blossoms, and radiating of positive energy.<\/p>\n<p><em><strong>We choose the color of the carnation according to what we have in the store at the time of ordering.<\/strong><\/em><\/p>\n","protected":false},"featured_media":4145,"template":"","meta":[],"product_brand":[],"product_cat":[419,457],"product_tag":[],"class_list":{"0":"post-12143","1":"product","2":"type-product","3":"status-publish","4":"has-post-thumbnail","6":"product_cat-bouquets","7":"product_cat-carnations","8":"tm-has-options","10":"first","11":"outofstock","12":"taxable","13":"shipping-taxable","14":"purchasable","15":"product-type-variable","16":"has-default-attributes"},"yoast_head":"<!-- This site is optimized with the Yoast SEO plugin v24.3 - https:\/\/yoast.com\/wordpress\/plugins\/seo\/ -->\n<title>Bouquet of small-flowered carnations | Flower delivery | Pristatome g\u0117les<\/title>\n<meta name=\"description\" content=\"Colorful bouquet of small-flowered carnations is a great gift for men or other family members. Order this bouquet online and surprise your loves ones.\" \/>\n<meta name=\"robots\" content=\"index, follow, max-snippet:-1, max-image-preview:large, max-video-preview:-1\" \/>\n<link rel=\"canonical\" href=\"https:\/\/www.pristatomegeles.lt\/en\/produktas\/bouquet-of-small-flowered-carnations\/\" \/>\n<meta property=\"og:locale\" content=\"en_US\" \/>\n<meta property=\"og:type\" content=\"article\" \/>\n<meta property=\"og:title\" content=\"Bouquet of small-flowered carnations | Flower delivery | Pristatome g\u0117les\" \/>\n<meta property=\"og:description\" content=\"Colorful bouquet of small-flowered carnations is a great gift for men or other family members. Order this bouquet online and surprise your loves ones.\" \/>\n<meta property=\"og:url\" content=\"https:\/\/www.pristatomegeles.lt\/en\/produktas\/bouquet-of-small-flowered-carnations\/\" \/>\n<meta property=\"og:site_name\" content=\"Pristatomegeles.lt\" \/>\n<meta property=\"article:modified_time\" content=\"2023-03-22T13:12:31+00:00\" \/>\n<meta property=\"og:image\" content=\"https:\/\/www.pristatomegeles.lt\/wp-content\/uploads\/2018\/02\/geliu-puokstes-smulkus-gvazdikai.jpg\" \/>\n\t<meta property=\"og:image:width\" content=\"600\" \/>\n\t<meta property=\"og:image:height\" content=\"600\" \/>\n\t<meta property=\"og:image:type\" content=\"image\/jpeg\" \/>\n<meta name=\"twitter:card\" content=\"summary_large_image\" \/>\n<script type=\"application\/ld+json\" class=\"yoast-schema-graph\">{\"@context\":\"https:\/\/schema.org\",\"@graph\":[{\"@type\":\"WebPage\",\"@id\":\"https:\/\/www.pristatomegeles.lt\/en\/produktas\/bouquet-of-small-flowered-carnations\/\",\"url\":\"https:\/\/www.pristatomegeles.lt\/en\/produktas\/bouquet-of-small-flowered-carnations\/\",\"name\":\"Bouquet of small-flowered carnations | Flower delivery | Pristatome g\u0117les\",\"isPartOf\":{\"@id\":\"https:\/\/www.pristatomegeles.lt\/en\/#website\"},\"primaryImageOfPage\":{\"@id\":\"https:\/\/www.pristatomegeles.lt\/en\/produktas\/bouquet-of-small-flowered-carnations\/#primaryimage\"},\"image\":{\"@id\":\"https:\/\/www.pristatomegeles.lt\/en\/produktas\/bouquet-of-small-flowered-carnations\/#primaryimage\"},\"thumbnailUrl\":\"https:\/\/www.pristatomegeles.lt\/wp-content\/uploads\/2018\/02\/geliu-puokstes-smulkus-gvazdikai.jpg\",\"datePublished\":\"2018-02-27T09:51:18+00:00\",\"dateModified\":\"2023-03-22T13:12:31+00:00\",\"description\":\"Colorful bouquet of small-flowered carnations is a great gift for men or other family members. Order this bouquet online and surprise your loves ones.\",\"breadcrumb\":{\"@id\":\"https:\/\/www.pristatomegeles.lt\/en\/produktas\/bouquet-of-small-flowered-carnations\/#breadcrumb\"},\"inLanguage\":\"en-US\",\"potentialAction\":[{\"@type\":\"ReadAction\",\"target\":[\"https:\/\/www.pristatomegeles.lt\/en\/produktas\/bouquet-of-small-flowered-carnations\/\"]}]},{\"@type\":\"ImageObject\",\"inLanguage\":\"en-US\",\"@id\":\"https:\/\/www.pristatomegeles.lt\/en\/produktas\/bouquet-of-small-flowered-carnations\/#primaryimage\",\"url\":\"https:\/\/www.pristatomegeles.lt\/wp-content\/uploads\/2018\/02\/geliu-puokstes-smulkus-gvazdikai.jpg\",\"contentUrl\":\"https:\/\/www.pristatomegeles.lt\/wp-content\/uploads\/2018\/02\/geliu-puokstes-smulkus-gvazdikai.jpg\",\"width\":600,\"height\":600,\"caption\":\"G\u0117l\u0117s merginai Vienspalviai smulk\u016bs gvazdikai\"},{\"@type\":\"BreadcrumbList\",\"@id\":\"https:\/\/www.pristatomegeles.lt\/en\/produktas\/bouquet-of-small-flowered-carnations\/#breadcrumb\",\"itemListElement\":[{\"@type\":\"ListItem\",\"position\":1,\"name\":\"Home\",\"item\":\"https:\/\/www.pristatomegeles.lt\/en\/home-2\/\"},{\"@type\":\"ListItem\",\"position\":2,\"name\":\"Flowers\",\"item\":\"https:\/\/www.pristatomegeles.lt\/en\/flowers\/\"},{\"@type\":\"ListItem\",\"position\":3,\"name\":\"Bouquet of small-flowered carnations\"}]},{\"@type\":\"WebSite\",\"@id\":\"https:\/\/www.pristatomegeles.lt\/en\/#website\",\"url\":\"https:\/\/www.pristatomegeles.lt\/en\/\",\"name\":\"Pristatomegeles.lt\",\"description\":\"\",\"potentialAction\":[{\"@type\":\"SearchAction\",\"target\":{\"@type\":\"EntryPoint\",\"urlTemplate\":\"https:\/\/www.pristatomegeles.lt\/en\/?s={search_term_string}\"},\"query-input\":{\"@type\":\"PropertyValueSpecification\",\"valueRequired\":true,\"valueName\":\"search_term_string\"}}],\"inLanguage\":\"en-US\"}]}<\/script>\n<!-- \/ Yoast SEO plugin. -->","yoast_head_json":{"title":"Bouquet of small-flowered carnations | Flower delivery | Pristatome g\u0117les","description":"Colorful bouquet of small-flowered carnations is a great gift for men or other family members. Order this bouquet online and surprise your loves ones.","robots":{"index":"index","follow":"follow","max-snippet":"max-snippet:-1","max-image-preview":"max-image-preview:large","max-video-preview":"max-video-preview:-1"},"canonical":"https:\/\/www.pristatomegeles.lt\/en\/produktas\/bouquet-of-small-flowered-carnations\/","og_locale":"en_US","og_type":"article","og_title":"Bouquet of small-flowered carnations | Flower delivery | Pristatome g\u0117les","og_description":"Colorful bouquet of small-flowered carnations is a great gift for men or other family members. Order this bouquet online and surprise your loves ones.","og_url":"https:\/\/www.pristatomegeles.lt\/en\/produktas\/bouquet-of-small-flowered-carnations\/","og_site_name":"Pristatomegeles.lt","article_modified_time":"2023-03-22T13:12:31+00:00","og_image":[{"width":600,"height":600,"url":"https:\/\/www.pristatomegeles.lt\/wp-content\/uploads\/2018\/02\/geliu-puokstes-smulkus-gvazdikai.jpg","type":"image\/jpeg"}],"twitter_card":"summary_large_image","schema":{"@context":"https:\/\/schema.org","@graph":[{"@type":"WebPage","@id":"https:\/\/www.pristatomegeles.lt\/en\/produktas\/bouquet-of-small-flowered-carnations\/","url":"https:\/\/www.pristatomegeles.lt\/en\/produktas\/bouquet-of-small-flowered-carnations\/","name":"Bouquet of small-flowered carnations | Flower delivery | Pristatome g\u0117les","isPartOf":{"@id":"https:\/\/www.pristatomegeles.lt\/en\/#website"},"primaryImageOfPage":{"@id":"https:\/\/www.pristatomegeles.lt\/en\/produktas\/bouquet-of-small-flowered-carnations\/#primaryimage"},"image":{"@id":"https:\/\/www.pristatomegeles.lt\/en\/produktas\/bouquet-of-small-flowered-carnations\/#primaryimage"},"thumbnailUrl":"https:\/\/www.pristatomegeles.lt\/wp-content\/uploads\/2018\/02\/geliu-puokstes-smulkus-gvazdikai.jpg","datePublished":"2018-02-27T09:51:18+00:00","dateModified":"2023-03-22T13:12:31+00:00","description":"Colorful bouquet of small-flowered carnations is a great gift for men or other family members. Order this bouquet online and surprise your loves ones.","breadcrumb":{"@id":"https:\/\/www.pristatomegeles.lt\/en\/produktas\/bouquet-of-small-flowered-carnations\/#breadcrumb"},"inLanguage":"en-US","potentialAction":[{"@type":"ReadAction","target":["https:\/\/www.pristatomegeles.lt\/en\/produktas\/bouquet-of-small-flowered-carnations\/"]}]},{"@type":"ImageObject","inLanguage":"en-US","@id":"https:\/\/www.pristatomegeles.lt\/en\/produktas\/bouquet-of-small-flowered-carnations\/#primaryimage","url":"https:\/\/www.pristatomegeles.lt\/wp-content\/uploads\/2018\/02\/geliu-puokstes-smulkus-gvazdikai.jpg","contentUrl":"https:\/\/www.pristatomegeles.lt\/wp-content\/uploads\/2018\/02\/geliu-puokstes-smulkus-gvazdikai.jpg","width":600,"height":600,"caption":"G\u0117l\u0117s merginai Vienspalviai smulk\u016bs gvazdikai"},{"@type":"BreadcrumbList","@id":"https:\/\/www.pristatomegeles.lt\/en\/produktas\/bouquet-of-small-flowered-carnations\/#breadcrumb","itemListElement":[{"@type":"ListItem","position":1,"name":"Home","item":"https:\/\/www.pristatomegeles.lt\/en\/home-2\/"},{"@type":"ListItem","position":2,"name":"Flowers","item":"https:\/\/www.pristatomegeles.lt\/en\/flowers\/"},{"@type":"ListItem","position":3,"name":"Bouquet of small-flowered carnations"}]},{"@type":"WebSite","@id":"https:\/\/www.pristatomegeles.lt\/en\/#website","url":"https:\/\/www.pristatomegeles.lt\/en\/","name":"Pristatomegeles.lt","description":"","potentialAction":[{"@type":"SearchAction","target":{"@type":"EntryPoint","urlTemplate":"https:\/\/www.pristatomegeles.lt\/en\/?s={search_term_string}"},"query-input":{"@type":"PropertyValueSpecification","valueRequired":true,"valueName":"search_term_string"}}],"inLanguage":"en-US"}]}},"_links":{"self":[{"href":"https:\/\/www.pristatomegeles.lt\/en\/wp-json\/wp\/v2\/product\/12143","targetHints":{"allow":["GET"]}}],"collection":[{"href":"https:\/\/www.pristatomegeles.lt\/en\/wp-json\/wp\/v2\/product"}],"about":[{"href":"https:\/\/www.pristatomegeles.lt\/en\/wp-json\/wp\/v2\/types\/product"}],"wp:featuredmedia":[{"embeddable":true,"href":"https:\/\/www.pristatomegeles.lt\/en\/wp-json\/wp\/v2\/media\/4145"}],"wp:attachment":[{"href":"https:\/\/www.pristatomegeles.lt\/en\/wp-json\/wp\/v2\/media?parent=12143"}],"wp:term":[{"taxonomy":"product_brand","embeddable":true,"href":"https:\/\/www.pristatomegeles.lt\/en\/wp-json\/wp\/v2\/product_brand?post=12143"},{"taxonomy":"product_cat","embeddable":true,"href":"https:\/\/www.pristatomegeles.lt\/en\/wp-json\/wp\/v2\/product_cat?post=12143"},{"taxonomy":"product_tag","embeddable":true,"href":"https:\/\/www.pristatomegeles.lt\/en\/wp-json\/wp\/v2\/product_tag?post=12143"}],"curies":[{"name":"wp","href":"https:\/\/api.w.org\/{rel}","templated":true}]}}