{"id":12213,"date":"2018-02-23T13:56:19","date_gmt":"2018-02-23T11:56:19","guid":{"rendered":"http:\/\/www.pristatomegeles.lt\/produktas\/multicolored-freesia-bouquet-fragrant-dream\/"},"modified":"2025-01-31T12:55:30","modified_gmt":"2025-01-31T10:55:30","slug":"multicolored-freesia-bouquet-fragrant-dream","status":"publish","type":"product","link":"https:\/\/www.pristatomegeles.lt\/en\/produktas\/multicolored-freesia-bouquet-fragrant-dream\/","title":{"rendered":"Multicolored freesia bouquet &#8220;Fragrant dream&#8221;"},"content":{"rendered":"<p>The bouquet consists of the number of colorful flowers you choose (yellow, purple, red, white). The bouquet will be composed of at least three color freesias. These tiny flowers are especially fragile, which is why for the bouquet to look impressive, one needs to choose more freesias. However, they always charm you with their wonderful scent of lily of the valley. For that reason, freesias are loved by women.<\/p>\n","protected":false},"excerpt":{"rendered":"<p>Brighten up the day of your precious person with this brightly colored bouquet.<\/p>\n<p><em><strong>We choose the color of the freesia according to what we have in the store at the time of ordering.<\/strong><\/em><\/p>\n","protected":false},"featured_media":4563,"template":"","meta":[],"product_brand":[],"product_cat":[1499,1497,419,1491,1498,1494,497,1152,1153],"product_tag":[],"class_list":{"0":"post-12213","1":"product","2":"type-product","3":"status-publish","4":"has-post-thumbnail","6":"product_cat-anniversary-flowers","7":"product_cat-birthday-flowers","8":"product_cat-bouquets","9":"product_cat-flowers-for-a-girl","10":"product_cat-flowers-for-mom","11":"product_cat-flowers-for-women","12":"product_cat-freesias","13":"product_cat-march-8-flowers","14":"product_cat-mothers-day-flowers","15":"tm-has-options","17":"first","18":"instock","19":"taxable","20":"shipping-taxable","21":"purchasable","22":"product-type-variable","23":"has-default-attributes"},"yoast_head":"<!-- This site is optimized with the Yoast SEO plugin v24.3 - https:\/\/yoast.com\/wordpress\/plugins\/seo\/ -->\n<title>Multicolored freesia bouquet &quot;Fragrant dream&quot; | Pristatome g\u0117les<\/title>\n<meta name=\"description\" content=\"Send this colorful and fragrant bouquet to your friends, family, or a loved person. Order online with delivery in Vilnius.\" \/>\n<meta name=\"robots\" content=\"index, follow, max-snippet:-1, max-image-preview:large, max-video-preview:-1\" \/>\n<link rel=\"canonical\" href=\"https:\/\/www.pristatomegeles.lt\/en\/produktas\/multicolored-freesia-bouquet-fragrant-dream\/\" \/>\n<meta property=\"og:locale\" content=\"en_US\" \/>\n<meta property=\"og:type\" content=\"article\" \/>\n<meta property=\"og:title\" content=\"Multicolored freesia bouquet &quot;Fragrant dream&quot; | Pristatome g\u0117les\" \/>\n<meta property=\"og:description\" content=\"Send this colorful and fragrant bouquet to your friends, family, or a loved person. Order online with delivery in Vilnius.\" \/>\n<meta property=\"og:url\" content=\"https:\/\/www.pristatomegeles.lt\/en\/produktas\/multicolored-freesia-bouquet-fragrant-dream\/\" \/>\n<meta property=\"og:site_name\" content=\"Pristatomegeles.lt\" \/>\n<meta property=\"article:modified_time\" content=\"2025-01-31T10:55:30+00:00\" \/>\n<meta property=\"og:image\" content=\"https:\/\/www.pristatomegeles.lt\/wp-content\/uploads\/2018\/02\/geliu-puokste-spalvingos-frezijos.jpg\" \/>\n\t<meta property=\"og:image:width\" content=\"601\" \/>\n\t<meta property=\"og:image:height\" content=\"600\" \/>\n\t<meta property=\"og:image:type\" content=\"image\/jpeg\" \/>\n<meta name=\"twitter:card\" content=\"summary_large_image\" \/>\n<script type=\"application\/ld+json\" class=\"yoast-schema-graph\">{\"@context\":\"https:\/\/schema.org\",\"@graph\":[{\"@type\":\"WebPage\",\"@id\":\"https:\/\/www.pristatomegeles.lt\/en\/produktas\/multicolored-freesia-bouquet-fragrant-dream\/\",\"url\":\"https:\/\/www.pristatomegeles.lt\/en\/produktas\/multicolored-freesia-bouquet-fragrant-dream\/\",\"name\":\"Multicolored freesia bouquet \\\"Fragrant dream\\\" | Pristatome g\u0117les\",\"isPartOf\":{\"@id\":\"https:\/\/www.pristatomegeles.lt\/en\/#website\"},\"primaryImageOfPage\":{\"@id\":\"https:\/\/www.pristatomegeles.lt\/en\/produktas\/multicolored-freesia-bouquet-fragrant-dream\/#primaryimage\"},\"image\":{\"@id\":\"https:\/\/www.pristatomegeles.lt\/en\/produktas\/multicolored-freesia-bouquet-fragrant-dream\/#primaryimage\"},\"thumbnailUrl\":\"https:\/\/www.pristatomegeles.lt\/wp-content\/uploads\/2018\/02\/geliu-puokste-spalvingos-frezijos.jpg\",\"datePublished\":\"2018-02-23T11:56:19+00:00\",\"dateModified\":\"2025-01-31T10:55:30+00:00\",\"description\":\"Send this colorful and fragrant bouquet to your friends, family, or a loved person. Order online with delivery in Vilnius.\",\"breadcrumb\":{\"@id\":\"https:\/\/www.pristatomegeles.lt\/en\/produktas\/multicolored-freesia-bouquet-fragrant-dream\/#breadcrumb\"},\"inLanguage\":\"en-US\",\"potentialAction\":[{\"@type\":\"ReadAction\",\"target\":[\"https:\/\/www.pristatomegeles.lt\/en\/produktas\/multicolored-freesia-bouquet-fragrant-dream\/\"]}]},{\"@type\":\"ImageObject\",\"inLanguage\":\"en-US\",\"@id\":\"https:\/\/www.pristatomegeles.lt\/en\/produktas\/multicolored-freesia-bouquet-fragrant-dream\/#primaryimage\",\"url\":\"https:\/\/www.pristatomegeles.lt\/wp-content\/uploads\/2018\/02\/geliu-puokste-spalvingos-frezijos.jpg\",\"contentUrl\":\"https:\/\/www.pristatomegeles.lt\/wp-content\/uploads\/2018\/02\/geliu-puokste-spalvingos-frezijos.jpg\",\"width\":601,\"height\":600,\"caption\":\"Spalvingos frezijos g\u0117l\u0117s puok\u0161t\u0117se\"},{\"@type\":\"BreadcrumbList\",\"@id\":\"https:\/\/www.pristatomegeles.lt\/en\/produktas\/multicolored-freesia-bouquet-fragrant-dream\/#breadcrumb\",\"itemListElement\":[{\"@type\":\"ListItem\",\"position\":1,\"name\":\"Home\",\"item\":\"https:\/\/www.pristatomegeles.lt\/en\/home-2\/\"},{\"@type\":\"ListItem\",\"position\":2,\"name\":\"Flowers\",\"item\":\"https:\/\/www.pristatomegeles.lt\/en\/flowers\/\"},{\"@type\":\"ListItem\",\"position\":3,\"name\":\"Multicolored freesia bouquet &#8220;Fragrant dream&#8221;\"}]},{\"@type\":\"WebSite\",\"@id\":\"https:\/\/www.pristatomegeles.lt\/en\/#website\",\"url\":\"https:\/\/www.pristatomegeles.lt\/en\/\",\"name\":\"Pristatomegeles.lt\",\"description\":\"\",\"potentialAction\":[{\"@type\":\"SearchAction\",\"target\":{\"@type\":\"EntryPoint\",\"urlTemplate\":\"https:\/\/www.pristatomegeles.lt\/en\/?s={search_term_string}\"},\"query-input\":{\"@type\":\"PropertyValueSpecification\",\"valueRequired\":true,\"valueName\":\"search_term_string\"}}],\"inLanguage\":\"en-US\"}]}<\/script>\n<!-- \/ Yoast SEO plugin. -->","yoast_head_json":{"title":"Multicolored freesia bouquet \"Fragrant dream\" | Pristatome g\u0117les","description":"Send this colorful and fragrant bouquet to your friends, family, or a loved person. Order online with delivery in Vilnius.","robots":{"index":"index","follow":"follow","max-snippet":"max-snippet:-1","max-image-preview":"max-image-preview:large","max-video-preview":"max-video-preview:-1"},"canonical":"https:\/\/www.pristatomegeles.lt\/en\/produktas\/multicolored-freesia-bouquet-fragrant-dream\/","og_locale":"en_US","og_type":"article","og_title":"Multicolored freesia bouquet \"Fragrant dream\" | Pristatome g\u0117les","og_description":"Send this colorful and fragrant bouquet to your friends, family, or a loved person. Order online with delivery in Vilnius.","og_url":"https:\/\/www.pristatomegeles.lt\/en\/produktas\/multicolored-freesia-bouquet-fragrant-dream\/","og_site_name":"Pristatomegeles.lt","article_modified_time":"2025-01-31T10:55:30+00:00","og_image":[{"width":601,"height":600,"url":"https:\/\/www.pristatomegeles.lt\/wp-content\/uploads\/2018\/02\/geliu-puokste-spalvingos-frezijos.jpg","type":"image\/jpeg"}],"twitter_card":"summary_large_image","schema":{"@context":"https:\/\/schema.org","@graph":[{"@type":"WebPage","@id":"https:\/\/www.pristatomegeles.lt\/en\/produktas\/multicolored-freesia-bouquet-fragrant-dream\/","url":"https:\/\/www.pristatomegeles.lt\/en\/produktas\/multicolored-freesia-bouquet-fragrant-dream\/","name":"Multicolored freesia bouquet \"Fragrant dream\" | Pristatome g\u0117les","isPartOf":{"@id":"https:\/\/www.pristatomegeles.lt\/en\/#website"},"primaryImageOfPage":{"@id":"https:\/\/www.pristatomegeles.lt\/en\/produktas\/multicolored-freesia-bouquet-fragrant-dream\/#primaryimage"},"image":{"@id":"https:\/\/www.pristatomegeles.lt\/en\/produktas\/multicolored-freesia-bouquet-fragrant-dream\/#primaryimage"},"thumbnailUrl":"https:\/\/www.pristatomegeles.lt\/wp-content\/uploads\/2018\/02\/geliu-puokste-spalvingos-frezijos.jpg","datePublished":"2018-02-23T11:56:19+00:00","dateModified":"2025-01-31T10:55:30+00:00","description":"Send this colorful and fragrant bouquet to your friends, family, or a loved person. Order online with delivery in Vilnius.","breadcrumb":{"@id":"https:\/\/www.pristatomegeles.lt\/en\/produktas\/multicolored-freesia-bouquet-fragrant-dream\/#breadcrumb"},"inLanguage":"en-US","potentialAction":[{"@type":"ReadAction","target":["https:\/\/www.pristatomegeles.lt\/en\/produktas\/multicolored-freesia-bouquet-fragrant-dream\/"]}]},{"@type":"ImageObject","inLanguage":"en-US","@id":"https:\/\/www.pristatomegeles.lt\/en\/produktas\/multicolored-freesia-bouquet-fragrant-dream\/#primaryimage","url":"https:\/\/www.pristatomegeles.lt\/wp-content\/uploads\/2018\/02\/geliu-puokste-spalvingos-frezijos.jpg","contentUrl":"https:\/\/www.pristatomegeles.lt\/wp-content\/uploads\/2018\/02\/geliu-puokste-spalvingos-frezijos.jpg","width":601,"height":600,"caption":"Spalvingos frezijos g\u0117l\u0117s puok\u0161t\u0117se"},{"@type":"BreadcrumbList","@id":"https:\/\/www.pristatomegeles.lt\/en\/produktas\/multicolored-freesia-bouquet-fragrant-dream\/#breadcrumb","itemListElement":[{"@type":"ListItem","position":1,"name":"Home","item":"https:\/\/www.pristatomegeles.lt\/en\/home-2\/"},{"@type":"ListItem","position":2,"name":"Flowers","item":"https:\/\/www.pristatomegeles.lt\/en\/flowers\/"},{"@type":"ListItem","position":3,"name":"Multicolored freesia bouquet &#8220;Fragrant dream&#8221;"}]},{"@type":"WebSite","@id":"https:\/\/www.pristatomegeles.lt\/en\/#website","url":"https:\/\/www.pristatomegeles.lt\/en\/","name":"Pristatomegeles.lt","description":"","potentialAction":[{"@type":"SearchAction","target":{"@type":"EntryPoint","urlTemplate":"https:\/\/www.pristatomegeles.lt\/en\/?s={search_term_string}"},"query-input":{"@type":"PropertyValueSpecification","valueRequired":true,"valueName":"search_term_string"}}],"inLanguage":"en-US"}]}},"_links":{"self":[{"href":"https:\/\/www.pristatomegeles.lt\/en\/wp-json\/wp\/v2\/product\/12213","targetHints":{"allow":["GET"]}}],"collection":[{"href":"https:\/\/www.pristatomegeles.lt\/en\/wp-json\/wp\/v2\/product"}],"about":[{"href":"https:\/\/www.pristatomegeles.lt\/en\/wp-json\/wp\/v2\/types\/product"}],"wp:featuredmedia":[{"embeddable":true,"href":"https:\/\/www.pristatomegeles.lt\/en\/wp-json\/wp\/v2\/media\/4563"}],"wp:attachment":[{"href":"https:\/\/www.pristatomegeles.lt\/en\/wp-json\/wp\/v2\/media?parent=12213"}],"wp:term":[{"taxonomy":"product_brand","embeddable":true,"href":"https:\/\/www.pristatomegeles.lt\/en\/wp-json\/wp\/v2\/product_brand?post=12213"},{"taxonomy":"product_cat","embeddable":true,"href":"https:\/\/www.pristatomegeles.lt\/en\/wp-json\/wp\/v2\/product_cat?post=12213"},{"taxonomy":"product_tag","embeddable":true,"href":"https:\/\/www.pristatomegeles.lt\/en\/wp-json\/wp\/v2\/product_tag?post=12213"}],"curies":[{"name":"wp","href":"https:\/\/api.w.org\/{rel}","templated":true}]}}