{"id":12232,"date":"2018-02-08T14:48:09","date_gmt":"2018-02-08T12:48:09","guid":{"rendered":"http:\/\/www.pristatomegeles.lt\/produktas\/box-of-red-and-white-roses\/"},"modified":"2026-02-05T20:40:50","modified_gmt":"2026-02-05T18:40:50","slug":"box-of-red-and-white-roses","status":"publish","type":"product","link":"https:\/\/www.pristatomegeles.lt\/en\/produktas\/box-of-red-and-white-roses\/","title":{"rendered":"Box of red and white roses"},"content":{"rendered":"<p>If you think that the bouquet of red and white roses is suitable to give on various occasions, then you must try the same composition, just in the box. The box consists of the number of flowers you choose, the satin ribbon, and the silky paper. The color of box may vary, however, we always match it with the color of flowers. We may add or take out several roses depending on their size of blossoms, so that the overall image looks flawless.<\/p>\n","protected":false},"excerpt":{"rendered":"<p>Box of red and white roses will charm anyone with its beautiful appearance. The flower composition symbolize love, respect, and passion.<\/p>\n","protected":false},"featured_media":9702,"template":"","meta":[],"product_brand":[],"product_cat":[1499,1497,414,1491,1496,1498,1494,1152,1153,415,1501],"product_tag":[],"class_list":{"0":"post-12232","1":"product","2":"type-product","3":"status-publish","4":"has-post-thumbnail","6":"product_cat-anniversary-flowers","7":"product_cat-birthday-flowers","8":"product_cat-flower-boxes","9":"product_cat-flowers-for-a-girl","10":"product_cat-flowers-for-men","11":"product_cat-flowers-for-mom","12":"product_cat-flowers-for-women","13":"product_cat-march-8-flowers","14":"product_cat-mothers-day-flowers","15":"product_cat-roses","16":"product_cat-valentines-day-flowers","17":"tm-no-options","19":"first","20":"instock","21":"taxable","22":"shipping-taxable","23":"purchasable","24":"product-type-variable","25":"has-default-attributes"},"yoast_head":"<!-- This site is optimized with the Yoast SEO plugin v24.3 - https:\/\/yoast.com\/wordpress\/plugins\/seo\/ -->\n<title>Box of red and white roses | Flower delivery in Vilnius | Pristatome g\u0117les<\/title>\n<meta name=\"description\" content=\"An exceptional flower composition will decorate every receiver&#039;s home. Surprise your loved person on various occasions.\" \/>\n<meta name=\"robots\" content=\"index, follow, max-snippet:-1, max-image-preview:large, max-video-preview:-1\" \/>\n<link rel=\"canonical\" href=\"https:\/\/www.pristatomegeles.lt\/en\/produktas\/box-of-red-and-white-roses\/\" \/>\n<meta property=\"og:locale\" content=\"en_US\" \/>\n<meta property=\"og:type\" content=\"article\" \/>\n<meta property=\"og:title\" content=\"Box of red and white roses | Flower delivery in Vilnius | Pristatome g\u0117les\" \/>\n<meta property=\"og:description\" content=\"An exceptional flower composition will decorate every receiver&#039;s home. Surprise your loved person on various occasions.\" \/>\n<meta property=\"og:url\" content=\"https:\/\/www.pristatomegeles.lt\/en\/produktas\/box-of-red-and-white-roses\/\" \/>\n<meta property=\"og:site_name\" content=\"Pristatomegeles.lt\" \/>\n<meta property=\"article:modified_time\" content=\"2026-02-05T18:40:50+00:00\" \/>\n<meta property=\"og:image\" content=\"https:\/\/www.pristatomegeles.lt\/wp-content\/uploads\/2018\/02\/geles-dezuteje-raudonos-ir-baltos-rozes-scaled.jpg\" \/>\n\t<meta property=\"og:image:width\" content=\"1000\" \/>\n\t<meta property=\"og:image:height\" content=\"1000\" \/>\n\t<meta property=\"og:image:type\" content=\"image\/jpeg\" \/>\n<meta name=\"twitter:card\" content=\"summary_large_image\" \/>\n<meta name=\"twitter:label1\" content=\"Est. reading time\" \/>\n\t<meta name=\"twitter:data1\" content=\"1 minute\" \/>\n<script type=\"application\/ld+json\" class=\"yoast-schema-graph\">{\"@context\":\"https:\/\/schema.org\",\"@graph\":[{\"@type\":\"WebPage\",\"@id\":\"https:\/\/www.pristatomegeles.lt\/en\/produktas\/box-of-red-and-white-roses\/\",\"url\":\"https:\/\/www.pristatomegeles.lt\/en\/produktas\/box-of-red-and-white-roses\/\",\"name\":\"Box of red and white roses | Flower delivery in Vilnius | Pristatome g\u0117les\",\"isPartOf\":{\"@id\":\"https:\/\/www.pristatomegeles.lt\/en\/#website\"},\"primaryImageOfPage\":{\"@id\":\"https:\/\/www.pristatomegeles.lt\/en\/produktas\/box-of-red-and-white-roses\/#primaryimage\"},\"image\":{\"@id\":\"https:\/\/www.pristatomegeles.lt\/en\/produktas\/box-of-red-and-white-roses\/#primaryimage\"},\"thumbnailUrl\":\"https:\/\/www.pristatomegeles.lt\/wp-content\/uploads\/2018\/02\/geles-dezuteje-raudonos-ir-baltos-rozes-scaled.jpg\",\"datePublished\":\"2018-02-08T12:48:09+00:00\",\"dateModified\":\"2026-02-05T18:40:50+00:00\",\"description\":\"An exceptional flower composition will decorate every receiver's home. Surprise your loved person on various occasions.\",\"breadcrumb\":{\"@id\":\"https:\/\/www.pristatomegeles.lt\/en\/produktas\/box-of-red-and-white-roses\/#breadcrumb\"},\"inLanguage\":\"en-US\",\"potentialAction\":[{\"@type\":\"ReadAction\",\"target\":[\"https:\/\/www.pristatomegeles.lt\/en\/produktas\/box-of-red-and-white-roses\/\"]}]},{\"@type\":\"ImageObject\",\"inLanguage\":\"en-US\",\"@id\":\"https:\/\/www.pristatomegeles.lt\/en\/produktas\/box-of-red-and-white-roses\/#primaryimage\",\"url\":\"https:\/\/www.pristatomegeles.lt\/wp-content\/uploads\/2018\/02\/geles-dezuteje-raudonos-ir-baltos-rozes-scaled.jpg\",\"contentUrl\":\"https:\/\/www.pristatomegeles.lt\/wp-content\/uploads\/2018\/02\/geles-dezuteje-raudonos-ir-baltos-rozes-scaled.jpg\",\"width\":1000,\"height\":1000,\"caption\":\"Balt\u0173 ir raudon\u0173 ro\u017ei\u0173 d\u0117\u017eut\u0117 gimtadienio g\u0117l\u0117s\"},{\"@type\":\"BreadcrumbList\",\"@id\":\"https:\/\/www.pristatomegeles.lt\/en\/produktas\/box-of-red-and-white-roses\/#breadcrumb\",\"itemListElement\":[{\"@type\":\"ListItem\",\"position\":1,\"name\":\"Home\",\"item\":\"https:\/\/www.pristatomegeles.lt\/en\/home-2\/\"},{\"@type\":\"ListItem\",\"position\":2,\"name\":\"Flowers\",\"item\":\"https:\/\/www.pristatomegeles.lt\/en\/flowers\/\"},{\"@type\":\"ListItem\",\"position\":3,\"name\":\"Box of red and white roses\"}]},{\"@type\":\"WebSite\",\"@id\":\"https:\/\/www.pristatomegeles.lt\/en\/#website\",\"url\":\"https:\/\/www.pristatomegeles.lt\/en\/\",\"name\":\"Pristatomegeles.lt\",\"description\":\"\",\"potentialAction\":[{\"@type\":\"SearchAction\",\"target\":{\"@type\":\"EntryPoint\",\"urlTemplate\":\"https:\/\/www.pristatomegeles.lt\/en\/?s={search_term_string}\"},\"query-input\":{\"@type\":\"PropertyValueSpecification\",\"valueRequired\":true,\"valueName\":\"search_term_string\"}}],\"inLanguage\":\"en-US\"}]}<\/script>\n<!-- \/ Yoast SEO plugin. -->","yoast_head_json":{"title":"Box of red and white roses | Flower delivery in Vilnius | Pristatome g\u0117les","description":"An exceptional flower composition will decorate every receiver's home. Surprise your loved person on various occasions.","robots":{"index":"index","follow":"follow","max-snippet":"max-snippet:-1","max-image-preview":"max-image-preview:large","max-video-preview":"max-video-preview:-1"},"canonical":"https:\/\/www.pristatomegeles.lt\/en\/produktas\/box-of-red-and-white-roses\/","og_locale":"en_US","og_type":"article","og_title":"Box of red and white roses | Flower delivery in Vilnius | Pristatome g\u0117les","og_description":"An exceptional flower composition will decorate every receiver's home. Surprise your loved person on various occasions.","og_url":"https:\/\/www.pristatomegeles.lt\/en\/produktas\/box-of-red-and-white-roses\/","og_site_name":"Pristatomegeles.lt","article_modified_time":"2026-02-05T18:40:50+00:00","og_image":[{"width":1000,"height":1000,"url":"https:\/\/www.pristatomegeles.lt\/wp-content\/uploads\/2018\/02\/geles-dezuteje-raudonos-ir-baltos-rozes-scaled.jpg","type":"image\/jpeg"}],"twitter_card":"summary_large_image","twitter_misc":{"Est. reading time":"1 minute"},"schema":{"@context":"https:\/\/schema.org","@graph":[{"@type":"WebPage","@id":"https:\/\/www.pristatomegeles.lt\/en\/produktas\/box-of-red-and-white-roses\/","url":"https:\/\/www.pristatomegeles.lt\/en\/produktas\/box-of-red-and-white-roses\/","name":"Box of red and white roses | Flower delivery in Vilnius | Pristatome g\u0117les","isPartOf":{"@id":"https:\/\/www.pristatomegeles.lt\/en\/#website"},"primaryImageOfPage":{"@id":"https:\/\/www.pristatomegeles.lt\/en\/produktas\/box-of-red-and-white-roses\/#primaryimage"},"image":{"@id":"https:\/\/www.pristatomegeles.lt\/en\/produktas\/box-of-red-and-white-roses\/#primaryimage"},"thumbnailUrl":"https:\/\/www.pristatomegeles.lt\/wp-content\/uploads\/2018\/02\/geles-dezuteje-raudonos-ir-baltos-rozes-scaled.jpg","datePublished":"2018-02-08T12:48:09+00:00","dateModified":"2026-02-05T18:40:50+00:00","description":"An exceptional flower composition will decorate every receiver's home. Surprise your loved person on various occasions.","breadcrumb":{"@id":"https:\/\/www.pristatomegeles.lt\/en\/produktas\/box-of-red-and-white-roses\/#breadcrumb"},"inLanguage":"en-US","potentialAction":[{"@type":"ReadAction","target":["https:\/\/www.pristatomegeles.lt\/en\/produktas\/box-of-red-and-white-roses\/"]}]},{"@type":"ImageObject","inLanguage":"en-US","@id":"https:\/\/www.pristatomegeles.lt\/en\/produktas\/box-of-red-and-white-roses\/#primaryimage","url":"https:\/\/www.pristatomegeles.lt\/wp-content\/uploads\/2018\/02\/geles-dezuteje-raudonos-ir-baltos-rozes-scaled.jpg","contentUrl":"https:\/\/www.pristatomegeles.lt\/wp-content\/uploads\/2018\/02\/geles-dezuteje-raudonos-ir-baltos-rozes-scaled.jpg","width":1000,"height":1000,"caption":"Balt\u0173 ir raudon\u0173 ro\u017ei\u0173 d\u0117\u017eut\u0117 gimtadienio g\u0117l\u0117s"},{"@type":"BreadcrumbList","@id":"https:\/\/www.pristatomegeles.lt\/en\/produktas\/box-of-red-and-white-roses\/#breadcrumb","itemListElement":[{"@type":"ListItem","position":1,"name":"Home","item":"https:\/\/www.pristatomegeles.lt\/en\/home-2\/"},{"@type":"ListItem","position":2,"name":"Flowers","item":"https:\/\/www.pristatomegeles.lt\/en\/flowers\/"},{"@type":"ListItem","position":3,"name":"Box of red and white roses"}]},{"@type":"WebSite","@id":"https:\/\/www.pristatomegeles.lt\/en\/#website","url":"https:\/\/www.pristatomegeles.lt\/en\/","name":"Pristatomegeles.lt","description":"","potentialAction":[{"@type":"SearchAction","target":{"@type":"EntryPoint","urlTemplate":"https:\/\/www.pristatomegeles.lt\/en\/?s={search_term_string}"},"query-input":{"@type":"PropertyValueSpecification","valueRequired":true,"valueName":"search_term_string"}}],"inLanguage":"en-US"}]}},"_links":{"self":[{"href":"https:\/\/www.pristatomegeles.lt\/en\/wp-json\/wp\/v2\/product\/12232","targetHints":{"allow":["GET"]}}],"collection":[{"href":"https:\/\/www.pristatomegeles.lt\/en\/wp-json\/wp\/v2\/product"}],"about":[{"href":"https:\/\/www.pristatomegeles.lt\/en\/wp-json\/wp\/v2\/types\/product"}],"wp:featuredmedia":[{"embeddable":true,"href":"https:\/\/www.pristatomegeles.lt\/en\/wp-json\/wp\/v2\/media\/9702"}],"wp:attachment":[{"href":"https:\/\/www.pristatomegeles.lt\/en\/wp-json\/wp\/v2\/media?parent=12232"}],"wp:term":[{"taxonomy":"product_brand","embeddable":true,"href":"https:\/\/www.pristatomegeles.lt\/en\/wp-json\/wp\/v2\/product_brand?post=12232"},{"taxonomy":"product_cat","embeddable":true,"href":"https:\/\/www.pristatomegeles.lt\/en\/wp-json\/wp\/v2\/product_cat?post=12232"},{"taxonomy":"product_tag","embeddable":true,"href":"https:\/\/www.pristatomegeles.lt\/en\/wp-json\/wp\/v2\/product_tag?post=12232"}],"curies":[{"name":"wp","href":"https:\/\/api.w.org\/{rel}","templated":true}]}}