{"id":12237,"date":"2018-02-08T14:41:04","date_gmt":"2018-02-08T12:41:04","guid":{"rendered":"http:\/\/www.pristatomegeles.lt\/produktas\/box-of-yellow-and-purple-tulips\/"},"modified":"2025-01-31T12:01:43","modified_gmt":"2025-01-31T10:01:43","slug":"box-of-yellow-and-purple-tulips","status":"publish","type":"product","link":"https:\/\/www.pristatomegeles.lt\/en\/produktas\/box-of-yellow-and-purple-tulips\/","title":{"rendered":"Box of yellow and purple tulips"},"content":{"rendered":"<p>Purple and yellow colors are a traditional combination that will always brighten up the day. These tulips look original so it will be a stylish and pleasant gift. We may take out or or add several flowers depending on the size of blossoms so that the overall image looks flawless. The color of flowers is chosen randomly but we always try to combine the best ones.<\/p>\n","protected":false},"excerpt":{"rendered":"<p>Tulips are flowers that are colorful and remind us of spring. Purple color symbolizes greatness, wealth, friendship. Yellow color stands for calmness, warmth, and happiness. Surprise the receiver with this box.<\/p>\n","protected":false},"featured_media":5795,"template":"","meta":[],"product_brand":[],"product_cat":[1499,1497,414,1491,1498,1494,1152,554],"product_tag":[],"class_list":{"0":"post-12237","1":"product","2":"type-product","3":"status-publish","4":"has-post-thumbnail","6":"product_cat-anniversary-flowers","7":"product_cat-birthday-flowers","8":"product_cat-flower-boxes","9":"product_cat-flowers-for-a-girl","10":"product_cat-flowers-for-mom","11":"product_cat-flowers-for-women","12":"product_cat-march-8-flowers","13":"product_cat-tulips","14":"tm-no-options","16":"first","17":"outofstock","18":"taxable","19":"shipping-taxable","20":"purchasable","21":"product-type-variable","22":"has-default-attributes"},"yoast_head":"<!-- This site is optimized with the Yoast SEO plugin v24.3 - https:\/\/yoast.com\/wordpress\/plugins\/seo\/ -->\n<title>Box of yellow and purple tulips | Spring flowers | Pristatome g\u0117les<\/title>\n<meta name=\"description\" content=\"This spring-like bouquet will be a suitable gift for your precious people to send to their home or office. Order online and surprise your loved ones.\" \/>\n<meta name=\"robots\" content=\"index, follow, max-snippet:-1, max-image-preview:large, max-video-preview:-1\" \/>\n<link rel=\"canonical\" href=\"https:\/\/www.pristatomegeles.lt\/en\/produktas\/box-of-yellow-and-purple-tulips\/\" \/>\n<meta property=\"og:locale\" content=\"en_US\" \/>\n<meta property=\"og:type\" content=\"article\" \/>\n<meta property=\"og:title\" content=\"Box of yellow and purple tulips | Spring flowers | Pristatome g\u0117les\" \/>\n<meta property=\"og:description\" content=\"This spring-like bouquet will be a suitable gift for your precious people to send to their home or office. Order online and surprise your loved ones.\" \/>\n<meta property=\"og:url\" content=\"https:\/\/www.pristatomegeles.lt\/en\/produktas\/box-of-yellow-and-purple-tulips\/\" \/>\n<meta property=\"og:site_name\" content=\"Pristatomegeles.lt\" \/>\n<meta property=\"article:modified_time\" content=\"2025-01-31T10:01:43+00:00\" \/>\n<meta property=\"og:image\" content=\"https:\/\/www.pristatomegeles.lt\/wp-content\/uploads\/2018\/02\/tulpes-dezuteje-geltonos-ir-violetines-scaled.jpg\" \/>\n\t<meta property=\"og:image:width\" content=\"2560\" \/>\n\t<meta property=\"og:image:height\" content=\"2560\" \/>\n\t<meta property=\"og:image:type\" content=\"image\/jpeg\" \/>\n<meta name=\"twitter:card\" content=\"summary_large_image\" \/>\n<script type=\"application\/ld+json\" class=\"yoast-schema-graph\">{\"@context\":\"https:\/\/schema.org\",\"@graph\":[{\"@type\":\"WebPage\",\"@id\":\"https:\/\/www.pristatomegeles.lt\/en\/produktas\/box-of-yellow-and-purple-tulips\/\",\"url\":\"https:\/\/www.pristatomegeles.lt\/en\/produktas\/box-of-yellow-and-purple-tulips\/\",\"name\":\"Box of yellow and purple tulips | Spring flowers | Pristatome g\u0117les\",\"isPartOf\":{\"@id\":\"https:\/\/www.pristatomegeles.lt\/en\/#website\"},\"primaryImageOfPage\":{\"@id\":\"https:\/\/www.pristatomegeles.lt\/en\/produktas\/box-of-yellow-and-purple-tulips\/#primaryimage\"},\"image\":{\"@id\":\"https:\/\/www.pristatomegeles.lt\/en\/produktas\/box-of-yellow-and-purple-tulips\/#primaryimage\"},\"thumbnailUrl\":\"https:\/\/www.pristatomegeles.lt\/wp-content\/uploads\/2018\/02\/tulpes-dezuteje-geltonos-ir-violetines-scaled.jpg\",\"datePublished\":\"2018-02-08T12:41:04+00:00\",\"dateModified\":\"2025-01-31T10:01:43+00:00\",\"description\":\"This spring-like bouquet will be a suitable gift for your precious people to send to their home or office. Order online and surprise your loved ones.\",\"breadcrumb\":{\"@id\":\"https:\/\/www.pristatomegeles.lt\/en\/produktas\/box-of-yellow-and-purple-tulips\/#breadcrumb\"},\"inLanguage\":\"en-US\",\"potentialAction\":[{\"@type\":\"ReadAction\",\"target\":[\"https:\/\/www.pristatomegeles.lt\/en\/produktas\/box-of-yellow-and-purple-tulips\/\"]}]},{\"@type\":\"ImageObject\",\"inLanguage\":\"en-US\",\"@id\":\"https:\/\/www.pristatomegeles.lt\/en\/produktas\/box-of-yellow-and-purple-tulips\/#primaryimage\",\"url\":\"https:\/\/www.pristatomegeles.lt\/wp-content\/uploads\/2018\/02\/tulpes-dezuteje-geltonos-ir-violetines-scaled.jpg\",\"contentUrl\":\"https:\/\/www.pristatomegeles.lt\/wp-content\/uploads\/2018\/02\/tulpes-dezuteje-geltonos-ir-violetines-scaled.jpg\",\"width\":2560,\"height\":2560,\"caption\":\"Eleganti\u0161ka gelton\u0173 ir violetini\u0173 tulpi\u0173 d\u0117\u017eut\u0117 moterims\"},{\"@type\":\"BreadcrumbList\",\"@id\":\"https:\/\/www.pristatomegeles.lt\/en\/produktas\/box-of-yellow-and-purple-tulips\/#breadcrumb\",\"itemListElement\":[{\"@type\":\"ListItem\",\"position\":1,\"name\":\"Home\",\"item\":\"https:\/\/www.pristatomegeles.lt\/en\/home-2\/\"},{\"@type\":\"ListItem\",\"position\":2,\"name\":\"Flowers\",\"item\":\"https:\/\/www.pristatomegeles.lt\/en\/flowers\/\"},{\"@type\":\"ListItem\",\"position\":3,\"name\":\"Box of yellow and purple tulips\"}]},{\"@type\":\"WebSite\",\"@id\":\"https:\/\/www.pristatomegeles.lt\/en\/#website\",\"url\":\"https:\/\/www.pristatomegeles.lt\/en\/\",\"name\":\"Pristatomegeles.lt\",\"description\":\"\",\"potentialAction\":[{\"@type\":\"SearchAction\",\"target\":{\"@type\":\"EntryPoint\",\"urlTemplate\":\"https:\/\/www.pristatomegeles.lt\/en\/?s={search_term_string}\"},\"query-input\":{\"@type\":\"PropertyValueSpecification\",\"valueRequired\":true,\"valueName\":\"search_term_string\"}}],\"inLanguage\":\"en-US\"}]}<\/script>\n<!-- \/ Yoast SEO plugin. -->","yoast_head_json":{"title":"Box of yellow and purple tulips | Spring flowers | Pristatome g\u0117les","description":"This spring-like bouquet will be a suitable gift for your precious people to send to their home or office. Order online and surprise your loved ones.","robots":{"index":"index","follow":"follow","max-snippet":"max-snippet:-1","max-image-preview":"max-image-preview:large","max-video-preview":"max-video-preview:-1"},"canonical":"https:\/\/www.pristatomegeles.lt\/en\/produktas\/box-of-yellow-and-purple-tulips\/","og_locale":"en_US","og_type":"article","og_title":"Box of yellow and purple tulips | Spring flowers | Pristatome g\u0117les","og_description":"This spring-like bouquet will be a suitable gift for your precious people to send to their home or office. Order online and surprise your loved ones.","og_url":"https:\/\/www.pristatomegeles.lt\/en\/produktas\/box-of-yellow-and-purple-tulips\/","og_site_name":"Pristatomegeles.lt","article_modified_time":"2025-01-31T10:01:43+00:00","og_image":[{"width":2560,"height":2560,"url":"https:\/\/www.pristatomegeles.lt\/wp-content\/uploads\/2018\/02\/tulpes-dezuteje-geltonos-ir-violetines-scaled.jpg","type":"image\/jpeg"}],"twitter_card":"summary_large_image","schema":{"@context":"https:\/\/schema.org","@graph":[{"@type":"WebPage","@id":"https:\/\/www.pristatomegeles.lt\/en\/produktas\/box-of-yellow-and-purple-tulips\/","url":"https:\/\/www.pristatomegeles.lt\/en\/produktas\/box-of-yellow-and-purple-tulips\/","name":"Box of yellow and purple tulips | Spring flowers | Pristatome g\u0117les","isPartOf":{"@id":"https:\/\/www.pristatomegeles.lt\/en\/#website"},"primaryImageOfPage":{"@id":"https:\/\/www.pristatomegeles.lt\/en\/produktas\/box-of-yellow-and-purple-tulips\/#primaryimage"},"image":{"@id":"https:\/\/www.pristatomegeles.lt\/en\/produktas\/box-of-yellow-and-purple-tulips\/#primaryimage"},"thumbnailUrl":"https:\/\/www.pristatomegeles.lt\/wp-content\/uploads\/2018\/02\/tulpes-dezuteje-geltonos-ir-violetines-scaled.jpg","datePublished":"2018-02-08T12:41:04+00:00","dateModified":"2025-01-31T10:01:43+00:00","description":"This spring-like bouquet will be a suitable gift for your precious people to send to their home or office. Order online and surprise your loved ones.","breadcrumb":{"@id":"https:\/\/www.pristatomegeles.lt\/en\/produktas\/box-of-yellow-and-purple-tulips\/#breadcrumb"},"inLanguage":"en-US","potentialAction":[{"@type":"ReadAction","target":["https:\/\/www.pristatomegeles.lt\/en\/produktas\/box-of-yellow-and-purple-tulips\/"]}]},{"@type":"ImageObject","inLanguage":"en-US","@id":"https:\/\/www.pristatomegeles.lt\/en\/produktas\/box-of-yellow-and-purple-tulips\/#primaryimage","url":"https:\/\/www.pristatomegeles.lt\/wp-content\/uploads\/2018\/02\/tulpes-dezuteje-geltonos-ir-violetines-scaled.jpg","contentUrl":"https:\/\/www.pristatomegeles.lt\/wp-content\/uploads\/2018\/02\/tulpes-dezuteje-geltonos-ir-violetines-scaled.jpg","width":2560,"height":2560,"caption":"Eleganti\u0161ka gelton\u0173 ir violetini\u0173 tulpi\u0173 d\u0117\u017eut\u0117 moterims"},{"@type":"BreadcrumbList","@id":"https:\/\/www.pristatomegeles.lt\/en\/produktas\/box-of-yellow-and-purple-tulips\/#breadcrumb","itemListElement":[{"@type":"ListItem","position":1,"name":"Home","item":"https:\/\/www.pristatomegeles.lt\/en\/home-2\/"},{"@type":"ListItem","position":2,"name":"Flowers","item":"https:\/\/www.pristatomegeles.lt\/en\/flowers\/"},{"@type":"ListItem","position":3,"name":"Box of yellow and purple tulips"}]},{"@type":"WebSite","@id":"https:\/\/www.pristatomegeles.lt\/en\/#website","url":"https:\/\/www.pristatomegeles.lt\/en\/","name":"Pristatomegeles.lt","description":"","potentialAction":[{"@type":"SearchAction","target":{"@type":"EntryPoint","urlTemplate":"https:\/\/www.pristatomegeles.lt\/en\/?s={search_term_string}"},"query-input":{"@type":"PropertyValueSpecification","valueRequired":true,"valueName":"search_term_string"}}],"inLanguage":"en-US"}]}},"_links":{"self":[{"href":"https:\/\/www.pristatomegeles.lt\/en\/wp-json\/wp\/v2\/product\/12237","targetHints":{"allow":["GET"]}}],"collection":[{"href":"https:\/\/www.pristatomegeles.lt\/en\/wp-json\/wp\/v2\/product"}],"about":[{"href":"https:\/\/www.pristatomegeles.lt\/en\/wp-json\/wp\/v2\/types\/product"}],"wp:featuredmedia":[{"embeddable":true,"href":"https:\/\/www.pristatomegeles.lt\/en\/wp-json\/wp\/v2\/media\/5795"}],"wp:attachment":[{"href":"https:\/\/www.pristatomegeles.lt\/en\/wp-json\/wp\/v2\/media?parent=12237"}],"wp:term":[{"taxonomy":"product_brand","embeddable":true,"href":"https:\/\/www.pristatomegeles.lt\/en\/wp-json\/wp\/v2\/product_brand?post=12237"},{"taxonomy":"product_cat","embeddable":true,"href":"https:\/\/www.pristatomegeles.lt\/en\/wp-json\/wp\/v2\/product_cat?post=12237"},{"taxonomy":"product_tag","embeddable":true,"href":"https:\/\/www.pristatomegeles.lt\/en\/wp-json\/wp\/v2\/product_tag?post=12237"}],"curies":[{"name":"wp","href":"https:\/\/api.w.org\/{rel}","templated":true}]}}