{"id":12245,"date":"2018-02-08T14:34:15","date_gmt":"2018-02-08T12:34:15","guid":{"rendered":"http:\/\/www.pristatomegeles.lt\/produktas\/luxurious-rose-box\/"},"modified":"2026-02-05T20:17:20","modified_gmt":"2026-02-05T18:17:20","slug":"luxurious-rose-box","status":"publish","type":"product","link":"https:\/\/www.pristatomegeles.lt\/en\/produktas\/luxurious-rose-box\/","title":{"rendered":"Luxurious rose box"},"content":{"rendered":"<p>This bouquet consists of red roses from the sides and white roses in the middle. This box is luxurious because the image that composed roses create is splendid. The box will be perfect to give on Valentine&#8217;s day or on any other special celebration. We may add or take out several roses depending on the size of blossoms so that the overall composition looks flawless.<\/p>\n","protected":false},"excerpt":{"rendered":"<p>Luxurious flower composition in the box. Red and white colors symbolize love, passion, and respect. Surprise your loved ones by sending this box.<\/p>\n","protected":false},"featured_media":13140,"template":"","meta":[],"product_brand":[],"product_cat":[1499,1497,414,1491,1498,1494,1152,1153,415,1501],"product_tag":[],"class_list":{"0":"post-12245","1":"product","2":"type-product","3":"status-publish","4":"has-post-thumbnail","6":"product_cat-anniversary-flowers","7":"product_cat-birthday-flowers","8":"product_cat-flower-boxes","9":"product_cat-flowers-for-a-girl","10":"product_cat-flowers-for-mom","11":"product_cat-flowers-for-women","12":"product_cat-march-8-flowers","13":"product_cat-mothers-day-flowers","14":"product_cat-roses","15":"product_cat-valentines-day-flowers","16":"tm-no-options","18":"first","19":"instock","20":"featured","21":"taxable","22":"shipping-taxable","23":"purchasable","24":"product-type-variable","25":"has-default-attributes"},"yoast_head":"<!-- This site is optimized with the Yoast SEO plugin v24.3 - https:\/\/yoast.com\/wordpress\/plugins\/seo\/ -->\n<title>Luxurious rose box | Flower delivery in Vilnius | Pristatome g\u0117les<\/title>\n<meta name=\"description\" content=\"Luxurious rose box will not leave any woman indifferent. Order online and surprise your loved ones on various occasions.\" \/>\n<meta name=\"robots\" content=\"index, follow, max-snippet:-1, max-image-preview:large, max-video-preview:-1\" \/>\n<link rel=\"canonical\" href=\"https:\/\/www.pristatomegeles.lt\/en\/produktas\/luxurious-rose-box\/\" \/>\n<meta property=\"og:locale\" content=\"en_US\" \/>\n<meta property=\"og:type\" content=\"article\" \/>\n<meta property=\"og:title\" content=\"Luxurious rose box | Flower delivery in Vilnius | Pristatome g\u0117les\" \/>\n<meta property=\"og:description\" content=\"Luxurious rose box will not leave any woman indifferent. Order online and surprise your loved ones on various occasions.\" \/>\n<meta property=\"og:url\" content=\"https:\/\/www.pristatomegeles.lt\/en\/produktas\/luxurious-rose-box\/\" \/>\n<meta property=\"og:site_name\" content=\"Pristatomegeles.lt\" \/>\n<meta property=\"article:modified_time\" content=\"2026-02-05T18:17:20+00:00\" \/>\n<meta property=\"og:image\" content=\"https:\/\/www.pristatomegeles.lt\/wp-content\/uploads\/2018\/02\/rozes-dezuteje-baltos-ir-raudonos-spalvos-scaled.jpg\" \/>\n\t<meta property=\"og:image:width\" content=\"1000\" \/>\n\t<meta property=\"og:image:height\" content=\"1000\" \/>\n\t<meta property=\"og:image:type\" content=\"image\/jpeg\" \/>\n<meta name=\"twitter:card\" content=\"summary_large_image\" \/>\n<meta name=\"twitter:label1\" content=\"Est. reading time\" \/>\n\t<meta name=\"twitter:data1\" content=\"1 minute\" \/>\n<script type=\"application\/ld+json\" class=\"yoast-schema-graph\">{\"@context\":\"https:\/\/schema.org\",\"@graph\":[{\"@type\":\"WebPage\",\"@id\":\"https:\/\/www.pristatomegeles.lt\/en\/produktas\/luxurious-rose-box\/\",\"url\":\"https:\/\/www.pristatomegeles.lt\/en\/produktas\/luxurious-rose-box\/\",\"name\":\"Luxurious rose box | Flower delivery in Vilnius | Pristatome g\u0117les\",\"isPartOf\":{\"@id\":\"https:\/\/www.pristatomegeles.lt\/en\/#website\"},\"primaryImageOfPage\":{\"@id\":\"https:\/\/www.pristatomegeles.lt\/en\/produktas\/luxurious-rose-box\/#primaryimage\"},\"image\":{\"@id\":\"https:\/\/www.pristatomegeles.lt\/en\/produktas\/luxurious-rose-box\/#primaryimage\"},\"thumbnailUrl\":\"https:\/\/www.pristatomegeles.lt\/wp-content\/uploads\/2018\/02\/rozes-dezuteje-baltos-ir-raudonos-spalvos-scaled.jpg\",\"datePublished\":\"2018-02-08T12:34:15+00:00\",\"dateModified\":\"2026-02-05T18:17:20+00:00\",\"description\":\"Luxurious rose box will not leave any woman indifferent. Order online and surprise your loved ones on various occasions.\",\"breadcrumb\":{\"@id\":\"https:\/\/www.pristatomegeles.lt\/en\/produktas\/luxurious-rose-box\/#breadcrumb\"},\"inLanguage\":\"en-US\",\"potentialAction\":[{\"@type\":\"ReadAction\",\"target\":[\"https:\/\/www.pristatomegeles.lt\/en\/produktas\/luxurious-rose-box\/\"]}]},{\"@type\":\"ImageObject\",\"inLanguage\":\"en-US\",\"@id\":\"https:\/\/www.pristatomegeles.lt\/en\/produktas\/luxurious-rose-box\/#primaryimage\",\"url\":\"https:\/\/www.pristatomegeles.lt\/wp-content\/uploads\/2018\/02\/rozes-dezuteje-baltos-ir-raudonos-spalvos-scaled.jpg\",\"contentUrl\":\"https:\/\/www.pristatomegeles.lt\/wp-content\/uploads\/2018\/02\/rozes-dezuteje-baltos-ir-raudonos-spalvos-scaled.jpg\",\"width\":1000,\"height\":1000,\"caption\":\"Balt\u0173 ir raudon\u0173 ro\u017ei\u0173 d\u0117\u017eut\u0117 g\u0117l\u0117s merginai\"},{\"@type\":\"BreadcrumbList\",\"@id\":\"https:\/\/www.pristatomegeles.lt\/en\/produktas\/luxurious-rose-box\/#breadcrumb\",\"itemListElement\":[{\"@type\":\"ListItem\",\"position\":1,\"name\":\"Home\",\"item\":\"https:\/\/www.pristatomegeles.lt\/en\/home-2\/\"},{\"@type\":\"ListItem\",\"position\":2,\"name\":\"Flowers\",\"item\":\"https:\/\/www.pristatomegeles.lt\/en\/flowers\/\"},{\"@type\":\"ListItem\",\"position\":3,\"name\":\"Luxurious rose box\"}]},{\"@type\":\"WebSite\",\"@id\":\"https:\/\/www.pristatomegeles.lt\/en\/#website\",\"url\":\"https:\/\/www.pristatomegeles.lt\/en\/\",\"name\":\"Pristatomegeles.lt\",\"description\":\"\",\"potentialAction\":[{\"@type\":\"SearchAction\",\"target\":{\"@type\":\"EntryPoint\",\"urlTemplate\":\"https:\/\/www.pristatomegeles.lt\/en\/?s={search_term_string}\"},\"query-input\":{\"@type\":\"PropertyValueSpecification\",\"valueRequired\":true,\"valueName\":\"search_term_string\"}}],\"inLanguage\":\"en-US\"}]}<\/script>\n<!-- \/ Yoast SEO plugin. -->","yoast_head_json":{"title":"Luxurious rose box | Flower delivery in Vilnius | Pristatome g\u0117les","description":"Luxurious rose box will not leave any woman indifferent. Order online and surprise your loved ones on various occasions.","robots":{"index":"index","follow":"follow","max-snippet":"max-snippet:-1","max-image-preview":"max-image-preview:large","max-video-preview":"max-video-preview:-1"},"canonical":"https:\/\/www.pristatomegeles.lt\/en\/produktas\/luxurious-rose-box\/","og_locale":"en_US","og_type":"article","og_title":"Luxurious rose box | Flower delivery in Vilnius | Pristatome g\u0117les","og_description":"Luxurious rose box will not leave any woman indifferent. Order online and surprise your loved ones on various occasions.","og_url":"https:\/\/www.pristatomegeles.lt\/en\/produktas\/luxurious-rose-box\/","og_site_name":"Pristatomegeles.lt","article_modified_time":"2026-02-05T18:17:20+00:00","og_image":[{"width":1000,"height":1000,"url":"https:\/\/www.pristatomegeles.lt\/wp-content\/uploads\/2018\/02\/rozes-dezuteje-baltos-ir-raudonos-spalvos-scaled.jpg","type":"image\/jpeg"}],"twitter_card":"summary_large_image","twitter_misc":{"Est. reading time":"1 minute"},"schema":{"@context":"https:\/\/schema.org","@graph":[{"@type":"WebPage","@id":"https:\/\/www.pristatomegeles.lt\/en\/produktas\/luxurious-rose-box\/","url":"https:\/\/www.pristatomegeles.lt\/en\/produktas\/luxurious-rose-box\/","name":"Luxurious rose box | Flower delivery in Vilnius | Pristatome g\u0117les","isPartOf":{"@id":"https:\/\/www.pristatomegeles.lt\/en\/#website"},"primaryImageOfPage":{"@id":"https:\/\/www.pristatomegeles.lt\/en\/produktas\/luxurious-rose-box\/#primaryimage"},"image":{"@id":"https:\/\/www.pristatomegeles.lt\/en\/produktas\/luxurious-rose-box\/#primaryimage"},"thumbnailUrl":"https:\/\/www.pristatomegeles.lt\/wp-content\/uploads\/2018\/02\/rozes-dezuteje-baltos-ir-raudonos-spalvos-scaled.jpg","datePublished":"2018-02-08T12:34:15+00:00","dateModified":"2026-02-05T18:17:20+00:00","description":"Luxurious rose box will not leave any woman indifferent. Order online and surprise your loved ones on various occasions.","breadcrumb":{"@id":"https:\/\/www.pristatomegeles.lt\/en\/produktas\/luxurious-rose-box\/#breadcrumb"},"inLanguage":"en-US","potentialAction":[{"@type":"ReadAction","target":["https:\/\/www.pristatomegeles.lt\/en\/produktas\/luxurious-rose-box\/"]}]},{"@type":"ImageObject","inLanguage":"en-US","@id":"https:\/\/www.pristatomegeles.lt\/en\/produktas\/luxurious-rose-box\/#primaryimage","url":"https:\/\/www.pristatomegeles.lt\/wp-content\/uploads\/2018\/02\/rozes-dezuteje-baltos-ir-raudonos-spalvos-scaled.jpg","contentUrl":"https:\/\/www.pristatomegeles.lt\/wp-content\/uploads\/2018\/02\/rozes-dezuteje-baltos-ir-raudonos-spalvos-scaled.jpg","width":1000,"height":1000,"caption":"Balt\u0173 ir raudon\u0173 ro\u017ei\u0173 d\u0117\u017eut\u0117 g\u0117l\u0117s merginai"},{"@type":"BreadcrumbList","@id":"https:\/\/www.pristatomegeles.lt\/en\/produktas\/luxurious-rose-box\/#breadcrumb","itemListElement":[{"@type":"ListItem","position":1,"name":"Home","item":"https:\/\/www.pristatomegeles.lt\/en\/home-2\/"},{"@type":"ListItem","position":2,"name":"Flowers","item":"https:\/\/www.pristatomegeles.lt\/en\/flowers\/"},{"@type":"ListItem","position":3,"name":"Luxurious rose box"}]},{"@type":"WebSite","@id":"https:\/\/www.pristatomegeles.lt\/en\/#website","url":"https:\/\/www.pristatomegeles.lt\/en\/","name":"Pristatomegeles.lt","description":"","potentialAction":[{"@type":"SearchAction","target":{"@type":"EntryPoint","urlTemplate":"https:\/\/www.pristatomegeles.lt\/en\/?s={search_term_string}"},"query-input":{"@type":"PropertyValueSpecification","valueRequired":true,"valueName":"search_term_string"}}],"inLanguage":"en-US"}]}},"_links":{"self":[{"href":"https:\/\/www.pristatomegeles.lt\/en\/wp-json\/wp\/v2\/product\/12245","targetHints":{"allow":["GET"]}}],"collection":[{"href":"https:\/\/www.pristatomegeles.lt\/en\/wp-json\/wp\/v2\/product"}],"about":[{"href":"https:\/\/www.pristatomegeles.lt\/en\/wp-json\/wp\/v2\/types\/product"}],"wp:featuredmedia":[{"embeddable":true,"href":"https:\/\/www.pristatomegeles.lt\/en\/wp-json\/wp\/v2\/media\/13140"}],"wp:attachment":[{"href":"https:\/\/www.pristatomegeles.lt\/en\/wp-json\/wp\/v2\/media?parent=12245"}],"wp:term":[{"taxonomy":"product_brand","embeddable":true,"href":"https:\/\/www.pristatomegeles.lt\/en\/wp-json\/wp\/v2\/product_brand?post=12245"},{"taxonomy":"product_cat","embeddable":true,"href":"https:\/\/www.pristatomegeles.lt\/en\/wp-json\/wp\/v2\/product_cat?post=12245"},{"taxonomy":"product_tag","embeddable":true,"href":"https:\/\/www.pristatomegeles.lt\/en\/wp-json\/wp\/v2\/product_tag?post=12245"}],"curies":[{"name":"wp","href":"https:\/\/api.w.org\/{rel}","templated":true}]}}