{"id":12300,"date":"2018-02-08T14:16:21","date_gmt":"2018-02-08T12:16:21","guid":{"rendered":"http:\/\/www.pristatomegeles.lt\/produktas\/tulip-bouquet-contrast\/"},"modified":"2025-01-31T11:51:25","modified_gmt":"2025-01-31T09:51:25","slug":"tulip-bouquet-contrast","status":"publish","type":"product","link":"https:\/\/www.pristatomegeles.lt\/en\/produktas\/tulip-bouquet-contrast\/","title":{"rendered":"Tulip bouquet &#8220;Contrast&#8221;"},"content":{"rendered":"<p>Contrasting tulip colors look truly stylish and memorable. With this bouquet, you can surprise your loved woman on any occasion, for example, Women&#8217;s Day, birthday, Valentine&#8217;s Day, or any other. This bouquet can be a sincere gift for a mother, colleague, or it can be a romantic gift for your girlfriend or wife. The bouquet consists of the number of flowers you choose. Tulips will be wrapped in the cellophane and tied up with a ribbon.<\/p>\n","protected":false},"excerpt":{"rendered":"<p>Bouquet of purple and white tulips &#8220;Contrast&#8221; will not leave anyone indifferent. White color of flowers symbolize light, purity, whereas purple stands for luxury and magnitude. Choose the desired number of flowers and surprise your loved ones.<\/p>\n","protected":false},"featured_media":14469,"template":"","meta":[],"product_brand":[],"product_cat":[1499,1497,419,1491,1498,1492,1494,1152,554],"product_tag":[],"class_list":{"0":"post-12300","1":"product","2":"type-product","3":"status-publish","4":"has-post-thumbnail","6":"product_cat-anniversary-flowers","7":"product_cat-birthday-flowers","8":"product_cat-bouquets","9":"product_cat-flowers-for-a-girl","10":"product_cat-flowers-for-mom","11":"product_cat-flowers-for-the-teachers","12":"product_cat-flowers-for-women","13":"product_cat-march-8-flowers","14":"product_cat-tulips","15":"tm-has-options","17":"first","18":"outofstock","19":"taxable","20":"shipping-taxable","21":"purchasable","22":"product-type-variable","23":"has-default-attributes"},"yoast_head":"<!-- This site is optimized with the Yoast SEO plugin v24.3 - https:\/\/yoast.com\/wordpress\/plugins\/seo\/ -->\n<title>Tulip bouquet &quot;Contrast&quot; | Flower delivery in Vilnius | Pristatome g\u0117les<\/title>\n<meta name=\"description\" content=\"Surprise your loved people with this beautiful bouquet of purple and white tulips. Order online with delivery in Vilnius.\" \/>\n<meta name=\"robots\" content=\"index, follow, max-snippet:-1, max-image-preview:large, max-video-preview:-1\" \/>\n<link rel=\"canonical\" href=\"https:\/\/www.pristatomegeles.lt\/en\/produktas\/tulip-bouquet-contrast\/\" \/>\n<meta property=\"og:locale\" content=\"en_US\" \/>\n<meta property=\"og:type\" content=\"article\" \/>\n<meta property=\"og:title\" content=\"Tulip bouquet &quot;Contrast&quot; | Flower delivery in Vilnius | Pristatome g\u0117les\" \/>\n<meta property=\"og:description\" content=\"Surprise your loved people with this beautiful bouquet of purple and white tulips. Order online with delivery in Vilnius.\" \/>\n<meta property=\"og:url\" content=\"https:\/\/www.pristatomegeles.lt\/en\/produktas\/tulip-bouquet-contrast\/\" \/>\n<meta property=\"og:site_name\" content=\"Pristatomegeles.lt\" \/>\n<meta property=\"article:modified_time\" content=\"2025-01-31T09:51:25+00:00\" \/>\n<meta property=\"og:image\" content=\"https:\/\/www.pristatomegeles.lt\/wp-content\/uploads\/2018\/02\/tulpes-puoksteje-violetines-ir-baltos-spalvos-scaled.jpg\" \/>\n\t<meta property=\"og:image:width\" content=\"1000\" \/>\n\t<meta property=\"og:image:height\" content=\"1000\" \/>\n\t<meta property=\"og:image:type\" content=\"image\/jpeg\" \/>\n<meta name=\"twitter:card\" content=\"summary_large_image\" \/>\n<script type=\"application\/ld+json\" class=\"yoast-schema-graph\">{\"@context\":\"https:\/\/schema.org\",\"@graph\":[{\"@type\":\"WebPage\",\"@id\":\"https:\/\/www.pristatomegeles.lt\/en\/produktas\/tulip-bouquet-contrast\/\",\"url\":\"https:\/\/www.pristatomegeles.lt\/en\/produktas\/tulip-bouquet-contrast\/\",\"name\":\"Tulip bouquet \\\"Contrast\\\" | Flower delivery in Vilnius | Pristatome g\u0117les\",\"isPartOf\":{\"@id\":\"https:\/\/www.pristatomegeles.lt\/en\/#website\"},\"primaryImageOfPage\":{\"@id\":\"https:\/\/www.pristatomegeles.lt\/en\/produktas\/tulip-bouquet-contrast\/#primaryimage\"},\"image\":{\"@id\":\"https:\/\/www.pristatomegeles.lt\/en\/produktas\/tulip-bouquet-contrast\/#primaryimage\"},\"thumbnailUrl\":\"https:\/\/www.pristatomegeles.lt\/wp-content\/uploads\/2018\/02\/tulpes-puoksteje-violetines-ir-baltos-spalvos-scaled.jpg\",\"datePublished\":\"2018-02-08T12:16:21+00:00\",\"dateModified\":\"2025-01-31T09:51:25+00:00\",\"description\":\"Surprise your loved people with this beautiful bouquet of purple and white tulips. Order online with delivery in Vilnius.\",\"breadcrumb\":{\"@id\":\"https:\/\/www.pristatomegeles.lt\/en\/produktas\/tulip-bouquet-contrast\/#breadcrumb\"},\"inLanguage\":\"en-US\",\"potentialAction\":[{\"@type\":\"ReadAction\",\"target\":[\"https:\/\/www.pristatomegeles.lt\/en\/produktas\/tulip-bouquet-contrast\/\"]}]},{\"@type\":\"ImageObject\",\"inLanguage\":\"en-US\",\"@id\":\"https:\/\/www.pristatomegeles.lt\/en\/produktas\/tulip-bouquet-contrast\/#primaryimage\",\"url\":\"https:\/\/www.pristatomegeles.lt\/wp-content\/uploads\/2018\/02\/tulpes-puoksteje-violetines-ir-baltos-spalvos-scaled.jpg\",\"contentUrl\":\"https:\/\/www.pristatomegeles.lt\/wp-content\/uploads\/2018\/02\/tulpes-puoksteje-violetines-ir-baltos-spalvos-scaled.jpg\",\"width\":1000,\"height\":1000,\"caption\":\"Violetin\u0117s ir baltos tulp\u0117s puok\u0161t\u0117je g\u0117l\u0117s kovo 8\"},{\"@type\":\"BreadcrumbList\",\"@id\":\"https:\/\/www.pristatomegeles.lt\/en\/produktas\/tulip-bouquet-contrast\/#breadcrumb\",\"itemListElement\":[{\"@type\":\"ListItem\",\"position\":1,\"name\":\"Home\",\"item\":\"https:\/\/www.pristatomegeles.lt\/en\/home-2\/\"},{\"@type\":\"ListItem\",\"position\":2,\"name\":\"Flowers\",\"item\":\"https:\/\/www.pristatomegeles.lt\/en\/flowers\/\"},{\"@type\":\"ListItem\",\"position\":3,\"name\":\"Tulip bouquet &#8220;Contrast&#8221;\"}]},{\"@type\":\"WebSite\",\"@id\":\"https:\/\/www.pristatomegeles.lt\/en\/#website\",\"url\":\"https:\/\/www.pristatomegeles.lt\/en\/\",\"name\":\"Pristatomegeles.lt\",\"description\":\"\",\"potentialAction\":[{\"@type\":\"SearchAction\",\"target\":{\"@type\":\"EntryPoint\",\"urlTemplate\":\"https:\/\/www.pristatomegeles.lt\/en\/?s={search_term_string}\"},\"query-input\":{\"@type\":\"PropertyValueSpecification\",\"valueRequired\":true,\"valueName\":\"search_term_string\"}}],\"inLanguage\":\"en-US\"}]}<\/script>\n<!-- \/ Yoast SEO plugin. -->","yoast_head_json":{"title":"Tulip bouquet \"Contrast\" | Flower delivery in Vilnius | Pristatome g\u0117les","description":"Surprise your loved people with this beautiful bouquet of purple and white tulips. Order online with delivery in Vilnius.","robots":{"index":"index","follow":"follow","max-snippet":"max-snippet:-1","max-image-preview":"max-image-preview:large","max-video-preview":"max-video-preview:-1"},"canonical":"https:\/\/www.pristatomegeles.lt\/en\/produktas\/tulip-bouquet-contrast\/","og_locale":"en_US","og_type":"article","og_title":"Tulip bouquet \"Contrast\" | Flower delivery in Vilnius | Pristatome g\u0117les","og_description":"Surprise your loved people with this beautiful bouquet of purple and white tulips. Order online with delivery in Vilnius.","og_url":"https:\/\/www.pristatomegeles.lt\/en\/produktas\/tulip-bouquet-contrast\/","og_site_name":"Pristatomegeles.lt","article_modified_time":"2025-01-31T09:51:25+00:00","og_image":[{"width":1000,"height":1000,"url":"https:\/\/www.pristatomegeles.lt\/wp-content\/uploads\/2018\/02\/tulpes-puoksteje-violetines-ir-baltos-spalvos-scaled.jpg","type":"image\/jpeg"}],"twitter_card":"summary_large_image","schema":{"@context":"https:\/\/schema.org","@graph":[{"@type":"WebPage","@id":"https:\/\/www.pristatomegeles.lt\/en\/produktas\/tulip-bouquet-contrast\/","url":"https:\/\/www.pristatomegeles.lt\/en\/produktas\/tulip-bouquet-contrast\/","name":"Tulip bouquet \"Contrast\" | Flower delivery in Vilnius | Pristatome g\u0117les","isPartOf":{"@id":"https:\/\/www.pristatomegeles.lt\/en\/#website"},"primaryImageOfPage":{"@id":"https:\/\/www.pristatomegeles.lt\/en\/produktas\/tulip-bouquet-contrast\/#primaryimage"},"image":{"@id":"https:\/\/www.pristatomegeles.lt\/en\/produktas\/tulip-bouquet-contrast\/#primaryimage"},"thumbnailUrl":"https:\/\/www.pristatomegeles.lt\/wp-content\/uploads\/2018\/02\/tulpes-puoksteje-violetines-ir-baltos-spalvos-scaled.jpg","datePublished":"2018-02-08T12:16:21+00:00","dateModified":"2025-01-31T09:51:25+00:00","description":"Surprise your loved people with this beautiful bouquet of purple and white tulips. Order online with delivery in Vilnius.","breadcrumb":{"@id":"https:\/\/www.pristatomegeles.lt\/en\/produktas\/tulip-bouquet-contrast\/#breadcrumb"},"inLanguage":"en-US","potentialAction":[{"@type":"ReadAction","target":["https:\/\/www.pristatomegeles.lt\/en\/produktas\/tulip-bouquet-contrast\/"]}]},{"@type":"ImageObject","inLanguage":"en-US","@id":"https:\/\/www.pristatomegeles.lt\/en\/produktas\/tulip-bouquet-contrast\/#primaryimage","url":"https:\/\/www.pristatomegeles.lt\/wp-content\/uploads\/2018\/02\/tulpes-puoksteje-violetines-ir-baltos-spalvos-scaled.jpg","contentUrl":"https:\/\/www.pristatomegeles.lt\/wp-content\/uploads\/2018\/02\/tulpes-puoksteje-violetines-ir-baltos-spalvos-scaled.jpg","width":1000,"height":1000,"caption":"Violetin\u0117s ir baltos tulp\u0117s puok\u0161t\u0117je g\u0117l\u0117s kovo 8"},{"@type":"BreadcrumbList","@id":"https:\/\/www.pristatomegeles.lt\/en\/produktas\/tulip-bouquet-contrast\/#breadcrumb","itemListElement":[{"@type":"ListItem","position":1,"name":"Home","item":"https:\/\/www.pristatomegeles.lt\/en\/home-2\/"},{"@type":"ListItem","position":2,"name":"Flowers","item":"https:\/\/www.pristatomegeles.lt\/en\/flowers\/"},{"@type":"ListItem","position":3,"name":"Tulip bouquet &#8220;Contrast&#8221;"}]},{"@type":"WebSite","@id":"https:\/\/www.pristatomegeles.lt\/en\/#website","url":"https:\/\/www.pristatomegeles.lt\/en\/","name":"Pristatomegeles.lt","description":"","potentialAction":[{"@type":"SearchAction","target":{"@type":"EntryPoint","urlTemplate":"https:\/\/www.pristatomegeles.lt\/en\/?s={search_term_string}"},"query-input":{"@type":"PropertyValueSpecification","valueRequired":true,"valueName":"search_term_string"}}],"inLanguage":"en-US"}]}},"_links":{"self":[{"href":"https:\/\/www.pristatomegeles.lt\/en\/wp-json\/wp\/v2\/product\/12300","targetHints":{"allow":["GET"]}}],"collection":[{"href":"https:\/\/www.pristatomegeles.lt\/en\/wp-json\/wp\/v2\/product"}],"about":[{"href":"https:\/\/www.pristatomegeles.lt\/en\/wp-json\/wp\/v2\/types\/product"}],"wp:featuredmedia":[{"embeddable":true,"href":"https:\/\/www.pristatomegeles.lt\/en\/wp-json\/wp\/v2\/media\/14469"}],"wp:attachment":[{"href":"https:\/\/www.pristatomegeles.lt\/en\/wp-json\/wp\/v2\/media?parent=12300"}],"wp:term":[{"taxonomy":"product_brand","embeddable":true,"href":"https:\/\/www.pristatomegeles.lt\/en\/wp-json\/wp\/v2\/product_brand?post=12300"},{"taxonomy":"product_cat","embeddable":true,"href":"https:\/\/www.pristatomegeles.lt\/en\/wp-json\/wp\/v2\/product_cat?post=12300"},{"taxonomy":"product_tag","embeddable":true,"href":"https:\/\/www.pristatomegeles.lt\/en\/wp-json\/wp\/v2\/product_tag?post=12300"}],"curies":[{"name":"wp","href":"https:\/\/api.w.org\/{rel}","templated":true}]}}