{"id":12309,"date":"2018-02-08T13:59:12","date_gmt":"2018-02-08T11:59:12","guid":{"rendered":"http:\/\/www.pristatomegeles.lt\/produktas\/bouquet-of-yellow-and-purple-tulips\/"},"modified":"2021-04-22T09:18:04","modified_gmt":"2021-04-22T07:18:04","slug":"bouquet-of-yellow-and-purple-tulips","status":"publish","type":"product","link":"https:\/\/www.pristatomegeles.lt\/en\/produktas\/bouquet-of-yellow-and-purple-tulips\/","title":{"rendered":"Bouquet of yellow and purple tulips"},"content":{"rendered":"<p>Yellow and purple tulips are a very traditional and charming combination. Two contrasting colors will definitely leave an unforgettable impression for te receiver. Flowers will we wrapped in the cellophane and tied up with a ribbon.<\/p>\n","protected":false},"excerpt":{"rendered":"<p>Bright yellow and purple tulips are perfect to give to women on various occasions. This bouquet symbolizes softness, happiness, warmth, and love. Choose the desired number of flowers and surprise your loved people.<\/p>\n","protected":false},"featured_media":5748,"template":"","meta":[],"product_brand":[],"product_cat":[419,554],"product_tag":[],"class_list":{"0":"post-12309","1":"product","2":"type-product","3":"status-publish","4":"has-post-thumbnail","6":"product_cat-bouquets","7":"product_cat-tulips","8":"tm-has-options","10":"first","11":"instock","12":"taxable","13":"shipping-taxable","14":"purchasable","15":"product-type-variable","16":"has-default-attributes"},"yoast_head":"<!-- This site is optimized with the Yoast SEO plugin v24.3 - https:\/\/yoast.com\/wordpress\/plugins\/seo\/ -->\n<title>Bouquet of yellow and purple tulips | Spring flowers | Pristatome g\u0117les<\/title>\n<meta name=\"description\" content=\"Bright yellow and purple tulips are perfect to give to women on various occasions. Choose the desired number of flowers and surprise your loved people.\u00a0\" \/>\n<meta name=\"robots\" content=\"index, follow, max-snippet:-1, max-image-preview:large, max-video-preview:-1\" \/>\n<link rel=\"canonical\" href=\"https:\/\/www.pristatomegeles.lt\/en\/produktas\/bouquet-of-yellow-and-purple-tulips\/\" \/>\n<meta property=\"og:locale\" content=\"en_US\" \/>\n<meta property=\"og:type\" content=\"article\" \/>\n<meta property=\"og:title\" content=\"Bouquet of yellow and purple tulips | Spring flowers | Pristatome g\u0117les\" \/>\n<meta property=\"og:description\" content=\"Bright yellow and purple tulips are perfect to give to women on various occasions. Choose the desired number of flowers and surprise your loved people.\u00a0\" \/>\n<meta property=\"og:url\" content=\"https:\/\/www.pristatomegeles.lt\/en\/produktas\/bouquet-of-yellow-and-purple-tulips\/\" \/>\n<meta property=\"og:site_name\" content=\"Pristatomegeles.lt\" \/>\n<meta property=\"article:modified_time\" content=\"2021-04-22T07:18:04+00:00\" \/>\n<meta property=\"og:image\" content=\"https:\/\/www.pristatomegeles.lt\/wp-content\/uploads\/2018\/02\/tulpes-moters-dienai-geltonos-ir-violetines-1.jpg\" \/>\n\t<meta property=\"og:image:width\" content=\"1000\" \/>\n\t<meta property=\"og:image:height\" content=\"1000\" \/>\n\t<meta property=\"og:image:type\" content=\"image\/jpeg\" \/>\n<meta name=\"twitter:card\" content=\"summary_large_image\" \/>\n<script type=\"application\/ld+json\" class=\"yoast-schema-graph\">{\"@context\":\"https:\/\/schema.org\",\"@graph\":[{\"@type\":\"WebPage\",\"@id\":\"https:\/\/www.pristatomegeles.lt\/en\/produktas\/bouquet-of-yellow-and-purple-tulips\/\",\"url\":\"https:\/\/www.pristatomegeles.lt\/en\/produktas\/bouquet-of-yellow-and-purple-tulips\/\",\"name\":\"Bouquet of yellow and purple tulips | Spring flowers | Pristatome g\u0117les\",\"isPartOf\":{\"@id\":\"https:\/\/www.pristatomegeles.lt\/en\/#website\"},\"primaryImageOfPage\":{\"@id\":\"https:\/\/www.pristatomegeles.lt\/en\/produktas\/bouquet-of-yellow-and-purple-tulips\/#primaryimage\"},\"image\":{\"@id\":\"https:\/\/www.pristatomegeles.lt\/en\/produktas\/bouquet-of-yellow-and-purple-tulips\/#primaryimage\"},\"thumbnailUrl\":\"https:\/\/www.pristatomegeles.lt\/wp-content\/uploads\/2018\/02\/tulpes-moters-dienai-geltonos-ir-violetines-1-scaled.jpg\",\"datePublished\":\"2018-02-08T11:59:12+00:00\",\"dateModified\":\"2021-04-22T07:18:04+00:00\",\"description\":\"Bright yellow and purple tulips are perfect to give to women on various occasions. Choose the desired number of flowers and surprise your loved people.\u00a0\",\"breadcrumb\":{\"@id\":\"https:\/\/www.pristatomegeles.lt\/en\/produktas\/bouquet-of-yellow-and-purple-tulips\/#breadcrumb\"},\"inLanguage\":\"en-US\",\"potentialAction\":[{\"@type\":\"ReadAction\",\"target\":[\"https:\/\/www.pristatomegeles.lt\/en\/produktas\/bouquet-of-yellow-and-purple-tulips\/\"]}]},{\"@type\":\"ImageObject\",\"inLanguage\":\"en-US\",\"@id\":\"https:\/\/www.pristatomegeles.lt\/en\/produktas\/bouquet-of-yellow-and-purple-tulips\/#primaryimage\",\"url\":\"https:\/\/www.pristatomegeles.lt\/wp-content\/uploads\/2018\/02\/tulpes-moters-dienai-geltonos-ir-violetines-1-scaled.jpg\",\"contentUrl\":\"https:\/\/www.pristatomegeles.lt\/wp-content\/uploads\/2018\/02\/tulpes-moters-dienai-geltonos-ir-violetines-1-scaled.jpg\",\"width\":2560,\"height\":2560,\"caption\":\"Violetini\u0173 ir gelton\u0173 tulpi\u0173 puok\u0161t\u0117\"},{\"@type\":\"BreadcrumbList\",\"@id\":\"https:\/\/www.pristatomegeles.lt\/en\/produktas\/bouquet-of-yellow-and-purple-tulips\/#breadcrumb\",\"itemListElement\":[{\"@type\":\"ListItem\",\"position\":1,\"name\":\"Home\",\"item\":\"https:\/\/www.pristatomegeles.lt\/en\/home-2\/\"},{\"@type\":\"ListItem\",\"position\":2,\"name\":\"Flowers\",\"item\":\"https:\/\/www.pristatomegeles.lt\/en\/flowers\/\"},{\"@type\":\"ListItem\",\"position\":3,\"name\":\"Bouquet of yellow and purple tulips\"}]},{\"@type\":\"WebSite\",\"@id\":\"https:\/\/www.pristatomegeles.lt\/en\/#website\",\"url\":\"https:\/\/www.pristatomegeles.lt\/en\/\",\"name\":\"Pristatomegeles.lt\",\"description\":\"\",\"potentialAction\":[{\"@type\":\"SearchAction\",\"target\":{\"@type\":\"EntryPoint\",\"urlTemplate\":\"https:\/\/www.pristatomegeles.lt\/en\/?s={search_term_string}\"},\"query-input\":{\"@type\":\"PropertyValueSpecification\",\"valueRequired\":true,\"valueName\":\"search_term_string\"}}],\"inLanguage\":\"en-US\"}]}<\/script>\n<!-- \/ Yoast SEO plugin. -->","yoast_head_json":{"title":"Bouquet of yellow and purple tulips | Spring flowers | Pristatome g\u0117les","description":"Bright yellow and purple tulips are perfect to give to women on various occasions. Choose the desired number of flowers and surprise your loved people.\u00a0","robots":{"index":"index","follow":"follow","max-snippet":"max-snippet:-1","max-image-preview":"max-image-preview:large","max-video-preview":"max-video-preview:-1"},"canonical":"https:\/\/www.pristatomegeles.lt\/en\/produktas\/bouquet-of-yellow-and-purple-tulips\/","og_locale":"en_US","og_type":"article","og_title":"Bouquet of yellow and purple tulips | Spring flowers | Pristatome g\u0117les","og_description":"Bright yellow and purple tulips are perfect to give to women on various occasions. Choose the desired number of flowers and surprise your loved people.\u00a0","og_url":"https:\/\/www.pristatomegeles.lt\/en\/produktas\/bouquet-of-yellow-and-purple-tulips\/","og_site_name":"Pristatomegeles.lt","article_modified_time":"2021-04-22T07:18:04+00:00","og_image":[{"width":1000,"height":1000,"url":"https:\/\/www.pristatomegeles.lt\/wp-content\/uploads\/2018\/02\/tulpes-moters-dienai-geltonos-ir-violetines-1.jpg","type":"image\/jpeg"}],"twitter_card":"summary_large_image","schema":{"@context":"https:\/\/schema.org","@graph":[{"@type":"WebPage","@id":"https:\/\/www.pristatomegeles.lt\/en\/produktas\/bouquet-of-yellow-and-purple-tulips\/","url":"https:\/\/www.pristatomegeles.lt\/en\/produktas\/bouquet-of-yellow-and-purple-tulips\/","name":"Bouquet of yellow and purple tulips | Spring flowers | Pristatome g\u0117les","isPartOf":{"@id":"https:\/\/www.pristatomegeles.lt\/en\/#website"},"primaryImageOfPage":{"@id":"https:\/\/www.pristatomegeles.lt\/en\/produktas\/bouquet-of-yellow-and-purple-tulips\/#primaryimage"},"image":{"@id":"https:\/\/www.pristatomegeles.lt\/en\/produktas\/bouquet-of-yellow-and-purple-tulips\/#primaryimage"},"thumbnailUrl":"https:\/\/www.pristatomegeles.lt\/wp-content\/uploads\/2018\/02\/tulpes-moters-dienai-geltonos-ir-violetines-1-scaled.jpg","datePublished":"2018-02-08T11:59:12+00:00","dateModified":"2021-04-22T07:18:04+00:00","description":"Bright yellow and purple tulips are perfect to give to women on various occasions. Choose the desired number of flowers and surprise your loved people.\u00a0","breadcrumb":{"@id":"https:\/\/www.pristatomegeles.lt\/en\/produktas\/bouquet-of-yellow-and-purple-tulips\/#breadcrumb"},"inLanguage":"en-US","potentialAction":[{"@type":"ReadAction","target":["https:\/\/www.pristatomegeles.lt\/en\/produktas\/bouquet-of-yellow-and-purple-tulips\/"]}]},{"@type":"ImageObject","inLanguage":"en-US","@id":"https:\/\/www.pristatomegeles.lt\/en\/produktas\/bouquet-of-yellow-and-purple-tulips\/#primaryimage","url":"https:\/\/www.pristatomegeles.lt\/wp-content\/uploads\/2018\/02\/tulpes-moters-dienai-geltonos-ir-violetines-1-scaled.jpg","contentUrl":"https:\/\/www.pristatomegeles.lt\/wp-content\/uploads\/2018\/02\/tulpes-moters-dienai-geltonos-ir-violetines-1-scaled.jpg","width":2560,"height":2560,"caption":"Violetini\u0173 ir gelton\u0173 tulpi\u0173 puok\u0161t\u0117"},{"@type":"BreadcrumbList","@id":"https:\/\/www.pristatomegeles.lt\/en\/produktas\/bouquet-of-yellow-and-purple-tulips\/#breadcrumb","itemListElement":[{"@type":"ListItem","position":1,"name":"Home","item":"https:\/\/www.pristatomegeles.lt\/en\/home-2\/"},{"@type":"ListItem","position":2,"name":"Flowers","item":"https:\/\/www.pristatomegeles.lt\/en\/flowers\/"},{"@type":"ListItem","position":3,"name":"Bouquet of yellow and purple tulips"}]},{"@type":"WebSite","@id":"https:\/\/www.pristatomegeles.lt\/en\/#website","url":"https:\/\/www.pristatomegeles.lt\/en\/","name":"Pristatomegeles.lt","description":"","potentialAction":[{"@type":"SearchAction","target":{"@type":"EntryPoint","urlTemplate":"https:\/\/www.pristatomegeles.lt\/en\/?s={search_term_string}"},"query-input":{"@type":"PropertyValueSpecification","valueRequired":true,"valueName":"search_term_string"}}],"inLanguage":"en-US"}]}},"_links":{"self":[{"href":"https:\/\/www.pristatomegeles.lt\/en\/wp-json\/wp\/v2\/product\/12309","targetHints":{"allow":["GET"]}}],"collection":[{"href":"https:\/\/www.pristatomegeles.lt\/en\/wp-json\/wp\/v2\/product"}],"about":[{"href":"https:\/\/www.pristatomegeles.lt\/en\/wp-json\/wp\/v2\/types\/product"}],"wp:featuredmedia":[{"embeddable":true,"href":"https:\/\/www.pristatomegeles.lt\/en\/wp-json\/wp\/v2\/media\/5748"}],"wp:attachment":[{"href":"https:\/\/www.pristatomegeles.lt\/en\/wp-json\/wp\/v2\/media?parent=12309"}],"wp:term":[{"taxonomy":"product_brand","embeddable":true,"href":"https:\/\/www.pristatomegeles.lt\/en\/wp-json\/wp\/v2\/product_brand?post=12309"},{"taxonomy":"product_cat","embeddable":true,"href":"https:\/\/www.pristatomegeles.lt\/en\/wp-json\/wp\/v2\/product_cat?post=12309"},{"taxonomy":"product_tag","embeddable":true,"href":"https:\/\/www.pristatomegeles.lt\/en\/wp-json\/wp\/v2\/product_tag?post=12309"}],"curies":[{"name":"wp","href":"https:\/\/api.w.org\/{rel}","templated":true}]}}