{"id":12323,"date":"2018-02-08T08:17:20","date_gmt":"2018-02-08T06:17:20","guid":{"rendered":"http:\/\/www.pristatomegeles.lt\/produktas\/box-of-red-roses-surprise-2\/"},"modified":"2026-02-05T20:37:22","modified_gmt":"2026-02-05T18:37:22","slug":"box-of-red-roses-surprise-2","status":"publish","type":"product","link":"https:\/\/www.pristatomegeles.lt\/en\/produktas\/box-of-red-roses-surprise-2\/","title":{"rendered":"Box of red roses &#8220;Surprise&#8221;"},"content":{"rendered":"<p>Box of red roses &#8220;Surprise&#8221; is not only a beautiful but also a sweet way to congratulate your close people. Roses are classical flowers, they are especially lovely and feminine, which is why one may give it to his loved woman, mother, sister, or a friend. The box consists of the number of flowers you choose, from that depends the price. The number of flowers may differ, for example, if you choose 15-17 roses, the box will consist of no less than 15 or no more than 17 roses. The best part is that the receiver will get not only flowers but also &#8220;Raffaello&#8221; candies will be incorporated. This gift will be decorated with a silky paper, so the overall composition looks perfect. Surprise your loved woman by ordering this bouquet with home delivery in Vilnius and Vilnius districts.<\/p>\n","protected":false},"excerpt":{"rendered":"<p>Rose and &#8220;Raffaello&#8221; box of an exceptional beauty. Show your loved women your feelings by giving her this box.<\/p>\n<p>The box consists of the number of roses you choose and the box (150 g) of &#8220;Raffaello&#8221;.<\/p>\n","protected":false},"featured_media":4315,"template":"","meta":[],"product_brand":[],"product_cat":[1499,1497,414,1491,1498,1494,1152,1153,415,1501],"product_tag":[],"class_list":{"0":"post-12323","1":"product","2":"type-product","3":"status-publish","4":"has-post-thumbnail","6":"product_cat-anniversary-flowers","7":"product_cat-birthday-flowers","8":"product_cat-flower-boxes","9":"product_cat-flowers-for-a-girl","10":"product_cat-flowers-for-mom","11":"product_cat-flowers-for-women","12":"product_cat-march-8-flowers","13":"product_cat-mothers-day-flowers","14":"product_cat-roses","15":"product_cat-valentines-day-flowers","16":"tm-no-options","18":"first","19":"instock","20":"taxable","21":"shipping-taxable","22":"purchasable","23":"product-type-variable","24":"has-default-attributes"},"yoast_head":"<!-- This site is optimized with the Yoast SEO plugin v24.3 - https:\/\/yoast.com\/wordpress\/plugins\/seo\/ -->\n<title>Box of red roses &quot;Surprise&quot; | Flowers in Vilnius | Pristatome g\u0117les<\/title>\n<meta name=\"description\" content=\"Express your emotions and feelings by giving this wonderful box of red roses and &quot;Raffaello&quot; candies.\" \/>\n<meta name=\"robots\" content=\"index, follow, max-snippet:-1, max-image-preview:large, max-video-preview:-1\" \/>\n<link rel=\"canonical\" href=\"https:\/\/www.pristatomegeles.lt\/en\/produktas\/box-of-red-roses-surprise-2\/\" \/>\n<meta property=\"og:locale\" content=\"en_US\" \/>\n<meta property=\"og:type\" content=\"article\" \/>\n<meta property=\"og:title\" content=\"Box of red roses &quot;Surprise&quot; | Flowers in Vilnius | Pristatome g\u0117les\" \/>\n<meta property=\"og:description\" content=\"Express your emotions and feelings by giving this wonderful box of red roses and &quot;Raffaello&quot; candies.\" \/>\n<meta property=\"og:url\" content=\"https:\/\/www.pristatomegeles.lt\/en\/produktas\/box-of-red-roses-surprise-2\/\" \/>\n<meta property=\"og:site_name\" content=\"Pristatomegeles.lt\" \/>\n<meta property=\"article:modified_time\" content=\"2026-02-05T18:37:22+00:00\" \/>\n<meta property=\"og:image\" content=\"https:\/\/www.pristatomegeles.lt\/wp-content\/uploads\/2018\/02\/geliu-dezutes-rozes-staigmena.jpg\" \/>\n\t<meta property=\"og:image:width\" content=\"601\" \/>\n\t<meta property=\"og:image:height\" content=\"600\" \/>\n\t<meta property=\"og:image:type\" content=\"image\/jpeg\" \/>\n<meta name=\"twitter:card\" content=\"summary_large_image\" \/>\n<meta name=\"twitter:label1\" content=\"Est. reading time\" \/>\n\t<meta name=\"twitter:data1\" content=\"1 minute\" \/>\n<script type=\"application\/ld+json\" class=\"yoast-schema-graph\">{\"@context\":\"https:\/\/schema.org\",\"@graph\":[{\"@type\":\"WebPage\",\"@id\":\"https:\/\/www.pristatomegeles.lt\/en\/produktas\/box-of-red-roses-surprise-2\/\",\"url\":\"https:\/\/www.pristatomegeles.lt\/en\/produktas\/box-of-red-roses-surprise-2\/\",\"name\":\"Box of red roses \\\"Surprise\\\" | Flowers in Vilnius | Pristatome g\u0117les\",\"isPartOf\":{\"@id\":\"https:\/\/www.pristatomegeles.lt\/en\/#website\"},\"primaryImageOfPage\":{\"@id\":\"https:\/\/www.pristatomegeles.lt\/en\/produktas\/box-of-red-roses-surprise-2\/#primaryimage\"},\"image\":{\"@id\":\"https:\/\/www.pristatomegeles.lt\/en\/produktas\/box-of-red-roses-surprise-2\/#primaryimage\"},\"thumbnailUrl\":\"https:\/\/www.pristatomegeles.lt\/wp-content\/uploads\/2018\/02\/geliu-dezutes-rozes-staigmena.jpg\",\"datePublished\":\"2018-02-08T06:17:20+00:00\",\"dateModified\":\"2026-02-05T18:37:22+00:00\",\"description\":\"Express your emotions and feelings by giving this wonderful box of red roses and \\\"Raffaello\\\" candies.\",\"breadcrumb\":{\"@id\":\"https:\/\/www.pristatomegeles.lt\/en\/produktas\/box-of-red-roses-surprise-2\/#breadcrumb\"},\"inLanguage\":\"en-US\",\"potentialAction\":[{\"@type\":\"ReadAction\",\"target\":[\"https:\/\/www.pristatomegeles.lt\/en\/produktas\/box-of-red-roses-surprise-2\/\"]}]},{\"@type\":\"ImageObject\",\"inLanguage\":\"en-US\",\"@id\":\"https:\/\/www.pristatomegeles.lt\/en\/produktas\/box-of-red-roses-surprise-2\/#primaryimage\",\"url\":\"https:\/\/www.pristatomegeles.lt\/wp-content\/uploads\/2018\/02\/geliu-dezutes-rozes-staigmena.jpg\",\"contentUrl\":\"https:\/\/www.pristatomegeles.lt\/wp-content\/uploads\/2018\/02\/geliu-dezutes-rozes-staigmena.jpg\",\"width\":601,\"height\":600,\"caption\":\"raudonos ro\u017e\u0117s staigmena g\u0117l\u0117s d\u0117\u017eut\u0117se\"},{\"@type\":\"BreadcrumbList\",\"@id\":\"https:\/\/www.pristatomegeles.lt\/en\/produktas\/box-of-red-roses-surprise-2\/#breadcrumb\",\"itemListElement\":[{\"@type\":\"ListItem\",\"position\":1,\"name\":\"Home\",\"item\":\"https:\/\/www.pristatomegeles.lt\/en\/home-2\/\"},{\"@type\":\"ListItem\",\"position\":2,\"name\":\"Flowers\",\"item\":\"https:\/\/www.pristatomegeles.lt\/en\/flowers\/\"},{\"@type\":\"ListItem\",\"position\":3,\"name\":\"Box of red roses &#8220;Surprise&#8221;\"}]},{\"@type\":\"WebSite\",\"@id\":\"https:\/\/www.pristatomegeles.lt\/en\/#website\",\"url\":\"https:\/\/www.pristatomegeles.lt\/en\/\",\"name\":\"Pristatomegeles.lt\",\"description\":\"\",\"potentialAction\":[{\"@type\":\"SearchAction\",\"target\":{\"@type\":\"EntryPoint\",\"urlTemplate\":\"https:\/\/www.pristatomegeles.lt\/en\/?s={search_term_string}\"},\"query-input\":{\"@type\":\"PropertyValueSpecification\",\"valueRequired\":true,\"valueName\":\"search_term_string\"}}],\"inLanguage\":\"en-US\"}]}<\/script>\n<!-- \/ Yoast SEO plugin. -->","yoast_head_json":{"title":"Box of red roses \"Surprise\" | Flowers in Vilnius | Pristatome g\u0117les","description":"Express your emotions and feelings by giving this wonderful box of red roses and \"Raffaello\" candies.","robots":{"index":"index","follow":"follow","max-snippet":"max-snippet:-1","max-image-preview":"max-image-preview:large","max-video-preview":"max-video-preview:-1"},"canonical":"https:\/\/www.pristatomegeles.lt\/en\/produktas\/box-of-red-roses-surprise-2\/","og_locale":"en_US","og_type":"article","og_title":"Box of red roses \"Surprise\" | Flowers in Vilnius | Pristatome g\u0117les","og_description":"Express your emotions and feelings by giving this wonderful box of red roses and \"Raffaello\" candies.","og_url":"https:\/\/www.pristatomegeles.lt\/en\/produktas\/box-of-red-roses-surprise-2\/","og_site_name":"Pristatomegeles.lt","article_modified_time":"2026-02-05T18:37:22+00:00","og_image":[{"width":601,"height":600,"url":"https:\/\/www.pristatomegeles.lt\/wp-content\/uploads\/2018\/02\/geliu-dezutes-rozes-staigmena.jpg","type":"image\/jpeg"}],"twitter_card":"summary_large_image","twitter_misc":{"Est. reading time":"1 minute"},"schema":{"@context":"https:\/\/schema.org","@graph":[{"@type":"WebPage","@id":"https:\/\/www.pristatomegeles.lt\/en\/produktas\/box-of-red-roses-surprise-2\/","url":"https:\/\/www.pristatomegeles.lt\/en\/produktas\/box-of-red-roses-surprise-2\/","name":"Box of red roses \"Surprise\" | Flowers in Vilnius | Pristatome g\u0117les","isPartOf":{"@id":"https:\/\/www.pristatomegeles.lt\/en\/#website"},"primaryImageOfPage":{"@id":"https:\/\/www.pristatomegeles.lt\/en\/produktas\/box-of-red-roses-surprise-2\/#primaryimage"},"image":{"@id":"https:\/\/www.pristatomegeles.lt\/en\/produktas\/box-of-red-roses-surprise-2\/#primaryimage"},"thumbnailUrl":"https:\/\/www.pristatomegeles.lt\/wp-content\/uploads\/2018\/02\/geliu-dezutes-rozes-staigmena.jpg","datePublished":"2018-02-08T06:17:20+00:00","dateModified":"2026-02-05T18:37:22+00:00","description":"Express your emotions and feelings by giving this wonderful box of red roses and \"Raffaello\" candies.","breadcrumb":{"@id":"https:\/\/www.pristatomegeles.lt\/en\/produktas\/box-of-red-roses-surprise-2\/#breadcrumb"},"inLanguage":"en-US","potentialAction":[{"@type":"ReadAction","target":["https:\/\/www.pristatomegeles.lt\/en\/produktas\/box-of-red-roses-surprise-2\/"]}]},{"@type":"ImageObject","inLanguage":"en-US","@id":"https:\/\/www.pristatomegeles.lt\/en\/produktas\/box-of-red-roses-surprise-2\/#primaryimage","url":"https:\/\/www.pristatomegeles.lt\/wp-content\/uploads\/2018\/02\/geliu-dezutes-rozes-staigmena.jpg","contentUrl":"https:\/\/www.pristatomegeles.lt\/wp-content\/uploads\/2018\/02\/geliu-dezutes-rozes-staigmena.jpg","width":601,"height":600,"caption":"raudonos ro\u017e\u0117s staigmena g\u0117l\u0117s d\u0117\u017eut\u0117se"},{"@type":"BreadcrumbList","@id":"https:\/\/www.pristatomegeles.lt\/en\/produktas\/box-of-red-roses-surprise-2\/#breadcrumb","itemListElement":[{"@type":"ListItem","position":1,"name":"Home","item":"https:\/\/www.pristatomegeles.lt\/en\/home-2\/"},{"@type":"ListItem","position":2,"name":"Flowers","item":"https:\/\/www.pristatomegeles.lt\/en\/flowers\/"},{"@type":"ListItem","position":3,"name":"Box of red roses &#8220;Surprise&#8221;"}]},{"@type":"WebSite","@id":"https:\/\/www.pristatomegeles.lt\/en\/#website","url":"https:\/\/www.pristatomegeles.lt\/en\/","name":"Pristatomegeles.lt","description":"","potentialAction":[{"@type":"SearchAction","target":{"@type":"EntryPoint","urlTemplate":"https:\/\/www.pristatomegeles.lt\/en\/?s={search_term_string}"},"query-input":{"@type":"PropertyValueSpecification","valueRequired":true,"valueName":"search_term_string"}}],"inLanguage":"en-US"}]}},"_links":{"self":[{"href":"https:\/\/www.pristatomegeles.lt\/en\/wp-json\/wp\/v2\/product\/12323","targetHints":{"allow":["GET"]}}],"collection":[{"href":"https:\/\/www.pristatomegeles.lt\/en\/wp-json\/wp\/v2\/product"}],"about":[{"href":"https:\/\/www.pristatomegeles.lt\/en\/wp-json\/wp\/v2\/types\/product"}],"wp:featuredmedia":[{"embeddable":true,"href":"https:\/\/www.pristatomegeles.lt\/en\/wp-json\/wp\/v2\/media\/4315"}],"wp:attachment":[{"href":"https:\/\/www.pristatomegeles.lt\/en\/wp-json\/wp\/v2\/media?parent=12323"}],"wp:term":[{"taxonomy":"product_brand","embeddable":true,"href":"https:\/\/www.pristatomegeles.lt\/en\/wp-json\/wp\/v2\/product_brand?post=12323"},{"taxonomy":"product_cat","embeddable":true,"href":"https:\/\/www.pristatomegeles.lt\/en\/wp-json\/wp\/v2\/product_cat?post=12323"},{"taxonomy":"product_tag","embeddable":true,"href":"https:\/\/www.pristatomegeles.lt\/en\/wp-json\/wp\/v2\/product_tag?post=12323"}],"curies":[{"name":"wp","href":"https:\/\/api.w.org\/{rel}","templated":true}]}}