{"id":12336,"date":"2018-02-06T15:04:30","date_gmt":"2018-02-06T13:04:30","guid":{"rendered":"http:\/\/www.pristatomegeles.lt\/produktas\/bouquet-of-white-tulips\/"},"modified":"2021-04-22T09:20:48","modified_gmt":"2021-04-22T07:20:48","slug":"bouquet-of-white-tulips","status":"publish","type":"product","link":"https:\/\/www.pristatomegeles.lt\/en\/produktas\/bouquet-of-white-tulips\/","title":{"rendered":"Bouquet of white tulips"},"content":{"rendered":"<p>White tulips are a subtle gift. Flowers of this color are often given to women. For its elegant appearance and pure color, the bouquet is suitable for solid occasions such as anniversaries, or romantic celebrations such as Valentine&#8217;s Day.\u00a0 The bouquet consists of the number of flowers you choose, the cellophane, and the ribbon.<\/p>\n","protected":false},"excerpt":{"rendered":"<p>Bouquet of white tulips is suitable to give to women and to young ladies. These flowers are elegant, original, and simple. Choose the desired number of flowers and surprise your loved person.<\/p>\n","protected":false},"featured_media":4323,"template":"","meta":[],"product_brand":[],"product_cat":[1499,1497,419,1491,590,1498,1494,1152,554],"product_tag":[],"class_list":{"0":"post-12336","1":"product","2":"type-product","3":"status-publish","4":"has-post-thumbnail","6":"product_cat-anniversary-flowers","7":"product_cat-birthday-flowers","8":"product_cat-bouquets","9":"product_cat-flowers-for-a-girl","10":"product_cat-flowers-for-funerals","11":"product_cat-flowers-for-mom","12":"product_cat-flowers-for-women","13":"product_cat-march-8-flowers","14":"product_cat-tulips","15":"tm-has-options","17":"first","18":"outofstock","19":"taxable","20":"shipping-taxable","21":"purchasable","22":"product-type-variable","23":"has-default-attributes"},"yoast_head":"<!-- This site is optimized with the Yoast SEO plugin v24.3 - https:\/\/yoast.com\/wordpress\/plugins\/seo\/ -->\n<title>Bouquet of white tulips | Flower delivery in Vilnius | Pristatome g\u0117les<\/title>\n<meta name=\"description\" content=\"Surprise your loved ones on Valentine&#039;s Day, Women&#039;s Day, or on any other celebration with this bouquet of white tulips.\" \/>\n<meta name=\"robots\" content=\"index, follow, max-snippet:-1, max-image-preview:large, max-video-preview:-1\" \/>\n<link rel=\"canonical\" href=\"https:\/\/www.pristatomegeles.lt\/en\/produktas\/bouquet-of-white-tulips\/\" \/>\n<meta property=\"og:locale\" content=\"en_US\" \/>\n<meta property=\"og:type\" content=\"article\" \/>\n<meta property=\"og:title\" content=\"Bouquet of white tulips | Flower delivery in Vilnius | Pristatome g\u0117les\" \/>\n<meta property=\"og:description\" content=\"Surprise your loved ones on Valentine&#039;s Day, Women&#039;s Day, or on any other celebration with this bouquet of white tulips.\" \/>\n<meta property=\"og:url\" content=\"https:\/\/www.pristatomegeles.lt\/en\/produktas\/bouquet-of-white-tulips\/\" \/>\n<meta property=\"og:site_name\" content=\"Pristatomegeles.lt\" \/>\n<meta property=\"article:modified_time\" content=\"2021-04-22T07:20:48+00:00\" \/>\n<meta property=\"og:image\" content=\"https:\/\/www.pristatomegeles.lt\/wp-content\/uploads\/2018\/02\/geliu-puokstes-baltos-tulpes-1.jpg\" \/>\n\t<meta property=\"og:image:width\" content=\"600\" \/>\n\t<meta property=\"og:image:height\" content=\"600\" \/>\n\t<meta property=\"og:image:type\" content=\"image\/jpeg\" \/>\n<meta name=\"twitter:card\" content=\"summary_large_image\" \/>\n<script type=\"application\/ld+json\" class=\"yoast-schema-graph\">{\"@context\":\"https:\/\/schema.org\",\"@graph\":[{\"@type\":\"WebPage\",\"@id\":\"https:\/\/www.pristatomegeles.lt\/en\/produktas\/bouquet-of-white-tulips\/\",\"url\":\"https:\/\/www.pristatomegeles.lt\/en\/produktas\/bouquet-of-white-tulips\/\",\"name\":\"Bouquet of white tulips | Flower delivery in Vilnius | Pristatome g\u0117les\",\"isPartOf\":{\"@id\":\"https:\/\/www.pristatomegeles.lt\/en\/#website\"},\"primaryImageOfPage\":{\"@id\":\"https:\/\/www.pristatomegeles.lt\/en\/produktas\/bouquet-of-white-tulips\/#primaryimage\"},\"image\":{\"@id\":\"https:\/\/www.pristatomegeles.lt\/en\/produktas\/bouquet-of-white-tulips\/#primaryimage\"},\"thumbnailUrl\":\"https:\/\/www.pristatomegeles.lt\/wp-content\/uploads\/2018\/02\/geliu-puokstes-baltos-tulpes-1.jpg\",\"datePublished\":\"2018-02-06T13:04:30+00:00\",\"dateModified\":\"2021-04-22T07:20:48+00:00\",\"description\":\"Surprise your loved ones on Valentine's Day, Women's Day, or on any other celebration with this bouquet of white tulips.\",\"breadcrumb\":{\"@id\":\"https:\/\/www.pristatomegeles.lt\/en\/produktas\/bouquet-of-white-tulips\/#breadcrumb\"},\"inLanguage\":\"en-US\",\"potentialAction\":[{\"@type\":\"ReadAction\",\"target\":[\"https:\/\/www.pristatomegeles.lt\/en\/produktas\/bouquet-of-white-tulips\/\"]}]},{\"@type\":\"ImageObject\",\"inLanguage\":\"en-US\",\"@id\":\"https:\/\/www.pristatomegeles.lt\/en\/produktas\/bouquet-of-white-tulips\/#primaryimage\",\"url\":\"https:\/\/www.pristatomegeles.lt\/wp-content\/uploads\/2018\/02\/geliu-puokstes-baltos-tulpes-1.jpg\",\"contentUrl\":\"https:\/\/www.pristatomegeles.lt\/wp-content\/uploads\/2018\/02\/geliu-puokstes-baltos-tulpes-1.jpg\",\"width\":600,\"height\":600,\"caption\":\"Baaltos tulp\u0117s g\u0117l\u0117s puok\u0161t\u0117se\"},{\"@type\":\"BreadcrumbList\",\"@id\":\"https:\/\/www.pristatomegeles.lt\/en\/produktas\/bouquet-of-white-tulips\/#breadcrumb\",\"itemListElement\":[{\"@type\":\"ListItem\",\"position\":1,\"name\":\"Home\",\"item\":\"https:\/\/www.pristatomegeles.lt\/en\/home-2\/\"},{\"@type\":\"ListItem\",\"position\":2,\"name\":\"Flowers\",\"item\":\"https:\/\/www.pristatomegeles.lt\/en\/flowers\/\"},{\"@type\":\"ListItem\",\"position\":3,\"name\":\"Bouquet of white tulips\"}]},{\"@type\":\"WebSite\",\"@id\":\"https:\/\/www.pristatomegeles.lt\/en\/#website\",\"url\":\"https:\/\/www.pristatomegeles.lt\/en\/\",\"name\":\"Pristatomegeles.lt\",\"description\":\"\",\"potentialAction\":[{\"@type\":\"SearchAction\",\"target\":{\"@type\":\"EntryPoint\",\"urlTemplate\":\"https:\/\/www.pristatomegeles.lt\/en\/?s={search_term_string}\"},\"query-input\":{\"@type\":\"PropertyValueSpecification\",\"valueRequired\":true,\"valueName\":\"search_term_string\"}}],\"inLanguage\":\"en-US\"}]}<\/script>\n<!-- \/ Yoast SEO plugin. -->","yoast_head_json":{"title":"Bouquet of white tulips | Flower delivery in Vilnius | Pristatome g\u0117les","description":"Surprise your loved ones on Valentine's Day, Women's Day, or on any other celebration with this bouquet of white tulips.","robots":{"index":"index","follow":"follow","max-snippet":"max-snippet:-1","max-image-preview":"max-image-preview:large","max-video-preview":"max-video-preview:-1"},"canonical":"https:\/\/www.pristatomegeles.lt\/en\/produktas\/bouquet-of-white-tulips\/","og_locale":"en_US","og_type":"article","og_title":"Bouquet of white tulips | Flower delivery in Vilnius | Pristatome g\u0117les","og_description":"Surprise your loved ones on Valentine's Day, Women's Day, or on any other celebration with this bouquet of white tulips.","og_url":"https:\/\/www.pristatomegeles.lt\/en\/produktas\/bouquet-of-white-tulips\/","og_site_name":"Pristatomegeles.lt","article_modified_time":"2021-04-22T07:20:48+00:00","og_image":[{"width":600,"height":600,"url":"https:\/\/www.pristatomegeles.lt\/wp-content\/uploads\/2018\/02\/geliu-puokstes-baltos-tulpes-1.jpg","type":"image\/jpeg"}],"twitter_card":"summary_large_image","schema":{"@context":"https:\/\/schema.org","@graph":[{"@type":"WebPage","@id":"https:\/\/www.pristatomegeles.lt\/en\/produktas\/bouquet-of-white-tulips\/","url":"https:\/\/www.pristatomegeles.lt\/en\/produktas\/bouquet-of-white-tulips\/","name":"Bouquet of white tulips | Flower delivery in Vilnius | Pristatome g\u0117les","isPartOf":{"@id":"https:\/\/www.pristatomegeles.lt\/en\/#website"},"primaryImageOfPage":{"@id":"https:\/\/www.pristatomegeles.lt\/en\/produktas\/bouquet-of-white-tulips\/#primaryimage"},"image":{"@id":"https:\/\/www.pristatomegeles.lt\/en\/produktas\/bouquet-of-white-tulips\/#primaryimage"},"thumbnailUrl":"https:\/\/www.pristatomegeles.lt\/wp-content\/uploads\/2018\/02\/geliu-puokstes-baltos-tulpes-1.jpg","datePublished":"2018-02-06T13:04:30+00:00","dateModified":"2021-04-22T07:20:48+00:00","description":"Surprise your loved ones on Valentine's Day, Women's Day, or on any other celebration with this bouquet of white tulips.","breadcrumb":{"@id":"https:\/\/www.pristatomegeles.lt\/en\/produktas\/bouquet-of-white-tulips\/#breadcrumb"},"inLanguage":"en-US","potentialAction":[{"@type":"ReadAction","target":["https:\/\/www.pristatomegeles.lt\/en\/produktas\/bouquet-of-white-tulips\/"]}]},{"@type":"ImageObject","inLanguage":"en-US","@id":"https:\/\/www.pristatomegeles.lt\/en\/produktas\/bouquet-of-white-tulips\/#primaryimage","url":"https:\/\/www.pristatomegeles.lt\/wp-content\/uploads\/2018\/02\/geliu-puokstes-baltos-tulpes-1.jpg","contentUrl":"https:\/\/www.pristatomegeles.lt\/wp-content\/uploads\/2018\/02\/geliu-puokstes-baltos-tulpes-1.jpg","width":600,"height":600,"caption":"Baaltos tulp\u0117s g\u0117l\u0117s puok\u0161t\u0117se"},{"@type":"BreadcrumbList","@id":"https:\/\/www.pristatomegeles.lt\/en\/produktas\/bouquet-of-white-tulips\/#breadcrumb","itemListElement":[{"@type":"ListItem","position":1,"name":"Home","item":"https:\/\/www.pristatomegeles.lt\/en\/home-2\/"},{"@type":"ListItem","position":2,"name":"Flowers","item":"https:\/\/www.pristatomegeles.lt\/en\/flowers\/"},{"@type":"ListItem","position":3,"name":"Bouquet of white tulips"}]},{"@type":"WebSite","@id":"https:\/\/www.pristatomegeles.lt\/en\/#website","url":"https:\/\/www.pristatomegeles.lt\/en\/","name":"Pristatomegeles.lt","description":"","potentialAction":[{"@type":"SearchAction","target":{"@type":"EntryPoint","urlTemplate":"https:\/\/www.pristatomegeles.lt\/en\/?s={search_term_string}"},"query-input":{"@type":"PropertyValueSpecification","valueRequired":true,"valueName":"search_term_string"}}],"inLanguage":"en-US"}]}},"_links":{"self":[{"href":"https:\/\/www.pristatomegeles.lt\/en\/wp-json\/wp\/v2\/product\/12336","targetHints":{"allow":["GET"]}}],"collection":[{"href":"https:\/\/www.pristatomegeles.lt\/en\/wp-json\/wp\/v2\/product"}],"about":[{"href":"https:\/\/www.pristatomegeles.lt\/en\/wp-json\/wp\/v2\/types\/product"}],"wp:featuredmedia":[{"embeddable":true,"href":"https:\/\/www.pristatomegeles.lt\/en\/wp-json\/wp\/v2\/media\/4323"}],"wp:attachment":[{"href":"https:\/\/www.pristatomegeles.lt\/en\/wp-json\/wp\/v2\/media?parent=12336"}],"wp:term":[{"taxonomy":"product_brand","embeddable":true,"href":"https:\/\/www.pristatomegeles.lt\/en\/wp-json\/wp\/v2\/product_brand?post=12336"},{"taxonomy":"product_cat","embeddable":true,"href":"https:\/\/www.pristatomegeles.lt\/en\/wp-json\/wp\/v2\/product_cat?post=12336"},{"taxonomy":"product_tag","embeddable":true,"href":"https:\/\/www.pristatomegeles.lt\/en\/wp-json\/wp\/v2\/product_tag?post=12336"}],"curies":[{"name":"wp","href":"https:\/\/api.w.org\/{rel}","templated":true}]}}