{"id":12373,"date":"2018-02-05T16:55:20","date_gmt":"2018-02-05T14:55:20","guid":{"rendered":"http:\/\/www.pristatomegeles.lt\/produktas\/flower-box-warmth\/"},"modified":"2021-04-28T14:47:33","modified_gmt":"2021-04-28T12:47:33","slug":"flower-box-warmth","status":"publish","type":"product","link":"https:\/\/www.pristatomegeles.lt\/en\/produktas\/flower-box-warmth\/","title":{"rendered":"Flower box &#8220;Warmth&#8221;"},"content":{"rendered":"<p>Hydrangeas are warm season flowers. For that reason, this box is suitable to give on any summer celebration. Such a mix of flowers will be admired both by men and women. Order online and we will deliver this box to your special person. The color of box is chosen randomly, however, we always match it with the color of flowers and other decorations. If you want a particular color for the box, please contact us.<\/p>\n","protected":false},"excerpt":{"rendered":"<p>Summer box is a great gift for any occasion. The box consists of the hydrangea and other colorful flowers. Such box will become a true decoration of a receiver&#8217;s home or office.<\/p>\n","protected":false},"featured_media":4008,"template":"","meta":[],"product_brand":[],"product_cat":[454,1499,1497,457,435,414,1491,1496,1498,1494,497,464,1153,415],"product_tag":[],"class_list":{"0":"post-12373","1":"product","2":"type-product","3":"status-publish","4":"has-post-thumbnail","6":"product_cat-alstromerias","7":"product_cat-anniversary-flowers","8":"product_cat-birthday-flowers","9":"product_cat-carnations","10":"product_cat-eustomas","11":"product_cat-flower-boxes","12":"product_cat-flowers-for-a-girl","13":"product_cat-flowers-for-men","14":"product_cat-flowers-for-mom","15":"product_cat-flowers-for-women","16":"product_cat-freesias","17":"product_cat-hydrangeas","18":"product_cat-mothers-day-flowers","19":"product_cat-roses","20":"tm-no-options","22":"first","23":"outofstock","24":"taxable","25":"shipping-taxable","26":"purchasable","27":"product-type-variable","28":"has-default-attributes"},"yoast_head":"<!-- This site is optimized with the Yoast SEO plugin v24.3 - https:\/\/yoast.com\/wordpress\/plugins\/seo\/ -->\n<title>Flower box &quot;Warmth&quot; | Flower delivery in Vilnius | Pristatome g\u0117les<\/title>\n<meta name=\"description\" content=\"Original, unusual, and stylish box of various flowers will become a splendid gift for your loved people.\" \/>\n<meta name=\"robots\" content=\"index, follow, max-snippet:-1, max-image-preview:large, max-video-preview:-1\" \/>\n<link rel=\"canonical\" href=\"https:\/\/www.pristatomegeles.lt\/en\/produktas\/flower-box-warmth\/\" \/>\n<meta property=\"og:locale\" content=\"en_US\" \/>\n<meta property=\"og:type\" content=\"article\" \/>\n<meta property=\"og:title\" content=\"Flower box &quot;Warmth&quot; | Flower delivery in Vilnius | Pristatome g\u0117les\" \/>\n<meta property=\"og:description\" content=\"Original, unusual, and stylish box of various flowers will become a splendid gift for your loved people.\" \/>\n<meta property=\"og:url\" content=\"https:\/\/www.pristatomegeles.lt\/en\/produktas\/flower-box-warmth\/\" \/>\n<meta property=\"og:site_name\" content=\"Pristatomegeles.lt\" \/>\n<meta property=\"article:modified_time\" content=\"2021-04-28T12:47:33+00:00\" \/>\n<meta property=\"og:image\" content=\"https:\/\/www.pristatomegeles.lt\/wp-content\/uploads\/2018\/02\/geles-moterims-ivairiu-geliu-dezutes.jpg\" \/>\n\t<meta property=\"og:image:width\" content=\"600\" \/>\n\t<meta property=\"og:image:height\" content=\"600\" \/>\n\t<meta property=\"og:image:type\" content=\"image\/jpeg\" \/>\n<meta name=\"twitter:card\" content=\"summary_large_image\" \/>\n<script type=\"application\/ld+json\" class=\"yoast-schema-graph\">{\"@context\":\"https:\/\/schema.org\",\"@graph\":[{\"@type\":\"WebPage\",\"@id\":\"https:\/\/www.pristatomegeles.lt\/en\/produktas\/flower-box-warmth\/\",\"url\":\"https:\/\/www.pristatomegeles.lt\/en\/produktas\/flower-box-warmth\/\",\"name\":\"Flower box \\\"Warmth\\\" | Flower delivery in Vilnius | Pristatome g\u0117les\",\"isPartOf\":{\"@id\":\"https:\/\/www.pristatomegeles.lt\/en\/#website\"},\"primaryImageOfPage\":{\"@id\":\"https:\/\/www.pristatomegeles.lt\/en\/produktas\/flower-box-warmth\/#primaryimage\"},\"image\":{\"@id\":\"https:\/\/www.pristatomegeles.lt\/en\/produktas\/flower-box-warmth\/#primaryimage\"},\"thumbnailUrl\":\"https:\/\/www.pristatomegeles.lt\/wp-content\/uploads\/2018\/02\/geles-moterims-ivairiu-geliu-dezutes.jpg\",\"datePublished\":\"2018-02-05T14:55:20+00:00\",\"dateModified\":\"2021-04-28T12:47:33+00:00\",\"description\":\"Original, unusual, and stylish box of various flowers will become a splendid gift for your loved people.\",\"breadcrumb\":{\"@id\":\"https:\/\/www.pristatomegeles.lt\/en\/produktas\/flower-box-warmth\/#breadcrumb\"},\"inLanguage\":\"en-US\",\"potentialAction\":[{\"@type\":\"ReadAction\",\"target\":[\"https:\/\/www.pristatomegeles.lt\/en\/produktas\/flower-box-warmth\/\"]}]},{\"@type\":\"ImageObject\",\"inLanguage\":\"en-US\",\"@id\":\"https:\/\/www.pristatomegeles.lt\/en\/produktas\/flower-box-warmth\/#primaryimage\",\"url\":\"https:\/\/www.pristatomegeles.lt\/wp-content\/uploads\/2018\/02\/geles-moterims-ivairiu-geliu-dezutes.jpg\",\"contentUrl\":\"https:\/\/www.pristatomegeles.lt\/wp-content\/uploads\/2018\/02\/geles-moterims-ivairiu-geliu-dezutes.jpg\",\"width\":600,\"height\":600,\"caption\":\"\u012evairios g\u0117l\u0117s\"},{\"@type\":\"BreadcrumbList\",\"@id\":\"https:\/\/www.pristatomegeles.lt\/en\/produktas\/flower-box-warmth\/#breadcrumb\",\"itemListElement\":[{\"@type\":\"ListItem\",\"position\":1,\"name\":\"Home\",\"item\":\"https:\/\/www.pristatomegeles.lt\/en\/home-2\/\"},{\"@type\":\"ListItem\",\"position\":2,\"name\":\"Flowers\",\"item\":\"https:\/\/www.pristatomegeles.lt\/en\/flowers\/\"},{\"@type\":\"ListItem\",\"position\":3,\"name\":\"Flower box &#8222;Warmth&#8221;\"}]},{\"@type\":\"WebSite\",\"@id\":\"https:\/\/www.pristatomegeles.lt\/en\/#website\",\"url\":\"https:\/\/www.pristatomegeles.lt\/en\/\",\"name\":\"Pristatomegeles.lt\",\"description\":\"\",\"potentialAction\":[{\"@type\":\"SearchAction\",\"target\":{\"@type\":\"EntryPoint\",\"urlTemplate\":\"https:\/\/www.pristatomegeles.lt\/en\/?s={search_term_string}\"},\"query-input\":{\"@type\":\"PropertyValueSpecification\",\"valueRequired\":true,\"valueName\":\"search_term_string\"}}],\"inLanguage\":\"en-US\"}]}<\/script>\n<!-- \/ Yoast SEO plugin. -->","yoast_head_json":{"title":"Flower box \"Warmth\" | Flower delivery in Vilnius | Pristatome g\u0117les","description":"Original, unusual, and stylish box of various flowers will become a splendid gift for your loved people.","robots":{"index":"index","follow":"follow","max-snippet":"max-snippet:-1","max-image-preview":"max-image-preview:large","max-video-preview":"max-video-preview:-1"},"canonical":"https:\/\/www.pristatomegeles.lt\/en\/produktas\/flower-box-warmth\/","og_locale":"en_US","og_type":"article","og_title":"Flower box \"Warmth\" | Flower delivery in Vilnius | Pristatome g\u0117les","og_description":"Original, unusual, and stylish box of various flowers will become a splendid gift for your loved people.","og_url":"https:\/\/www.pristatomegeles.lt\/en\/produktas\/flower-box-warmth\/","og_site_name":"Pristatomegeles.lt","article_modified_time":"2021-04-28T12:47:33+00:00","og_image":[{"width":600,"height":600,"url":"https:\/\/www.pristatomegeles.lt\/wp-content\/uploads\/2018\/02\/geles-moterims-ivairiu-geliu-dezutes.jpg","type":"image\/jpeg"}],"twitter_card":"summary_large_image","schema":{"@context":"https:\/\/schema.org","@graph":[{"@type":"WebPage","@id":"https:\/\/www.pristatomegeles.lt\/en\/produktas\/flower-box-warmth\/","url":"https:\/\/www.pristatomegeles.lt\/en\/produktas\/flower-box-warmth\/","name":"Flower box \"Warmth\" | Flower delivery in Vilnius | Pristatome g\u0117les","isPartOf":{"@id":"https:\/\/www.pristatomegeles.lt\/en\/#website"},"primaryImageOfPage":{"@id":"https:\/\/www.pristatomegeles.lt\/en\/produktas\/flower-box-warmth\/#primaryimage"},"image":{"@id":"https:\/\/www.pristatomegeles.lt\/en\/produktas\/flower-box-warmth\/#primaryimage"},"thumbnailUrl":"https:\/\/www.pristatomegeles.lt\/wp-content\/uploads\/2018\/02\/geles-moterims-ivairiu-geliu-dezutes.jpg","datePublished":"2018-02-05T14:55:20+00:00","dateModified":"2021-04-28T12:47:33+00:00","description":"Original, unusual, and stylish box of various flowers will become a splendid gift for your loved people.","breadcrumb":{"@id":"https:\/\/www.pristatomegeles.lt\/en\/produktas\/flower-box-warmth\/#breadcrumb"},"inLanguage":"en-US","potentialAction":[{"@type":"ReadAction","target":["https:\/\/www.pristatomegeles.lt\/en\/produktas\/flower-box-warmth\/"]}]},{"@type":"ImageObject","inLanguage":"en-US","@id":"https:\/\/www.pristatomegeles.lt\/en\/produktas\/flower-box-warmth\/#primaryimage","url":"https:\/\/www.pristatomegeles.lt\/wp-content\/uploads\/2018\/02\/geles-moterims-ivairiu-geliu-dezutes.jpg","contentUrl":"https:\/\/www.pristatomegeles.lt\/wp-content\/uploads\/2018\/02\/geles-moterims-ivairiu-geliu-dezutes.jpg","width":600,"height":600,"caption":"\u012evairios g\u0117l\u0117s"},{"@type":"BreadcrumbList","@id":"https:\/\/www.pristatomegeles.lt\/en\/produktas\/flower-box-warmth\/#breadcrumb","itemListElement":[{"@type":"ListItem","position":1,"name":"Home","item":"https:\/\/www.pristatomegeles.lt\/en\/home-2\/"},{"@type":"ListItem","position":2,"name":"Flowers","item":"https:\/\/www.pristatomegeles.lt\/en\/flowers\/"},{"@type":"ListItem","position":3,"name":"Flower box &#8222;Warmth&#8221;"}]},{"@type":"WebSite","@id":"https:\/\/www.pristatomegeles.lt\/en\/#website","url":"https:\/\/www.pristatomegeles.lt\/en\/","name":"Pristatomegeles.lt","description":"","potentialAction":[{"@type":"SearchAction","target":{"@type":"EntryPoint","urlTemplate":"https:\/\/www.pristatomegeles.lt\/en\/?s={search_term_string}"},"query-input":{"@type":"PropertyValueSpecification","valueRequired":true,"valueName":"search_term_string"}}],"inLanguage":"en-US"}]}},"_links":{"self":[{"href":"https:\/\/www.pristatomegeles.lt\/en\/wp-json\/wp\/v2\/product\/12373","targetHints":{"allow":["GET"]}}],"collection":[{"href":"https:\/\/www.pristatomegeles.lt\/en\/wp-json\/wp\/v2\/product"}],"about":[{"href":"https:\/\/www.pristatomegeles.lt\/en\/wp-json\/wp\/v2\/types\/product"}],"wp:featuredmedia":[{"embeddable":true,"href":"https:\/\/www.pristatomegeles.lt\/en\/wp-json\/wp\/v2\/media\/4008"}],"wp:attachment":[{"href":"https:\/\/www.pristatomegeles.lt\/en\/wp-json\/wp\/v2\/media?parent=12373"}],"wp:term":[{"taxonomy":"product_brand","embeddable":true,"href":"https:\/\/www.pristatomegeles.lt\/en\/wp-json\/wp\/v2\/product_brand?post=12373"},{"taxonomy":"product_cat","embeddable":true,"href":"https:\/\/www.pristatomegeles.lt\/en\/wp-json\/wp\/v2\/product_cat?post=12373"},{"taxonomy":"product_tag","embeddable":true,"href":"https:\/\/www.pristatomegeles.lt\/en\/wp-json\/wp\/v2\/product_tag?post=12373"}],"curies":[{"name":"wp","href":"https:\/\/api.w.org\/{rel}","templated":true}]}}