{"id":12380,"date":"2018-02-05T16:55:06","date_gmt":"2018-02-05T14:55:06","guid":{"rendered":"http:\/\/www.pristatomegeles.lt\/produktas\/sunflower-bouquet\/"},"modified":"2025-07-12T23:28:12","modified_gmt":"2025-07-12T21:28:12","slug":"sunflower-bouquet","status":"publish","type":"product","link":"https:\/\/www.pristatomegeles.lt\/en\/produktas\/sunflower-bouquet\/","title":{"rendered":"Sunflower bouquet"},"content":{"rendered":"<p>Sunflowers are sold only on late spring, summer, and early autumn. Just because sunflowers are seasonal flowers, they are suitable to give on any occasion during the warm season. These flowers are given on name days, weddings, or St. John&#8217;s day. If you want to bring some cosiness, warmth into the celebration &#8211; bring these yellow flowers.<\/p>\n","protected":false},"excerpt":{"rendered":"<p>Sunflowers are the flowers of warm season. Bright yellow flowers will be loved by everyone.<\/p>\n","protected":false},"featured_media":11866,"template":"","meta":[],"product_brand":[],"product_cat":[1499,1497,419,1491,1496,1498,1493,1495,1492,1494,1153,588],"product_tag":[],"class_list":{"0":"post-12380","1":"product","2":"type-product","3":"status-publish","4":"has-post-thumbnail","6":"product_cat-anniversary-flowers","7":"product_cat-birthday-flowers","8":"product_cat-bouquets","9":"product_cat-flowers-for-a-girl","10":"product_cat-flowers-for-men","11":"product_cat-flowers-for-mom","12":"product_cat-flowers-for-teachers-day","13":"product_cat-flowers-for-the-1st-of-september","14":"product_cat-flowers-for-the-teachers","15":"product_cat-flowers-for-women","16":"product_cat-mothers-day-flowers","17":"product_cat-sunflowers","18":"tm-has-options","20":"first","21":"outofstock","22":"taxable","23":"shipping-taxable","24":"purchasable","25":"product-type-variable","26":"has-default-attributes"},"yoast_head":"<!-- This site is optimized with the Yoast SEO plugin v24.3 - https:\/\/yoast.com\/wordpress\/plugins\/seo\/ -->\n<title>Sunflower bouquet | Flower delivery in Vilnius | Pristatome g\u0117les<\/title>\n<meta name=\"robots\" content=\"index, follow, max-snippet:-1, max-image-preview:large, max-video-preview:-1\" \/>\n<link rel=\"canonical\" href=\"https:\/\/www.pristatomegeles.lt\/en\/produktas\/sunflower-bouquet\/\" \/>\n<meta property=\"og:locale\" content=\"en_US\" \/>\n<meta property=\"og:type\" content=\"article\" \/>\n<meta property=\"og:title\" content=\"Sunflower bouquet | Flower delivery in Vilnius | Pristatome g\u0117les\" \/>\n<meta property=\"og:description\" content=\"Sunflowers are the flowers of warm season. Bright yellow flowers will be loved by everyone.\" \/>\n<meta property=\"og:url\" content=\"https:\/\/www.pristatomegeles.lt\/en\/produktas\/sunflower-bouquet\/\" \/>\n<meta property=\"og:site_name\" content=\"Pristatomegeles.lt\" \/>\n<meta property=\"article:modified_time\" content=\"2025-07-12T21:28:12+00:00\" \/>\n<meta property=\"og:image\" content=\"http:\/\/www.pristatomegeles.lt\/wp-content\/uploads\/2018\/02\/geliu-puokstes-saulegrazos-3-scaled.jpg\" \/>\n\t<meta property=\"og:image:width\" content=\"2560\" \/>\n\t<meta property=\"og:image:height\" content=\"2560\" \/>\n\t<meta property=\"og:image:type\" content=\"image\/jpeg\" \/>\n<meta name=\"twitter:card\" content=\"summary_large_image\" \/>\n<script type=\"application\/ld+json\" class=\"yoast-schema-graph\">{\"@context\":\"https:\/\/schema.org\",\"@graph\":[{\"@type\":\"WebPage\",\"@id\":\"https:\/\/www.pristatomegeles.lt\/en\/produktas\/sunflower-bouquet\/\",\"url\":\"https:\/\/www.pristatomegeles.lt\/en\/produktas\/sunflower-bouquet\/\",\"name\":\"Sunflower bouquet | Flower delivery in Vilnius | Pristatome g\u0117les\",\"isPartOf\":{\"@id\":\"https:\/\/www.pristatomegeles.lt\/en\/#website\"},\"primaryImageOfPage\":{\"@id\":\"https:\/\/www.pristatomegeles.lt\/en\/produktas\/sunflower-bouquet\/#primaryimage\"},\"image\":{\"@id\":\"https:\/\/www.pristatomegeles.lt\/en\/produktas\/sunflower-bouquet\/#primaryimage\"},\"thumbnailUrl\":\"https:\/\/www.pristatomegeles.lt\/wp-content\/uploads\/2018\/02\/geliu-puokstes-saulegrazos-3-scaled.jpg\",\"datePublished\":\"2018-02-05T14:55:06+00:00\",\"dateModified\":\"2025-07-12T21:28:12+00:00\",\"breadcrumb\":{\"@id\":\"https:\/\/www.pristatomegeles.lt\/en\/produktas\/sunflower-bouquet\/#breadcrumb\"},\"inLanguage\":\"en-US\",\"potentialAction\":[{\"@type\":\"ReadAction\",\"target\":[\"https:\/\/www.pristatomegeles.lt\/en\/produktas\/sunflower-bouquet\/\"]}]},{\"@type\":\"ImageObject\",\"inLanguage\":\"en-US\",\"@id\":\"https:\/\/www.pristatomegeles.lt\/en\/produktas\/sunflower-bouquet\/#primaryimage\",\"url\":\"https:\/\/www.pristatomegeles.lt\/wp-content\/uploads\/2018\/02\/geliu-puokstes-saulegrazos-3-scaled.jpg\",\"contentUrl\":\"https:\/\/www.pristatomegeles.lt\/wp-content\/uploads\/2018\/02\/geliu-puokstes-saulegrazos-3-scaled.jpg\",\"width\":1000,\"height\":1000,\"caption\":\"Gelton\u0173 saul\u0117gr\u0105\u017e\u0173 puok\u0161t\u0117\"},{\"@type\":\"BreadcrumbList\",\"@id\":\"https:\/\/www.pristatomegeles.lt\/en\/produktas\/sunflower-bouquet\/#breadcrumb\",\"itemListElement\":[{\"@type\":\"ListItem\",\"position\":1,\"name\":\"Home\",\"item\":\"https:\/\/www.pristatomegeles.lt\/en\/home-2\/\"},{\"@type\":\"ListItem\",\"position\":2,\"name\":\"Flowers\",\"item\":\"https:\/\/www.pristatomegeles.lt\/en\/flowers\/\"},{\"@type\":\"ListItem\",\"position\":3,\"name\":\"Sunflower bouquet\"}]},{\"@type\":\"WebSite\",\"@id\":\"https:\/\/www.pristatomegeles.lt\/en\/#website\",\"url\":\"https:\/\/www.pristatomegeles.lt\/en\/\",\"name\":\"Pristatomegeles.lt\",\"description\":\"\",\"potentialAction\":[{\"@type\":\"SearchAction\",\"target\":{\"@type\":\"EntryPoint\",\"urlTemplate\":\"https:\/\/www.pristatomegeles.lt\/en\/?s={search_term_string}\"},\"query-input\":{\"@type\":\"PropertyValueSpecification\",\"valueRequired\":true,\"valueName\":\"search_term_string\"}}],\"inLanguage\":\"en-US\"}]}<\/script>\n<!-- \/ Yoast SEO plugin. -->","yoast_head_json":{"title":"Sunflower bouquet | Flower delivery in Vilnius | Pristatome g\u0117les","robots":{"index":"index","follow":"follow","max-snippet":"max-snippet:-1","max-image-preview":"max-image-preview:large","max-video-preview":"max-video-preview:-1"},"canonical":"https:\/\/www.pristatomegeles.lt\/en\/produktas\/sunflower-bouquet\/","og_locale":"en_US","og_type":"article","og_title":"Sunflower bouquet | Flower delivery in Vilnius | Pristatome g\u0117les","og_description":"Sunflowers are the flowers of warm season. Bright yellow flowers will be loved by everyone.","og_url":"https:\/\/www.pristatomegeles.lt\/en\/produktas\/sunflower-bouquet\/","og_site_name":"Pristatomegeles.lt","article_modified_time":"2025-07-12T21:28:12+00:00","og_image":[{"width":2560,"height":2560,"url":"http:\/\/www.pristatomegeles.lt\/wp-content\/uploads\/2018\/02\/geliu-puokstes-saulegrazos-3-scaled.jpg","type":"image\/jpeg"}],"twitter_card":"summary_large_image","schema":{"@context":"https:\/\/schema.org","@graph":[{"@type":"WebPage","@id":"https:\/\/www.pristatomegeles.lt\/en\/produktas\/sunflower-bouquet\/","url":"https:\/\/www.pristatomegeles.lt\/en\/produktas\/sunflower-bouquet\/","name":"Sunflower bouquet | Flower delivery in Vilnius | Pristatome g\u0117les","isPartOf":{"@id":"https:\/\/www.pristatomegeles.lt\/en\/#website"},"primaryImageOfPage":{"@id":"https:\/\/www.pristatomegeles.lt\/en\/produktas\/sunflower-bouquet\/#primaryimage"},"image":{"@id":"https:\/\/www.pristatomegeles.lt\/en\/produktas\/sunflower-bouquet\/#primaryimage"},"thumbnailUrl":"https:\/\/www.pristatomegeles.lt\/wp-content\/uploads\/2018\/02\/geliu-puokstes-saulegrazos-3-scaled.jpg","datePublished":"2018-02-05T14:55:06+00:00","dateModified":"2025-07-12T21:28:12+00:00","breadcrumb":{"@id":"https:\/\/www.pristatomegeles.lt\/en\/produktas\/sunflower-bouquet\/#breadcrumb"},"inLanguage":"en-US","potentialAction":[{"@type":"ReadAction","target":["https:\/\/www.pristatomegeles.lt\/en\/produktas\/sunflower-bouquet\/"]}]},{"@type":"ImageObject","inLanguage":"en-US","@id":"https:\/\/www.pristatomegeles.lt\/en\/produktas\/sunflower-bouquet\/#primaryimage","url":"https:\/\/www.pristatomegeles.lt\/wp-content\/uploads\/2018\/02\/geliu-puokstes-saulegrazos-3-scaled.jpg","contentUrl":"https:\/\/www.pristatomegeles.lt\/wp-content\/uploads\/2018\/02\/geliu-puokstes-saulegrazos-3-scaled.jpg","width":1000,"height":1000,"caption":"Gelton\u0173 saul\u0117gr\u0105\u017e\u0173 puok\u0161t\u0117"},{"@type":"BreadcrumbList","@id":"https:\/\/www.pristatomegeles.lt\/en\/produktas\/sunflower-bouquet\/#breadcrumb","itemListElement":[{"@type":"ListItem","position":1,"name":"Home","item":"https:\/\/www.pristatomegeles.lt\/en\/home-2\/"},{"@type":"ListItem","position":2,"name":"Flowers","item":"https:\/\/www.pristatomegeles.lt\/en\/flowers\/"},{"@type":"ListItem","position":3,"name":"Sunflower bouquet"}]},{"@type":"WebSite","@id":"https:\/\/www.pristatomegeles.lt\/en\/#website","url":"https:\/\/www.pristatomegeles.lt\/en\/","name":"Pristatomegeles.lt","description":"","potentialAction":[{"@type":"SearchAction","target":{"@type":"EntryPoint","urlTemplate":"https:\/\/www.pristatomegeles.lt\/en\/?s={search_term_string}"},"query-input":{"@type":"PropertyValueSpecification","valueRequired":true,"valueName":"search_term_string"}}],"inLanguage":"en-US"}]}},"_links":{"self":[{"href":"https:\/\/www.pristatomegeles.lt\/en\/wp-json\/wp\/v2\/product\/12380","targetHints":{"allow":["GET"]}}],"collection":[{"href":"https:\/\/www.pristatomegeles.lt\/en\/wp-json\/wp\/v2\/product"}],"about":[{"href":"https:\/\/www.pristatomegeles.lt\/en\/wp-json\/wp\/v2\/types\/product"}],"wp:featuredmedia":[{"embeddable":true,"href":"https:\/\/www.pristatomegeles.lt\/en\/wp-json\/wp\/v2\/media\/11866"}],"wp:attachment":[{"href":"https:\/\/www.pristatomegeles.lt\/en\/wp-json\/wp\/v2\/media?parent=12380"}],"wp:term":[{"taxonomy":"product_brand","embeddable":true,"href":"https:\/\/www.pristatomegeles.lt\/en\/wp-json\/wp\/v2\/product_brand?post=12380"},{"taxonomy":"product_cat","embeddable":true,"href":"https:\/\/www.pristatomegeles.lt\/en\/wp-json\/wp\/v2\/product_cat?post=12380"},{"taxonomy":"product_tag","embeddable":true,"href":"https:\/\/www.pristatomegeles.lt\/en\/wp-json\/wp\/v2\/product_tag?post=12380"}],"curies":[{"name":"wp","href":"https:\/\/api.w.org\/{rel}","templated":true}]}}