{"id":12444,"date":"2018-02-05T16:54:20","date_gmt":"2018-02-05T14:54:20","guid":{"rendered":"http:\/\/www.pristatomegeles.lt\/produktas\/blue-irises\/"},"modified":"2025-01-31T11:51:31","modified_gmt":"2025-01-31T09:51:31","slug":"blue-irises","status":"publish","type":"product","link":"https:\/\/www.pristatomegeles.lt\/en\/produktas\/blue-irises\/","title":{"rendered":"Blue irises"},"content":{"rendered":"<p>Irises always symbolized faith and hope. For that reason, irises are ideal flowers when visiting an ill person. On other occasions, faith in goodness or sincerity may be expressed to your loved people. Also, irises are popular flowers on Father&#8217;s Day.<\/p>\n","protected":false},"excerpt":{"rendered":"<p>Irises are flowers suitable both for men and women. These subtle flowers are loved by everyone because of their bright colors and their blossom&#8217;s shape.<\/p>\n","protected":false},"featured_media":13735,"template":"","meta":[],"product_brand":[],"product_cat":[1497,419,1491,1496,1498,1492,1494,442],"product_tag":[],"class_list":{"0":"post-12444","1":"product","2":"type-product","3":"status-publish","4":"has-post-thumbnail","6":"product_cat-birthday-flowers","7":"product_cat-bouquets","8":"product_cat-flowers-for-a-girl","9":"product_cat-flowers-for-men","10":"product_cat-flowers-for-mom","11":"product_cat-flowers-for-the-teachers","12":"product_cat-flowers-for-women","13":"product_cat-irises","14":"tm-has-options","16":"first","17":"instock","18":"featured","19":"taxable","20":"shipping-taxable","21":"purchasable","22":"product-type-variable","23":"has-default-attributes"},"yoast_head":"<!-- This site is optimized with the Yoast SEO plugin v24.3 - https:\/\/yoast.com\/wordpress\/plugins\/seo\/ -->\n<title>Blue irises | Flower delivery in Vilnius | Pristatome g\u0117les<\/title>\n<meta name=\"description\" content=\"Blue irises are flowers that are suitable to give to both men and women. These flowers are perfect for those who love blue color.\" \/>\n<meta name=\"robots\" content=\"index, follow, max-snippet:-1, max-image-preview:large, max-video-preview:-1\" \/>\n<link rel=\"canonical\" href=\"https:\/\/www.pristatomegeles.lt\/en\/produktas\/blue-irises\/\" \/>\n<meta property=\"og:locale\" content=\"en_US\" \/>\n<meta property=\"og:type\" content=\"article\" \/>\n<meta property=\"og:title\" content=\"Blue irises | Flower delivery in Vilnius | Pristatome g\u0117les\" \/>\n<meta property=\"og:description\" content=\"Blue irises are flowers that are suitable to give to both men and women. These flowers are perfect for those who love blue color.\" \/>\n<meta property=\"og:url\" content=\"https:\/\/www.pristatomegeles.lt\/en\/produktas\/blue-irises\/\" \/>\n<meta property=\"og:site_name\" content=\"Pristatomegeles.lt\" \/>\n<meta property=\"article:modified_time\" content=\"2025-01-31T09:51:31+00:00\" \/>\n<meta property=\"og:image\" content=\"https:\/\/www.pristatomegeles.lt\/wp-content\/uploads\/2018\/02\/melynu-irisu-puokste-geles-gimtadienio-proga-scaled.jpg\" \/>\n\t<meta property=\"og:image:width\" content=\"2560\" \/>\n\t<meta property=\"og:image:height\" content=\"2560\" \/>\n\t<meta property=\"og:image:type\" content=\"image\/jpeg\" \/>\n<meta name=\"twitter:card\" content=\"summary_large_image\" \/>\n<script type=\"application\/ld+json\" class=\"yoast-schema-graph\">{\"@context\":\"https:\/\/schema.org\",\"@graph\":[{\"@type\":\"WebPage\",\"@id\":\"https:\/\/www.pristatomegeles.lt\/en\/produktas\/blue-irises\/\",\"url\":\"https:\/\/www.pristatomegeles.lt\/en\/produktas\/blue-irises\/\",\"name\":\"Blue irises | Flower delivery in Vilnius | Pristatome g\u0117les\",\"isPartOf\":{\"@id\":\"https:\/\/www.pristatomegeles.lt\/en\/#website\"},\"primaryImageOfPage\":{\"@id\":\"https:\/\/www.pristatomegeles.lt\/en\/produktas\/blue-irises\/#primaryimage\"},\"image\":{\"@id\":\"https:\/\/www.pristatomegeles.lt\/en\/produktas\/blue-irises\/#primaryimage\"},\"thumbnailUrl\":\"https:\/\/www.pristatomegeles.lt\/wp-content\/uploads\/2018\/02\/melynu-irisu-puokste-geles-gimtadienio-proga-scaled.jpg\",\"datePublished\":\"2018-02-05T14:54:20+00:00\",\"dateModified\":\"2025-01-31T09:51:31+00:00\",\"description\":\"Blue irises are flowers that are suitable to give to both men and women. These flowers are perfect for those who love blue color.\",\"breadcrumb\":{\"@id\":\"https:\/\/www.pristatomegeles.lt\/en\/produktas\/blue-irises\/#breadcrumb\"},\"inLanguage\":\"en-US\",\"potentialAction\":[{\"@type\":\"ReadAction\",\"target\":[\"https:\/\/www.pristatomegeles.lt\/en\/produktas\/blue-irises\/\"]}]},{\"@type\":\"ImageObject\",\"inLanguage\":\"en-US\",\"@id\":\"https:\/\/www.pristatomegeles.lt\/en\/produktas\/blue-irises\/#primaryimage\",\"url\":\"https:\/\/www.pristatomegeles.lt\/wp-content\/uploads\/2018\/02\/melynu-irisu-puokste-geles-gimtadienio-proga-scaled.jpg\",\"contentUrl\":\"https:\/\/www.pristatomegeles.lt\/wp-content\/uploads\/2018\/02\/melynu-irisu-puokste-geles-gimtadienio-proga-scaled.jpg\",\"width\":1000,\"height\":1000,\"caption\":\"M\u0117lyni irisai puok\u0161t\u0117je\"},{\"@type\":\"BreadcrumbList\",\"@id\":\"https:\/\/www.pristatomegeles.lt\/en\/produktas\/blue-irises\/#breadcrumb\",\"itemListElement\":[{\"@type\":\"ListItem\",\"position\":1,\"name\":\"Home\",\"item\":\"https:\/\/www.pristatomegeles.lt\/en\/home-2\/\"},{\"@type\":\"ListItem\",\"position\":2,\"name\":\"Flowers\",\"item\":\"https:\/\/www.pristatomegeles.lt\/en\/flowers\/\"},{\"@type\":\"ListItem\",\"position\":3,\"name\":\"Blue irises\"}]},{\"@type\":\"WebSite\",\"@id\":\"https:\/\/www.pristatomegeles.lt\/en\/#website\",\"url\":\"https:\/\/www.pristatomegeles.lt\/en\/\",\"name\":\"Pristatomegeles.lt\",\"description\":\"\",\"potentialAction\":[{\"@type\":\"SearchAction\",\"target\":{\"@type\":\"EntryPoint\",\"urlTemplate\":\"https:\/\/www.pristatomegeles.lt\/en\/?s={search_term_string}\"},\"query-input\":{\"@type\":\"PropertyValueSpecification\",\"valueRequired\":true,\"valueName\":\"search_term_string\"}}],\"inLanguage\":\"en-US\"}]}<\/script>\n<!-- \/ Yoast SEO plugin. -->","yoast_head_json":{"title":"Blue irises | Flower delivery in Vilnius | Pristatome g\u0117les","description":"Blue irises are flowers that are suitable to give to both men and women. These flowers are perfect for those who love blue color.","robots":{"index":"index","follow":"follow","max-snippet":"max-snippet:-1","max-image-preview":"max-image-preview:large","max-video-preview":"max-video-preview:-1"},"canonical":"https:\/\/www.pristatomegeles.lt\/en\/produktas\/blue-irises\/","og_locale":"en_US","og_type":"article","og_title":"Blue irises | Flower delivery in Vilnius | Pristatome g\u0117les","og_description":"Blue irises are flowers that are suitable to give to both men and women. These flowers are perfect for those who love blue color.","og_url":"https:\/\/www.pristatomegeles.lt\/en\/produktas\/blue-irises\/","og_site_name":"Pristatomegeles.lt","article_modified_time":"2025-01-31T09:51:31+00:00","og_image":[{"width":2560,"height":2560,"url":"https:\/\/www.pristatomegeles.lt\/wp-content\/uploads\/2018\/02\/melynu-irisu-puokste-geles-gimtadienio-proga-scaled.jpg","type":"image\/jpeg"}],"twitter_card":"summary_large_image","schema":{"@context":"https:\/\/schema.org","@graph":[{"@type":"WebPage","@id":"https:\/\/www.pristatomegeles.lt\/en\/produktas\/blue-irises\/","url":"https:\/\/www.pristatomegeles.lt\/en\/produktas\/blue-irises\/","name":"Blue irises | Flower delivery in Vilnius | Pristatome g\u0117les","isPartOf":{"@id":"https:\/\/www.pristatomegeles.lt\/en\/#website"},"primaryImageOfPage":{"@id":"https:\/\/www.pristatomegeles.lt\/en\/produktas\/blue-irises\/#primaryimage"},"image":{"@id":"https:\/\/www.pristatomegeles.lt\/en\/produktas\/blue-irises\/#primaryimage"},"thumbnailUrl":"https:\/\/www.pristatomegeles.lt\/wp-content\/uploads\/2018\/02\/melynu-irisu-puokste-geles-gimtadienio-proga-scaled.jpg","datePublished":"2018-02-05T14:54:20+00:00","dateModified":"2025-01-31T09:51:31+00:00","description":"Blue irises are flowers that are suitable to give to both men and women. These flowers are perfect for those who love blue color.","breadcrumb":{"@id":"https:\/\/www.pristatomegeles.lt\/en\/produktas\/blue-irises\/#breadcrumb"},"inLanguage":"en-US","potentialAction":[{"@type":"ReadAction","target":["https:\/\/www.pristatomegeles.lt\/en\/produktas\/blue-irises\/"]}]},{"@type":"ImageObject","inLanguage":"en-US","@id":"https:\/\/www.pristatomegeles.lt\/en\/produktas\/blue-irises\/#primaryimage","url":"https:\/\/www.pristatomegeles.lt\/wp-content\/uploads\/2018\/02\/melynu-irisu-puokste-geles-gimtadienio-proga-scaled.jpg","contentUrl":"https:\/\/www.pristatomegeles.lt\/wp-content\/uploads\/2018\/02\/melynu-irisu-puokste-geles-gimtadienio-proga-scaled.jpg","width":1000,"height":1000,"caption":"M\u0117lyni irisai puok\u0161t\u0117je"},{"@type":"BreadcrumbList","@id":"https:\/\/www.pristatomegeles.lt\/en\/produktas\/blue-irises\/#breadcrumb","itemListElement":[{"@type":"ListItem","position":1,"name":"Home","item":"https:\/\/www.pristatomegeles.lt\/en\/home-2\/"},{"@type":"ListItem","position":2,"name":"Flowers","item":"https:\/\/www.pristatomegeles.lt\/en\/flowers\/"},{"@type":"ListItem","position":3,"name":"Blue irises"}]},{"@type":"WebSite","@id":"https:\/\/www.pristatomegeles.lt\/en\/#website","url":"https:\/\/www.pristatomegeles.lt\/en\/","name":"Pristatomegeles.lt","description":"","potentialAction":[{"@type":"SearchAction","target":{"@type":"EntryPoint","urlTemplate":"https:\/\/www.pristatomegeles.lt\/en\/?s={search_term_string}"},"query-input":{"@type":"PropertyValueSpecification","valueRequired":true,"valueName":"search_term_string"}}],"inLanguage":"en-US"}]}},"_links":{"self":[{"href":"https:\/\/www.pristatomegeles.lt\/en\/wp-json\/wp\/v2\/product\/12444","targetHints":{"allow":["GET"]}}],"collection":[{"href":"https:\/\/www.pristatomegeles.lt\/en\/wp-json\/wp\/v2\/product"}],"about":[{"href":"https:\/\/www.pristatomegeles.lt\/en\/wp-json\/wp\/v2\/types\/product"}],"wp:featuredmedia":[{"embeddable":true,"href":"https:\/\/www.pristatomegeles.lt\/en\/wp-json\/wp\/v2\/media\/13735"}],"wp:attachment":[{"href":"https:\/\/www.pristatomegeles.lt\/en\/wp-json\/wp\/v2\/media?parent=12444"}],"wp:term":[{"taxonomy":"product_brand","embeddable":true,"href":"https:\/\/www.pristatomegeles.lt\/en\/wp-json\/wp\/v2\/product_brand?post=12444"},{"taxonomy":"product_cat","embeddable":true,"href":"https:\/\/www.pristatomegeles.lt\/en\/wp-json\/wp\/v2\/product_cat?post=12444"},{"taxonomy":"product_tag","embeddable":true,"href":"https:\/\/www.pristatomegeles.lt\/en\/wp-json\/wp\/v2\/product_tag?post=12444"}],"curies":[{"name":"wp","href":"https:\/\/api.w.org\/{rel}","templated":true}]}}