{"id":13085,"date":"2021-07-08T16:36:19","date_gmt":"2021-07-08T14:36:22","guid":{"rendered":"http:\/\/www.pristatomegeles.lt\/?post_type=product&#038;p=13085"},"modified":"2023-08-09T13:54:21","modified_gmt":"2023-08-09T11:54:21","slug":"peony-bouquet-summer-breeze-2","status":"publish","type":"product","link":"https:\/\/www.pristatomegeles.lt\/en\/produktas\/peony-bouquet-summer-breeze-2\/","title":{"rendered":"Peony bouquet &#8220;Summer breeze&#8221;"},"content":{"rendered":"","protected":false},"excerpt":{"rendered":"<p>Peonies are the flowers most reminiscent of summer, and their distinctive appearance and special scent are loved by many. This peony bouquet &#8220;Summer Breeze&#8221; will be a great gift that will delight people close to you. Peonies may vary in color.<\/p>\n","protected":false},"featured_media":13106,"template":"","meta":[],"product_brand":[],"product_cat":[1499,1497,419,1491,1498,1492,1494,1153,473],"product_tag":[],"class_list":{"0":"post-13085","1":"product","2":"type-product","3":"status-publish","4":"has-post-thumbnail","6":"product_cat-anniversary-flowers","7":"product_cat-birthday-flowers","8":"product_cat-bouquets","9":"product_cat-flowers-for-a-girl","10":"product_cat-flowers-for-mom","11":"product_cat-flowers-for-the-teachers","12":"product_cat-flowers-for-women","13":"product_cat-mothers-day-flowers","14":"product_cat-peonies","15":"product_shipping_class-only-in-vilnius","16":"tm-has-options","18":"first","19":"outofstock","20":"taxable","21":"shipping-taxable","22":"purchasable","23":"product-type-variable","24":"has-default-attributes"},"yoast_head":"<!-- This site is optimized with the Yoast SEO plugin v24.3 - https:\/\/yoast.com\/wordpress\/plugins\/seo\/ -->\n<title>Peony bouquet &quot;Summer breeze&quot; | Pristatome g\u0117les<\/title>\n<meta name=\"description\" content=\"The bouquet of beautiful peonies, which stand out for their simplicity, is suitable for various occasions and recipients.\" \/>\n<meta name=\"robots\" content=\"index, follow, max-snippet:-1, max-image-preview:large, max-video-preview:-1\" \/>\n<link rel=\"canonical\" href=\"https:\/\/www.pristatomegeles.lt\/en\/produktas\/peony-bouquet-summer-breeze-2\/\" \/>\n<meta property=\"og:locale\" content=\"en_US\" \/>\n<meta property=\"og:type\" content=\"article\" \/>\n<meta property=\"og:title\" content=\"Peony bouquet &quot;Summer breeze&quot; | Pristatome g\u0117les\" \/>\n<meta property=\"og:description\" content=\"The bouquet of beautiful peonies, which stand out for their simplicity, is suitable for various occasions and recipients.\" \/>\n<meta property=\"og:url\" content=\"https:\/\/www.pristatomegeles.lt\/en\/produktas\/peony-bouquet-summer-breeze-2\/\" \/>\n<meta property=\"og:site_name\" content=\"Pristatomegeles.lt\" \/>\n<meta property=\"article:modified_time\" content=\"2023-08-09T11:54:21+00:00\" \/>\n<meta property=\"og:image\" content=\"http:\/\/www.pristatomegeles.lt\/wp-content\/uploads\/2021\/07\/bijunu-puokstes-dvieju-spalvu-scaled.jpg\" \/>\n\t<meta property=\"og:image:width\" content=\"2560\" \/>\n\t<meta property=\"og:image:height\" content=\"2560\" \/>\n\t<meta property=\"og:image:type\" content=\"image\/jpeg\" \/>\n<meta name=\"twitter:card\" content=\"summary_large_image\" \/>\n<script type=\"application\/ld+json\" class=\"yoast-schema-graph\">{\"@context\":\"https:\/\/schema.org\",\"@graph\":[{\"@type\":\"WebPage\",\"@id\":\"https:\/\/www.pristatomegeles.lt\/en\/produktas\/peony-bouquet-summer-breeze-2\/\",\"url\":\"https:\/\/www.pristatomegeles.lt\/en\/produktas\/peony-bouquet-summer-breeze-2\/\",\"name\":\"Peony bouquet \\\"Summer breeze\\\" | Pristatome g\u0117les\",\"isPartOf\":{\"@id\":\"https:\/\/www.pristatomegeles.lt\/en\/#website\"},\"primaryImageOfPage\":{\"@id\":\"https:\/\/www.pristatomegeles.lt\/en\/produktas\/peony-bouquet-summer-breeze-2\/#primaryimage\"},\"image\":{\"@id\":\"https:\/\/www.pristatomegeles.lt\/en\/produktas\/peony-bouquet-summer-breeze-2\/#primaryimage\"},\"thumbnailUrl\":\"https:\/\/www.pristatomegeles.lt\/wp-content\/uploads\/2021\/07\/bijunu-puokstes-dvieju-spalvu-scaled.jpg\",\"datePublished\":\"2021-07-08T14:36:22+00:00\",\"dateModified\":\"2023-08-09T11:54:21+00:00\",\"description\":\"The bouquet of beautiful peonies, which stand out for their simplicity, is suitable for various occasions and recipients.\",\"breadcrumb\":{\"@id\":\"https:\/\/www.pristatomegeles.lt\/en\/produktas\/peony-bouquet-summer-breeze-2\/#breadcrumb\"},\"inLanguage\":\"en-US\",\"potentialAction\":[{\"@type\":\"ReadAction\",\"target\":[\"https:\/\/www.pristatomegeles.lt\/en\/produktas\/peony-bouquet-summer-breeze-2\/\"]}]},{\"@type\":\"ImageObject\",\"inLanguage\":\"en-US\",\"@id\":\"https:\/\/www.pristatomegeles.lt\/en\/produktas\/peony-bouquet-summer-breeze-2\/#primaryimage\",\"url\":\"https:\/\/www.pristatomegeles.lt\/wp-content\/uploads\/2021\/07\/bijunu-puokstes-dvieju-spalvu-scaled.jpg\",\"contentUrl\":\"https:\/\/www.pristatomegeles.lt\/wp-content\/uploads\/2021\/07\/bijunu-puokstes-dvieju-spalvu-scaled.jpg\",\"width\":1000,\"height\":1000,\"caption\":\"Dvispalv\u0117 bij\u016bn\u0173 puok\u0161t\u0117 g\u0117l\u0117s merginai\"},{\"@type\":\"BreadcrumbList\",\"@id\":\"https:\/\/www.pristatomegeles.lt\/en\/produktas\/peony-bouquet-summer-breeze-2\/#breadcrumb\",\"itemListElement\":[{\"@type\":\"ListItem\",\"position\":1,\"name\":\"Home\",\"item\":\"https:\/\/www.pristatomegeles.lt\/en\/home-2\/\"},{\"@type\":\"ListItem\",\"position\":2,\"name\":\"Flowers\",\"item\":\"https:\/\/www.pristatomegeles.lt\/en\/flowers\/\"},{\"@type\":\"ListItem\",\"position\":3,\"name\":\"Peony bouquet &#8220;Summer breeze&#8221;\"}]},{\"@type\":\"WebSite\",\"@id\":\"https:\/\/www.pristatomegeles.lt\/en\/#website\",\"url\":\"https:\/\/www.pristatomegeles.lt\/en\/\",\"name\":\"Pristatomegeles.lt\",\"description\":\"\",\"potentialAction\":[{\"@type\":\"SearchAction\",\"target\":{\"@type\":\"EntryPoint\",\"urlTemplate\":\"https:\/\/www.pristatomegeles.lt\/en\/?s={search_term_string}\"},\"query-input\":{\"@type\":\"PropertyValueSpecification\",\"valueRequired\":true,\"valueName\":\"search_term_string\"}}],\"inLanguage\":\"en-US\"}]}<\/script>\n<!-- \/ Yoast SEO plugin. -->","yoast_head_json":{"title":"Peony bouquet \"Summer breeze\" | Pristatome g\u0117les","description":"The bouquet of beautiful peonies, which stand out for their simplicity, is suitable for various occasions and recipients.","robots":{"index":"index","follow":"follow","max-snippet":"max-snippet:-1","max-image-preview":"max-image-preview:large","max-video-preview":"max-video-preview:-1"},"canonical":"https:\/\/www.pristatomegeles.lt\/en\/produktas\/peony-bouquet-summer-breeze-2\/","og_locale":"en_US","og_type":"article","og_title":"Peony bouquet \"Summer breeze\" | Pristatome g\u0117les","og_description":"The bouquet of beautiful peonies, which stand out for their simplicity, is suitable for various occasions and recipients.","og_url":"https:\/\/www.pristatomegeles.lt\/en\/produktas\/peony-bouquet-summer-breeze-2\/","og_site_name":"Pristatomegeles.lt","article_modified_time":"2023-08-09T11:54:21+00:00","og_image":[{"width":2560,"height":2560,"url":"http:\/\/www.pristatomegeles.lt\/wp-content\/uploads\/2021\/07\/bijunu-puokstes-dvieju-spalvu-scaled.jpg","type":"image\/jpeg"}],"twitter_card":"summary_large_image","schema":{"@context":"https:\/\/schema.org","@graph":[{"@type":"WebPage","@id":"https:\/\/www.pristatomegeles.lt\/en\/produktas\/peony-bouquet-summer-breeze-2\/","url":"https:\/\/www.pristatomegeles.lt\/en\/produktas\/peony-bouquet-summer-breeze-2\/","name":"Peony bouquet \"Summer breeze\" | Pristatome g\u0117les","isPartOf":{"@id":"https:\/\/www.pristatomegeles.lt\/en\/#website"},"primaryImageOfPage":{"@id":"https:\/\/www.pristatomegeles.lt\/en\/produktas\/peony-bouquet-summer-breeze-2\/#primaryimage"},"image":{"@id":"https:\/\/www.pristatomegeles.lt\/en\/produktas\/peony-bouquet-summer-breeze-2\/#primaryimage"},"thumbnailUrl":"https:\/\/www.pristatomegeles.lt\/wp-content\/uploads\/2021\/07\/bijunu-puokstes-dvieju-spalvu-scaled.jpg","datePublished":"2021-07-08T14:36:22+00:00","dateModified":"2023-08-09T11:54:21+00:00","description":"The bouquet of beautiful peonies, which stand out for their simplicity, is suitable for various occasions and recipients.","breadcrumb":{"@id":"https:\/\/www.pristatomegeles.lt\/en\/produktas\/peony-bouquet-summer-breeze-2\/#breadcrumb"},"inLanguage":"en-US","potentialAction":[{"@type":"ReadAction","target":["https:\/\/www.pristatomegeles.lt\/en\/produktas\/peony-bouquet-summer-breeze-2\/"]}]},{"@type":"ImageObject","inLanguage":"en-US","@id":"https:\/\/www.pristatomegeles.lt\/en\/produktas\/peony-bouquet-summer-breeze-2\/#primaryimage","url":"https:\/\/www.pristatomegeles.lt\/wp-content\/uploads\/2021\/07\/bijunu-puokstes-dvieju-spalvu-scaled.jpg","contentUrl":"https:\/\/www.pristatomegeles.lt\/wp-content\/uploads\/2021\/07\/bijunu-puokstes-dvieju-spalvu-scaled.jpg","width":1000,"height":1000,"caption":"Dvispalv\u0117 bij\u016bn\u0173 puok\u0161t\u0117 g\u0117l\u0117s merginai"},{"@type":"BreadcrumbList","@id":"https:\/\/www.pristatomegeles.lt\/en\/produktas\/peony-bouquet-summer-breeze-2\/#breadcrumb","itemListElement":[{"@type":"ListItem","position":1,"name":"Home","item":"https:\/\/www.pristatomegeles.lt\/en\/home-2\/"},{"@type":"ListItem","position":2,"name":"Flowers","item":"https:\/\/www.pristatomegeles.lt\/en\/flowers\/"},{"@type":"ListItem","position":3,"name":"Peony bouquet &#8220;Summer breeze&#8221;"}]},{"@type":"WebSite","@id":"https:\/\/www.pristatomegeles.lt\/en\/#website","url":"https:\/\/www.pristatomegeles.lt\/en\/","name":"Pristatomegeles.lt","description":"","potentialAction":[{"@type":"SearchAction","target":{"@type":"EntryPoint","urlTemplate":"https:\/\/www.pristatomegeles.lt\/en\/?s={search_term_string}"},"query-input":{"@type":"PropertyValueSpecification","valueRequired":true,"valueName":"search_term_string"}}],"inLanguage":"en-US"}]}},"_links":{"self":[{"href":"https:\/\/www.pristatomegeles.lt\/en\/wp-json\/wp\/v2\/product\/13085","targetHints":{"allow":["GET"]}}],"collection":[{"href":"https:\/\/www.pristatomegeles.lt\/en\/wp-json\/wp\/v2\/product"}],"about":[{"href":"https:\/\/www.pristatomegeles.lt\/en\/wp-json\/wp\/v2\/types\/product"}],"wp:featuredmedia":[{"embeddable":true,"href":"https:\/\/www.pristatomegeles.lt\/en\/wp-json\/wp\/v2\/media\/13106"}],"wp:attachment":[{"href":"https:\/\/www.pristatomegeles.lt\/en\/wp-json\/wp\/v2\/media?parent=13085"}],"wp:term":[{"taxonomy":"product_brand","embeddable":true,"href":"https:\/\/www.pristatomegeles.lt\/en\/wp-json\/wp\/v2\/product_brand?post=13085"},{"taxonomy":"product_cat","embeddable":true,"href":"https:\/\/www.pristatomegeles.lt\/en\/wp-json\/wp\/v2\/product_cat?post=13085"},{"taxonomy":"product_tag","embeddable":true,"href":"https:\/\/www.pristatomegeles.lt\/en\/wp-json\/wp\/v2\/product_tag?post=13085"}],"curies":[{"name":"wp","href":"https:\/\/api.w.org\/{rel}","templated":true}]}}