{"id":14542,"date":"2022-02-07T14:25:34","date_gmt":"2022-02-07T12:25:39","guid":{"rendered":"http:\/\/www.pristatomegeles.lt\/?post_type=product&#038;p=14542"},"modified":"2025-01-31T12:13:53","modified_gmt":"2025-01-31T10:13:53","slug":"flower-bouquet-spring-freshness","status":"publish","type":"product","link":"https:\/\/www.pristatomegeles.lt\/en\/produktas\/flower-bouquet-spring-freshness\/","title":{"rendered":"Flower bouquet &#8220;Spring freshness&#8221;"},"content":{"rendered":"<div>You can choose from several bouquet sizes:<\/div>\n<div><\/div>\n<ul>\n<li>small bouquet &#8211; 10 tulips and 9 irises;<\/li>\n<li>medium bouquet &#8211; 15 tulips and 14 irises;<\/li>\n<li>large bouquet &#8211; 20 tulips and 19 irises.<\/li>\n<\/ul>\n","protected":false},"excerpt":{"rendered":"<p>A bouquet of yellow tulips and irises is suitable as a gift for both women and men. These flowers are characterized by elegance, originality and simplicity. Choose the desired size of the flower bouquet and surprise your loved one by sending them flowers!<\/p>\n","protected":false},"featured_media":14552,"template":"","meta":[],"product_brand":[],"product_cat":[1499,419,1491,1496,1498,1492,1494,442,1152,554,1501],"product_tag":[],"class_list":{"0":"post-14542","1":"product","2":"type-product","3":"status-publish","4":"has-post-thumbnail","6":"product_cat-anniversary-flowers","7":"product_cat-bouquets","8":"product_cat-flowers-for-a-girl","9":"product_cat-flowers-for-men","10":"product_cat-flowers-for-mom","11":"product_cat-flowers-for-the-teachers","12":"product_cat-flowers-for-women","13":"product_cat-irises","14":"product_cat-march-8-flowers","15":"product_cat-tulips","16":"product_cat-valentines-day-flowers","17":"tm-has-options","19":"first","20":"outofstock","21":"taxable","22":"shipping-taxable","23":"purchasable","24":"product-type-variable","25":"has-default-attributes"},"yoast_head":"<!-- This site is optimized with the Yoast SEO plugin v24.3 - https:\/\/yoast.com\/wordpress\/plugins\/seo\/ -->\n<title>Flower bouquet &quot;Spring freshness&quot; | Flower delivery in Vilnius | Pristatome g\u0117les<\/title>\n<meta name=\"description\" content=\"Surprise your loved ones on Valentine&#039;s Day, Women&#039;s Day, or on any other celebration with this bouquet of yellow tulips and irises.\" \/>\n<meta name=\"robots\" content=\"index, follow, max-snippet:-1, max-image-preview:large, max-video-preview:-1\" \/>\n<link rel=\"canonical\" href=\"https:\/\/www.pristatomegeles.lt\/en\/produktas\/flower-bouquet-spring-freshness\/\" \/>\n<meta property=\"og:locale\" content=\"en_US\" \/>\n<meta property=\"og:type\" content=\"article\" \/>\n<meta property=\"og:title\" content=\"Flower bouquet &quot;Spring freshness&quot; | Flower delivery in Vilnius | Pristatome g\u0117les\" \/>\n<meta property=\"og:description\" content=\"Surprise your loved ones on Valentine&#039;s Day, Women&#039;s Day, or on any other celebration with this bouquet of yellow tulips and irises.\" \/>\n<meta property=\"og:url\" content=\"https:\/\/www.pristatomegeles.lt\/en\/produktas\/flower-bouquet-spring-freshness\/\" \/>\n<meta property=\"og:site_name\" content=\"Pristatomegeles.lt\" \/>\n<meta property=\"article:modified_time\" content=\"2025-01-31T10:13:53+00:00\" \/>\n<meta property=\"og:image\" content=\"https:\/\/www.pristatomegeles.lt\/wp-content\/uploads\/2022\/02\/DSC_0567-scaled.jpg\" \/>\n\t<meta property=\"og:image:width\" content=\"2560\" \/>\n\t<meta property=\"og:image:height\" content=\"2560\" \/>\n\t<meta property=\"og:image:type\" content=\"image\/jpeg\" \/>\n<meta name=\"twitter:card\" content=\"summary_large_image\" \/>\n<script type=\"application\/ld+json\" class=\"yoast-schema-graph\">{\"@context\":\"https:\/\/schema.org\",\"@graph\":[{\"@type\":\"WebPage\",\"@id\":\"https:\/\/www.pristatomegeles.lt\/en\/produktas\/flower-bouquet-spring-freshness\/\",\"url\":\"https:\/\/www.pristatomegeles.lt\/en\/produktas\/flower-bouquet-spring-freshness\/\",\"name\":\"Flower bouquet \\\"Spring freshness\\\" | Flower delivery in Vilnius | Pristatome g\u0117les\",\"isPartOf\":{\"@id\":\"https:\/\/www.pristatomegeles.lt\/en\/#website\"},\"primaryImageOfPage\":{\"@id\":\"https:\/\/www.pristatomegeles.lt\/en\/produktas\/flower-bouquet-spring-freshness\/#primaryimage\"},\"image\":{\"@id\":\"https:\/\/www.pristatomegeles.lt\/en\/produktas\/flower-bouquet-spring-freshness\/#primaryimage\"},\"thumbnailUrl\":\"https:\/\/www.pristatomegeles.lt\/wp-content\/uploads\/2022\/02\/DSC_0567-scaled.jpg\",\"datePublished\":\"2022-02-07T12:25:39+00:00\",\"dateModified\":\"2025-01-31T10:13:53+00:00\",\"description\":\"Surprise your loved ones on Valentine's Day, Women's Day, or on any other celebration with this bouquet of yellow tulips and irises.\",\"breadcrumb\":{\"@id\":\"https:\/\/www.pristatomegeles.lt\/en\/produktas\/flower-bouquet-spring-freshness\/#breadcrumb\"},\"inLanguage\":\"en-US\",\"potentialAction\":[{\"@type\":\"ReadAction\",\"target\":[\"https:\/\/www.pristatomegeles.lt\/en\/produktas\/flower-bouquet-spring-freshness\/\"]}]},{\"@type\":\"ImageObject\",\"inLanguage\":\"en-US\",\"@id\":\"https:\/\/www.pristatomegeles.lt\/en\/produktas\/flower-bouquet-spring-freshness\/#primaryimage\",\"url\":\"https:\/\/www.pristatomegeles.lt\/wp-content\/uploads\/2022\/02\/DSC_0567-scaled.jpg\",\"contentUrl\":\"https:\/\/www.pristatomegeles.lt\/wp-content\/uploads\/2022\/02\/DSC_0567-scaled.jpg\",\"width\":1000,\"height\":1000,\"caption\":\"I\u0161skirtin\u0117 gelton\u0173 tulpi\u0173 ir iris\u0173 puok\u0161t\u0117\"},{\"@type\":\"BreadcrumbList\",\"@id\":\"https:\/\/www.pristatomegeles.lt\/en\/produktas\/flower-bouquet-spring-freshness\/#breadcrumb\",\"itemListElement\":[{\"@type\":\"ListItem\",\"position\":1,\"name\":\"Home\",\"item\":\"https:\/\/www.pristatomegeles.lt\/en\/home-2\/\"},{\"@type\":\"ListItem\",\"position\":2,\"name\":\"Flowers\",\"item\":\"https:\/\/www.pristatomegeles.lt\/en\/flowers\/\"},{\"@type\":\"ListItem\",\"position\":3,\"name\":\"Flower bouquet &#8220;Spring freshness&#8221;\"}]},{\"@type\":\"WebSite\",\"@id\":\"https:\/\/www.pristatomegeles.lt\/en\/#website\",\"url\":\"https:\/\/www.pristatomegeles.lt\/en\/\",\"name\":\"Pristatomegeles.lt\",\"description\":\"\",\"potentialAction\":[{\"@type\":\"SearchAction\",\"target\":{\"@type\":\"EntryPoint\",\"urlTemplate\":\"https:\/\/www.pristatomegeles.lt\/en\/?s={search_term_string}\"},\"query-input\":{\"@type\":\"PropertyValueSpecification\",\"valueRequired\":true,\"valueName\":\"search_term_string\"}}],\"inLanguage\":\"en-US\"}]}<\/script>\n<!-- \/ Yoast SEO plugin. -->","yoast_head_json":{"title":"Flower bouquet \"Spring freshness\" | Flower delivery in Vilnius | Pristatome g\u0117les","description":"Surprise your loved ones on Valentine's Day, Women's Day, or on any other celebration with this bouquet of yellow tulips and irises.","robots":{"index":"index","follow":"follow","max-snippet":"max-snippet:-1","max-image-preview":"max-image-preview:large","max-video-preview":"max-video-preview:-1"},"canonical":"https:\/\/www.pristatomegeles.lt\/en\/produktas\/flower-bouquet-spring-freshness\/","og_locale":"en_US","og_type":"article","og_title":"Flower bouquet \"Spring freshness\" | Flower delivery in Vilnius | Pristatome g\u0117les","og_description":"Surprise your loved ones on Valentine's Day, Women's Day, or on any other celebration with this bouquet of yellow tulips and irises.","og_url":"https:\/\/www.pristatomegeles.lt\/en\/produktas\/flower-bouquet-spring-freshness\/","og_site_name":"Pristatomegeles.lt","article_modified_time":"2025-01-31T10:13:53+00:00","og_image":[{"width":2560,"height":2560,"url":"https:\/\/www.pristatomegeles.lt\/wp-content\/uploads\/2022\/02\/DSC_0567-scaled.jpg","type":"image\/jpeg"}],"twitter_card":"summary_large_image","schema":{"@context":"https:\/\/schema.org","@graph":[{"@type":"WebPage","@id":"https:\/\/www.pristatomegeles.lt\/en\/produktas\/flower-bouquet-spring-freshness\/","url":"https:\/\/www.pristatomegeles.lt\/en\/produktas\/flower-bouquet-spring-freshness\/","name":"Flower bouquet \"Spring freshness\" | Flower delivery in Vilnius | Pristatome g\u0117les","isPartOf":{"@id":"https:\/\/www.pristatomegeles.lt\/en\/#website"},"primaryImageOfPage":{"@id":"https:\/\/www.pristatomegeles.lt\/en\/produktas\/flower-bouquet-spring-freshness\/#primaryimage"},"image":{"@id":"https:\/\/www.pristatomegeles.lt\/en\/produktas\/flower-bouquet-spring-freshness\/#primaryimage"},"thumbnailUrl":"https:\/\/www.pristatomegeles.lt\/wp-content\/uploads\/2022\/02\/DSC_0567-scaled.jpg","datePublished":"2022-02-07T12:25:39+00:00","dateModified":"2025-01-31T10:13:53+00:00","description":"Surprise your loved ones on Valentine's Day, Women's Day, or on any other celebration with this bouquet of yellow tulips and irises.","breadcrumb":{"@id":"https:\/\/www.pristatomegeles.lt\/en\/produktas\/flower-bouquet-spring-freshness\/#breadcrumb"},"inLanguage":"en-US","potentialAction":[{"@type":"ReadAction","target":["https:\/\/www.pristatomegeles.lt\/en\/produktas\/flower-bouquet-spring-freshness\/"]}]},{"@type":"ImageObject","inLanguage":"en-US","@id":"https:\/\/www.pristatomegeles.lt\/en\/produktas\/flower-bouquet-spring-freshness\/#primaryimage","url":"https:\/\/www.pristatomegeles.lt\/wp-content\/uploads\/2022\/02\/DSC_0567-scaled.jpg","contentUrl":"https:\/\/www.pristatomegeles.lt\/wp-content\/uploads\/2022\/02\/DSC_0567-scaled.jpg","width":1000,"height":1000,"caption":"I\u0161skirtin\u0117 gelton\u0173 tulpi\u0173 ir iris\u0173 puok\u0161t\u0117"},{"@type":"BreadcrumbList","@id":"https:\/\/www.pristatomegeles.lt\/en\/produktas\/flower-bouquet-spring-freshness\/#breadcrumb","itemListElement":[{"@type":"ListItem","position":1,"name":"Home","item":"https:\/\/www.pristatomegeles.lt\/en\/home-2\/"},{"@type":"ListItem","position":2,"name":"Flowers","item":"https:\/\/www.pristatomegeles.lt\/en\/flowers\/"},{"@type":"ListItem","position":3,"name":"Flower bouquet &#8220;Spring freshness&#8221;"}]},{"@type":"WebSite","@id":"https:\/\/www.pristatomegeles.lt\/en\/#website","url":"https:\/\/www.pristatomegeles.lt\/en\/","name":"Pristatomegeles.lt","description":"","potentialAction":[{"@type":"SearchAction","target":{"@type":"EntryPoint","urlTemplate":"https:\/\/www.pristatomegeles.lt\/en\/?s={search_term_string}"},"query-input":{"@type":"PropertyValueSpecification","valueRequired":true,"valueName":"search_term_string"}}],"inLanguage":"en-US"}]}},"_links":{"self":[{"href":"https:\/\/www.pristatomegeles.lt\/en\/wp-json\/wp\/v2\/product\/14542","targetHints":{"allow":["GET"]}}],"collection":[{"href":"https:\/\/www.pristatomegeles.lt\/en\/wp-json\/wp\/v2\/product"}],"about":[{"href":"https:\/\/www.pristatomegeles.lt\/en\/wp-json\/wp\/v2\/types\/product"}],"wp:featuredmedia":[{"embeddable":true,"href":"https:\/\/www.pristatomegeles.lt\/en\/wp-json\/wp\/v2\/media\/14552"}],"wp:attachment":[{"href":"https:\/\/www.pristatomegeles.lt\/en\/wp-json\/wp\/v2\/media?parent=14542"}],"wp:term":[{"taxonomy":"product_brand","embeddable":true,"href":"https:\/\/www.pristatomegeles.lt\/en\/wp-json\/wp\/v2\/product_brand?post=14542"},{"taxonomy":"product_cat","embeddable":true,"href":"https:\/\/www.pristatomegeles.lt\/en\/wp-json\/wp\/v2\/product_cat?post=14542"},{"taxonomy":"product_tag","embeddable":true,"href":"https:\/\/www.pristatomegeles.lt\/en\/wp-json\/wp\/v2\/product_tag?post=14542"}],"curies":[{"name":"wp","href":"https:\/\/api.w.org\/{rel}","templated":true}]}}