{"id":14622,"date":"2022-02-11T18:02:54","date_gmt":"2022-02-11T16:03:08","guid":{"rendered":"http:\/\/www.pristatomegeles.lt\/?post_type=product&#038;p=14622"},"modified":"2025-02-18T15:32:28","modified_gmt":"2025-02-18T13:32:28","slug":"box-of-blue-roses","status":"publish","type":"product","link":"https:\/\/www.pristatomegeles.lt\/en\/produktas\/box-of-blue-roses\/","title":{"rendered":"Box of blue roses"},"content":{"rendered":"","protected":false},"excerpt":{"rendered":"<p>Buy this box of blue roses and surprise your loved ones. This flower box will definitely not leave anyone indifferent, so it is ideal for different occasions and for recipients of different ages. For blue roses, only pre-orders are accepted.<\/p>\n","protected":false},"featured_media":16967,"template":"","meta":[],"product_brand":[],"product_cat":[1499,1497,414,1491,1496,1498,1492,1494,1152,1153,415,1501],"product_tag":[],"class_list":{"0":"post-14622","1":"product","2":"type-product","3":"status-publish","4":"has-post-thumbnail","6":"product_cat-anniversary-flowers","7":"product_cat-birthday-flowers","8":"product_cat-flower-boxes","9":"product_cat-flowers-for-a-girl","10":"product_cat-flowers-for-men","11":"product_cat-flowers-for-mom","12":"product_cat-flowers-for-the-teachers","13":"product_cat-flowers-for-women","14":"product_cat-march-8-flowers","15":"product_cat-mothers-day-flowers","16":"product_cat-roses","17":"product_cat-valentines-day-flowers","18":"tm-no-options","20":"first","21":"instock","22":"taxable","23":"shipping-taxable","24":"purchasable","25":"product-type-variable","26":"has-default-attributes"},"yoast_head":"<!-- This site is optimized with the Yoast SEO plugin v24.3 - https:\/\/yoast.com\/wordpress\/plugins\/seo\/ -->\n<title>Box of blue roses | Unique flowers in Vilnius | Pristatome g\u0117les<\/title>\n<meta name=\"description\" content=\"This exclusive, unique and beautiful box of blue roses will surely surprise everyone. Order now.\" \/>\n<meta name=\"robots\" content=\"index, follow, max-snippet:-1, max-image-preview:large, max-video-preview:-1\" \/>\n<link rel=\"canonical\" href=\"https:\/\/www.pristatomegeles.lt\/en\/produktas\/box-of-blue-roses\/\" \/>\n<meta property=\"og:locale\" content=\"en_US\" \/>\n<meta property=\"og:type\" content=\"article\" \/>\n<meta property=\"og:title\" content=\"Box of blue roses | Unique flowers in Vilnius | Pristatome g\u0117les\" \/>\n<meta property=\"og:description\" content=\"This exclusive, unique and beautiful box of blue roses will surely surprise everyone. Order now.\" \/>\n<meta property=\"og:url\" content=\"https:\/\/www.pristatomegeles.lt\/en\/produktas\/box-of-blue-roses\/\" \/>\n<meta property=\"og:site_name\" content=\"Pristatomegeles.lt\" \/>\n<meta property=\"article:modified_time\" content=\"2025-02-18T13:32:28+00:00\" \/>\n<meta property=\"og:image\" content=\"https:\/\/www.pristatomegeles.lt\/wp-content\/uploads\/2022\/02\/melynos-rozes-dezuteje-isskirtines-geles-1-scaled.jpg\" \/>\n\t<meta property=\"og:image:width\" content=\"1000\" \/>\n\t<meta property=\"og:image:height\" content=\"1000\" \/>\n\t<meta property=\"og:image:type\" content=\"image\/jpeg\" \/>\n<meta name=\"twitter:card\" content=\"summary_large_image\" \/>\n<meta name=\"twitter:label1\" content=\"Est. reading time\" \/>\n\t<meta name=\"twitter:data1\" content=\"1 minute\" \/>\n<script type=\"application\/ld+json\" class=\"yoast-schema-graph\">{\"@context\":\"https:\/\/schema.org\",\"@graph\":[{\"@type\":\"WebPage\",\"@id\":\"https:\/\/www.pristatomegeles.lt\/en\/produktas\/box-of-blue-roses\/\",\"url\":\"https:\/\/www.pristatomegeles.lt\/en\/produktas\/box-of-blue-roses\/\",\"name\":\"Box of blue roses | Unique flowers in Vilnius | Pristatome g\u0117les\",\"isPartOf\":{\"@id\":\"https:\/\/www.pristatomegeles.lt\/en\/#website\"},\"primaryImageOfPage\":{\"@id\":\"https:\/\/www.pristatomegeles.lt\/en\/produktas\/box-of-blue-roses\/#primaryimage\"},\"image\":{\"@id\":\"https:\/\/www.pristatomegeles.lt\/en\/produktas\/box-of-blue-roses\/#primaryimage\"},\"thumbnailUrl\":\"https:\/\/www.pristatomegeles.lt\/wp-content\/uploads\/2022\/02\/melynos-rozes-dezuteje-isskirtines-geles-1-scaled.jpg\",\"datePublished\":\"2022-02-11T16:03:08+00:00\",\"dateModified\":\"2025-02-18T13:32:28+00:00\",\"description\":\"This exclusive, unique and beautiful box of blue roses will surely surprise everyone. Order now.\",\"breadcrumb\":{\"@id\":\"https:\/\/www.pristatomegeles.lt\/en\/produktas\/box-of-blue-roses\/#breadcrumb\"},\"inLanguage\":\"en-US\",\"potentialAction\":[{\"@type\":\"ReadAction\",\"target\":[\"https:\/\/www.pristatomegeles.lt\/en\/produktas\/box-of-blue-roses\/\"]}]},{\"@type\":\"ImageObject\",\"inLanguage\":\"en-US\",\"@id\":\"https:\/\/www.pristatomegeles.lt\/en\/produktas\/box-of-blue-roses\/#primaryimage\",\"url\":\"https:\/\/www.pristatomegeles.lt\/wp-content\/uploads\/2022\/02\/melynos-rozes-dezuteje-isskirtines-geles-1-scaled.jpg\",\"contentUrl\":\"https:\/\/www.pristatomegeles.lt\/wp-content\/uploads\/2022\/02\/melynos-rozes-dezuteje-isskirtines-geles-1-scaled.jpg\",\"width\":1000,\"height\":1000,\"caption\":\"G\u0117l\u0117s gimtadienio proga m\u0117lyn\u0173 ro\u017ei\u0173 d\u0117\u017eut\u0117\"},{\"@type\":\"BreadcrumbList\",\"@id\":\"https:\/\/www.pristatomegeles.lt\/en\/produktas\/box-of-blue-roses\/#breadcrumb\",\"itemListElement\":[{\"@type\":\"ListItem\",\"position\":1,\"name\":\"Home\",\"item\":\"https:\/\/www.pristatomegeles.lt\/en\/home-2\/\"},{\"@type\":\"ListItem\",\"position\":2,\"name\":\"Flowers\",\"item\":\"https:\/\/www.pristatomegeles.lt\/en\/flowers\/\"},{\"@type\":\"ListItem\",\"position\":3,\"name\":\"Box of blue roses\"}]},{\"@type\":\"WebSite\",\"@id\":\"https:\/\/www.pristatomegeles.lt\/en\/#website\",\"url\":\"https:\/\/www.pristatomegeles.lt\/en\/\",\"name\":\"Pristatomegeles.lt\",\"description\":\"\",\"potentialAction\":[{\"@type\":\"SearchAction\",\"target\":{\"@type\":\"EntryPoint\",\"urlTemplate\":\"https:\/\/www.pristatomegeles.lt\/en\/?s={search_term_string}\"},\"query-input\":{\"@type\":\"PropertyValueSpecification\",\"valueRequired\":true,\"valueName\":\"search_term_string\"}}],\"inLanguage\":\"en-US\"}]}<\/script>\n<!-- \/ Yoast SEO plugin. -->","yoast_head_json":{"title":"Box of blue roses | Unique flowers in Vilnius | Pristatome g\u0117les","description":"This exclusive, unique and beautiful box of blue roses will surely surprise everyone. Order now.","robots":{"index":"index","follow":"follow","max-snippet":"max-snippet:-1","max-image-preview":"max-image-preview:large","max-video-preview":"max-video-preview:-1"},"canonical":"https:\/\/www.pristatomegeles.lt\/en\/produktas\/box-of-blue-roses\/","og_locale":"en_US","og_type":"article","og_title":"Box of blue roses | Unique flowers in Vilnius | Pristatome g\u0117les","og_description":"This exclusive, unique and beautiful box of blue roses will surely surprise everyone. Order now.","og_url":"https:\/\/www.pristatomegeles.lt\/en\/produktas\/box-of-blue-roses\/","og_site_name":"Pristatomegeles.lt","article_modified_time":"2025-02-18T13:32:28+00:00","og_image":[{"width":1000,"height":1000,"url":"https:\/\/www.pristatomegeles.lt\/wp-content\/uploads\/2022\/02\/melynos-rozes-dezuteje-isskirtines-geles-1-scaled.jpg","type":"image\/jpeg"}],"twitter_card":"summary_large_image","twitter_misc":{"Est. reading time":"1 minute"},"schema":{"@context":"https:\/\/schema.org","@graph":[{"@type":"WebPage","@id":"https:\/\/www.pristatomegeles.lt\/en\/produktas\/box-of-blue-roses\/","url":"https:\/\/www.pristatomegeles.lt\/en\/produktas\/box-of-blue-roses\/","name":"Box of blue roses | Unique flowers in Vilnius | Pristatome g\u0117les","isPartOf":{"@id":"https:\/\/www.pristatomegeles.lt\/en\/#website"},"primaryImageOfPage":{"@id":"https:\/\/www.pristatomegeles.lt\/en\/produktas\/box-of-blue-roses\/#primaryimage"},"image":{"@id":"https:\/\/www.pristatomegeles.lt\/en\/produktas\/box-of-blue-roses\/#primaryimage"},"thumbnailUrl":"https:\/\/www.pristatomegeles.lt\/wp-content\/uploads\/2022\/02\/melynos-rozes-dezuteje-isskirtines-geles-1-scaled.jpg","datePublished":"2022-02-11T16:03:08+00:00","dateModified":"2025-02-18T13:32:28+00:00","description":"This exclusive, unique and beautiful box of blue roses will surely surprise everyone. Order now.","breadcrumb":{"@id":"https:\/\/www.pristatomegeles.lt\/en\/produktas\/box-of-blue-roses\/#breadcrumb"},"inLanguage":"en-US","potentialAction":[{"@type":"ReadAction","target":["https:\/\/www.pristatomegeles.lt\/en\/produktas\/box-of-blue-roses\/"]}]},{"@type":"ImageObject","inLanguage":"en-US","@id":"https:\/\/www.pristatomegeles.lt\/en\/produktas\/box-of-blue-roses\/#primaryimage","url":"https:\/\/www.pristatomegeles.lt\/wp-content\/uploads\/2022\/02\/melynos-rozes-dezuteje-isskirtines-geles-1-scaled.jpg","contentUrl":"https:\/\/www.pristatomegeles.lt\/wp-content\/uploads\/2022\/02\/melynos-rozes-dezuteje-isskirtines-geles-1-scaled.jpg","width":1000,"height":1000,"caption":"G\u0117l\u0117s gimtadienio proga m\u0117lyn\u0173 ro\u017ei\u0173 d\u0117\u017eut\u0117"},{"@type":"BreadcrumbList","@id":"https:\/\/www.pristatomegeles.lt\/en\/produktas\/box-of-blue-roses\/#breadcrumb","itemListElement":[{"@type":"ListItem","position":1,"name":"Home","item":"https:\/\/www.pristatomegeles.lt\/en\/home-2\/"},{"@type":"ListItem","position":2,"name":"Flowers","item":"https:\/\/www.pristatomegeles.lt\/en\/flowers\/"},{"@type":"ListItem","position":3,"name":"Box of blue roses"}]},{"@type":"WebSite","@id":"https:\/\/www.pristatomegeles.lt\/en\/#website","url":"https:\/\/www.pristatomegeles.lt\/en\/","name":"Pristatomegeles.lt","description":"","potentialAction":[{"@type":"SearchAction","target":{"@type":"EntryPoint","urlTemplate":"https:\/\/www.pristatomegeles.lt\/en\/?s={search_term_string}"},"query-input":{"@type":"PropertyValueSpecification","valueRequired":true,"valueName":"search_term_string"}}],"inLanguage":"en-US"}]}},"_links":{"self":[{"href":"https:\/\/www.pristatomegeles.lt\/en\/wp-json\/wp\/v2\/product\/14622","targetHints":{"allow":["GET"]}}],"collection":[{"href":"https:\/\/www.pristatomegeles.lt\/en\/wp-json\/wp\/v2\/product"}],"about":[{"href":"https:\/\/www.pristatomegeles.lt\/en\/wp-json\/wp\/v2\/types\/product"}],"wp:featuredmedia":[{"embeddable":true,"href":"https:\/\/www.pristatomegeles.lt\/en\/wp-json\/wp\/v2\/media\/16967"}],"wp:attachment":[{"href":"https:\/\/www.pristatomegeles.lt\/en\/wp-json\/wp\/v2\/media?parent=14622"}],"wp:term":[{"taxonomy":"product_brand","embeddable":true,"href":"https:\/\/www.pristatomegeles.lt\/en\/wp-json\/wp\/v2\/product_brand?post=14622"},{"taxonomy":"product_cat","embeddable":true,"href":"https:\/\/www.pristatomegeles.lt\/en\/wp-json\/wp\/v2\/product_cat?post=14622"},{"taxonomy":"product_tag","embeddable":true,"href":"https:\/\/www.pristatomegeles.lt\/en\/wp-json\/wp\/v2\/product_tag?post=14622"}],"curies":[{"name":"wp","href":"https:\/\/api.w.org\/{rel}","templated":true}]}}