{"id":16393,"date":"2023-04-21T10:30:07","date_gmt":"2023-04-21T08:30:10","guid":{"rendered":"http:\/\/www.pristatomegeles.lt\/?post_type=product&#038;p=16393"},"modified":"2023-04-21T11:15:13","modified_gmt":"2023-04-21T09:15:13","slug":"bouquet-of-red-and-purple-tulips","status":"publish","type":"product","link":"https:\/\/www.pristatomegeles.lt\/en\/produktas\/bouquet-of-red-and-purple-tulips\/","title":{"rendered":"Bouquet of red and purple tulips"},"content":{"rendered":"<p>Red and purple tulips are a very traditional and charming combination. Two contrasting colors will definitely leave an unforgettable impression for te receiver.<\/p>\n","protected":false},"excerpt":{"rendered":"<p>Red and purple tulips are perfect to give to women on various occasions. This bouquet symbolizes softness, happiness, warmth, and love. Choose the desired number of flowers and surprise your loved people.<\/p>\n","protected":false},"featured_media":16412,"template":"","meta":[],"product_brand":[],"product_cat":[1497,419,1491,1496,1498,1492,1494,1152,554,1501],"product_tag":[],"class_list":{"0":"post-16393","1":"product","2":"type-product","3":"status-publish","4":"has-post-thumbnail","6":"product_cat-birthday-flowers","7":"product_cat-bouquets","8":"product_cat-flowers-for-a-girl","9":"product_cat-flowers-for-men","10":"product_cat-flowers-for-mom","11":"product_cat-flowers-for-the-teachers","12":"product_cat-flowers-for-women","13":"product_cat-march-8-flowers","14":"product_cat-tulips","15":"product_cat-valentines-day-flowers","16":"tm-has-options","18":"first","19":"instock","20":"taxable","21":"shipping-taxable","22":"purchasable","23":"product-type-variable","24":"has-default-attributes"},"yoast_head":"<!-- This site is optimized with the Yoast SEO plugin v24.3 - https:\/\/yoast.com\/wordpress\/plugins\/seo\/ -->\n<title>Bouquet of red and purple tulips | Spring flowers | Pristatome g\u0117les<\/title>\n<meta name=\"description\" content=\"Red and purple tulips are perfect to give to women on various occasions. Choose the desired number of flowers and surprise your loved people.\u00a0\" \/>\n<meta name=\"robots\" content=\"index, follow, max-snippet:-1, max-image-preview:large, max-video-preview:-1\" \/>\n<link rel=\"canonical\" href=\"https:\/\/www.pristatomegeles.lt\/en\/produktas\/bouquet-of-red-and-purple-tulips\/\" \/>\n<meta property=\"og:locale\" content=\"en_US\" \/>\n<meta property=\"og:type\" content=\"article\" \/>\n<meta property=\"og:title\" content=\"Bouquet of red and purple tulips | Spring flowers | Pristatome g\u0117les\" \/>\n<meta property=\"og:description\" content=\"Red and purple tulips are perfect to give to women on various occasions. Choose the desired number of flowers and surprise your loved people.\u00a0\" \/>\n<meta property=\"og:url\" content=\"https:\/\/www.pristatomegeles.lt\/en\/produktas\/bouquet-of-red-and-purple-tulips\/\" \/>\n<meta property=\"og:site_name\" content=\"Pristatomegeles.lt\" \/>\n<meta property=\"article:modified_time\" content=\"2023-04-21T09:15:13+00:00\" \/>\n<meta property=\"og:image\" content=\"https:\/\/www.pristatomegeles.lt\/wp-content\/uploads\/2023\/04\/raudonos-ir-violetines-tulpes-puoksteje-pavasario-geles.jpg\" \/>\n\t<meta property=\"og:image:width\" content=\"1200\" \/>\n\t<meta property=\"og:image:height\" content=\"1200\" \/>\n\t<meta property=\"og:image:type\" content=\"image\/jpeg\" \/>\n<meta name=\"twitter:card\" content=\"summary_large_image\" \/>\n<meta name=\"twitter:label1\" content=\"Est. reading time\" \/>\n\t<meta name=\"twitter:data1\" content=\"1 minute\" \/>\n<script type=\"application\/ld+json\" class=\"yoast-schema-graph\">{\"@context\":\"https:\/\/schema.org\",\"@graph\":[{\"@type\":\"WebPage\",\"@id\":\"https:\/\/www.pristatomegeles.lt\/en\/produktas\/bouquet-of-red-and-purple-tulips\/\",\"url\":\"https:\/\/www.pristatomegeles.lt\/en\/produktas\/bouquet-of-red-and-purple-tulips\/\",\"name\":\"Bouquet of red and purple tulips | Spring flowers | Pristatome g\u0117les\",\"isPartOf\":{\"@id\":\"https:\/\/www.pristatomegeles.lt\/en\/#website\"},\"primaryImageOfPage\":{\"@id\":\"https:\/\/www.pristatomegeles.lt\/en\/produktas\/bouquet-of-red-and-purple-tulips\/#primaryimage\"},\"image\":{\"@id\":\"https:\/\/www.pristatomegeles.lt\/en\/produktas\/bouquet-of-red-and-purple-tulips\/#primaryimage\"},\"thumbnailUrl\":\"https:\/\/www.pristatomegeles.lt\/wp-content\/uploads\/2023\/04\/raudonos-ir-violetines-tulpes-puoksteje-pavasario-geles.jpg\",\"datePublished\":\"2023-04-21T08:30:10+00:00\",\"dateModified\":\"2023-04-21T09:15:13+00:00\",\"description\":\"Red and purple tulips are perfect to give to women on various occasions. Choose the desired number of flowers and surprise your loved people.\u00a0\",\"breadcrumb\":{\"@id\":\"https:\/\/www.pristatomegeles.lt\/en\/produktas\/bouquet-of-red-and-purple-tulips\/#breadcrumb\"},\"inLanguage\":\"en-US\",\"potentialAction\":[{\"@type\":\"ReadAction\",\"target\":[\"https:\/\/www.pristatomegeles.lt\/en\/produktas\/bouquet-of-red-and-purple-tulips\/\"]}]},{\"@type\":\"ImageObject\",\"inLanguage\":\"en-US\",\"@id\":\"https:\/\/www.pristatomegeles.lt\/en\/produktas\/bouquet-of-red-and-purple-tulips\/#primaryimage\",\"url\":\"https:\/\/www.pristatomegeles.lt\/wp-content\/uploads\/2023\/04\/raudonos-ir-violetines-tulpes-puoksteje-pavasario-geles.jpg\",\"contentUrl\":\"https:\/\/www.pristatomegeles.lt\/wp-content\/uploads\/2023\/04\/raudonos-ir-violetines-tulpes-puoksteje-pavasario-geles.jpg\",\"width\":1000,\"height\":1000,\"caption\":\"Violetini\u0173 ir raudon\u0173 tulpi\u0173 puok\u0161t\u0117 g\u0117l\u0117s moteriai\"},{\"@type\":\"BreadcrumbList\",\"@id\":\"https:\/\/www.pristatomegeles.lt\/en\/produktas\/bouquet-of-red-and-purple-tulips\/#breadcrumb\",\"itemListElement\":[{\"@type\":\"ListItem\",\"position\":1,\"name\":\"Home\",\"item\":\"https:\/\/www.pristatomegeles.lt\/en\/home-2\/\"},{\"@type\":\"ListItem\",\"position\":2,\"name\":\"Flowers\",\"item\":\"https:\/\/www.pristatomegeles.lt\/en\/flowers\/\"},{\"@type\":\"ListItem\",\"position\":3,\"name\":\"Bouquet of red and purple tulips\"}]},{\"@type\":\"WebSite\",\"@id\":\"https:\/\/www.pristatomegeles.lt\/en\/#website\",\"url\":\"https:\/\/www.pristatomegeles.lt\/en\/\",\"name\":\"Pristatomegeles.lt\",\"description\":\"\",\"potentialAction\":[{\"@type\":\"SearchAction\",\"target\":{\"@type\":\"EntryPoint\",\"urlTemplate\":\"https:\/\/www.pristatomegeles.lt\/en\/?s={search_term_string}\"},\"query-input\":{\"@type\":\"PropertyValueSpecification\",\"valueRequired\":true,\"valueName\":\"search_term_string\"}}],\"inLanguage\":\"en-US\"}]}<\/script>\n<!-- \/ Yoast SEO plugin. -->","yoast_head_json":{"title":"Bouquet of red and purple tulips | Spring flowers | Pristatome g\u0117les","description":"Red and purple tulips are perfect to give to women on various occasions. Choose the desired number of flowers and surprise your loved people.\u00a0","robots":{"index":"index","follow":"follow","max-snippet":"max-snippet:-1","max-image-preview":"max-image-preview:large","max-video-preview":"max-video-preview:-1"},"canonical":"https:\/\/www.pristatomegeles.lt\/en\/produktas\/bouquet-of-red-and-purple-tulips\/","og_locale":"en_US","og_type":"article","og_title":"Bouquet of red and purple tulips | Spring flowers | Pristatome g\u0117les","og_description":"Red and purple tulips are perfect to give to women on various occasions. Choose the desired number of flowers and surprise your loved people.\u00a0","og_url":"https:\/\/www.pristatomegeles.lt\/en\/produktas\/bouquet-of-red-and-purple-tulips\/","og_site_name":"Pristatomegeles.lt","article_modified_time":"2023-04-21T09:15:13+00:00","og_image":[{"width":1200,"height":1200,"url":"https:\/\/www.pristatomegeles.lt\/wp-content\/uploads\/2023\/04\/raudonos-ir-violetines-tulpes-puoksteje-pavasario-geles.jpg","type":"image\/jpeg"}],"twitter_card":"summary_large_image","twitter_misc":{"Est. reading time":"1 minute"},"schema":{"@context":"https:\/\/schema.org","@graph":[{"@type":"WebPage","@id":"https:\/\/www.pristatomegeles.lt\/en\/produktas\/bouquet-of-red-and-purple-tulips\/","url":"https:\/\/www.pristatomegeles.lt\/en\/produktas\/bouquet-of-red-and-purple-tulips\/","name":"Bouquet of red and purple tulips | Spring flowers | Pristatome g\u0117les","isPartOf":{"@id":"https:\/\/www.pristatomegeles.lt\/en\/#website"},"primaryImageOfPage":{"@id":"https:\/\/www.pristatomegeles.lt\/en\/produktas\/bouquet-of-red-and-purple-tulips\/#primaryimage"},"image":{"@id":"https:\/\/www.pristatomegeles.lt\/en\/produktas\/bouquet-of-red-and-purple-tulips\/#primaryimage"},"thumbnailUrl":"https:\/\/www.pristatomegeles.lt\/wp-content\/uploads\/2023\/04\/raudonos-ir-violetines-tulpes-puoksteje-pavasario-geles.jpg","datePublished":"2023-04-21T08:30:10+00:00","dateModified":"2023-04-21T09:15:13+00:00","description":"Red and purple tulips are perfect to give to women on various occasions. Choose the desired number of flowers and surprise your loved people.\u00a0","breadcrumb":{"@id":"https:\/\/www.pristatomegeles.lt\/en\/produktas\/bouquet-of-red-and-purple-tulips\/#breadcrumb"},"inLanguage":"en-US","potentialAction":[{"@type":"ReadAction","target":["https:\/\/www.pristatomegeles.lt\/en\/produktas\/bouquet-of-red-and-purple-tulips\/"]}]},{"@type":"ImageObject","inLanguage":"en-US","@id":"https:\/\/www.pristatomegeles.lt\/en\/produktas\/bouquet-of-red-and-purple-tulips\/#primaryimage","url":"https:\/\/www.pristatomegeles.lt\/wp-content\/uploads\/2023\/04\/raudonos-ir-violetines-tulpes-puoksteje-pavasario-geles.jpg","contentUrl":"https:\/\/www.pristatomegeles.lt\/wp-content\/uploads\/2023\/04\/raudonos-ir-violetines-tulpes-puoksteje-pavasario-geles.jpg","width":1000,"height":1000,"caption":"Violetini\u0173 ir raudon\u0173 tulpi\u0173 puok\u0161t\u0117 g\u0117l\u0117s moteriai"},{"@type":"BreadcrumbList","@id":"https:\/\/www.pristatomegeles.lt\/en\/produktas\/bouquet-of-red-and-purple-tulips\/#breadcrumb","itemListElement":[{"@type":"ListItem","position":1,"name":"Home","item":"https:\/\/www.pristatomegeles.lt\/en\/home-2\/"},{"@type":"ListItem","position":2,"name":"Flowers","item":"https:\/\/www.pristatomegeles.lt\/en\/flowers\/"},{"@type":"ListItem","position":3,"name":"Bouquet of red and purple tulips"}]},{"@type":"WebSite","@id":"https:\/\/www.pristatomegeles.lt\/en\/#website","url":"https:\/\/www.pristatomegeles.lt\/en\/","name":"Pristatomegeles.lt","description":"","potentialAction":[{"@type":"SearchAction","target":{"@type":"EntryPoint","urlTemplate":"https:\/\/www.pristatomegeles.lt\/en\/?s={search_term_string}"},"query-input":{"@type":"PropertyValueSpecification","valueRequired":true,"valueName":"search_term_string"}}],"inLanguage":"en-US"}]}},"_links":{"self":[{"href":"https:\/\/www.pristatomegeles.lt\/en\/wp-json\/wp\/v2\/product\/16393","targetHints":{"allow":["GET"]}}],"collection":[{"href":"https:\/\/www.pristatomegeles.lt\/en\/wp-json\/wp\/v2\/product"}],"about":[{"href":"https:\/\/www.pristatomegeles.lt\/en\/wp-json\/wp\/v2\/types\/product"}],"wp:featuredmedia":[{"embeddable":true,"href":"https:\/\/www.pristatomegeles.lt\/en\/wp-json\/wp\/v2\/media\/16412"}],"wp:attachment":[{"href":"https:\/\/www.pristatomegeles.lt\/en\/wp-json\/wp\/v2\/media?parent=16393"}],"wp:term":[{"taxonomy":"product_brand","embeddable":true,"href":"https:\/\/www.pristatomegeles.lt\/en\/wp-json\/wp\/v2\/product_brand?post=16393"},{"taxonomy":"product_cat","embeddable":true,"href":"https:\/\/www.pristatomegeles.lt\/en\/wp-json\/wp\/v2\/product_cat?post=16393"},{"taxonomy":"product_tag","embeddable":true,"href":"https:\/\/www.pristatomegeles.lt\/en\/wp-json\/wp\/v2\/product_tag?post=16393"}],"curies":[{"name":"wp","href":"https:\/\/api.w.org\/{rel}","templated":true}]}}