{"id":16434,"date":"2023-04-21T10:44:15","date_gmt":"2023-04-21T08:44:16","guid":{"rendered":"http:\/\/www.pristatomegeles.lt\/?post_type=product&#038;p=16434"},"modified":"2023-04-28T08:06:08","modified_gmt":"2023-04-28T06:06:08","slug":"bouquet-of-white-tulips-and-chamelaucium","status":"publish","type":"product","link":"https:\/\/www.pristatomegeles.lt\/en\/produktas\/bouquet-of-white-tulips-and-chamelaucium\/","title":{"rendered":"Bouquet of white tulips and chamelaucium"},"content":{"rendered":"<p>White tulips are a subtle gift. Flowers of this color are often given to women. For its elegant appearance and pure color, the bouquet is suitable for solid occasions such as anniversaries, or romantic celebrations such as Valentine&#8217;s Day.<\/p>\n","protected":false},"excerpt":{"rendered":"<p>Bouquet of white tulips is suitable to give to women and to young ladies. These flowers are elegant, original, and simple. Choose the desired number of flowers and surprise your loved person.<\/p>\n","protected":false},"featured_media":16443,"template":"","meta":[],"product_brand":[],"product_cat":[1499,1497,419,1491,1498,1492,1494,1152,1153,554,1501],"product_tag":[],"class_list":{"0":"post-16434","1":"product","2":"type-product","3":"status-publish","4":"has-post-thumbnail","6":"product_cat-anniversary-flowers","7":"product_cat-birthday-flowers","8":"product_cat-bouquets","9":"product_cat-flowers-for-a-girl","10":"product_cat-flowers-for-mom","11":"product_cat-flowers-for-the-teachers","12":"product_cat-flowers-for-women","13":"product_cat-march-8-flowers","14":"product_cat-mothers-day-flowers","15":"product_cat-tulips","16":"product_cat-valentines-day-flowers","17":"tm-has-options","19":"first","20":"outofstock","21":"taxable","22":"shipping-taxable","23":"purchasable","24":"product-type-variable","25":"has-default-attributes"},"yoast_head":"<!-- This site is optimized with the Yoast SEO plugin v24.3 - https:\/\/yoast.com\/wordpress\/plugins\/seo\/ -->\n<title>Bouquet of white tulips and chamelaucium | Flower delivery in Vilnius | Pristatome g\u0117les<\/title>\n<meta name=\"description\" content=\"Surprise your loved ones on Valentine&#039;s Day, Women&#039;s Day, or on any other celebration with this bouquet of white tulips and chamelaucium\" \/>\n<meta name=\"robots\" content=\"index, follow, max-snippet:-1, max-image-preview:large, max-video-preview:-1\" \/>\n<link rel=\"canonical\" href=\"https:\/\/www.pristatomegeles.lt\/en\/produktas\/bouquet-of-white-tulips-and-chamelaucium\/\" \/>\n<meta property=\"og:locale\" content=\"en_US\" \/>\n<meta property=\"og:type\" content=\"article\" \/>\n<meta property=\"og:title\" content=\"Bouquet of white tulips and chamelaucium | Flower delivery in Vilnius | Pristatome g\u0117les\" \/>\n<meta property=\"og:description\" content=\"Surprise your loved ones on Valentine&#039;s Day, Women&#039;s Day, or on any other celebration with this bouquet of white tulips and chamelaucium\" \/>\n<meta property=\"og:url\" content=\"https:\/\/www.pristatomegeles.lt\/en\/produktas\/bouquet-of-white-tulips-and-chamelaucium\/\" \/>\n<meta property=\"og:site_name\" content=\"Pristatomegeles.lt\" \/>\n<meta property=\"article:modified_time\" content=\"2023-04-28T06:06:08+00:00\" \/>\n<meta property=\"og:image\" content=\"https:\/\/www.pristatomegeles.lt\/wp-content\/uploads\/2023\/04\/vaskageles-ir-baltos-tulpes-puoksteje-gimtadienio-geles.jpg\" \/>\n\t<meta property=\"og:image:width\" content=\"1200\" \/>\n\t<meta property=\"og:image:height\" content=\"1200\" \/>\n\t<meta property=\"og:image:type\" content=\"image\/jpeg\" \/>\n<meta name=\"twitter:card\" content=\"summary_large_image\" \/>\n<script type=\"application\/ld+json\" class=\"yoast-schema-graph\">{\"@context\":\"https:\/\/schema.org\",\"@graph\":[{\"@type\":\"WebPage\",\"@id\":\"https:\/\/www.pristatomegeles.lt\/en\/produktas\/bouquet-of-white-tulips-and-chamelaucium\/\",\"url\":\"https:\/\/www.pristatomegeles.lt\/en\/produktas\/bouquet-of-white-tulips-and-chamelaucium\/\",\"name\":\"Bouquet of white tulips and chamelaucium | Flower delivery in Vilnius | Pristatome g\u0117les\",\"isPartOf\":{\"@id\":\"https:\/\/www.pristatomegeles.lt\/en\/#website\"},\"primaryImageOfPage\":{\"@id\":\"https:\/\/www.pristatomegeles.lt\/en\/produktas\/bouquet-of-white-tulips-and-chamelaucium\/#primaryimage\"},\"image\":{\"@id\":\"https:\/\/www.pristatomegeles.lt\/en\/produktas\/bouquet-of-white-tulips-and-chamelaucium\/#primaryimage\"},\"thumbnailUrl\":\"https:\/\/www.pristatomegeles.lt\/wp-content\/uploads\/2023\/04\/vaskageles-ir-baltos-tulpes-puoksteje-gimtadienio-geles.jpg\",\"datePublished\":\"2023-04-21T08:44:16+00:00\",\"dateModified\":\"2023-04-28T06:06:08+00:00\",\"description\":\"Surprise your loved ones on Valentine's Day, Women's Day, or on any other celebration with this bouquet of white tulips and chamelaucium\",\"breadcrumb\":{\"@id\":\"https:\/\/www.pristatomegeles.lt\/en\/produktas\/bouquet-of-white-tulips-and-chamelaucium\/#breadcrumb\"},\"inLanguage\":\"en-US\",\"potentialAction\":[{\"@type\":\"ReadAction\",\"target\":[\"https:\/\/www.pristatomegeles.lt\/en\/produktas\/bouquet-of-white-tulips-and-chamelaucium\/\"]}]},{\"@type\":\"ImageObject\",\"inLanguage\":\"en-US\",\"@id\":\"https:\/\/www.pristatomegeles.lt\/en\/produktas\/bouquet-of-white-tulips-and-chamelaucium\/#primaryimage\",\"url\":\"https:\/\/www.pristatomegeles.lt\/wp-content\/uploads\/2023\/04\/vaskageles-ir-baltos-tulpes-puoksteje-gimtadienio-geles.jpg\",\"contentUrl\":\"https:\/\/www.pristatomegeles.lt\/wp-content\/uploads\/2023\/04\/vaskageles-ir-baltos-tulpes-puoksteje-gimtadienio-geles.jpg\",\"width\":1000,\"height\":1000,\"caption\":\"Va\u0161kag\u0117li\u0173 ir balt\u0173 tulpi\u0173 puok\u0161t\u0117 g\u0117l\u0117s moteriai\"},{\"@type\":\"BreadcrumbList\",\"@id\":\"https:\/\/www.pristatomegeles.lt\/en\/produktas\/bouquet-of-white-tulips-and-chamelaucium\/#breadcrumb\",\"itemListElement\":[{\"@type\":\"ListItem\",\"position\":1,\"name\":\"Home\",\"item\":\"https:\/\/www.pristatomegeles.lt\/en\/home-2\/\"},{\"@type\":\"ListItem\",\"position\":2,\"name\":\"Flowers\",\"item\":\"https:\/\/www.pristatomegeles.lt\/en\/flowers\/\"},{\"@type\":\"ListItem\",\"position\":3,\"name\":\"Bouquet of white tulips and chamelaucium\"}]},{\"@type\":\"WebSite\",\"@id\":\"https:\/\/www.pristatomegeles.lt\/en\/#website\",\"url\":\"https:\/\/www.pristatomegeles.lt\/en\/\",\"name\":\"Pristatomegeles.lt\",\"description\":\"\",\"potentialAction\":[{\"@type\":\"SearchAction\",\"target\":{\"@type\":\"EntryPoint\",\"urlTemplate\":\"https:\/\/www.pristatomegeles.lt\/en\/?s={search_term_string}\"},\"query-input\":{\"@type\":\"PropertyValueSpecification\",\"valueRequired\":true,\"valueName\":\"search_term_string\"}}],\"inLanguage\":\"en-US\"}]}<\/script>\n<!-- \/ Yoast SEO plugin. -->","yoast_head_json":{"title":"Bouquet of white tulips and chamelaucium | Flower delivery in Vilnius | Pristatome g\u0117les","description":"Surprise your loved ones on Valentine's Day, Women's Day, or on any other celebration with this bouquet of white tulips and chamelaucium","robots":{"index":"index","follow":"follow","max-snippet":"max-snippet:-1","max-image-preview":"max-image-preview:large","max-video-preview":"max-video-preview:-1"},"canonical":"https:\/\/www.pristatomegeles.lt\/en\/produktas\/bouquet-of-white-tulips-and-chamelaucium\/","og_locale":"en_US","og_type":"article","og_title":"Bouquet of white tulips and chamelaucium | Flower delivery in Vilnius | Pristatome g\u0117les","og_description":"Surprise your loved ones on Valentine's Day, Women's Day, or on any other celebration with this bouquet of white tulips and chamelaucium","og_url":"https:\/\/www.pristatomegeles.lt\/en\/produktas\/bouquet-of-white-tulips-and-chamelaucium\/","og_site_name":"Pristatomegeles.lt","article_modified_time":"2023-04-28T06:06:08+00:00","og_image":[{"width":1200,"height":1200,"url":"https:\/\/www.pristatomegeles.lt\/wp-content\/uploads\/2023\/04\/vaskageles-ir-baltos-tulpes-puoksteje-gimtadienio-geles.jpg","type":"image\/jpeg"}],"twitter_card":"summary_large_image","schema":{"@context":"https:\/\/schema.org","@graph":[{"@type":"WebPage","@id":"https:\/\/www.pristatomegeles.lt\/en\/produktas\/bouquet-of-white-tulips-and-chamelaucium\/","url":"https:\/\/www.pristatomegeles.lt\/en\/produktas\/bouquet-of-white-tulips-and-chamelaucium\/","name":"Bouquet of white tulips and chamelaucium | Flower delivery in Vilnius | Pristatome g\u0117les","isPartOf":{"@id":"https:\/\/www.pristatomegeles.lt\/en\/#website"},"primaryImageOfPage":{"@id":"https:\/\/www.pristatomegeles.lt\/en\/produktas\/bouquet-of-white-tulips-and-chamelaucium\/#primaryimage"},"image":{"@id":"https:\/\/www.pristatomegeles.lt\/en\/produktas\/bouquet-of-white-tulips-and-chamelaucium\/#primaryimage"},"thumbnailUrl":"https:\/\/www.pristatomegeles.lt\/wp-content\/uploads\/2023\/04\/vaskageles-ir-baltos-tulpes-puoksteje-gimtadienio-geles.jpg","datePublished":"2023-04-21T08:44:16+00:00","dateModified":"2023-04-28T06:06:08+00:00","description":"Surprise your loved ones on Valentine's Day, Women's Day, or on any other celebration with this bouquet of white tulips and chamelaucium","breadcrumb":{"@id":"https:\/\/www.pristatomegeles.lt\/en\/produktas\/bouquet-of-white-tulips-and-chamelaucium\/#breadcrumb"},"inLanguage":"en-US","potentialAction":[{"@type":"ReadAction","target":["https:\/\/www.pristatomegeles.lt\/en\/produktas\/bouquet-of-white-tulips-and-chamelaucium\/"]}]},{"@type":"ImageObject","inLanguage":"en-US","@id":"https:\/\/www.pristatomegeles.lt\/en\/produktas\/bouquet-of-white-tulips-and-chamelaucium\/#primaryimage","url":"https:\/\/www.pristatomegeles.lt\/wp-content\/uploads\/2023\/04\/vaskageles-ir-baltos-tulpes-puoksteje-gimtadienio-geles.jpg","contentUrl":"https:\/\/www.pristatomegeles.lt\/wp-content\/uploads\/2023\/04\/vaskageles-ir-baltos-tulpes-puoksteje-gimtadienio-geles.jpg","width":1000,"height":1000,"caption":"Va\u0161kag\u0117li\u0173 ir balt\u0173 tulpi\u0173 puok\u0161t\u0117 g\u0117l\u0117s moteriai"},{"@type":"BreadcrumbList","@id":"https:\/\/www.pristatomegeles.lt\/en\/produktas\/bouquet-of-white-tulips-and-chamelaucium\/#breadcrumb","itemListElement":[{"@type":"ListItem","position":1,"name":"Home","item":"https:\/\/www.pristatomegeles.lt\/en\/home-2\/"},{"@type":"ListItem","position":2,"name":"Flowers","item":"https:\/\/www.pristatomegeles.lt\/en\/flowers\/"},{"@type":"ListItem","position":3,"name":"Bouquet of white tulips and chamelaucium"}]},{"@type":"WebSite","@id":"https:\/\/www.pristatomegeles.lt\/en\/#website","url":"https:\/\/www.pristatomegeles.lt\/en\/","name":"Pristatomegeles.lt","description":"","potentialAction":[{"@type":"SearchAction","target":{"@type":"EntryPoint","urlTemplate":"https:\/\/www.pristatomegeles.lt\/en\/?s={search_term_string}"},"query-input":{"@type":"PropertyValueSpecification","valueRequired":true,"valueName":"search_term_string"}}],"inLanguage":"en-US"}]}},"_links":{"self":[{"href":"https:\/\/www.pristatomegeles.lt\/en\/wp-json\/wp\/v2\/product\/16434","targetHints":{"allow":["GET"]}}],"collection":[{"href":"https:\/\/www.pristatomegeles.lt\/en\/wp-json\/wp\/v2\/product"}],"about":[{"href":"https:\/\/www.pristatomegeles.lt\/en\/wp-json\/wp\/v2\/types\/product"}],"wp:featuredmedia":[{"embeddable":true,"href":"https:\/\/www.pristatomegeles.lt\/en\/wp-json\/wp\/v2\/media\/16443"}],"wp:attachment":[{"href":"https:\/\/www.pristatomegeles.lt\/en\/wp-json\/wp\/v2\/media?parent=16434"}],"wp:term":[{"taxonomy":"product_brand","embeddable":true,"href":"https:\/\/www.pristatomegeles.lt\/en\/wp-json\/wp\/v2\/product_brand?post=16434"},{"taxonomy":"product_cat","embeddable":true,"href":"https:\/\/www.pristatomegeles.lt\/en\/wp-json\/wp\/v2\/product_cat?post=16434"},{"taxonomy":"product_tag","embeddable":true,"href":"https:\/\/www.pristatomegeles.lt\/en\/wp-json\/wp\/v2\/product_tag?post=16434"}],"curies":[{"name":"wp","href":"https:\/\/api.w.org\/{rel}","templated":true}]}}