{"id":16919,"date":"2023-06-17T21:46:01","date_gmt":"2023-06-17T19:46:01","guid":{"rendered":"http:\/\/www.pristatomegeles.lt\/produktas\/a-colorful-bouquet-of-gypsophila\/"},"modified":"2025-01-31T11:56:26","modified_gmt":"2025-01-31T09:56:26","slug":"a-colorful-bouquet-of-gypsophila","status":"publish","type":"product","link":"https:\/\/www.pristatomegeles.lt\/en\/produktas\/a-colorful-bouquet-of-gypsophila\/","title":{"rendered":"A colorful bouquet of gypsophila"},"content":{"rendered":"<p id=\"tw-target-text\" class=\"tw-data-text tw-text-large tw-ta\" dir=\"ltr\" data-placeholder=\"Translation\"><span class=\"Y2IQFc\" lang=\"en\">A bouquet of gypsophila is a great gift for a significant other, a family member or a colleague. This bouquet is distinguished by the fact that its overall image consists of many colorful petals, which make the flowers look extremely light and graceful.<\/span><\/p>\n","protected":false},"excerpt":{"rendered":"<p id=\"tw-target-text\" class=\"tw-data-text tw-text-large tw-ta\" dir=\"ltr\" data-placeholder=\"Translation\"><span class=\"Y2IQFc\" lang=\"en\">Do you want to surprise your loved ones or family members? Give them this fluffy looking bouquet and leave an unforgettable memory.<\/span><\/p>\n","protected":false},"featured_media":16757,"template":"","meta":[],"product_brand":[],"product_cat":[1499,1497,419,1491,1498,1493,1495,1492,1494,1421,1152,1153,1501],"product_tag":[],"class_list":{"0":"post-16919","1":"product","2":"type-product","3":"status-publish","4":"has-post-thumbnail","6":"product_cat-anniversary-flowers","7":"product_cat-birthday-flowers","8":"product_cat-bouquets","9":"product_cat-flowers-for-a-girl","10":"product_cat-flowers-for-mom","11":"product_cat-flowers-for-teachers-day","12":"product_cat-flowers-for-the-1st-of-september","13":"product_cat-flowers-for-the-teachers","14":"product_cat-flowers-for-women","15":"product_cat-gypsophila","16":"product_cat-march-8-flowers","17":"product_cat-mothers-day-flowers","18":"product_cat-valentines-day-flowers","19":"tm-has-options","21":"first","22":"instock","23":"taxable","24":"shipping-taxable","25":"purchasable","26":"product-type-variable","27":"has-default-attributes"},"yoast_head":"<!-- This site is optimized with the Yoast SEO plugin v24.3 - https:\/\/yoast.com\/wordpress\/plugins\/seo\/ -->\n<title>A colorful bouquet of gypsophila | Birthday bouquets | Pristatomegeles.lt<\/title>\n<meta name=\"description\" content=\"Colorful baby&#039;s breath flowers- also known as gypsophilias - are a perfect gift for any occasion. Congratulate your loved ones now!\" \/>\n<meta name=\"robots\" content=\"index, follow, max-snippet:-1, max-image-preview:large, max-video-preview:-1\" \/>\n<link rel=\"canonical\" href=\"https:\/\/www.pristatomegeles.lt\/en\/produktas\/a-colorful-bouquet-of-gypsophila\/\" \/>\n<meta property=\"og:locale\" content=\"en_US\" \/>\n<meta property=\"og:type\" content=\"article\" \/>\n<meta property=\"og:title\" content=\"A colorful bouquet of gypsophila | Birthday bouquets | Pristatomegeles.lt\" \/>\n<meta property=\"og:description\" content=\"Colorful baby&#039;s breath flowers- also known as gypsophilias - are a perfect gift for any occasion. Congratulate your loved ones now!\" \/>\n<meta property=\"og:url\" content=\"https:\/\/www.pristatomegeles.lt\/en\/produktas\/a-colorful-bouquet-of-gypsophila\/\" \/>\n<meta property=\"og:site_name\" content=\"Pristatomegeles.lt\" \/>\n<meta property=\"article:modified_time\" content=\"2025-01-31T09:56:26+00:00\" \/>\n<meta property=\"og:image\" content=\"https:\/\/www.pristatomegeles.lt\/wp-content\/uploads\/2023\/06\/spalvinga-guboju-puokste-geles-merginai.jpg\" \/>\n\t<meta property=\"og:image:width\" content=\"1200\" \/>\n\t<meta property=\"og:image:height\" content=\"1200\" \/>\n\t<meta property=\"og:image:type\" content=\"image\/jpeg\" \/>\n<meta name=\"twitter:card\" content=\"summary_large_image\" \/>\n<script type=\"application\/ld+json\" class=\"yoast-schema-graph\">{\"@context\":\"https:\/\/schema.org\",\"@graph\":[{\"@type\":\"WebPage\",\"@id\":\"https:\/\/www.pristatomegeles.lt\/en\/produktas\/a-colorful-bouquet-of-gypsophila\/\",\"url\":\"https:\/\/www.pristatomegeles.lt\/en\/produktas\/a-colorful-bouquet-of-gypsophila\/\",\"name\":\"A colorful bouquet of gypsophila | Birthday bouquets | Pristatomegeles.lt\",\"isPartOf\":{\"@id\":\"https:\/\/www.pristatomegeles.lt\/en\/#website\"},\"primaryImageOfPage\":{\"@id\":\"https:\/\/www.pristatomegeles.lt\/en\/produktas\/a-colorful-bouquet-of-gypsophila\/#primaryimage\"},\"image\":{\"@id\":\"https:\/\/www.pristatomegeles.lt\/en\/produktas\/a-colorful-bouquet-of-gypsophila\/#primaryimage\"},\"thumbnailUrl\":\"https:\/\/www.pristatomegeles.lt\/wp-content\/uploads\/2023\/06\/spalvinga-guboju-puokste-geles-merginai.jpg\",\"datePublished\":\"2023-06-17T19:46:01+00:00\",\"dateModified\":\"2025-01-31T09:56:26+00:00\",\"description\":\"Colorful baby's breath flowers- also known as gypsophilias - are a perfect gift for any occasion. Congratulate your loved ones now!\",\"breadcrumb\":{\"@id\":\"https:\/\/www.pristatomegeles.lt\/en\/produktas\/a-colorful-bouquet-of-gypsophila\/#breadcrumb\"},\"inLanguage\":\"en-US\",\"potentialAction\":[{\"@type\":\"ReadAction\",\"target\":[\"https:\/\/www.pristatomegeles.lt\/en\/produktas\/a-colorful-bouquet-of-gypsophila\/\"]}]},{\"@type\":\"ImageObject\",\"inLanguage\":\"en-US\",\"@id\":\"https:\/\/www.pristatomegeles.lt\/en\/produktas\/a-colorful-bouquet-of-gypsophila\/#primaryimage\",\"url\":\"https:\/\/www.pristatomegeles.lt\/wp-content\/uploads\/2023\/06\/spalvinga-guboju-puokste-geles-merginai.jpg\",\"contentUrl\":\"https:\/\/www.pristatomegeles.lt\/wp-content\/uploads\/2023\/06\/spalvinga-guboju-puokste-geles-merginai.jpg\",\"width\":1000,\"height\":1000,\"caption\":\"\u012evairiaspalv\u0117s gipsofilijos puok\u0161t\u0117je gimtadienio g\u0117l\u0117s\"},{\"@type\":\"BreadcrumbList\",\"@id\":\"https:\/\/www.pristatomegeles.lt\/en\/produktas\/a-colorful-bouquet-of-gypsophila\/#breadcrumb\",\"itemListElement\":[{\"@type\":\"ListItem\",\"position\":1,\"name\":\"Home\",\"item\":\"https:\/\/www.pristatomegeles.lt\/en\/home-2\/\"},{\"@type\":\"ListItem\",\"position\":2,\"name\":\"Flowers\",\"item\":\"https:\/\/www.pristatomegeles.lt\/en\/flowers\/\"},{\"@type\":\"ListItem\",\"position\":3,\"name\":\"A colorful bouquet of gypsophila\"}]},{\"@type\":\"WebSite\",\"@id\":\"https:\/\/www.pristatomegeles.lt\/en\/#website\",\"url\":\"https:\/\/www.pristatomegeles.lt\/en\/\",\"name\":\"Pristatomegeles.lt\",\"description\":\"\",\"potentialAction\":[{\"@type\":\"SearchAction\",\"target\":{\"@type\":\"EntryPoint\",\"urlTemplate\":\"https:\/\/www.pristatomegeles.lt\/en\/?s={search_term_string}\"},\"query-input\":{\"@type\":\"PropertyValueSpecification\",\"valueRequired\":true,\"valueName\":\"search_term_string\"}}],\"inLanguage\":\"en-US\"}]}<\/script>\n<!-- \/ Yoast SEO plugin. -->","yoast_head_json":{"title":"A colorful bouquet of gypsophila | Birthday bouquets | Pristatomegeles.lt","description":"Colorful baby's breath flowers- also known as gypsophilias - are a perfect gift for any occasion. Congratulate your loved ones now!","robots":{"index":"index","follow":"follow","max-snippet":"max-snippet:-1","max-image-preview":"max-image-preview:large","max-video-preview":"max-video-preview:-1"},"canonical":"https:\/\/www.pristatomegeles.lt\/en\/produktas\/a-colorful-bouquet-of-gypsophila\/","og_locale":"en_US","og_type":"article","og_title":"A colorful bouquet of gypsophila | Birthday bouquets | Pristatomegeles.lt","og_description":"Colorful baby's breath flowers- also known as gypsophilias - are a perfect gift for any occasion. Congratulate your loved ones now!","og_url":"https:\/\/www.pristatomegeles.lt\/en\/produktas\/a-colorful-bouquet-of-gypsophila\/","og_site_name":"Pristatomegeles.lt","article_modified_time":"2025-01-31T09:56:26+00:00","og_image":[{"width":1200,"height":1200,"url":"https:\/\/www.pristatomegeles.lt\/wp-content\/uploads\/2023\/06\/spalvinga-guboju-puokste-geles-merginai.jpg","type":"image\/jpeg"}],"twitter_card":"summary_large_image","schema":{"@context":"https:\/\/schema.org","@graph":[{"@type":"WebPage","@id":"https:\/\/www.pristatomegeles.lt\/en\/produktas\/a-colorful-bouquet-of-gypsophila\/","url":"https:\/\/www.pristatomegeles.lt\/en\/produktas\/a-colorful-bouquet-of-gypsophila\/","name":"A colorful bouquet of gypsophila | Birthday bouquets | Pristatomegeles.lt","isPartOf":{"@id":"https:\/\/www.pristatomegeles.lt\/en\/#website"},"primaryImageOfPage":{"@id":"https:\/\/www.pristatomegeles.lt\/en\/produktas\/a-colorful-bouquet-of-gypsophila\/#primaryimage"},"image":{"@id":"https:\/\/www.pristatomegeles.lt\/en\/produktas\/a-colorful-bouquet-of-gypsophila\/#primaryimage"},"thumbnailUrl":"https:\/\/www.pristatomegeles.lt\/wp-content\/uploads\/2023\/06\/spalvinga-guboju-puokste-geles-merginai.jpg","datePublished":"2023-06-17T19:46:01+00:00","dateModified":"2025-01-31T09:56:26+00:00","description":"Colorful baby's breath flowers- also known as gypsophilias - are a perfect gift for any occasion. Congratulate your loved ones now!","breadcrumb":{"@id":"https:\/\/www.pristatomegeles.lt\/en\/produktas\/a-colorful-bouquet-of-gypsophila\/#breadcrumb"},"inLanguage":"en-US","potentialAction":[{"@type":"ReadAction","target":["https:\/\/www.pristatomegeles.lt\/en\/produktas\/a-colorful-bouquet-of-gypsophila\/"]}]},{"@type":"ImageObject","inLanguage":"en-US","@id":"https:\/\/www.pristatomegeles.lt\/en\/produktas\/a-colorful-bouquet-of-gypsophila\/#primaryimage","url":"https:\/\/www.pristatomegeles.lt\/wp-content\/uploads\/2023\/06\/spalvinga-guboju-puokste-geles-merginai.jpg","contentUrl":"https:\/\/www.pristatomegeles.lt\/wp-content\/uploads\/2023\/06\/spalvinga-guboju-puokste-geles-merginai.jpg","width":1000,"height":1000,"caption":"\u012evairiaspalv\u0117s gipsofilijos puok\u0161t\u0117je gimtadienio g\u0117l\u0117s"},{"@type":"BreadcrumbList","@id":"https:\/\/www.pristatomegeles.lt\/en\/produktas\/a-colorful-bouquet-of-gypsophila\/#breadcrumb","itemListElement":[{"@type":"ListItem","position":1,"name":"Home","item":"https:\/\/www.pristatomegeles.lt\/en\/home-2\/"},{"@type":"ListItem","position":2,"name":"Flowers","item":"https:\/\/www.pristatomegeles.lt\/en\/flowers\/"},{"@type":"ListItem","position":3,"name":"A colorful bouquet of gypsophila"}]},{"@type":"WebSite","@id":"https:\/\/www.pristatomegeles.lt\/en\/#website","url":"https:\/\/www.pristatomegeles.lt\/en\/","name":"Pristatomegeles.lt","description":"","potentialAction":[{"@type":"SearchAction","target":{"@type":"EntryPoint","urlTemplate":"https:\/\/www.pristatomegeles.lt\/en\/?s={search_term_string}"},"query-input":{"@type":"PropertyValueSpecification","valueRequired":true,"valueName":"search_term_string"}}],"inLanguage":"en-US"}]}},"_links":{"self":[{"href":"https:\/\/www.pristatomegeles.lt\/en\/wp-json\/wp\/v2\/product\/16919","targetHints":{"allow":["GET"]}}],"collection":[{"href":"https:\/\/www.pristatomegeles.lt\/en\/wp-json\/wp\/v2\/product"}],"about":[{"href":"https:\/\/www.pristatomegeles.lt\/en\/wp-json\/wp\/v2\/types\/product"}],"wp:featuredmedia":[{"embeddable":true,"href":"https:\/\/www.pristatomegeles.lt\/en\/wp-json\/wp\/v2\/media\/16757"}],"wp:attachment":[{"href":"https:\/\/www.pristatomegeles.lt\/en\/wp-json\/wp\/v2\/media?parent=16919"}],"wp:term":[{"taxonomy":"product_brand","embeddable":true,"href":"https:\/\/www.pristatomegeles.lt\/en\/wp-json\/wp\/v2\/product_brand?post=16919"},{"taxonomy":"product_cat","embeddable":true,"href":"https:\/\/www.pristatomegeles.lt\/en\/wp-json\/wp\/v2\/product_cat?post=16919"},{"taxonomy":"product_tag","embeddable":true,"href":"https:\/\/www.pristatomegeles.lt\/en\/wp-json\/wp\/v2\/product_tag?post=16919"}],"curies":[{"name":"wp","href":"https:\/\/api.w.org\/{rel}","templated":true}]}}