{"id":17374,"date":"2023-12-09T11:56:52","date_gmt":"2023-12-09T09:56:54","guid":{"rendered":"https:\/\/www.pristatomegeles.lt\/?post_type=product&#038;p=17374"},"modified":"2025-02-18T15:26:09","modified_gmt":"2025-02-18T13:26:09","slug":"a-bouquet-of-eustomas-and-white-roses","status":"publish","type":"product","link":"https:\/\/www.pristatomegeles.lt\/en\/produktas\/a-bouquet-of-eustomas-and-white-roses\/","title":{"rendered":"A bouquet of eustomas and white roses"},"content":{"rendered":"","protected":false},"excerpt":{"rendered":"<p>A bouquet of white roses and eustomas will create a wonderful festive atmosphere for any recipient. Greet your special person and decorate their home with beautiful flowers!<\/p>\n<p>The color of the eustomas may vary from those shown in the photo, as we select the colors available in the store at the time. However, we always strive to choose the most beautiful option to ensure the bouquet looks flawless.<\/p>\n","protected":false},"featured_media":17383,"template":"","meta":[],"product_brand":[],"product_cat":[1499,1497,419,435,1491,1498,1493,1495,1492,1494,1152,1153,415,1501],"product_tag":[],"class_list":{"0":"post-17374","1":"product","2":"type-product","3":"status-publish","4":"has-post-thumbnail","6":"product_cat-anniversary-flowers","7":"product_cat-birthday-flowers","8":"product_cat-bouquets","9":"product_cat-eustomas","10":"product_cat-flowers-for-a-girl","11":"product_cat-flowers-for-mom","12":"product_cat-flowers-for-teachers-day","13":"product_cat-flowers-for-the-1st-of-september","14":"product_cat-flowers-for-the-teachers","15":"product_cat-flowers-for-women","16":"product_cat-march-8-flowers","17":"product_cat-mothers-day-flowers","18":"product_cat-roses","19":"product_cat-valentines-day-flowers","20":"tm-has-options","22":"first","23":"instock","24":"taxable","25":"shipping-taxable","26":"purchasable","27":"product-type-variable"},"yoast_head":"<!-- This site is optimized with the Yoast SEO plugin v24.3 - https:\/\/yoast.com\/wordpress\/plugins\/seo\/ -->\n<title>Eustomas and White Roses Bouquet | Flowers in Vilnius | Pristatom\u0117 G\u0117les<\/title>\n<meta name=\"description\" content=\"A bouquet made of white roses and eustomas will not only express care but also surprise the recipient when they unexpectedly receive flowers at home. Order online.\" \/>\n<meta name=\"robots\" content=\"index, follow, max-snippet:-1, max-image-preview:large, max-video-preview:-1\" \/>\n<link rel=\"canonical\" href=\"https:\/\/www.pristatomegeles.lt\/en\/produktas\/a-bouquet-of-eustomas-and-white-roses\/\" \/>\n<meta property=\"og:locale\" content=\"en_US\" \/>\n<meta property=\"og:type\" content=\"article\" \/>\n<meta property=\"og:title\" content=\"Eustomas and White Roses Bouquet | Flowers in Vilnius | Pristatom\u0117 G\u0117les\" \/>\n<meta property=\"og:description\" content=\"A bouquet made of white roses and eustomas will not only express care but also surprise the recipient when they unexpectedly receive flowers at home. Order online.\" \/>\n<meta property=\"og:url\" content=\"https:\/\/www.pristatomegeles.lt\/en\/produktas\/a-bouquet-of-eustomas-and-white-roses\/\" \/>\n<meta property=\"og:site_name\" content=\"Pristatomegeles.lt\" \/>\n<meta property=\"article:modified_time\" content=\"2025-02-18T13:26:09+00:00\" \/>\n<meta property=\"og:image\" content=\"https:\/\/www.pristatomegeles.lt\/wp-content\/uploads\/2023\/12\/baltos-rozes-ir-alyvines-eustomos-puoksteje.jpg\" \/>\n\t<meta property=\"og:image:width\" content=\"1000\" \/>\n\t<meta property=\"og:image:height\" content=\"1000\" \/>\n\t<meta property=\"og:image:type\" content=\"image\/jpeg\" \/>\n<meta name=\"twitter:card\" content=\"summary_large_image\" \/>\n<meta name=\"twitter:label1\" content=\"Est. reading time\" \/>\n\t<meta name=\"twitter:data1\" content=\"1 minute\" \/>\n<script type=\"application\/ld+json\" class=\"yoast-schema-graph\">{\"@context\":\"https:\/\/schema.org\",\"@graph\":[{\"@type\":\"WebPage\",\"@id\":\"https:\/\/www.pristatomegeles.lt\/en\/produktas\/a-bouquet-of-eustomas-and-white-roses\/\",\"url\":\"https:\/\/www.pristatomegeles.lt\/en\/produktas\/a-bouquet-of-eustomas-and-white-roses\/\",\"name\":\"Eustomas and White Roses Bouquet | Flowers in Vilnius | Pristatom\u0117 G\u0117les\",\"isPartOf\":{\"@id\":\"https:\/\/www.pristatomegeles.lt\/en\/#website\"},\"primaryImageOfPage\":{\"@id\":\"https:\/\/www.pristatomegeles.lt\/en\/produktas\/a-bouquet-of-eustomas-and-white-roses\/#primaryimage\"},\"image\":{\"@id\":\"https:\/\/www.pristatomegeles.lt\/en\/produktas\/a-bouquet-of-eustomas-and-white-roses\/#primaryimage\"},\"thumbnailUrl\":\"https:\/\/www.pristatomegeles.lt\/wp-content\/uploads\/2023\/12\/baltos-rozes-ir-alyvines-eustomos-puoksteje.jpg\",\"datePublished\":\"2023-12-09T09:56:54+00:00\",\"dateModified\":\"2025-02-18T13:26:09+00:00\",\"description\":\"A bouquet made of white roses and eustomas will not only express care but also surprise the recipient when they unexpectedly receive flowers at home. Order online.\",\"breadcrumb\":{\"@id\":\"https:\/\/www.pristatomegeles.lt\/en\/produktas\/a-bouquet-of-eustomas-and-white-roses\/#breadcrumb\"},\"inLanguage\":\"en-US\",\"potentialAction\":[{\"@type\":\"ReadAction\",\"target\":[\"https:\/\/www.pristatomegeles.lt\/en\/produktas\/a-bouquet-of-eustomas-and-white-roses\/\"]}]},{\"@type\":\"ImageObject\",\"inLanguage\":\"en-US\",\"@id\":\"https:\/\/www.pristatomegeles.lt\/en\/produktas\/a-bouquet-of-eustomas-and-white-roses\/#primaryimage\",\"url\":\"https:\/\/www.pristatomegeles.lt\/wp-content\/uploads\/2023\/12\/baltos-rozes-ir-alyvines-eustomos-puoksteje.jpg\",\"contentUrl\":\"https:\/\/www.pristatomegeles.lt\/wp-content\/uploads\/2023\/12\/baltos-rozes-ir-alyvines-eustomos-puoksteje.jpg\",\"width\":1000,\"height\":1000,\"caption\":\"Puok\u0161t\u0117 i\u0161 stambi\u0173 balt\u0173 ro\u017ei\u0173 ir alyvini\u0173 eustom\u0173\"},{\"@type\":\"BreadcrumbList\",\"@id\":\"https:\/\/www.pristatomegeles.lt\/en\/produktas\/a-bouquet-of-eustomas-and-white-roses\/#breadcrumb\",\"itemListElement\":[{\"@type\":\"ListItem\",\"position\":1,\"name\":\"Home\",\"item\":\"https:\/\/www.pristatomegeles.lt\/en\/home-2\/\"},{\"@type\":\"ListItem\",\"position\":2,\"name\":\"Flowers\",\"item\":\"https:\/\/www.pristatomegeles.lt\/en\/flowers\/\"},{\"@type\":\"ListItem\",\"position\":3,\"name\":\"A bouquet of eustomas and white roses\"}]},{\"@type\":\"WebSite\",\"@id\":\"https:\/\/www.pristatomegeles.lt\/en\/#website\",\"url\":\"https:\/\/www.pristatomegeles.lt\/en\/\",\"name\":\"Pristatomegeles.lt\",\"description\":\"\",\"potentialAction\":[{\"@type\":\"SearchAction\",\"target\":{\"@type\":\"EntryPoint\",\"urlTemplate\":\"https:\/\/www.pristatomegeles.lt\/en\/?s={search_term_string}\"},\"query-input\":{\"@type\":\"PropertyValueSpecification\",\"valueRequired\":true,\"valueName\":\"search_term_string\"}}],\"inLanguage\":\"en-US\"}]}<\/script>\n<!-- \/ Yoast SEO plugin. -->","yoast_head_json":{"title":"Eustomas and White Roses Bouquet | Flowers in Vilnius | Pristatom\u0117 G\u0117les","description":"A bouquet made of white roses and eustomas will not only express care but also surprise the recipient when they unexpectedly receive flowers at home. Order online.","robots":{"index":"index","follow":"follow","max-snippet":"max-snippet:-1","max-image-preview":"max-image-preview:large","max-video-preview":"max-video-preview:-1"},"canonical":"https:\/\/www.pristatomegeles.lt\/en\/produktas\/a-bouquet-of-eustomas-and-white-roses\/","og_locale":"en_US","og_type":"article","og_title":"Eustomas and White Roses Bouquet | Flowers in Vilnius | Pristatom\u0117 G\u0117les","og_description":"A bouquet made of white roses and eustomas will not only express care but also surprise the recipient when they unexpectedly receive flowers at home. Order online.","og_url":"https:\/\/www.pristatomegeles.lt\/en\/produktas\/a-bouquet-of-eustomas-and-white-roses\/","og_site_name":"Pristatomegeles.lt","article_modified_time":"2025-02-18T13:26:09+00:00","og_image":[{"width":1000,"height":1000,"url":"https:\/\/www.pristatomegeles.lt\/wp-content\/uploads\/2023\/12\/baltos-rozes-ir-alyvines-eustomos-puoksteje.jpg","type":"image\/jpeg"}],"twitter_card":"summary_large_image","twitter_misc":{"Est. reading time":"1 minute"},"schema":{"@context":"https:\/\/schema.org","@graph":[{"@type":"WebPage","@id":"https:\/\/www.pristatomegeles.lt\/en\/produktas\/a-bouquet-of-eustomas-and-white-roses\/","url":"https:\/\/www.pristatomegeles.lt\/en\/produktas\/a-bouquet-of-eustomas-and-white-roses\/","name":"Eustomas and White Roses Bouquet | Flowers in Vilnius | Pristatom\u0117 G\u0117les","isPartOf":{"@id":"https:\/\/www.pristatomegeles.lt\/en\/#website"},"primaryImageOfPage":{"@id":"https:\/\/www.pristatomegeles.lt\/en\/produktas\/a-bouquet-of-eustomas-and-white-roses\/#primaryimage"},"image":{"@id":"https:\/\/www.pristatomegeles.lt\/en\/produktas\/a-bouquet-of-eustomas-and-white-roses\/#primaryimage"},"thumbnailUrl":"https:\/\/www.pristatomegeles.lt\/wp-content\/uploads\/2023\/12\/baltos-rozes-ir-alyvines-eustomos-puoksteje.jpg","datePublished":"2023-12-09T09:56:54+00:00","dateModified":"2025-02-18T13:26:09+00:00","description":"A bouquet made of white roses and eustomas will not only express care but also surprise the recipient when they unexpectedly receive flowers at home. Order online.","breadcrumb":{"@id":"https:\/\/www.pristatomegeles.lt\/en\/produktas\/a-bouquet-of-eustomas-and-white-roses\/#breadcrumb"},"inLanguage":"en-US","potentialAction":[{"@type":"ReadAction","target":["https:\/\/www.pristatomegeles.lt\/en\/produktas\/a-bouquet-of-eustomas-and-white-roses\/"]}]},{"@type":"ImageObject","inLanguage":"en-US","@id":"https:\/\/www.pristatomegeles.lt\/en\/produktas\/a-bouquet-of-eustomas-and-white-roses\/#primaryimage","url":"https:\/\/www.pristatomegeles.lt\/wp-content\/uploads\/2023\/12\/baltos-rozes-ir-alyvines-eustomos-puoksteje.jpg","contentUrl":"https:\/\/www.pristatomegeles.lt\/wp-content\/uploads\/2023\/12\/baltos-rozes-ir-alyvines-eustomos-puoksteje.jpg","width":1000,"height":1000,"caption":"Puok\u0161t\u0117 i\u0161 stambi\u0173 balt\u0173 ro\u017ei\u0173 ir alyvini\u0173 eustom\u0173"},{"@type":"BreadcrumbList","@id":"https:\/\/www.pristatomegeles.lt\/en\/produktas\/a-bouquet-of-eustomas-and-white-roses\/#breadcrumb","itemListElement":[{"@type":"ListItem","position":1,"name":"Home","item":"https:\/\/www.pristatomegeles.lt\/en\/home-2\/"},{"@type":"ListItem","position":2,"name":"Flowers","item":"https:\/\/www.pristatomegeles.lt\/en\/flowers\/"},{"@type":"ListItem","position":3,"name":"A bouquet of eustomas and white roses"}]},{"@type":"WebSite","@id":"https:\/\/www.pristatomegeles.lt\/en\/#website","url":"https:\/\/www.pristatomegeles.lt\/en\/","name":"Pristatomegeles.lt","description":"","potentialAction":[{"@type":"SearchAction","target":{"@type":"EntryPoint","urlTemplate":"https:\/\/www.pristatomegeles.lt\/en\/?s={search_term_string}"},"query-input":{"@type":"PropertyValueSpecification","valueRequired":true,"valueName":"search_term_string"}}],"inLanguage":"en-US"}]}},"_links":{"self":[{"href":"https:\/\/www.pristatomegeles.lt\/en\/wp-json\/wp\/v2\/product\/17374","targetHints":{"allow":["GET"]}}],"collection":[{"href":"https:\/\/www.pristatomegeles.lt\/en\/wp-json\/wp\/v2\/product"}],"about":[{"href":"https:\/\/www.pristatomegeles.lt\/en\/wp-json\/wp\/v2\/types\/product"}],"wp:featuredmedia":[{"embeddable":true,"href":"https:\/\/www.pristatomegeles.lt\/en\/wp-json\/wp\/v2\/media\/17383"}],"wp:attachment":[{"href":"https:\/\/www.pristatomegeles.lt\/en\/wp-json\/wp\/v2\/media?parent=17374"}],"wp:term":[{"taxonomy":"product_brand","embeddable":true,"href":"https:\/\/www.pristatomegeles.lt\/en\/wp-json\/wp\/v2\/product_brand?post=17374"},{"taxonomy":"product_cat","embeddable":true,"href":"https:\/\/www.pristatomegeles.lt\/en\/wp-json\/wp\/v2\/product_cat?post=17374"},{"taxonomy":"product_tag","embeddable":true,"href":"https:\/\/www.pristatomegeles.lt\/en\/wp-json\/wp\/v2\/product_tag?post=17374"}],"curies":[{"name":"wp","href":"https:\/\/api.w.org\/{rel}","templated":true}]}}