{"id":17561,"date":"2024-02-11T16:05:36","date_gmt":"2024-02-11T14:05:40","guid":{"rendered":"https:\/\/www.pristatomegeles.lt\/?post_type=product&#038;p=17561"},"modified":"2025-02-18T15:19:43","modified_gmt":"2025-02-18T13:19:43","slug":"flower-box-happiness-kopija","status":"publish","type":"product","link":"https:\/\/www.pristatomegeles.lt\/en\/produktas\/flower-box-happiness-kopija\/","title":{"rendered":"Flower Box &#8220;Summer Dream&#8221;"},"content":{"rendered":"<p>Flower Box &#8220;Summer Dream&#8221; is a perfect gift for women and girls on various occasions such as birthdays, name days, and more. While it&#8217;s common to give red romantic bouquets on Valentine&#8217;s Day or tulips on Women&#8217;s Day, for those who appreciate originality and want to stand out, this elegant pink box filled with beautiful flowers makes an excellent choice.<\/p>\n","protected":false},"excerpt":{"rendered":"<p>Gift your loved one a box of delicate pink flowers. This box radiates sincerity, love, and care, making it especially appealing to women. The bouquet includes a variety of flowers such as alstroemerias, roses, freesias, eustomas, or other pink blooms. While the flowers in the box may vary, rest assured that the box will look cozy, warm, and, of course, beautifully elegant!<\/p>\n<p>You can choose from several box sizes. The overall look of the box, with its colors and composition, will remain the same; only the size of the box and the number of flowers will change.<\/p>\n","protected":false},"featured_media":17565,"template":"","meta":[],"product_brand":[],"product_cat":[454,1499,1497,457,1424,435,414,1491,1498,1493,1495,1492,1494,497,1152,1153,415,1501],"product_tag":[],"class_list":{"0":"post-17561","1":"product","2":"type-product","3":"status-publish","4":"has-post-thumbnail","6":"product_cat-alstromerias","7":"product_cat-anniversary-flowers","8":"product_cat-birthday-flowers","9":"product_cat-carnations","10":"product_cat-chrysanthemums","11":"product_cat-eustomas","12":"product_cat-flower-boxes","13":"product_cat-flowers-for-a-girl","14":"product_cat-flowers-for-mom","15":"product_cat-flowers-for-teachers-day","16":"product_cat-flowers-for-the-1st-of-september","17":"product_cat-flowers-for-the-teachers","18":"product_cat-flowers-for-women","19":"product_cat-freesias","20":"product_cat-march-8-flowers","21":"product_cat-mothers-day-flowers","22":"product_cat-roses","23":"product_cat-valentines-day-flowers","24":"tm-no-options","26":"first","27":"instock","28":"taxable","29":"shipping-taxable","30":"purchasable","31":"product-type-variable","32":"has-default-attributes"},"yoast_head":"<!-- This site is optimized with the Yoast SEO plugin v24.3 - https:\/\/yoast.com\/wordpress\/plugins\/seo\/ -->\n<title>Flower Box &quot;Summer Dream&quot; | Flower Delivery in Vilnius | PristatomeGeles<\/title>\n<meta name=\"description\" content=\"Order the charming pink flower box online, and we will deliver it in Vilnius, surprising your special person on any occasion!\" \/>\n<meta name=\"robots\" content=\"index, follow, max-snippet:-1, max-image-preview:large, max-video-preview:-1\" \/>\n<link rel=\"canonical\" href=\"https:\/\/www.pristatomegeles.lt\/en\/produktas\/flower-box-happiness-kopija\/\" \/>\n<meta property=\"og:locale\" content=\"en_US\" \/>\n<meta property=\"og:type\" content=\"article\" \/>\n<meta property=\"og:title\" content=\"Flower Box &quot;Summer Dream&quot; | Flower Delivery in Vilnius | PristatomeGeles\" \/>\n<meta property=\"og:description\" content=\"Order the charming pink flower box online, and we will deliver it in Vilnius, surprising your special person on any occasion!\" \/>\n<meta property=\"og:url\" content=\"https:\/\/www.pristatomegeles.lt\/en\/produktas\/flower-box-happiness-kopija\/\" \/>\n<meta property=\"og:site_name\" content=\"Pristatomegeles.lt\" \/>\n<meta property=\"article:modified_time\" content=\"2025-02-18T13:19:43+00:00\" \/>\n<meta property=\"og:image\" content=\"https:\/\/www.pristatomegeles.lt\/wp-content\/uploads\/2024\/02\/rausvu-geliu-dezute-geles-merginai.jpg\" \/>\n\t<meta property=\"og:image:width\" content=\"1000\" \/>\n\t<meta property=\"og:image:height\" content=\"1000\" \/>\n\t<meta property=\"og:image:type\" content=\"image\/jpeg\" \/>\n<meta name=\"twitter:card\" content=\"summary_large_image\" \/>\n<meta name=\"twitter:label1\" content=\"Est. reading time\" \/>\n\t<meta name=\"twitter:data1\" content=\"1 minute\" \/>\n<script type=\"application\/ld+json\" class=\"yoast-schema-graph\">{\"@context\":\"https:\/\/schema.org\",\"@graph\":[{\"@type\":\"WebPage\",\"@id\":\"https:\/\/www.pristatomegeles.lt\/en\/produktas\/flower-box-happiness-kopija\/\",\"url\":\"https:\/\/www.pristatomegeles.lt\/en\/produktas\/flower-box-happiness-kopija\/\",\"name\":\"Flower Box \\\"Summer Dream\\\" | Flower Delivery in Vilnius | PristatomeGeles\",\"isPartOf\":{\"@id\":\"https:\/\/www.pristatomegeles.lt\/en\/#website\"},\"primaryImageOfPage\":{\"@id\":\"https:\/\/www.pristatomegeles.lt\/en\/produktas\/flower-box-happiness-kopija\/#primaryimage\"},\"image\":{\"@id\":\"https:\/\/www.pristatomegeles.lt\/en\/produktas\/flower-box-happiness-kopija\/#primaryimage\"},\"thumbnailUrl\":\"https:\/\/www.pristatomegeles.lt\/wp-content\/uploads\/2024\/02\/rausvu-geliu-dezute-geles-merginai.jpg\",\"datePublished\":\"2024-02-11T14:05:40+00:00\",\"dateModified\":\"2025-02-18T13:19:43+00:00\",\"description\":\"Order the charming pink flower box online, and we will deliver it in Vilnius, surprising your special person on any occasion!\",\"breadcrumb\":{\"@id\":\"https:\/\/www.pristatomegeles.lt\/en\/produktas\/flower-box-happiness-kopija\/#breadcrumb\"},\"inLanguage\":\"en-US\",\"potentialAction\":[{\"@type\":\"ReadAction\",\"target\":[\"https:\/\/www.pristatomegeles.lt\/en\/produktas\/flower-box-happiness-kopija\/\"]}]},{\"@type\":\"ImageObject\",\"inLanguage\":\"en-US\",\"@id\":\"https:\/\/www.pristatomegeles.lt\/en\/produktas\/flower-box-happiness-kopija\/#primaryimage\",\"url\":\"https:\/\/www.pristatomegeles.lt\/wp-content\/uploads\/2024\/02\/rausvu-geliu-dezute-geles-merginai.jpg\",\"contentUrl\":\"https:\/\/www.pristatomegeles.lt\/wp-content\/uploads\/2024\/02\/rausvu-geliu-dezute-geles-merginai.jpg\",\"width\":1000,\"height\":1000,\"caption\":\"Rausv\u0173 spalv\u0173 g\u0117l\u0117s d\u0117\u017eut\u0117je merginai gimtadienio proga\"},{\"@type\":\"BreadcrumbList\",\"@id\":\"https:\/\/www.pristatomegeles.lt\/en\/produktas\/flower-box-happiness-kopija\/#breadcrumb\",\"itemListElement\":[{\"@type\":\"ListItem\",\"position\":1,\"name\":\"Home\",\"item\":\"https:\/\/www.pristatomegeles.lt\/en\/home-2\/\"},{\"@type\":\"ListItem\",\"position\":2,\"name\":\"Flowers\",\"item\":\"https:\/\/www.pristatomegeles.lt\/en\/flowers\/\"},{\"@type\":\"ListItem\",\"position\":3,\"name\":\"Flower Box &#8220;Summer Dream&#8221;\"}]},{\"@type\":\"WebSite\",\"@id\":\"https:\/\/www.pristatomegeles.lt\/en\/#website\",\"url\":\"https:\/\/www.pristatomegeles.lt\/en\/\",\"name\":\"Pristatomegeles.lt\",\"description\":\"\",\"potentialAction\":[{\"@type\":\"SearchAction\",\"target\":{\"@type\":\"EntryPoint\",\"urlTemplate\":\"https:\/\/www.pristatomegeles.lt\/en\/?s={search_term_string}\"},\"query-input\":{\"@type\":\"PropertyValueSpecification\",\"valueRequired\":true,\"valueName\":\"search_term_string\"}}],\"inLanguage\":\"en-US\"}]}<\/script>\n<!-- \/ Yoast SEO plugin. -->","yoast_head_json":{"title":"Flower Box \"Summer Dream\" | Flower Delivery in Vilnius | PristatomeGeles","description":"Order the charming pink flower box online, and we will deliver it in Vilnius, surprising your special person on any occasion!","robots":{"index":"index","follow":"follow","max-snippet":"max-snippet:-1","max-image-preview":"max-image-preview:large","max-video-preview":"max-video-preview:-1"},"canonical":"https:\/\/www.pristatomegeles.lt\/en\/produktas\/flower-box-happiness-kopija\/","og_locale":"en_US","og_type":"article","og_title":"Flower Box \"Summer Dream\" | Flower Delivery in Vilnius | PristatomeGeles","og_description":"Order the charming pink flower box online, and we will deliver it in Vilnius, surprising your special person on any occasion!","og_url":"https:\/\/www.pristatomegeles.lt\/en\/produktas\/flower-box-happiness-kopija\/","og_site_name":"Pristatomegeles.lt","article_modified_time":"2025-02-18T13:19:43+00:00","og_image":[{"width":1000,"height":1000,"url":"https:\/\/www.pristatomegeles.lt\/wp-content\/uploads\/2024\/02\/rausvu-geliu-dezute-geles-merginai.jpg","type":"image\/jpeg"}],"twitter_card":"summary_large_image","twitter_misc":{"Est. reading time":"1 minute"},"schema":{"@context":"https:\/\/schema.org","@graph":[{"@type":"WebPage","@id":"https:\/\/www.pristatomegeles.lt\/en\/produktas\/flower-box-happiness-kopija\/","url":"https:\/\/www.pristatomegeles.lt\/en\/produktas\/flower-box-happiness-kopija\/","name":"Flower Box \"Summer Dream\" | Flower Delivery in Vilnius | PristatomeGeles","isPartOf":{"@id":"https:\/\/www.pristatomegeles.lt\/en\/#website"},"primaryImageOfPage":{"@id":"https:\/\/www.pristatomegeles.lt\/en\/produktas\/flower-box-happiness-kopija\/#primaryimage"},"image":{"@id":"https:\/\/www.pristatomegeles.lt\/en\/produktas\/flower-box-happiness-kopija\/#primaryimage"},"thumbnailUrl":"https:\/\/www.pristatomegeles.lt\/wp-content\/uploads\/2024\/02\/rausvu-geliu-dezute-geles-merginai.jpg","datePublished":"2024-02-11T14:05:40+00:00","dateModified":"2025-02-18T13:19:43+00:00","description":"Order the charming pink flower box online, and we will deliver it in Vilnius, surprising your special person on any occasion!","breadcrumb":{"@id":"https:\/\/www.pristatomegeles.lt\/en\/produktas\/flower-box-happiness-kopija\/#breadcrumb"},"inLanguage":"en-US","potentialAction":[{"@type":"ReadAction","target":["https:\/\/www.pristatomegeles.lt\/en\/produktas\/flower-box-happiness-kopija\/"]}]},{"@type":"ImageObject","inLanguage":"en-US","@id":"https:\/\/www.pristatomegeles.lt\/en\/produktas\/flower-box-happiness-kopija\/#primaryimage","url":"https:\/\/www.pristatomegeles.lt\/wp-content\/uploads\/2024\/02\/rausvu-geliu-dezute-geles-merginai.jpg","contentUrl":"https:\/\/www.pristatomegeles.lt\/wp-content\/uploads\/2024\/02\/rausvu-geliu-dezute-geles-merginai.jpg","width":1000,"height":1000,"caption":"Rausv\u0173 spalv\u0173 g\u0117l\u0117s d\u0117\u017eut\u0117je merginai gimtadienio proga"},{"@type":"BreadcrumbList","@id":"https:\/\/www.pristatomegeles.lt\/en\/produktas\/flower-box-happiness-kopija\/#breadcrumb","itemListElement":[{"@type":"ListItem","position":1,"name":"Home","item":"https:\/\/www.pristatomegeles.lt\/en\/home-2\/"},{"@type":"ListItem","position":2,"name":"Flowers","item":"https:\/\/www.pristatomegeles.lt\/en\/flowers\/"},{"@type":"ListItem","position":3,"name":"Flower Box &#8220;Summer Dream&#8221;"}]},{"@type":"WebSite","@id":"https:\/\/www.pristatomegeles.lt\/en\/#website","url":"https:\/\/www.pristatomegeles.lt\/en\/","name":"Pristatomegeles.lt","description":"","potentialAction":[{"@type":"SearchAction","target":{"@type":"EntryPoint","urlTemplate":"https:\/\/www.pristatomegeles.lt\/en\/?s={search_term_string}"},"query-input":{"@type":"PropertyValueSpecification","valueRequired":true,"valueName":"search_term_string"}}],"inLanguage":"en-US"}]}},"_links":{"self":[{"href":"https:\/\/www.pristatomegeles.lt\/en\/wp-json\/wp\/v2\/product\/17561","targetHints":{"allow":["GET"]}}],"collection":[{"href":"https:\/\/www.pristatomegeles.lt\/en\/wp-json\/wp\/v2\/product"}],"about":[{"href":"https:\/\/www.pristatomegeles.lt\/en\/wp-json\/wp\/v2\/types\/product"}],"wp:featuredmedia":[{"embeddable":true,"href":"https:\/\/www.pristatomegeles.lt\/en\/wp-json\/wp\/v2\/media\/17565"}],"wp:attachment":[{"href":"https:\/\/www.pristatomegeles.lt\/en\/wp-json\/wp\/v2\/media?parent=17561"}],"wp:term":[{"taxonomy":"product_brand","embeddable":true,"href":"https:\/\/www.pristatomegeles.lt\/en\/wp-json\/wp\/v2\/product_brand?post=17561"},{"taxonomy":"product_cat","embeddable":true,"href":"https:\/\/www.pristatomegeles.lt\/en\/wp-json\/wp\/v2\/product_cat?post=17561"},{"taxonomy":"product_tag","embeddable":true,"href":"https:\/\/www.pristatomegeles.lt\/en\/wp-json\/wp\/v2\/product_tag?post=17561"}],"curies":[{"name":"wp","href":"https:\/\/api.w.org\/{rel}","templated":true}]}}