{"id":18497,"date":"2024-06-20T16:51:05","date_gmt":"2024-06-20T14:51:05","guid":{"rendered":"https:\/\/www.pristatomegeles.lt\/produktas\/flower-bouquet-impression\/"},"modified":"2025-02-18T15:19:00","modified_gmt":"2025-02-18T13:19:00","slug":"flower-bouquet-impression","status":"publish","type":"product","link":"https:\/\/www.pristatomegeles.lt\/en\/produktas\/flower-bouquet-impression\/","title":{"rendered":"Flower Bouquet &#8220;Impression&#8221;"},"content":{"rendered":"","protected":false},"excerpt":{"rendered":"<p>This vibrant bouquet of coral roses and alstroemerias will shine like a sunny day. Perfect for lifting the spirits of both young and older individuals with its memorable colors. The bouquet will consist of your chosen number of alstroemerias and roses, which will determine the overall size of the arrangement.<\/p>\n","protected":false},"featured_media":17978,"template":"","meta":[],"product_brand":[],"product_cat":[454,1499,1497,419,1491,1496,1498,1493,1495,1492,1494,1152,1153,415,1501],"product_tag":[],"class_list":{"0":"post-18497","1":"product","2":"type-product","3":"status-publish","4":"has-post-thumbnail","6":"product_cat-alstromerias","7":"product_cat-anniversary-flowers","8":"product_cat-birthday-flowers","9":"product_cat-bouquets","10":"product_cat-flowers-for-a-girl","11":"product_cat-flowers-for-men","12":"product_cat-flowers-for-mom","13":"product_cat-flowers-for-teachers-day","14":"product_cat-flowers-for-the-1st-of-september","15":"product_cat-flowers-for-the-teachers","16":"product_cat-flowers-for-women","17":"product_cat-march-8-flowers","18":"product_cat-mothers-day-flowers","19":"product_cat-roses","20":"product_cat-valentines-day-flowers","21":"tm-has-options","23":"first","24":"instock","25":"taxable","26":"shipping-taxable","27":"purchasable","28":"product-type-variable"},"yoast_head":"<!-- This site is optimized with the Yoast SEO plugin v24.3 - https:\/\/yoast.com\/wordpress\/plugins\/seo\/ -->\n<title>Flower Bouquet &quot;Impression&quot; | Flower Delivery | PristatomeG\u0117les<\/title>\n<meta name=\"description\" content=\"Surprise a loved one, friend, or colleague with a vibrant bouquet. The coral roses and colorful alstroemeria bouquet is perfect for any occasion.\" \/>\n<meta name=\"robots\" content=\"index, follow, max-snippet:-1, max-image-preview:large, max-video-preview:-1\" \/>\n<link rel=\"canonical\" href=\"https:\/\/www.pristatomegeles.lt\/en\/produktas\/flower-bouquet-impression\/\" \/>\n<meta property=\"og:locale\" content=\"en_US\" \/>\n<meta property=\"og:type\" content=\"article\" \/>\n<meta property=\"og:title\" content=\"Flower Bouquet &quot;Impression&quot; | Flower Delivery | PristatomeG\u0117les\" \/>\n<meta property=\"og:description\" content=\"Surprise a loved one, friend, or colleague with a vibrant bouquet. The coral roses and colorful alstroemeria bouquet is perfect for any occasion.\" \/>\n<meta property=\"og:url\" content=\"https:\/\/www.pristatomegeles.lt\/en\/produktas\/flower-bouquet-impression\/\" \/>\n<meta property=\"og:site_name\" content=\"Pristatomegeles.lt\" \/>\n<meta property=\"article:modified_time\" content=\"2025-02-18T13:19:00+00:00\" \/>\n<meta property=\"og:image\" content=\"https:\/\/www.pristatomegeles.lt\/wp-content\/uploads\/2024\/06\/koraliniu-roziu-ir-alstromeriju-puokste-geles-merginai.jpg\" \/>\n\t<meta property=\"og:image:width\" content=\"1000\" \/>\n\t<meta property=\"og:image:height\" content=\"1000\" \/>\n\t<meta property=\"og:image:type\" content=\"image\/jpeg\" \/>\n<meta name=\"twitter:card\" content=\"summary_large_image\" \/>\n<meta name=\"twitter:label1\" content=\"Est. reading time\" \/>\n\t<meta name=\"twitter:data1\" content=\"1 minute\" \/>\n<script type=\"application\/ld+json\" class=\"yoast-schema-graph\">{\"@context\":\"https:\/\/schema.org\",\"@graph\":[{\"@type\":\"WebPage\",\"@id\":\"https:\/\/www.pristatomegeles.lt\/en\/produktas\/flower-bouquet-impression\/\",\"url\":\"https:\/\/www.pristatomegeles.lt\/en\/produktas\/flower-bouquet-impression\/\",\"name\":\"Flower Bouquet \\\"Impression\\\" | Flower Delivery | PristatomeG\u0117les\",\"isPartOf\":{\"@id\":\"https:\/\/www.pristatomegeles.lt\/en\/#website\"},\"primaryImageOfPage\":{\"@id\":\"https:\/\/www.pristatomegeles.lt\/en\/produktas\/flower-bouquet-impression\/#primaryimage\"},\"image\":{\"@id\":\"https:\/\/www.pristatomegeles.lt\/en\/produktas\/flower-bouquet-impression\/#primaryimage\"},\"thumbnailUrl\":\"https:\/\/www.pristatomegeles.lt\/wp-content\/uploads\/2024\/06\/koraliniu-roziu-ir-alstromeriju-puokste-geles-merginai.jpg\",\"datePublished\":\"2024-06-20T14:51:05+00:00\",\"dateModified\":\"2025-02-18T13:19:00+00:00\",\"description\":\"Surprise a loved one, friend, or colleague with a vibrant bouquet. The coral roses and colorful alstroemeria bouquet is perfect for any occasion.\",\"breadcrumb\":{\"@id\":\"https:\/\/www.pristatomegeles.lt\/en\/produktas\/flower-bouquet-impression\/#breadcrumb\"},\"inLanguage\":\"en-US\",\"potentialAction\":[{\"@type\":\"ReadAction\",\"target\":[\"https:\/\/www.pristatomegeles.lt\/en\/produktas\/flower-bouquet-impression\/\"]}]},{\"@type\":\"ImageObject\",\"inLanguage\":\"en-US\",\"@id\":\"https:\/\/www.pristatomegeles.lt\/en\/produktas\/flower-bouquet-impression\/#primaryimage\",\"url\":\"https:\/\/www.pristatomegeles.lt\/wp-content\/uploads\/2024\/06\/koraliniu-roziu-ir-alstromeriju-puokste-geles-merginai.jpg\",\"contentUrl\":\"https:\/\/www.pristatomegeles.lt\/wp-content\/uploads\/2024\/06\/koraliniu-roziu-ir-alstromeriju-puokste-geles-merginai.jpg\",\"width\":1000,\"height\":1000,\"caption\":\"Puok\u0161t\u0117 i\u0161 koralini\u0173 ro\u017ei\u0173 ir spalving\u0173 alstromerij\u0173\"},{\"@type\":\"BreadcrumbList\",\"@id\":\"https:\/\/www.pristatomegeles.lt\/en\/produktas\/flower-bouquet-impression\/#breadcrumb\",\"itemListElement\":[{\"@type\":\"ListItem\",\"position\":1,\"name\":\"Home\",\"item\":\"https:\/\/www.pristatomegeles.lt\/en\/home-2\/\"},{\"@type\":\"ListItem\",\"position\":2,\"name\":\"Flowers\",\"item\":\"https:\/\/www.pristatomegeles.lt\/en\/flowers\/\"},{\"@type\":\"ListItem\",\"position\":3,\"name\":\"Flower Bouquet &#8220;Impression&#8221;\"}]},{\"@type\":\"WebSite\",\"@id\":\"https:\/\/www.pristatomegeles.lt\/en\/#website\",\"url\":\"https:\/\/www.pristatomegeles.lt\/en\/\",\"name\":\"Pristatomegeles.lt\",\"description\":\"\",\"potentialAction\":[{\"@type\":\"SearchAction\",\"target\":{\"@type\":\"EntryPoint\",\"urlTemplate\":\"https:\/\/www.pristatomegeles.lt\/en\/?s={search_term_string}\"},\"query-input\":{\"@type\":\"PropertyValueSpecification\",\"valueRequired\":true,\"valueName\":\"search_term_string\"}}],\"inLanguage\":\"en-US\"}]}<\/script>\n<!-- \/ Yoast SEO plugin. -->","yoast_head_json":{"title":"Flower Bouquet \"Impression\" | Flower Delivery | PristatomeG\u0117les","description":"Surprise a loved one, friend, or colleague with a vibrant bouquet. The coral roses and colorful alstroemeria bouquet is perfect for any occasion.","robots":{"index":"index","follow":"follow","max-snippet":"max-snippet:-1","max-image-preview":"max-image-preview:large","max-video-preview":"max-video-preview:-1"},"canonical":"https:\/\/www.pristatomegeles.lt\/en\/produktas\/flower-bouquet-impression\/","og_locale":"en_US","og_type":"article","og_title":"Flower Bouquet \"Impression\" | Flower Delivery | PristatomeG\u0117les","og_description":"Surprise a loved one, friend, or colleague with a vibrant bouquet. The coral roses and colorful alstroemeria bouquet is perfect for any occasion.","og_url":"https:\/\/www.pristatomegeles.lt\/en\/produktas\/flower-bouquet-impression\/","og_site_name":"Pristatomegeles.lt","article_modified_time":"2025-02-18T13:19:00+00:00","og_image":[{"width":1000,"height":1000,"url":"https:\/\/www.pristatomegeles.lt\/wp-content\/uploads\/2024\/06\/koraliniu-roziu-ir-alstromeriju-puokste-geles-merginai.jpg","type":"image\/jpeg"}],"twitter_card":"summary_large_image","twitter_misc":{"Est. reading time":"1 minute"},"schema":{"@context":"https:\/\/schema.org","@graph":[{"@type":"WebPage","@id":"https:\/\/www.pristatomegeles.lt\/en\/produktas\/flower-bouquet-impression\/","url":"https:\/\/www.pristatomegeles.lt\/en\/produktas\/flower-bouquet-impression\/","name":"Flower Bouquet \"Impression\" | Flower Delivery | PristatomeG\u0117les","isPartOf":{"@id":"https:\/\/www.pristatomegeles.lt\/en\/#website"},"primaryImageOfPage":{"@id":"https:\/\/www.pristatomegeles.lt\/en\/produktas\/flower-bouquet-impression\/#primaryimage"},"image":{"@id":"https:\/\/www.pristatomegeles.lt\/en\/produktas\/flower-bouquet-impression\/#primaryimage"},"thumbnailUrl":"https:\/\/www.pristatomegeles.lt\/wp-content\/uploads\/2024\/06\/koraliniu-roziu-ir-alstromeriju-puokste-geles-merginai.jpg","datePublished":"2024-06-20T14:51:05+00:00","dateModified":"2025-02-18T13:19:00+00:00","description":"Surprise a loved one, friend, or colleague with a vibrant bouquet. The coral roses and colorful alstroemeria bouquet is perfect for any occasion.","breadcrumb":{"@id":"https:\/\/www.pristatomegeles.lt\/en\/produktas\/flower-bouquet-impression\/#breadcrumb"},"inLanguage":"en-US","potentialAction":[{"@type":"ReadAction","target":["https:\/\/www.pristatomegeles.lt\/en\/produktas\/flower-bouquet-impression\/"]}]},{"@type":"ImageObject","inLanguage":"en-US","@id":"https:\/\/www.pristatomegeles.lt\/en\/produktas\/flower-bouquet-impression\/#primaryimage","url":"https:\/\/www.pristatomegeles.lt\/wp-content\/uploads\/2024\/06\/koraliniu-roziu-ir-alstromeriju-puokste-geles-merginai.jpg","contentUrl":"https:\/\/www.pristatomegeles.lt\/wp-content\/uploads\/2024\/06\/koraliniu-roziu-ir-alstromeriju-puokste-geles-merginai.jpg","width":1000,"height":1000,"caption":"Puok\u0161t\u0117 i\u0161 koralini\u0173 ro\u017ei\u0173 ir spalving\u0173 alstromerij\u0173"},{"@type":"BreadcrumbList","@id":"https:\/\/www.pristatomegeles.lt\/en\/produktas\/flower-bouquet-impression\/#breadcrumb","itemListElement":[{"@type":"ListItem","position":1,"name":"Home","item":"https:\/\/www.pristatomegeles.lt\/en\/home-2\/"},{"@type":"ListItem","position":2,"name":"Flowers","item":"https:\/\/www.pristatomegeles.lt\/en\/flowers\/"},{"@type":"ListItem","position":3,"name":"Flower Bouquet &#8220;Impression&#8221;"}]},{"@type":"WebSite","@id":"https:\/\/www.pristatomegeles.lt\/en\/#website","url":"https:\/\/www.pristatomegeles.lt\/en\/","name":"Pristatomegeles.lt","description":"","potentialAction":[{"@type":"SearchAction","target":{"@type":"EntryPoint","urlTemplate":"https:\/\/www.pristatomegeles.lt\/en\/?s={search_term_string}"},"query-input":{"@type":"PropertyValueSpecification","valueRequired":true,"valueName":"search_term_string"}}],"inLanguage":"en-US"}]}},"_links":{"self":[{"href":"https:\/\/www.pristatomegeles.lt\/en\/wp-json\/wp\/v2\/product\/18497","targetHints":{"allow":["GET"]}}],"collection":[{"href":"https:\/\/www.pristatomegeles.lt\/en\/wp-json\/wp\/v2\/product"}],"about":[{"href":"https:\/\/www.pristatomegeles.lt\/en\/wp-json\/wp\/v2\/types\/product"}],"wp:featuredmedia":[{"embeddable":true,"href":"https:\/\/www.pristatomegeles.lt\/en\/wp-json\/wp\/v2\/media\/17978"}],"wp:attachment":[{"href":"https:\/\/www.pristatomegeles.lt\/en\/wp-json\/wp\/v2\/media?parent=18497"}],"wp:term":[{"taxonomy":"product_brand","embeddable":true,"href":"https:\/\/www.pristatomegeles.lt\/en\/wp-json\/wp\/v2\/product_brand?post=18497"},{"taxonomy":"product_cat","embeddable":true,"href":"https:\/\/www.pristatomegeles.lt\/en\/wp-json\/wp\/v2\/product_cat?post=18497"},{"taxonomy":"product_tag","embeddable":true,"href":"https:\/\/www.pristatomegeles.lt\/en\/wp-json\/wp\/v2\/product_tag?post=18497"}],"curies":[{"name":"wp","href":"https:\/\/api.w.org\/{rel}","templated":true}]}}