{"id":18717,"date":"2025-01-31T19:54:31","date_gmt":"2025-01-31T17:54:31","guid":{"rendered":"https:\/\/www.pristatomegeles.lt\/produktas\/mixed-flower-bouquet-colorful-play\/"},"modified":"2025-03-03T11:11:50","modified_gmt":"2025-03-03T09:11:50","slug":"mixed-flower-bouquet-colorful-play","status":"publish","type":"product","link":"https:\/\/www.pristatomegeles.lt\/en\/produktas\/mixed-flower-bouquet-colorful-play\/","title":{"rendered":"Mixed Flower Bouquet &#8220;Colorful Play&#8221;"},"content":{"rendered":"","protected":false},"excerpt":{"rendered":"<p>This vibrant mixed flower bouquet is the perfect choice for creating a colorful and cozy atmosphere in any space. Choose from a variety of flowers that will complement your home decor or become a distinctive gift for your loved ones. The bouquet features a mix of blooms, with colors and shapes that create a unique sense of harmony.<\/p>\n","protected":false},"featured_media":18710,"template":"","meta":[],"product_brand":[],"product_cat":[454,1499,1497,419,457,1500,1424,435,1491,1498,1493,1492,1494,497,1421,464,442,1152,1153,415,554,1501],"product_tag":[],"class_list":{"0":"post-18717","1":"product","2":"type-product","3":"status-publish","4":"has-post-thumbnail","6":"product_cat-alstromerias","7":"product_cat-anniversary-flowers","8":"product_cat-birthday-flowers","9":"product_cat-bouquets","10":"product_cat-carnations","11":"product_cat-chamomiles","12":"product_cat-chrysanthemums","13":"product_cat-eustomas","14":"product_cat-flowers-for-a-girl","15":"product_cat-flowers-for-mom","16":"product_cat-flowers-for-teachers-day","17":"product_cat-flowers-for-the-teachers","18":"product_cat-flowers-for-women","19":"product_cat-freesias","20":"product_cat-gypsophila","21":"product_cat-hydrangeas","22":"product_cat-irises","23":"product_cat-march-8-flowers","24":"product_cat-mothers-day-flowers","25":"product_cat-roses","26":"product_cat-tulips","27":"product_cat-valentines-day-flowers","28":"tm-has-options","30":"first","31":"instock","32":"taxable","33":"shipping-taxable","34":"purchasable","35":"product-type-simple"},"yoast_head":"<!-- This site is optimized with the Yoast SEO plugin v24.3 - https:\/\/yoast.com\/wordpress\/plugins\/seo\/ -->\n<title>&quot;Colorful Play&quot; Mixed Flower Bouquet | Flowers in Vilnius | Flower Delivery Service<\/title>\n<meta name=\"description\" content=\"Discover a mixed flower bouquet in various colors that will adorn your home and add a vibrant touch. A perfect choice for a gift or home decor\" \/>\n<meta name=\"robots\" content=\"index, follow, max-snippet:-1, max-image-preview:large, max-video-preview:-1\" \/>\n<link rel=\"canonical\" href=\"https:\/\/www.pristatomegeles.lt\/en\/produktas\/mixed-flower-bouquet-colorful-play\/\" \/>\n<meta property=\"og:locale\" content=\"en_US\" \/>\n<meta property=\"og:type\" content=\"article\" \/>\n<meta property=\"og:title\" content=\"&quot;Colorful Play&quot; Mixed Flower Bouquet | Flowers in Vilnius | Flower Delivery Service\" \/>\n<meta property=\"og:description\" content=\"Discover a mixed flower bouquet in various colors that will adorn your home and add a vibrant touch. A perfect choice for a gift or home decor\" \/>\n<meta property=\"og:url\" content=\"https:\/\/www.pristatomegeles.lt\/en\/produktas\/mixed-flower-bouquet-colorful-play\/\" \/>\n<meta property=\"og:site_name\" content=\"Pristatomegeles.lt\" \/>\n<meta property=\"article:modified_time\" content=\"2025-03-03T09:11:50+00:00\" \/>\n<meta property=\"og:image\" content=\"https:\/\/www.pristatomegeles.lt\/wp-content\/uploads\/2025\/01\/ivairiu-geliu-puokste-roziniame-ipakavime-geles-merginai-scaled.jpg\" \/>\n\t<meta property=\"og:image:width\" content=\"1000\" \/>\n\t<meta property=\"og:image:height\" content=\"1000\" \/>\n\t<meta property=\"og:image:type\" content=\"image\/jpeg\" \/>\n<meta name=\"twitter:card\" content=\"summary_large_image\" \/>\n<meta name=\"twitter:label1\" content=\"Est. reading time\" \/>\n\t<meta name=\"twitter:data1\" content=\"1 minute\" \/>\n<script type=\"application\/ld+json\" class=\"yoast-schema-graph\">{\"@context\":\"https:\/\/schema.org\",\"@graph\":[{\"@type\":\"WebPage\",\"@id\":\"https:\/\/www.pristatomegeles.lt\/en\/produktas\/mixed-flower-bouquet-colorful-play\/\",\"url\":\"https:\/\/www.pristatomegeles.lt\/en\/produktas\/mixed-flower-bouquet-colorful-play\/\",\"name\":\"\\\"Colorful Play\\\" Mixed Flower Bouquet | Flowers in Vilnius | Flower Delivery Service\",\"isPartOf\":{\"@id\":\"https:\/\/www.pristatomegeles.lt\/en\/#website\"},\"primaryImageOfPage\":{\"@id\":\"https:\/\/www.pristatomegeles.lt\/en\/produktas\/mixed-flower-bouquet-colorful-play\/#primaryimage\"},\"image\":{\"@id\":\"https:\/\/www.pristatomegeles.lt\/en\/produktas\/mixed-flower-bouquet-colorful-play\/#primaryimage\"},\"thumbnailUrl\":\"https:\/\/www.pristatomegeles.lt\/wp-content\/uploads\/2025\/01\/ivairiu-geliu-puokste-roziniame-ipakavime-geles-merginai-scaled.jpg\",\"datePublished\":\"2025-01-31T17:54:31+00:00\",\"dateModified\":\"2025-03-03T09:11:50+00:00\",\"description\":\"Discover a mixed flower bouquet in various colors that will adorn your home and add a vibrant touch. A perfect choice for a gift or home decor\",\"breadcrumb\":{\"@id\":\"https:\/\/www.pristatomegeles.lt\/en\/produktas\/mixed-flower-bouquet-colorful-play\/#breadcrumb\"},\"inLanguage\":\"en-US\",\"potentialAction\":[{\"@type\":\"ReadAction\",\"target\":[\"https:\/\/www.pristatomegeles.lt\/en\/produktas\/mixed-flower-bouquet-colorful-play\/\"]}]},{\"@type\":\"ImageObject\",\"inLanguage\":\"en-US\",\"@id\":\"https:\/\/www.pristatomegeles.lt\/en\/produktas\/mixed-flower-bouquet-colorful-play\/#primaryimage\",\"url\":\"https:\/\/www.pristatomegeles.lt\/wp-content\/uploads\/2025\/01\/ivairiu-geliu-puokste-roziniame-ipakavime-geles-merginai-scaled.jpg\",\"contentUrl\":\"https:\/\/www.pristatomegeles.lt\/wp-content\/uploads\/2025\/01\/ivairiu-geliu-puokste-roziniame-ipakavime-geles-merginai-scaled.jpg\",\"width\":1000,\"height\":1000,\"caption\":\"Spalvingos g\u0117l\u0117s puok\u0161t\u0117je gimtadieniui merginai\"},{\"@type\":\"BreadcrumbList\",\"@id\":\"https:\/\/www.pristatomegeles.lt\/en\/produktas\/mixed-flower-bouquet-colorful-play\/#breadcrumb\",\"itemListElement\":[{\"@type\":\"ListItem\",\"position\":1,\"name\":\"Home\",\"item\":\"https:\/\/www.pristatomegeles.lt\/en\/home-2\/\"},{\"@type\":\"ListItem\",\"position\":2,\"name\":\"Flowers\",\"item\":\"https:\/\/www.pristatomegeles.lt\/en\/flowers\/\"},{\"@type\":\"ListItem\",\"position\":3,\"name\":\"Mixed Flower Bouquet &#8220;Colorful Play&#8221;\"}]},{\"@type\":\"WebSite\",\"@id\":\"https:\/\/www.pristatomegeles.lt\/en\/#website\",\"url\":\"https:\/\/www.pristatomegeles.lt\/en\/\",\"name\":\"Pristatomegeles.lt\",\"description\":\"\",\"potentialAction\":[{\"@type\":\"SearchAction\",\"target\":{\"@type\":\"EntryPoint\",\"urlTemplate\":\"https:\/\/www.pristatomegeles.lt\/en\/?s={search_term_string}\"},\"query-input\":{\"@type\":\"PropertyValueSpecification\",\"valueRequired\":true,\"valueName\":\"search_term_string\"}}],\"inLanguage\":\"en-US\"}]}<\/script>\n<!-- \/ Yoast SEO plugin. -->","yoast_head_json":{"title":"\"Colorful Play\" Mixed Flower Bouquet | Flowers in Vilnius | Flower Delivery Service","description":"Discover a mixed flower bouquet in various colors that will adorn your home and add a vibrant touch. A perfect choice for a gift or home decor","robots":{"index":"index","follow":"follow","max-snippet":"max-snippet:-1","max-image-preview":"max-image-preview:large","max-video-preview":"max-video-preview:-1"},"canonical":"https:\/\/www.pristatomegeles.lt\/en\/produktas\/mixed-flower-bouquet-colorful-play\/","og_locale":"en_US","og_type":"article","og_title":"\"Colorful Play\" Mixed Flower Bouquet | Flowers in Vilnius | Flower Delivery Service","og_description":"Discover a mixed flower bouquet in various colors that will adorn your home and add a vibrant touch. A perfect choice for a gift or home decor","og_url":"https:\/\/www.pristatomegeles.lt\/en\/produktas\/mixed-flower-bouquet-colorful-play\/","og_site_name":"Pristatomegeles.lt","article_modified_time":"2025-03-03T09:11:50+00:00","og_image":[{"width":1000,"height":1000,"url":"https:\/\/www.pristatomegeles.lt\/wp-content\/uploads\/2025\/01\/ivairiu-geliu-puokste-roziniame-ipakavime-geles-merginai-scaled.jpg","type":"image\/jpeg"}],"twitter_card":"summary_large_image","twitter_misc":{"Est. reading time":"1 minute"},"schema":{"@context":"https:\/\/schema.org","@graph":[{"@type":"WebPage","@id":"https:\/\/www.pristatomegeles.lt\/en\/produktas\/mixed-flower-bouquet-colorful-play\/","url":"https:\/\/www.pristatomegeles.lt\/en\/produktas\/mixed-flower-bouquet-colorful-play\/","name":"\"Colorful Play\" Mixed Flower Bouquet | Flowers in Vilnius | Flower Delivery Service","isPartOf":{"@id":"https:\/\/www.pristatomegeles.lt\/en\/#website"},"primaryImageOfPage":{"@id":"https:\/\/www.pristatomegeles.lt\/en\/produktas\/mixed-flower-bouquet-colorful-play\/#primaryimage"},"image":{"@id":"https:\/\/www.pristatomegeles.lt\/en\/produktas\/mixed-flower-bouquet-colorful-play\/#primaryimage"},"thumbnailUrl":"https:\/\/www.pristatomegeles.lt\/wp-content\/uploads\/2025\/01\/ivairiu-geliu-puokste-roziniame-ipakavime-geles-merginai-scaled.jpg","datePublished":"2025-01-31T17:54:31+00:00","dateModified":"2025-03-03T09:11:50+00:00","description":"Discover a mixed flower bouquet in various colors that will adorn your home and add a vibrant touch. A perfect choice for a gift or home decor","breadcrumb":{"@id":"https:\/\/www.pristatomegeles.lt\/en\/produktas\/mixed-flower-bouquet-colorful-play\/#breadcrumb"},"inLanguage":"en-US","potentialAction":[{"@type":"ReadAction","target":["https:\/\/www.pristatomegeles.lt\/en\/produktas\/mixed-flower-bouquet-colorful-play\/"]}]},{"@type":"ImageObject","inLanguage":"en-US","@id":"https:\/\/www.pristatomegeles.lt\/en\/produktas\/mixed-flower-bouquet-colorful-play\/#primaryimage","url":"https:\/\/www.pristatomegeles.lt\/wp-content\/uploads\/2025\/01\/ivairiu-geliu-puokste-roziniame-ipakavime-geles-merginai-scaled.jpg","contentUrl":"https:\/\/www.pristatomegeles.lt\/wp-content\/uploads\/2025\/01\/ivairiu-geliu-puokste-roziniame-ipakavime-geles-merginai-scaled.jpg","width":1000,"height":1000,"caption":"Spalvingos g\u0117l\u0117s puok\u0161t\u0117je gimtadieniui merginai"},{"@type":"BreadcrumbList","@id":"https:\/\/www.pristatomegeles.lt\/en\/produktas\/mixed-flower-bouquet-colorful-play\/#breadcrumb","itemListElement":[{"@type":"ListItem","position":1,"name":"Home","item":"https:\/\/www.pristatomegeles.lt\/en\/home-2\/"},{"@type":"ListItem","position":2,"name":"Flowers","item":"https:\/\/www.pristatomegeles.lt\/en\/flowers\/"},{"@type":"ListItem","position":3,"name":"Mixed Flower Bouquet &#8220;Colorful Play&#8221;"}]},{"@type":"WebSite","@id":"https:\/\/www.pristatomegeles.lt\/en\/#website","url":"https:\/\/www.pristatomegeles.lt\/en\/","name":"Pristatomegeles.lt","description":"","potentialAction":[{"@type":"SearchAction","target":{"@type":"EntryPoint","urlTemplate":"https:\/\/www.pristatomegeles.lt\/en\/?s={search_term_string}"},"query-input":{"@type":"PropertyValueSpecification","valueRequired":true,"valueName":"search_term_string"}}],"inLanguage":"en-US"}]}},"_links":{"self":[{"href":"https:\/\/www.pristatomegeles.lt\/en\/wp-json\/wp\/v2\/product\/18717","targetHints":{"allow":["GET"]}}],"collection":[{"href":"https:\/\/www.pristatomegeles.lt\/en\/wp-json\/wp\/v2\/product"}],"about":[{"href":"https:\/\/www.pristatomegeles.lt\/en\/wp-json\/wp\/v2\/types\/product"}],"wp:featuredmedia":[{"embeddable":true,"href":"https:\/\/www.pristatomegeles.lt\/en\/wp-json\/wp\/v2\/media\/18710"}],"wp:attachment":[{"href":"https:\/\/www.pristatomegeles.lt\/en\/wp-json\/wp\/v2\/media?parent=18717"}],"wp:term":[{"taxonomy":"product_brand","embeddable":true,"href":"https:\/\/www.pristatomegeles.lt\/en\/wp-json\/wp\/v2\/product_brand?post=18717"},{"taxonomy":"product_cat","embeddable":true,"href":"https:\/\/www.pristatomegeles.lt\/en\/wp-json\/wp\/v2\/product_cat?post=18717"},{"taxonomy":"product_tag","embeddable":true,"href":"https:\/\/www.pristatomegeles.lt\/en\/wp-json\/wp\/v2\/product_tag?post=18717"}],"curies":[{"name":"wp","href":"https:\/\/api.w.org\/{rel}","templated":true}]}}