{"id":18913,"date":"2025-03-02T16:39:07","date_gmt":"2025-03-03T11:13:53","guid":{"rendered":"https:\/\/www.pristatomegeles.lt\/?post_type=product&#038;p=18913"},"modified":"2025-03-03T13:13:54","modified_gmt":"2025-03-03T11:13:54","slug":"flower-bouquet-elegances-blooms","status":"publish","type":"product","link":"https:\/\/www.pristatomegeles.lt\/en\/produktas\/flower-bouquet-elegances-blooms\/","title":{"rendered":"Flower Bouquet &#8220;Elegance&#8217;s Blooms&#8221;"},"content":{"rendered":"","protected":false},"excerpt":{"rendered":"<p>&#8220;Elegance&#8217;s Blooms&#8221; is an exceptional bouquet of pink roses and white eustomas, designed to add softness and sophistication to any occasion. These delicate pink roses symbolize love and beauty, while the white eustomas represent purity and light. This bouquet is perfect for weddings, anniversaries, or simply to bring joy to a loved one. Each flower in this composition tells a story of elegance and mysterious charm that leaves no one indifferent.<\/p>\n","protected":false},"featured_media":18907,"template":"","meta":[],"product_brand":[],"product_cat":[1499,1497,419,435,1491,1498,1492,1494,1152,1153,415,1501],"product_tag":[],"class_list":{"0":"post-18913","1":"product","2":"type-product","3":"status-publish","4":"has-post-thumbnail","6":"product_cat-anniversary-flowers","7":"product_cat-birthday-flowers","8":"product_cat-bouquets","9":"product_cat-eustomas","10":"product_cat-flowers-for-a-girl","11":"product_cat-flowers-for-mom","12":"product_cat-flowers-for-the-teachers","13":"product_cat-flowers-for-women","14":"product_cat-march-8-flowers","15":"product_cat-mothers-day-flowers","16":"product_cat-roses","17":"product_cat-valentines-day-flowers","18":"tm-has-options","20":"first","21":"instock","22":"taxable","23":"shipping-taxable","24":"purchasable","25":"product-type-variable"},"yoast_head":"<!-- This site is optimized with the Yoast SEO plugin v24.3 - https:\/\/yoast.com\/wordpress\/plugins\/seo\/ -->\n<title>Flower Bouquet &quot;Elegance&#039;s Blooms&quot; | Flowers in Vilnius | Pristatomegeles.lt<\/title>\n<meta name=\"description\" content=\"An exceptional bouquet of pink roses and white eustomas, perfect for any special occasion. Experience the blend of subtle beauty and sophistication.\" \/>\n<meta name=\"robots\" content=\"index, follow, max-snippet:-1, max-image-preview:large, max-video-preview:-1\" \/>\n<link rel=\"canonical\" href=\"https:\/\/www.pristatomegeles.lt\/en\/produktas\/flower-bouquet-elegances-blooms\/\" \/>\n<meta property=\"og:locale\" content=\"en_US\" \/>\n<meta property=\"og:type\" content=\"article\" \/>\n<meta property=\"og:title\" content=\"Flower Bouquet &quot;Elegance&#039;s Blooms&quot; | Flowers in Vilnius | Pristatomegeles.lt\" \/>\n<meta property=\"og:description\" content=\"An exceptional bouquet of pink roses and white eustomas, perfect for any special occasion. Experience the blend of subtle beauty and sophistication.\" \/>\n<meta property=\"og:url\" content=\"https:\/\/www.pristatomegeles.lt\/en\/produktas\/flower-bouquet-elegances-blooms\/\" \/>\n<meta property=\"og:site_name\" content=\"Pristatomegeles.lt\" \/>\n<meta property=\"article:modified_time\" content=\"2025-03-03T11:13:54+00:00\" \/>\n<meta property=\"og:image\" content=\"https:\/\/www.pristatomegeles.lt\/wp-content\/uploads\/2025\/02\/roziniu-roziu-ir-baltu-eustomu-puokste-gimtadienio-geles-scaled.jpg\" \/>\n\t<meta property=\"og:image:width\" content=\"2560\" \/>\n\t<meta property=\"og:image:height\" content=\"2560\" \/>\n\t<meta property=\"og:image:type\" content=\"image\/jpeg\" \/>\n<meta name=\"twitter:card\" content=\"summary_large_image\" \/>\n<meta name=\"twitter:label1\" content=\"Est. reading time\" \/>\n\t<meta name=\"twitter:data1\" content=\"1 minute\" \/>\n<script type=\"application\/ld+json\" class=\"yoast-schema-graph\">{\"@context\":\"https:\/\/schema.org\",\"@graph\":[{\"@type\":\"WebPage\",\"@id\":\"https:\/\/www.pristatomegeles.lt\/en\/produktas\/flower-bouquet-elegances-blooms\/\",\"url\":\"https:\/\/www.pristatomegeles.lt\/en\/produktas\/flower-bouquet-elegances-blooms\/\",\"name\":\"Flower Bouquet \\\"Elegance's Blooms\\\" | Flowers in Vilnius | Pristatomegeles.lt\",\"isPartOf\":{\"@id\":\"https:\/\/www.pristatomegeles.lt\/en\/#website\"},\"primaryImageOfPage\":{\"@id\":\"https:\/\/www.pristatomegeles.lt\/en\/produktas\/flower-bouquet-elegances-blooms\/#primaryimage\"},\"image\":{\"@id\":\"https:\/\/www.pristatomegeles.lt\/en\/produktas\/flower-bouquet-elegances-blooms\/#primaryimage\"},\"thumbnailUrl\":\"https:\/\/www.pristatomegeles.lt\/wp-content\/uploads\/2025\/02\/roziniu-roziu-ir-baltu-eustomu-puokste-gimtadienio-geles-scaled.jpg\",\"datePublished\":\"2025-03-03T11:13:53+00:00\",\"dateModified\":\"2025-03-03T11:13:54+00:00\",\"description\":\"An exceptional bouquet of pink roses and white eustomas, perfect for any special occasion. Experience the blend of subtle beauty and sophistication.\",\"breadcrumb\":{\"@id\":\"https:\/\/www.pristatomegeles.lt\/en\/produktas\/flower-bouquet-elegances-blooms\/#breadcrumb\"},\"inLanguage\":\"en-US\",\"potentialAction\":[{\"@type\":\"ReadAction\",\"target\":[\"https:\/\/www.pristatomegeles.lt\/en\/produktas\/flower-bouquet-elegances-blooms\/\"]}]},{\"@type\":\"ImageObject\",\"inLanguage\":\"en-US\",\"@id\":\"https:\/\/www.pristatomegeles.lt\/en\/produktas\/flower-bouquet-elegances-blooms\/#primaryimage\",\"url\":\"https:\/\/www.pristatomegeles.lt\/wp-content\/uploads\/2025\/02\/roziniu-roziu-ir-baltu-eustomu-puokste-gimtadienio-geles-scaled.jpg\",\"contentUrl\":\"https:\/\/www.pristatomegeles.lt\/wp-content\/uploads\/2025\/02\/roziniu-roziu-ir-baltu-eustomu-puokste-gimtadienio-geles-scaled.jpg\",\"width\":2560,\"height\":2560,\"caption\":\"Baltos eustomos ir ro\u017ein\u0117s ro\u017e\u0117s puok\u0161t\u0117je jubiliejaus g\u0117l\u0117s\"},{\"@type\":\"BreadcrumbList\",\"@id\":\"https:\/\/www.pristatomegeles.lt\/en\/produktas\/flower-bouquet-elegances-blooms\/#breadcrumb\",\"itemListElement\":[{\"@type\":\"ListItem\",\"position\":1,\"name\":\"Home\",\"item\":\"https:\/\/www.pristatomegeles.lt\/en\/home-2\/\"},{\"@type\":\"ListItem\",\"position\":2,\"name\":\"Flowers\",\"item\":\"https:\/\/www.pristatomegeles.lt\/en\/flowers\/\"},{\"@type\":\"ListItem\",\"position\":3,\"name\":\"Flower Bouquet &#8220;Elegance&#8217;s Blooms&#8221;\"}]},{\"@type\":\"WebSite\",\"@id\":\"https:\/\/www.pristatomegeles.lt\/en\/#website\",\"url\":\"https:\/\/www.pristatomegeles.lt\/en\/\",\"name\":\"Pristatomegeles.lt\",\"description\":\"\",\"potentialAction\":[{\"@type\":\"SearchAction\",\"target\":{\"@type\":\"EntryPoint\",\"urlTemplate\":\"https:\/\/www.pristatomegeles.lt\/en\/?s={search_term_string}\"},\"query-input\":{\"@type\":\"PropertyValueSpecification\",\"valueRequired\":true,\"valueName\":\"search_term_string\"}}],\"inLanguage\":\"en-US\"}]}<\/script>\n<!-- \/ Yoast SEO plugin. -->","yoast_head_json":{"title":"Flower Bouquet \"Elegance's Blooms\" | Flowers in Vilnius | Pristatomegeles.lt","description":"An exceptional bouquet of pink roses and white eustomas, perfect for any special occasion. Experience the blend of subtle beauty and sophistication.","robots":{"index":"index","follow":"follow","max-snippet":"max-snippet:-1","max-image-preview":"max-image-preview:large","max-video-preview":"max-video-preview:-1"},"canonical":"https:\/\/www.pristatomegeles.lt\/en\/produktas\/flower-bouquet-elegances-blooms\/","og_locale":"en_US","og_type":"article","og_title":"Flower Bouquet \"Elegance's Blooms\" | Flowers in Vilnius | Pristatomegeles.lt","og_description":"An exceptional bouquet of pink roses and white eustomas, perfect for any special occasion. Experience the blend of subtle beauty and sophistication.","og_url":"https:\/\/www.pristatomegeles.lt\/en\/produktas\/flower-bouquet-elegances-blooms\/","og_site_name":"Pristatomegeles.lt","article_modified_time":"2025-03-03T11:13:54+00:00","og_image":[{"width":2560,"height":2560,"url":"https:\/\/www.pristatomegeles.lt\/wp-content\/uploads\/2025\/02\/roziniu-roziu-ir-baltu-eustomu-puokste-gimtadienio-geles-scaled.jpg","type":"image\/jpeg"}],"twitter_card":"summary_large_image","twitter_misc":{"Est. reading time":"1 minute"},"schema":{"@context":"https:\/\/schema.org","@graph":[{"@type":"WebPage","@id":"https:\/\/www.pristatomegeles.lt\/en\/produktas\/flower-bouquet-elegances-blooms\/","url":"https:\/\/www.pristatomegeles.lt\/en\/produktas\/flower-bouquet-elegances-blooms\/","name":"Flower Bouquet \"Elegance's Blooms\" | Flowers in Vilnius | Pristatomegeles.lt","isPartOf":{"@id":"https:\/\/www.pristatomegeles.lt\/en\/#website"},"primaryImageOfPage":{"@id":"https:\/\/www.pristatomegeles.lt\/en\/produktas\/flower-bouquet-elegances-blooms\/#primaryimage"},"image":{"@id":"https:\/\/www.pristatomegeles.lt\/en\/produktas\/flower-bouquet-elegances-blooms\/#primaryimage"},"thumbnailUrl":"https:\/\/www.pristatomegeles.lt\/wp-content\/uploads\/2025\/02\/roziniu-roziu-ir-baltu-eustomu-puokste-gimtadienio-geles-scaled.jpg","datePublished":"2025-03-03T11:13:53+00:00","dateModified":"2025-03-03T11:13:54+00:00","description":"An exceptional bouquet of pink roses and white eustomas, perfect for any special occasion. Experience the blend of subtle beauty and sophistication.","breadcrumb":{"@id":"https:\/\/www.pristatomegeles.lt\/en\/produktas\/flower-bouquet-elegances-blooms\/#breadcrumb"},"inLanguage":"en-US","potentialAction":[{"@type":"ReadAction","target":["https:\/\/www.pristatomegeles.lt\/en\/produktas\/flower-bouquet-elegances-blooms\/"]}]},{"@type":"ImageObject","inLanguage":"en-US","@id":"https:\/\/www.pristatomegeles.lt\/en\/produktas\/flower-bouquet-elegances-blooms\/#primaryimage","url":"https:\/\/www.pristatomegeles.lt\/wp-content\/uploads\/2025\/02\/roziniu-roziu-ir-baltu-eustomu-puokste-gimtadienio-geles-scaled.jpg","contentUrl":"https:\/\/www.pristatomegeles.lt\/wp-content\/uploads\/2025\/02\/roziniu-roziu-ir-baltu-eustomu-puokste-gimtadienio-geles-scaled.jpg","width":2560,"height":2560,"caption":"Baltos eustomos ir ro\u017ein\u0117s ro\u017e\u0117s puok\u0161t\u0117je jubiliejaus g\u0117l\u0117s"},{"@type":"BreadcrumbList","@id":"https:\/\/www.pristatomegeles.lt\/en\/produktas\/flower-bouquet-elegances-blooms\/#breadcrumb","itemListElement":[{"@type":"ListItem","position":1,"name":"Home","item":"https:\/\/www.pristatomegeles.lt\/en\/home-2\/"},{"@type":"ListItem","position":2,"name":"Flowers","item":"https:\/\/www.pristatomegeles.lt\/en\/flowers\/"},{"@type":"ListItem","position":3,"name":"Flower Bouquet &#8220;Elegance&#8217;s Blooms&#8221;"}]},{"@type":"WebSite","@id":"https:\/\/www.pristatomegeles.lt\/en\/#website","url":"https:\/\/www.pristatomegeles.lt\/en\/","name":"Pristatomegeles.lt","description":"","potentialAction":[{"@type":"SearchAction","target":{"@type":"EntryPoint","urlTemplate":"https:\/\/www.pristatomegeles.lt\/en\/?s={search_term_string}"},"query-input":{"@type":"PropertyValueSpecification","valueRequired":true,"valueName":"search_term_string"}}],"inLanguage":"en-US"}]}},"_links":{"self":[{"href":"https:\/\/www.pristatomegeles.lt\/en\/wp-json\/wp\/v2\/product\/18913","targetHints":{"allow":["GET"]}}],"collection":[{"href":"https:\/\/www.pristatomegeles.lt\/en\/wp-json\/wp\/v2\/product"}],"about":[{"href":"https:\/\/www.pristatomegeles.lt\/en\/wp-json\/wp\/v2\/types\/product"}],"wp:featuredmedia":[{"embeddable":true,"href":"https:\/\/www.pristatomegeles.lt\/en\/wp-json\/wp\/v2\/media\/18907"}],"wp:attachment":[{"href":"https:\/\/www.pristatomegeles.lt\/en\/wp-json\/wp\/v2\/media?parent=18913"}],"wp:term":[{"taxonomy":"product_brand","embeddable":true,"href":"https:\/\/www.pristatomegeles.lt\/en\/wp-json\/wp\/v2\/product_brand?post=18913"},{"taxonomy":"product_cat","embeddable":true,"href":"https:\/\/www.pristatomegeles.lt\/en\/wp-json\/wp\/v2\/product_cat?post=18913"},{"taxonomy":"product_tag","embeddable":true,"href":"https:\/\/www.pristatomegeles.lt\/en\/wp-json\/wp\/v2\/product_tag?post=18913"}],"curies":[{"name":"wp","href":"https:\/\/api.w.org\/{rel}","templated":true}]}}