{"id":5462,"date":"2023-07-19T15:15:01","date_gmt":"2023-07-20T14:40:59","guid":{"rendered":"http:\/\/www.pristatomegeles.lt\/?post_type=product&#038;p=5462"},"modified":"2023-07-23T09:31:57","modified_gmt":"2023-07-23T07:31:57","slug":"rose-bouquet-comfort","status":"publish","type":"product","link":"https:\/\/www.pristatomegeles.lt\/en\/produktas\/rose-bouquet-comfort\/","title":{"rendered":"Rose bouquet &#8220;Comfort&#8221;"},"content":{"rendered":"","protected":false},"excerpt":{"rendered":"<p>This unique bouquet of white roses with red outer edges will delight every person. This is a great bouquet to show your love for your partner and surprise them with unexpected flowers.<\/p>\n","protected":false},"featured_media":17017,"template":"","meta":[],"product_brand":[],"product_cat":[1499,1497,419,1491,1498,1494,1152,1153,415,1501],"product_tag":[],"class_list":{"0":"post-5462","1":"product","2":"type-product","3":"status-publish","4":"has-post-thumbnail","6":"product_cat-anniversary-flowers","7":"product_cat-birthday-flowers","8":"product_cat-bouquets","9":"product_cat-flowers-for-a-girl","10":"product_cat-flowers-for-mom","11":"product_cat-flowers-for-women","12":"product_cat-march-8-flowers","13":"product_cat-mothers-day-flowers","14":"product_cat-roses","15":"product_cat-valentines-day-flowers","16":"tm-has-options","18":"first","19":"outofstock","20":"taxable","21":"shipping-taxable","22":"purchasable","23":"product-type-variable","24":"has-default-attributes"},"yoast_head":"<!-- This site is optimized with the Yoast SEO plugin v24.3 - https:\/\/yoast.com\/wordpress\/plugins\/seo\/ -->\n<title>Rose bouquet &quot;Comfort&quot; | Flower bouquets | Pristatome g\u0117les<\/title>\n<meta name=\"description\" content=\"&quot;Comfort&quot; bouquet of white roses with red outer edges will not leave anyone indifferent. Surprise your loved ones with this exclusive bouquet.\" \/>\n<meta name=\"robots\" content=\"index, follow, max-snippet:-1, max-image-preview:large, max-video-preview:-1\" \/>\n<link rel=\"canonical\" href=\"https:\/\/www.pristatomegeles.lt\/en\/produktas\/rose-bouquet-comfort\/\" \/>\n<meta property=\"og:locale\" content=\"en_US\" \/>\n<meta property=\"og:type\" content=\"article\" \/>\n<meta property=\"og:title\" content=\"Rose bouquet &quot;Comfort&quot; | Flower bouquets | Pristatome g\u0117les\" \/>\n<meta property=\"og:description\" content=\"&quot;Comfort&quot; bouquet of white roses with red outer edges will not leave anyone indifferent. Surprise your loved ones with this exclusive bouquet.\" \/>\n<meta property=\"og:url\" content=\"https:\/\/www.pristatomegeles.lt\/en\/produktas\/rose-bouquet-comfort\/\" \/>\n<meta property=\"og:site_name\" content=\"Pristatomegeles.lt\" \/>\n<meta property=\"article:modified_time\" content=\"2023-07-23T07:31:57+00:00\" \/>\n<meta property=\"og:image\" content=\"https:\/\/www.pristatomegeles.lt\/wp-content\/uploads\/2023\/07\/baltos-rozes-su-raudonais-krasteliais-puoksteje-gimtadienio-geles.jpg\" \/>\n\t<meta property=\"og:image:width\" content=\"1200\" \/>\n\t<meta property=\"og:image:height\" content=\"1200\" \/>\n\t<meta property=\"og:image:type\" content=\"image\/jpeg\" \/>\n<meta name=\"twitter:card\" content=\"summary_large_image\" \/>\n<script type=\"application\/ld+json\" class=\"yoast-schema-graph\">{\"@context\":\"https:\/\/schema.org\",\"@graph\":[{\"@type\":\"WebPage\",\"@id\":\"https:\/\/www.pristatomegeles.lt\/en\/produktas\/rose-bouquet-comfort\/\",\"url\":\"https:\/\/www.pristatomegeles.lt\/en\/produktas\/rose-bouquet-comfort\/\",\"name\":\"Rose bouquet \\\"Comfort\\\" | Flower bouquets | Pristatome g\u0117les\",\"isPartOf\":{\"@id\":\"https:\/\/www.pristatomegeles.lt\/en\/#website\"},\"primaryImageOfPage\":{\"@id\":\"https:\/\/www.pristatomegeles.lt\/en\/produktas\/rose-bouquet-comfort\/#primaryimage\"},\"image\":{\"@id\":\"https:\/\/www.pristatomegeles.lt\/en\/produktas\/rose-bouquet-comfort\/#primaryimage\"},\"thumbnailUrl\":\"https:\/\/www.pristatomegeles.lt\/wp-content\/uploads\/2023\/07\/baltos-rozes-su-raudonais-krasteliais-puoksteje-gimtadienio-geles.jpg\",\"datePublished\":\"2023-07-20T14:40:59+00:00\",\"dateModified\":\"2023-07-23T07:31:57+00:00\",\"description\":\"\\\"Comfort\\\" bouquet of white roses with red outer edges will not leave anyone indifferent. Surprise your loved ones with this exclusive bouquet.\",\"breadcrumb\":{\"@id\":\"https:\/\/www.pristatomegeles.lt\/en\/produktas\/rose-bouquet-comfort\/#breadcrumb\"},\"inLanguage\":\"en-US\",\"potentialAction\":[{\"@type\":\"ReadAction\",\"target\":[\"https:\/\/www.pristatomegeles.lt\/en\/produktas\/rose-bouquet-comfort\/\"]}]},{\"@type\":\"ImageObject\",\"inLanguage\":\"en-US\",\"@id\":\"https:\/\/www.pristatomegeles.lt\/en\/produktas\/rose-bouquet-comfort\/#primaryimage\",\"url\":\"https:\/\/www.pristatomegeles.lt\/wp-content\/uploads\/2023\/07\/baltos-rozes-su-raudonais-krasteliais-puoksteje-gimtadienio-geles.jpg\",\"contentUrl\":\"https:\/\/www.pristatomegeles.lt\/wp-content\/uploads\/2023\/07\/baltos-rozes-su-raudonais-krasteliais-puoksteje-gimtadienio-geles.jpg\",\"width\":1000,\"height\":1000,\"caption\":\"I\u0161skirtin\u0117s raudonos ro\u017e\u0117s su juodais kra\u0161teliais jubiliejaus proga\"},{\"@type\":\"BreadcrumbList\",\"@id\":\"https:\/\/www.pristatomegeles.lt\/en\/produktas\/rose-bouquet-comfort\/#breadcrumb\",\"itemListElement\":[{\"@type\":\"ListItem\",\"position\":1,\"name\":\"Home\",\"item\":\"https:\/\/www.pristatomegeles.lt\/en\/home-2\/\"},{\"@type\":\"ListItem\",\"position\":2,\"name\":\"Flowers\",\"item\":\"https:\/\/www.pristatomegeles.lt\/en\/flowers\/\"},{\"@type\":\"ListItem\",\"position\":3,\"name\":\"Rose bouquet &#8220;Comfort&#8221;\"}]},{\"@type\":\"WebSite\",\"@id\":\"https:\/\/www.pristatomegeles.lt\/en\/#website\",\"url\":\"https:\/\/www.pristatomegeles.lt\/en\/\",\"name\":\"Pristatomegeles.lt\",\"description\":\"\",\"potentialAction\":[{\"@type\":\"SearchAction\",\"target\":{\"@type\":\"EntryPoint\",\"urlTemplate\":\"https:\/\/www.pristatomegeles.lt\/en\/?s={search_term_string}\"},\"query-input\":{\"@type\":\"PropertyValueSpecification\",\"valueRequired\":true,\"valueName\":\"search_term_string\"}}],\"inLanguage\":\"en-US\"}]}<\/script>\n<!-- \/ Yoast SEO plugin. -->","yoast_head_json":{"title":"Rose bouquet \"Comfort\" | Flower bouquets | Pristatome g\u0117les","description":"\"Comfort\" bouquet of white roses with red outer edges will not leave anyone indifferent. Surprise your loved ones with this exclusive bouquet.","robots":{"index":"index","follow":"follow","max-snippet":"max-snippet:-1","max-image-preview":"max-image-preview:large","max-video-preview":"max-video-preview:-1"},"canonical":"https:\/\/www.pristatomegeles.lt\/en\/produktas\/rose-bouquet-comfort\/","og_locale":"en_US","og_type":"article","og_title":"Rose bouquet \"Comfort\" | Flower bouquets | Pristatome g\u0117les","og_description":"\"Comfort\" bouquet of white roses with red outer edges will not leave anyone indifferent. Surprise your loved ones with this exclusive bouquet.","og_url":"https:\/\/www.pristatomegeles.lt\/en\/produktas\/rose-bouquet-comfort\/","og_site_name":"Pristatomegeles.lt","article_modified_time":"2023-07-23T07:31:57+00:00","og_image":[{"width":1200,"height":1200,"url":"https:\/\/www.pristatomegeles.lt\/wp-content\/uploads\/2023\/07\/baltos-rozes-su-raudonais-krasteliais-puoksteje-gimtadienio-geles.jpg","type":"image\/jpeg"}],"twitter_card":"summary_large_image","schema":{"@context":"https:\/\/schema.org","@graph":[{"@type":"WebPage","@id":"https:\/\/www.pristatomegeles.lt\/en\/produktas\/rose-bouquet-comfort\/","url":"https:\/\/www.pristatomegeles.lt\/en\/produktas\/rose-bouquet-comfort\/","name":"Rose bouquet \"Comfort\" | Flower bouquets | Pristatome g\u0117les","isPartOf":{"@id":"https:\/\/www.pristatomegeles.lt\/en\/#website"},"primaryImageOfPage":{"@id":"https:\/\/www.pristatomegeles.lt\/en\/produktas\/rose-bouquet-comfort\/#primaryimage"},"image":{"@id":"https:\/\/www.pristatomegeles.lt\/en\/produktas\/rose-bouquet-comfort\/#primaryimage"},"thumbnailUrl":"https:\/\/www.pristatomegeles.lt\/wp-content\/uploads\/2023\/07\/baltos-rozes-su-raudonais-krasteliais-puoksteje-gimtadienio-geles.jpg","datePublished":"2023-07-20T14:40:59+00:00","dateModified":"2023-07-23T07:31:57+00:00","description":"\"Comfort\" bouquet of white roses with red outer edges will not leave anyone indifferent. Surprise your loved ones with this exclusive bouquet.","breadcrumb":{"@id":"https:\/\/www.pristatomegeles.lt\/en\/produktas\/rose-bouquet-comfort\/#breadcrumb"},"inLanguage":"en-US","potentialAction":[{"@type":"ReadAction","target":["https:\/\/www.pristatomegeles.lt\/en\/produktas\/rose-bouquet-comfort\/"]}]},{"@type":"ImageObject","inLanguage":"en-US","@id":"https:\/\/www.pristatomegeles.lt\/en\/produktas\/rose-bouquet-comfort\/#primaryimage","url":"https:\/\/www.pristatomegeles.lt\/wp-content\/uploads\/2023\/07\/baltos-rozes-su-raudonais-krasteliais-puoksteje-gimtadienio-geles.jpg","contentUrl":"https:\/\/www.pristatomegeles.lt\/wp-content\/uploads\/2023\/07\/baltos-rozes-su-raudonais-krasteliais-puoksteje-gimtadienio-geles.jpg","width":1000,"height":1000,"caption":"I\u0161skirtin\u0117s raudonos ro\u017e\u0117s su juodais kra\u0161teliais jubiliejaus proga"},{"@type":"BreadcrumbList","@id":"https:\/\/www.pristatomegeles.lt\/en\/produktas\/rose-bouquet-comfort\/#breadcrumb","itemListElement":[{"@type":"ListItem","position":1,"name":"Home","item":"https:\/\/www.pristatomegeles.lt\/en\/home-2\/"},{"@type":"ListItem","position":2,"name":"Flowers","item":"https:\/\/www.pristatomegeles.lt\/en\/flowers\/"},{"@type":"ListItem","position":3,"name":"Rose bouquet &#8220;Comfort&#8221;"}]},{"@type":"WebSite","@id":"https:\/\/www.pristatomegeles.lt\/en\/#website","url":"https:\/\/www.pristatomegeles.lt\/en\/","name":"Pristatomegeles.lt","description":"","potentialAction":[{"@type":"SearchAction","target":{"@type":"EntryPoint","urlTemplate":"https:\/\/www.pristatomegeles.lt\/en\/?s={search_term_string}"},"query-input":{"@type":"PropertyValueSpecification","valueRequired":true,"valueName":"search_term_string"}}],"inLanguage":"en-US"}]}},"_links":{"self":[{"href":"https:\/\/www.pristatomegeles.lt\/en\/wp-json\/wp\/v2\/product\/5462","targetHints":{"allow":["GET"]}}],"collection":[{"href":"https:\/\/www.pristatomegeles.lt\/en\/wp-json\/wp\/v2\/product"}],"about":[{"href":"https:\/\/www.pristatomegeles.lt\/en\/wp-json\/wp\/v2\/types\/product"}],"wp:featuredmedia":[{"embeddable":true,"href":"https:\/\/www.pristatomegeles.lt\/en\/wp-json\/wp\/v2\/media\/17017"}],"wp:attachment":[{"href":"https:\/\/www.pristatomegeles.lt\/en\/wp-json\/wp\/v2\/media?parent=5462"}],"wp:term":[{"taxonomy":"product_brand","embeddable":true,"href":"https:\/\/www.pristatomegeles.lt\/en\/wp-json\/wp\/v2\/product_brand?post=5462"},{"taxonomy":"product_cat","embeddable":true,"href":"https:\/\/www.pristatomegeles.lt\/en\/wp-json\/wp\/v2\/product_cat?post=5462"},{"taxonomy":"product_tag","embeddable":true,"href":"https:\/\/www.pristatomegeles.lt\/en\/wp-json\/wp\/v2\/product_tag?post=5462"}],"curies":[{"name":"wp","href":"https:\/\/api.w.org\/{rel}","templated":true}]}}