{"id":5489,"date":"2019-12-19T13:01:00","date_gmt":"2019-12-19T15:01:00","guid":{"rendered":"http:\/\/www.pristatomegeles.lt\/produktas\/flower-box-longing\/"},"modified":"2026-02-05T20:29:34","modified_gmt":"2026-02-05T18:29:34","slug":"flower-box-longing","status":"publish","type":"product","link":"https:\/\/www.pristatomegeles.lt\/en\/produktas\/flower-box-longing\/","title":{"rendered":"Flower box &#8220;Longing&#8221;"},"content":{"rendered":"","protected":false},"excerpt":{"rendered":"<p>Surprise your loved one with this unique box of red roses and eustomas &#8220;Longing&#8221;. Classic red roses are perfectly complemented by eustomas, creating a very unique composition.<\/p>\n<p>The color of the eustoma may differ from the one in the photo.<\/p>\n<p><strong>There are two sizes to choose from:<\/strong><\/p>\n<p>The average box contains: 13 roses and 6 eustoma;<br \/>\nThe big box contains: 19 roses and 8 eustoma.<\/p>\n","protected":false},"featured_media":13143,"template":"","meta":[],"product_brand":[],"product_cat":[1499,1497,435,414,1491,1496,1498,1493,1495,1492,1494,1152,1153,415,1501],"product_tag":[],"class_list":{"0":"post-5489","1":"product","2":"type-product","3":"status-publish","4":"has-post-thumbnail","6":"product_cat-anniversary-flowers","7":"product_cat-birthday-flowers","8":"product_cat-eustomas","9":"product_cat-flower-boxes","10":"product_cat-flowers-for-a-girl","11":"product_cat-flowers-for-men","12":"product_cat-flowers-for-mom","13":"product_cat-flowers-for-teachers-day","14":"product_cat-flowers-for-the-1st-of-september","15":"product_cat-flowers-for-the-teachers","16":"product_cat-flowers-for-women","17":"product_cat-march-8-flowers","18":"product_cat-mothers-day-flowers","19":"product_cat-roses","20":"product_cat-valentines-day-flowers","21":"tm-no-options","23":"first","24":"instock","25":"taxable","26":"shipping-taxable","27":"purchasable","28":"product-type-variable","29":"has-default-attributes"},"yoast_head":"<!-- This site is optimized with the Yoast SEO plugin v24.3 - https:\/\/yoast.com\/wordpress\/plugins\/seo\/ -->\n<title>Flower box &quot;Longing&quot; | Box of flowers | Pristatome g\u0117les<\/title>\n<meta name=\"description\" content=\"This box of red roses and eustomas &quot;Longing&quot; will be a great gift to surprise and delight your loved one and brighten up their day.\" \/>\n<meta name=\"robots\" content=\"index, follow, max-snippet:-1, max-image-preview:large, max-video-preview:-1\" \/>\n<link rel=\"canonical\" href=\"https:\/\/www.pristatomegeles.lt\/en\/produktas\/flower-box-longing\/\" \/>\n<meta property=\"og:locale\" content=\"en_US\" \/>\n<meta property=\"og:type\" content=\"article\" \/>\n<meta property=\"og:title\" content=\"Flower box &quot;Longing&quot; | Box of flowers | Pristatome g\u0117les\" \/>\n<meta property=\"og:description\" content=\"This box of red roses and eustomas &quot;Longing&quot; will be a great gift to surprise and delight your loved one and brighten up their day.\" \/>\n<meta property=\"og:url\" content=\"https:\/\/www.pristatomegeles.lt\/en\/produktas\/flower-box-longing\/\" \/>\n<meta property=\"og:site_name\" content=\"Pristatomegeles.lt\" \/>\n<meta property=\"article:modified_time\" content=\"2026-02-05T18:29:34+00:00\" \/>\n<meta property=\"og:image\" content=\"https:\/\/www.pristatomegeles.lt\/wp-content\/uploads\/2019\/12\/geles-dezuteje-baltos-eustomos-ir-raudonos-rozes-scaled.jpg\" \/>\n\t<meta property=\"og:image:width\" content=\"1000\" \/>\n\t<meta property=\"og:image:height\" content=\"1000\" \/>\n\t<meta property=\"og:image:type\" content=\"image\/jpeg\" \/>\n<meta name=\"twitter:card\" content=\"summary_large_image\" \/>\n<meta name=\"twitter:label1\" content=\"Est. reading time\" \/>\n\t<meta name=\"twitter:data1\" content=\"1 minute\" \/>\n<script type=\"application\/ld+json\" class=\"yoast-schema-graph\">{\"@context\":\"https:\/\/schema.org\",\"@graph\":[{\"@type\":\"WebPage\",\"@id\":\"https:\/\/www.pristatomegeles.lt\/en\/produktas\/flower-box-longing\/\",\"url\":\"https:\/\/www.pristatomegeles.lt\/en\/produktas\/flower-box-longing\/\",\"name\":\"Flower box \\\"Longing\\\" | Box of flowers | Pristatome g\u0117les\",\"isPartOf\":{\"@id\":\"https:\/\/www.pristatomegeles.lt\/en\/#website\"},\"primaryImageOfPage\":{\"@id\":\"https:\/\/www.pristatomegeles.lt\/en\/produktas\/flower-box-longing\/#primaryimage\"},\"image\":{\"@id\":\"https:\/\/www.pristatomegeles.lt\/en\/produktas\/flower-box-longing\/#primaryimage\"},\"thumbnailUrl\":\"https:\/\/www.pristatomegeles.lt\/wp-content\/uploads\/2019\/12\/geles-dezuteje-baltos-eustomos-ir-raudonos-rozes-scaled.jpg\",\"datePublished\":\"2019-12-19T15:01:00+00:00\",\"dateModified\":\"2026-02-05T18:29:34+00:00\",\"description\":\"This box of red roses and eustomas \\\"Longing\\\" will be a great gift to surprise and delight your loved one and brighten up their day.\",\"breadcrumb\":{\"@id\":\"https:\/\/www.pristatomegeles.lt\/en\/produktas\/flower-box-longing\/#breadcrumb\"},\"inLanguage\":\"en-US\",\"potentialAction\":[{\"@type\":\"ReadAction\",\"target\":[\"https:\/\/www.pristatomegeles.lt\/en\/produktas\/flower-box-longing\/\"]}]},{\"@type\":\"ImageObject\",\"inLanguage\":\"en-US\",\"@id\":\"https:\/\/www.pristatomegeles.lt\/en\/produktas\/flower-box-longing\/#primaryimage\",\"url\":\"https:\/\/www.pristatomegeles.lt\/wp-content\/uploads\/2019\/12\/geles-dezuteje-baltos-eustomos-ir-raudonos-rozes-scaled.jpg\",\"contentUrl\":\"https:\/\/www.pristatomegeles.lt\/wp-content\/uploads\/2019\/12\/geles-dezuteje-baltos-eustomos-ir-raudonos-rozes-scaled.jpg\",\"width\":1000,\"height\":1000,\"caption\":\"Raudon\u0173 ro\u017ei\u0173 ir eustom\u0173 d\u0117\u017eut\u0117 gimtadienio g\u0117l\u0117s\"},{\"@type\":\"BreadcrumbList\",\"@id\":\"https:\/\/www.pristatomegeles.lt\/en\/produktas\/flower-box-longing\/#breadcrumb\",\"itemListElement\":[{\"@type\":\"ListItem\",\"position\":1,\"name\":\"Home\",\"item\":\"https:\/\/www.pristatomegeles.lt\/en\/home-2\/\"},{\"@type\":\"ListItem\",\"position\":2,\"name\":\"Flowers\",\"item\":\"https:\/\/www.pristatomegeles.lt\/en\/flowers\/\"},{\"@type\":\"ListItem\",\"position\":3,\"name\":\"Flower box &#8220;Longing&#8221;\"}]},{\"@type\":\"WebSite\",\"@id\":\"https:\/\/www.pristatomegeles.lt\/en\/#website\",\"url\":\"https:\/\/www.pristatomegeles.lt\/en\/\",\"name\":\"Pristatomegeles.lt\",\"description\":\"\",\"potentialAction\":[{\"@type\":\"SearchAction\",\"target\":{\"@type\":\"EntryPoint\",\"urlTemplate\":\"https:\/\/www.pristatomegeles.lt\/en\/?s={search_term_string}\"},\"query-input\":{\"@type\":\"PropertyValueSpecification\",\"valueRequired\":true,\"valueName\":\"search_term_string\"}}],\"inLanguage\":\"en-US\"}]}<\/script>\n<!-- \/ Yoast SEO plugin. -->","yoast_head_json":{"title":"Flower box \"Longing\" | Box of flowers | Pristatome g\u0117les","description":"This box of red roses and eustomas \"Longing\" will be a great gift to surprise and delight your loved one and brighten up their day.","robots":{"index":"index","follow":"follow","max-snippet":"max-snippet:-1","max-image-preview":"max-image-preview:large","max-video-preview":"max-video-preview:-1"},"canonical":"https:\/\/www.pristatomegeles.lt\/en\/produktas\/flower-box-longing\/","og_locale":"en_US","og_type":"article","og_title":"Flower box \"Longing\" | Box of flowers | Pristatome g\u0117les","og_description":"This box of red roses and eustomas \"Longing\" will be a great gift to surprise and delight your loved one and brighten up their day.","og_url":"https:\/\/www.pristatomegeles.lt\/en\/produktas\/flower-box-longing\/","og_site_name":"Pristatomegeles.lt","article_modified_time":"2026-02-05T18:29:34+00:00","og_image":[{"width":1000,"height":1000,"url":"https:\/\/www.pristatomegeles.lt\/wp-content\/uploads\/2019\/12\/geles-dezuteje-baltos-eustomos-ir-raudonos-rozes-scaled.jpg","type":"image\/jpeg"}],"twitter_card":"summary_large_image","twitter_misc":{"Est. reading time":"1 minute"},"schema":{"@context":"https:\/\/schema.org","@graph":[{"@type":"WebPage","@id":"https:\/\/www.pristatomegeles.lt\/en\/produktas\/flower-box-longing\/","url":"https:\/\/www.pristatomegeles.lt\/en\/produktas\/flower-box-longing\/","name":"Flower box \"Longing\" | Box of flowers | Pristatome g\u0117les","isPartOf":{"@id":"https:\/\/www.pristatomegeles.lt\/en\/#website"},"primaryImageOfPage":{"@id":"https:\/\/www.pristatomegeles.lt\/en\/produktas\/flower-box-longing\/#primaryimage"},"image":{"@id":"https:\/\/www.pristatomegeles.lt\/en\/produktas\/flower-box-longing\/#primaryimage"},"thumbnailUrl":"https:\/\/www.pristatomegeles.lt\/wp-content\/uploads\/2019\/12\/geles-dezuteje-baltos-eustomos-ir-raudonos-rozes-scaled.jpg","datePublished":"2019-12-19T15:01:00+00:00","dateModified":"2026-02-05T18:29:34+00:00","description":"This box of red roses and eustomas \"Longing\" will be a great gift to surprise and delight your loved one and brighten up their day.","breadcrumb":{"@id":"https:\/\/www.pristatomegeles.lt\/en\/produktas\/flower-box-longing\/#breadcrumb"},"inLanguage":"en-US","potentialAction":[{"@type":"ReadAction","target":["https:\/\/www.pristatomegeles.lt\/en\/produktas\/flower-box-longing\/"]}]},{"@type":"ImageObject","inLanguage":"en-US","@id":"https:\/\/www.pristatomegeles.lt\/en\/produktas\/flower-box-longing\/#primaryimage","url":"https:\/\/www.pristatomegeles.lt\/wp-content\/uploads\/2019\/12\/geles-dezuteje-baltos-eustomos-ir-raudonos-rozes-scaled.jpg","contentUrl":"https:\/\/www.pristatomegeles.lt\/wp-content\/uploads\/2019\/12\/geles-dezuteje-baltos-eustomos-ir-raudonos-rozes-scaled.jpg","width":1000,"height":1000,"caption":"Raudon\u0173 ro\u017ei\u0173 ir eustom\u0173 d\u0117\u017eut\u0117 gimtadienio g\u0117l\u0117s"},{"@type":"BreadcrumbList","@id":"https:\/\/www.pristatomegeles.lt\/en\/produktas\/flower-box-longing\/#breadcrumb","itemListElement":[{"@type":"ListItem","position":1,"name":"Home","item":"https:\/\/www.pristatomegeles.lt\/en\/home-2\/"},{"@type":"ListItem","position":2,"name":"Flowers","item":"https:\/\/www.pristatomegeles.lt\/en\/flowers\/"},{"@type":"ListItem","position":3,"name":"Flower box &#8220;Longing&#8221;"}]},{"@type":"WebSite","@id":"https:\/\/www.pristatomegeles.lt\/en\/#website","url":"https:\/\/www.pristatomegeles.lt\/en\/","name":"Pristatomegeles.lt","description":"","potentialAction":[{"@type":"SearchAction","target":{"@type":"EntryPoint","urlTemplate":"https:\/\/www.pristatomegeles.lt\/en\/?s={search_term_string}"},"query-input":{"@type":"PropertyValueSpecification","valueRequired":true,"valueName":"search_term_string"}}],"inLanguage":"en-US"}]}},"_links":{"self":[{"href":"https:\/\/www.pristatomegeles.lt\/en\/wp-json\/wp\/v2\/product\/5489","targetHints":{"allow":["GET"]}}],"collection":[{"href":"https:\/\/www.pristatomegeles.lt\/en\/wp-json\/wp\/v2\/product"}],"about":[{"href":"https:\/\/www.pristatomegeles.lt\/en\/wp-json\/wp\/v2\/types\/product"}],"wp:featuredmedia":[{"embeddable":true,"href":"https:\/\/www.pristatomegeles.lt\/en\/wp-json\/wp\/v2\/media\/13143"}],"wp:attachment":[{"href":"https:\/\/www.pristatomegeles.lt\/en\/wp-json\/wp\/v2\/media?parent=5489"}],"wp:term":[{"taxonomy":"product_brand","embeddable":true,"href":"https:\/\/www.pristatomegeles.lt\/en\/wp-json\/wp\/v2\/product_brand?post=5489"},{"taxonomy":"product_cat","embeddable":true,"href":"https:\/\/www.pristatomegeles.lt\/en\/wp-json\/wp\/v2\/product_cat?post=5489"},{"taxonomy":"product_tag","embeddable":true,"href":"https:\/\/www.pristatomegeles.lt\/en\/wp-json\/wp\/v2\/product_tag?post=5489"}],"curies":[{"name":"wp","href":"https:\/\/api.w.org\/{rel}","templated":true}]}}