{"id":5512,"date":"2023-07-19T15:05:32","date_gmt":"2023-07-19T15:55:28","guid":{"rendered":"http:\/\/www.pristatomegeles.lt\/?post_type=product&#038;p=5512"},"modified":"2023-07-20T16:38:08","modified_gmt":"2023-07-20T14:38:08","slug":"bouquet-of-red-roses-exclusivity","status":"publish","type":"product","link":"https:\/\/www.pristatomegeles.lt\/en\/produktas\/bouquet-of-red-roses-exclusivity\/","title":{"rendered":"Bouquet of red roses &#8220;Exclusivity&#8221;"},"content":{"rendered":"","protected":false},"excerpt":{"rendered":"<p>This exquisite bouquet of red roses with black edges will impress everyone. This is a particularly good choice when you want to stay classy but don&#8217;t want to be banal at the same time. We are sure that the bouquet will appeal to both men and women!<\/p>\n","protected":false},"featured_media":17014,"template":"","meta":[],"product_brand":[],"product_cat":[1499,1497,419,1491,1496,1498,1494,1152,1153,415,1501],"product_tag":[],"class_list":{"0":"post-5512","1":"product","2":"type-product","3":"status-publish","4":"has-post-thumbnail","6":"product_cat-anniversary-flowers","7":"product_cat-birthday-flowers","8":"product_cat-bouquets","9":"product_cat-flowers-for-a-girl","10":"product_cat-flowers-for-men","11":"product_cat-flowers-for-mom","12":"product_cat-flowers-for-women","13":"product_cat-march-8-flowers","14":"product_cat-mothers-day-flowers","15":"product_cat-roses","16":"product_cat-valentines-day-flowers","17":"tm-has-options","19":"first","20":"outofstock","21":"taxable","22":"shipping-taxable","23":"purchasable","24":"product-type-variable","25":"has-default-attributes"},"yoast_head":"<!-- This site is optimized with the Yoast SEO plugin v24.3 - https:\/\/yoast.com\/wordpress\/plugins\/seo\/ -->\n<title>Red Roses Bouquet &quot;Exclusivity&quot; | Pristatome g\u0117les<\/title>\n<meta name=\"description\" content=\"Surprise your loved one with this exquisite bouquet of roses that will leave no one indifferent. Buy and leave your loved astonished!\" \/>\n<meta name=\"robots\" content=\"index, follow, max-snippet:-1, max-image-preview:large, max-video-preview:-1\" \/>\n<link rel=\"canonical\" href=\"https:\/\/www.pristatomegeles.lt\/en\/produktas\/bouquet-of-red-roses-exclusivity\/\" \/>\n<meta property=\"og:locale\" content=\"en_US\" \/>\n<meta property=\"og:type\" content=\"article\" \/>\n<meta property=\"og:title\" content=\"Red Roses Bouquet &quot;Exclusivity&quot; | Pristatome g\u0117les\" \/>\n<meta property=\"og:description\" content=\"Surprise your loved one with this exquisite bouquet of roses that will leave no one indifferent. Buy and leave your loved astonished!\" \/>\n<meta property=\"og:url\" content=\"https:\/\/www.pristatomegeles.lt\/en\/produktas\/bouquet-of-red-roses-exclusivity\/\" \/>\n<meta property=\"og:site_name\" content=\"Pristatomegeles.lt\" \/>\n<meta property=\"article:modified_time\" content=\"2023-07-20T14:38:08+00:00\" \/>\n<meta property=\"og:image\" content=\"https:\/\/www.pristatomegeles.lt\/wp-content\/uploads\/2021\/08\/raudonos-rozes-su-juodais-krasteliais-gimtadienio-proga.jpg\" \/>\n\t<meta property=\"og:image:width\" content=\"1200\" \/>\n\t<meta property=\"og:image:height\" content=\"1200\" \/>\n\t<meta property=\"og:image:type\" content=\"image\/jpeg\" \/>\n<meta name=\"twitter:card\" content=\"summary_large_image\" \/>\n<script type=\"application\/ld+json\" class=\"yoast-schema-graph\">{\"@context\":\"https:\/\/schema.org\",\"@graph\":[{\"@type\":\"WebPage\",\"@id\":\"https:\/\/www.pristatomegeles.lt\/en\/produktas\/bouquet-of-red-roses-exclusivity\/\",\"url\":\"https:\/\/www.pristatomegeles.lt\/en\/produktas\/bouquet-of-red-roses-exclusivity\/\",\"name\":\"Red Roses Bouquet \\\"Exclusivity\\\" | Pristatome g\u0117les\",\"isPartOf\":{\"@id\":\"https:\/\/www.pristatomegeles.lt\/en\/#website\"},\"primaryImageOfPage\":{\"@id\":\"https:\/\/www.pristatomegeles.lt\/en\/produktas\/bouquet-of-red-roses-exclusivity\/#primaryimage\"},\"image\":{\"@id\":\"https:\/\/www.pristatomegeles.lt\/en\/produktas\/bouquet-of-red-roses-exclusivity\/#primaryimage\"},\"thumbnailUrl\":\"https:\/\/www.pristatomegeles.lt\/wp-content\/uploads\/2021\/08\/raudonos-rozes-su-juodais-krasteliais-gimtadienio-proga.jpg\",\"datePublished\":\"2023-07-19T15:55:28+00:00\",\"dateModified\":\"2023-07-20T14:38:08+00:00\",\"description\":\"Surprise your loved one with this exquisite bouquet of roses that will leave no one indifferent. Buy and leave your loved astonished!\",\"breadcrumb\":{\"@id\":\"https:\/\/www.pristatomegeles.lt\/en\/produktas\/bouquet-of-red-roses-exclusivity\/#breadcrumb\"},\"inLanguage\":\"en-US\",\"potentialAction\":[{\"@type\":\"ReadAction\",\"target\":[\"https:\/\/www.pristatomegeles.lt\/en\/produktas\/bouquet-of-red-roses-exclusivity\/\"]}]},{\"@type\":\"ImageObject\",\"inLanguage\":\"en-US\",\"@id\":\"https:\/\/www.pristatomegeles.lt\/en\/produktas\/bouquet-of-red-roses-exclusivity\/#primaryimage\",\"url\":\"https:\/\/www.pristatomegeles.lt\/wp-content\/uploads\/2021\/08\/raudonos-rozes-su-juodais-krasteliais-gimtadienio-proga.jpg\",\"contentUrl\":\"https:\/\/www.pristatomegeles.lt\/wp-content\/uploads\/2021\/08\/raudonos-rozes-su-juodais-krasteliais-gimtadienio-proga.jpg\",\"width\":1000,\"height\":1000,\"caption\":\"I\u0161skirtin\u0117s raudonos ro\u017e\u0117s su juodais kra\u0161teliais jubiliejaus proga\"},{\"@type\":\"BreadcrumbList\",\"@id\":\"https:\/\/www.pristatomegeles.lt\/en\/produktas\/bouquet-of-red-roses-exclusivity\/#breadcrumb\",\"itemListElement\":[{\"@type\":\"ListItem\",\"position\":1,\"name\":\"Home\",\"item\":\"https:\/\/www.pristatomegeles.lt\/en\/home-2\/\"},{\"@type\":\"ListItem\",\"position\":2,\"name\":\"Flowers\",\"item\":\"https:\/\/www.pristatomegeles.lt\/en\/flowers\/\"},{\"@type\":\"ListItem\",\"position\":3,\"name\":\"Bouquet of red roses &#8220;Exclusivity&#8221;\"}]},{\"@type\":\"WebSite\",\"@id\":\"https:\/\/www.pristatomegeles.lt\/en\/#website\",\"url\":\"https:\/\/www.pristatomegeles.lt\/en\/\",\"name\":\"Pristatomegeles.lt\",\"description\":\"\",\"potentialAction\":[{\"@type\":\"SearchAction\",\"target\":{\"@type\":\"EntryPoint\",\"urlTemplate\":\"https:\/\/www.pristatomegeles.lt\/en\/?s={search_term_string}\"},\"query-input\":{\"@type\":\"PropertyValueSpecification\",\"valueRequired\":true,\"valueName\":\"search_term_string\"}}],\"inLanguage\":\"en-US\"}]}<\/script>\n<!-- \/ Yoast SEO plugin. -->","yoast_head_json":{"title":"Red Roses Bouquet \"Exclusivity\" | Pristatome g\u0117les","description":"Surprise your loved one with this exquisite bouquet of roses that will leave no one indifferent. Buy and leave your loved astonished!","robots":{"index":"index","follow":"follow","max-snippet":"max-snippet:-1","max-image-preview":"max-image-preview:large","max-video-preview":"max-video-preview:-1"},"canonical":"https:\/\/www.pristatomegeles.lt\/en\/produktas\/bouquet-of-red-roses-exclusivity\/","og_locale":"en_US","og_type":"article","og_title":"Red Roses Bouquet \"Exclusivity\" | Pristatome g\u0117les","og_description":"Surprise your loved one with this exquisite bouquet of roses that will leave no one indifferent. Buy and leave your loved astonished!","og_url":"https:\/\/www.pristatomegeles.lt\/en\/produktas\/bouquet-of-red-roses-exclusivity\/","og_site_name":"Pristatomegeles.lt","article_modified_time":"2023-07-20T14:38:08+00:00","og_image":[{"width":1200,"height":1200,"url":"https:\/\/www.pristatomegeles.lt\/wp-content\/uploads\/2021\/08\/raudonos-rozes-su-juodais-krasteliais-gimtadienio-proga.jpg","type":"image\/jpeg"}],"twitter_card":"summary_large_image","schema":{"@context":"https:\/\/schema.org","@graph":[{"@type":"WebPage","@id":"https:\/\/www.pristatomegeles.lt\/en\/produktas\/bouquet-of-red-roses-exclusivity\/","url":"https:\/\/www.pristatomegeles.lt\/en\/produktas\/bouquet-of-red-roses-exclusivity\/","name":"Red Roses Bouquet \"Exclusivity\" | Pristatome g\u0117les","isPartOf":{"@id":"https:\/\/www.pristatomegeles.lt\/en\/#website"},"primaryImageOfPage":{"@id":"https:\/\/www.pristatomegeles.lt\/en\/produktas\/bouquet-of-red-roses-exclusivity\/#primaryimage"},"image":{"@id":"https:\/\/www.pristatomegeles.lt\/en\/produktas\/bouquet-of-red-roses-exclusivity\/#primaryimage"},"thumbnailUrl":"https:\/\/www.pristatomegeles.lt\/wp-content\/uploads\/2021\/08\/raudonos-rozes-su-juodais-krasteliais-gimtadienio-proga.jpg","datePublished":"2023-07-19T15:55:28+00:00","dateModified":"2023-07-20T14:38:08+00:00","description":"Surprise your loved one with this exquisite bouquet of roses that will leave no one indifferent. Buy and leave your loved astonished!","breadcrumb":{"@id":"https:\/\/www.pristatomegeles.lt\/en\/produktas\/bouquet-of-red-roses-exclusivity\/#breadcrumb"},"inLanguage":"en-US","potentialAction":[{"@type":"ReadAction","target":["https:\/\/www.pristatomegeles.lt\/en\/produktas\/bouquet-of-red-roses-exclusivity\/"]}]},{"@type":"ImageObject","inLanguage":"en-US","@id":"https:\/\/www.pristatomegeles.lt\/en\/produktas\/bouquet-of-red-roses-exclusivity\/#primaryimage","url":"https:\/\/www.pristatomegeles.lt\/wp-content\/uploads\/2021\/08\/raudonos-rozes-su-juodais-krasteliais-gimtadienio-proga.jpg","contentUrl":"https:\/\/www.pristatomegeles.lt\/wp-content\/uploads\/2021\/08\/raudonos-rozes-su-juodais-krasteliais-gimtadienio-proga.jpg","width":1000,"height":1000,"caption":"I\u0161skirtin\u0117s raudonos ro\u017e\u0117s su juodais kra\u0161teliais jubiliejaus proga"},{"@type":"BreadcrumbList","@id":"https:\/\/www.pristatomegeles.lt\/en\/produktas\/bouquet-of-red-roses-exclusivity\/#breadcrumb","itemListElement":[{"@type":"ListItem","position":1,"name":"Home","item":"https:\/\/www.pristatomegeles.lt\/en\/home-2\/"},{"@type":"ListItem","position":2,"name":"Flowers","item":"https:\/\/www.pristatomegeles.lt\/en\/flowers\/"},{"@type":"ListItem","position":3,"name":"Bouquet of red roses &#8220;Exclusivity&#8221;"}]},{"@type":"WebSite","@id":"https:\/\/www.pristatomegeles.lt\/en\/#website","url":"https:\/\/www.pristatomegeles.lt\/en\/","name":"Pristatomegeles.lt","description":"","potentialAction":[{"@type":"SearchAction","target":{"@type":"EntryPoint","urlTemplate":"https:\/\/www.pristatomegeles.lt\/en\/?s={search_term_string}"},"query-input":{"@type":"PropertyValueSpecification","valueRequired":true,"valueName":"search_term_string"}}],"inLanguage":"en-US"}]}},"_links":{"self":[{"href":"https:\/\/www.pristatomegeles.lt\/en\/wp-json\/wp\/v2\/product\/5512","targetHints":{"allow":["GET"]}}],"collection":[{"href":"https:\/\/www.pristatomegeles.lt\/en\/wp-json\/wp\/v2\/product"}],"about":[{"href":"https:\/\/www.pristatomegeles.lt\/en\/wp-json\/wp\/v2\/types\/product"}],"wp:featuredmedia":[{"embeddable":true,"href":"https:\/\/www.pristatomegeles.lt\/en\/wp-json\/wp\/v2\/media\/17014"}],"wp:attachment":[{"href":"https:\/\/www.pristatomegeles.lt\/en\/wp-json\/wp\/v2\/media?parent=5512"}],"wp:term":[{"taxonomy":"product_brand","embeddable":true,"href":"https:\/\/www.pristatomegeles.lt\/en\/wp-json\/wp\/v2\/product_brand?post=5512"},{"taxonomy":"product_cat","embeddable":true,"href":"https:\/\/www.pristatomegeles.lt\/en\/wp-json\/wp\/v2\/product_cat?post=5512"},{"taxonomy":"product_tag","embeddable":true,"href":"https:\/\/www.pristatomegeles.lt\/en\/wp-json\/wp\/v2\/product_tag?post=5512"}],"curies":[{"name":"wp","href":"https:\/\/api.w.org\/{rel}","templated":true}]}}