{"id":5536,"date":"2019-11-06T16:20:14","date_gmt":"2019-11-06T18:20:14","guid":{"rendered":"http:\/\/www.pristatomegeles.lt\/produktas\/white-little-sleeping-rose-under-the-dome\/"},"modified":"2021-12-15T17:26:27","modified_gmt":"2021-12-15T15:26:27","slug":"white-little-sleeping-rose-under-the-dome","status":"publish","type":"product","link":"https:\/\/www.pristatomegeles.lt\/en\/produktas\/white-little-sleeping-rose-under-the-dome\/","title":{"rendered":"White little sleeping rose under the dome"},"content":{"rendered":"","protected":false},"excerpt":{"rendered":"<p>The little <\/span>white sleeping rose under the glass dome is a very elegant and playful gift.<br \/>\nThis sleeping rose needs no special care and the advantage is that it will delight with is blooming for several years, making it the perfect choice for the recipient to enjoy the flowers for as long as possible.<\/p>\n","protected":false},"featured_media":13922,"template":"","meta":[],"product_brand":[],"product_cat":[458],"product_tag":[],"class_list":{"0":"post-5536","1":"product","2":"type-product","3":"status-publish","4":"has-post-thumbnail","6":"product_cat-sleeping-roses","7":"product_shipping_class-in-all-lithuania","8":"tm-has-options","10":"first","11":"outofstock","12":"taxable","13":"shipping-taxable","14":"purchasable","15":"product-type-simple"},"yoast_head":"<!-- This site is optimized with the Yoast SEO plugin v24.3 - https:\/\/yoast.com\/wordpress\/plugins\/seo\/ -->\n<title>White small sleeping rose under the dome | Pristatome g\u0117les<\/title>\n<meta name=\"description\" content=\"Looking for flowers but still can not choose? A small sleeping white rose will be a great choice to brighten each recipient&#039;s day and lift their mood.\" \/>\n<meta name=\"robots\" content=\"index, follow, max-snippet:-1, max-image-preview:large, max-video-preview:-1\" \/>\n<link rel=\"canonical\" href=\"https:\/\/www.pristatomegeles.lt\/en\/produktas\/white-little-sleeping-rose-under-the-dome\/\" \/>\n<meta property=\"og:locale\" content=\"en_US\" \/>\n<meta property=\"og:type\" content=\"article\" \/>\n<meta property=\"og:title\" content=\"White small sleeping rose under the dome | Pristatome g\u0117les\" \/>\n<meta property=\"og:description\" content=\"Looking for flowers but still can not choose? A small sleeping white rose will be a great choice to brighten each recipient&#039;s day and lift their mood.\" \/>\n<meta property=\"og:url\" content=\"https:\/\/www.pristatomegeles.lt\/en\/produktas\/white-little-sleeping-rose-under-the-dome\/\" \/>\n<meta property=\"og:site_name\" content=\"Pristatomegeles.lt\" \/>\n<meta property=\"article:modified_time\" content=\"2021-12-15T15:26:27+00:00\" \/>\n<meta property=\"og:image\" content=\"https:\/\/www.pristatomegeles.lt\/wp-content\/uploads\/2019\/11\/balta-maza-mieganti-roze-po-stiklu-scaled.jpg\" \/>\n\t<meta property=\"og:image:width\" content=\"2560\" \/>\n\t<meta property=\"og:image:height\" content=\"2560\" \/>\n\t<meta property=\"og:image:type\" content=\"image\/jpeg\" \/>\n<meta name=\"twitter:card\" content=\"summary_large_image\" \/>\n<script type=\"application\/ld+json\" class=\"yoast-schema-graph\">{\"@context\":\"https:\/\/schema.org\",\"@graph\":[{\"@type\":\"WebPage\",\"@id\":\"https:\/\/www.pristatomegeles.lt\/en\/produktas\/white-little-sleeping-rose-under-the-dome\/\",\"url\":\"https:\/\/www.pristatomegeles.lt\/en\/produktas\/white-little-sleeping-rose-under-the-dome\/\",\"name\":\"White small sleeping rose under the dome | Pristatome g\u0117les\",\"isPartOf\":{\"@id\":\"https:\/\/www.pristatomegeles.lt\/en\/#website\"},\"primaryImageOfPage\":{\"@id\":\"https:\/\/www.pristatomegeles.lt\/en\/produktas\/white-little-sleeping-rose-under-the-dome\/#primaryimage\"},\"image\":{\"@id\":\"https:\/\/www.pristatomegeles.lt\/en\/produktas\/white-little-sleeping-rose-under-the-dome\/#primaryimage\"},\"thumbnailUrl\":\"https:\/\/www.pristatomegeles.lt\/wp-content\/uploads\/2019\/11\/balta-maza-mieganti-roze-po-stiklu-scaled.jpg\",\"datePublished\":\"2019-11-06T18:20:14+00:00\",\"dateModified\":\"2021-12-15T15:26:27+00:00\",\"description\":\"Looking for flowers but still can not choose? A small sleeping white rose will be a great choice to brighten each recipient's day and lift their mood.\",\"breadcrumb\":{\"@id\":\"https:\/\/www.pristatomegeles.lt\/en\/produktas\/white-little-sleeping-rose-under-the-dome\/#breadcrumb\"},\"inLanguage\":\"en-US\",\"potentialAction\":[{\"@type\":\"ReadAction\",\"target\":[\"https:\/\/www.pristatomegeles.lt\/en\/produktas\/white-little-sleeping-rose-under-the-dome\/\"]}]},{\"@type\":\"ImageObject\",\"inLanguage\":\"en-US\",\"@id\":\"https:\/\/www.pristatomegeles.lt\/en\/produktas\/white-little-sleeping-rose-under-the-dome\/#primaryimage\",\"url\":\"https:\/\/www.pristatomegeles.lt\/wp-content\/uploads\/2019\/11\/balta-maza-mieganti-roze-po-stiklu-scaled.jpg\",\"contentUrl\":\"https:\/\/www.pristatomegeles.lt\/wp-content\/uploads\/2019\/11\/balta-maza-mieganti-roze-po-stiklu-scaled.jpg\",\"width\":1000,\"height\":1000,\"caption\":\"Balta stabilizuota ro\u017e\u0117 po kupolu g\u0117l\u0117s mergina\"},{\"@type\":\"BreadcrumbList\",\"@id\":\"https:\/\/www.pristatomegeles.lt\/en\/produktas\/white-little-sleeping-rose-under-the-dome\/#breadcrumb\",\"itemListElement\":[{\"@type\":\"ListItem\",\"position\":1,\"name\":\"Home\",\"item\":\"https:\/\/www.pristatomegeles.lt\/en\/home-2\/\"},{\"@type\":\"ListItem\",\"position\":2,\"name\":\"Flowers\",\"item\":\"https:\/\/www.pristatomegeles.lt\/en\/flowers\/\"},{\"@type\":\"ListItem\",\"position\":3,\"name\":\"White little sleeping rose under the dome\"}]},{\"@type\":\"WebSite\",\"@id\":\"https:\/\/www.pristatomegeles.lt\/en\/#website\",\"url\":\"https:\/\/www.pristatomegeles.lt\/en\/\",\"name\":\"Pristatomegeles.lt\",\"description\":\"\",\"potentialAction\":[{\"@type\":\"SearchAction\",\"target\":{\"@type\":\"EntryPoint\",\"urlTemplate\":\"https:\/\/www.pristatomegeles.lt\/en\/?s={search_term_string}\"},\"query-input\":{\"@type\":\"PropertyValueSpecification\",\"valueRequired\":true,\"valueName\":\"search_term_string\"}}],\"inLanguage\":\"en-US\"}]}<\/script>\n<!-- \/ Yoast SEO plugin. -->","yoast_head_json":{"title":"White small sleeping rose under the dome | Pristatome g\u0117les","description":"Looking for flowers but still can not choose? A small sleeping white rose will be a great choice to brighten each recipient's day and lift their mood.","robots":{"index":"index","follow":"follow","max-snippet":"max-snippet:-1","max-image-preview":"max-image-preview:large","max-video-preview":"max-video-preview:-1"},"canonical":"https:\/\/www.pristatomegeles.lt\/en\/produktas\/white-little-sleeping-rose-under-the-dome\/","og_locale":"en_US","og_type":"article","og_title":"White small sleeping rose under the dome | Pristatome g\u0117les","og_description":"Looking for flowers but still can not choose? A small sleeping white rose will be a great choice to brighten each recipient's day and lift their mood.","og_url":"https:\/\/www.pristatomegeles.lt\/en\/produktas\/white-little-sleeping-rose-under-the-dome\/","og_site_name":"Pristatomegeles.lt","article_modified_time":"2021-12-15T15:26:27+00:00","og_image":[{"width":2560,"height":2560,"url":"https:\/\/www.pristatomegeles.lt\/wp-content\/uploads\/2019\/11\/balta-maza-mieganti-roze-po-stiklu-scaled.jpg","type":"image\/jpeg"}],"twitter_card":"summary_large_image","schema":{"@context":"https:\/\/schema.org","@graph":[{"@type":"WebPage","@id":"https:\/\/www.pristatomegeles.lt\/en\/produktas\/white-little-sleeping-rose-under-the-dome\/","url":"https:\/\/www.pristatomegeles.lt\/en\/produktas\/white-little-sleeping-rose-under-the-dome\/","name":"White small sleeping rose under the dome | Pristatome g\u0117les","isPartOf":{"@id":"https:\/\/www.pristatomegeles.lt\/en\/#website"},"primaryImageOfPage":{"@id":"https:\/\/www.pristatomegeles.lt\/en\/produktas\/white-little-sleeping-rose-under-the-dome\/#primaryimage"},"image":{"@id":"https:\/\/www.pristatomegeles.lt\/en\/produktas\/white-little-sleeping-rose-under-the-dome\/#primaryimage"},"thumbnailUrl":"https:\/\/www.pristatomegeles.lt\/wp-content\/uploads\/2019\/11\/balta-maza-mieganti-roze-po-stiklu-scaled.jpg","datePublished":"2019-11-06T18:20:14+00:00","dateModified":"2021-12-15T15:26:27+00:00","description":"Looking for flowers but still can not choose? A small sleeping white rose will be a great choice to brighten each recipient's day and lift their mood.","breadcrumb":{"@id":"https:\/\/www.pristatomegeles.lt\/en\/produktas\/white-little-sleeping-rose-under-the-dome\/#breadcrumb"},"inLanguage":"en-US","potentialAction":[{"@type":"ReadAction","target":["https:\/\/www.pristatomegeles.lt\/en\/produktas\/white-little-sleeping-rose-under-the-dome\/"]}]},{"@type":"ImageObject","inLanguage":"en-US","@id":"https:\/\/www.pristatomegeles.lt\/en\/produktas\/white-little-sleeping-rose-under-the-dome\/#primaryimage","url":"https:\/\/www.pristatomegeles.lt\/wp-content\/uploads\/2019\/11\/balta-maza-mieganti-roze-po-stiklu-scaled.jpg","contentUrl":"https:\/\/www.pristatomegeles.lt\/wp-content\/uploads\/2019\/11\/balta-maza-mieganti-roze-po-stiklu-scaled.jpg","width":1000,"height":1000,"caption":"Balta stabilizuota ro\u017e\u0117 po kupolu g\u0117l\u0117s mergina"},{"@type":"BreadcrumbList","@id":"https:\/\/www.pristatomegeles.lt\/en\/produktas\/white-little-sleeping-rose-under-the-dome\/#breadcrumb","itemListElement":[{"@type":"ListItem","position":1,"name":"Home","item":"https:\/\/www.pristatomegeles.lt\/en\/home-2\/"},{"@type":"ListItem","position":2,"name":"Flowers","item":"https:\/\/www.pristatomegeles.lt\/en\/flowers\/"},{"@type":"ListItem","position":3,"name":"White little sleeping rose under the dome"}]},{"@type":"WebSite","@id":"https:\/\/www.pristatomegeles.lt\/en\/#website","url":"https:\/\/www.pristatomegeles.lt\/en\/","name":"Pristatomegeles.lt","description":"","potentialAction":[{"@type":"SearchAction","target":{"@type":"EntryPoint","urlTemplate":"https:\/\/www.pristatomegeles.lt\/en\/?s={search_term_string}"},"query-input":{"@type":"PropertyValueSpecification","valueRequired":true,"valueName":"search_term_string"}}],"inLanguage":"en-US"}]}},"_links":{"self":[{"href":"https:\/\/www.pristatomegeles.lt\/en\/wp-json\/wp\/v2\/product\/5536","targetHints":{"allow":["GET"]}}],"collection":[{"href":"https:\/\/www.pristatomegeles.lt\/en\/wp-json\/wp\/v2\/product"}],"about":[{"href":"https:\/\/www.pristatomegeles.lt\/en\/wp-json\/wp\/v2\/types\/product"}],"wp:featuredmedia":[{"embeddable":true,"href":"https:\/\/www.pristatomegeles.lt\/en\/wp-json\/wp\/v2\/media\/13922"}],"wp:attachment":[{"href":"https:\/\/www.pristatomegeles.lt\/en\/wp-json\/wp\/v2\/media?parent=5536"}],"wp:term":[{"taxonomy":"product_brand","embeddable":true,"href":"https:\/\/www.pristatomegeles.lt\/en\/wp-json\/wp\/v2\/product_brand?post=5536"},{"taxonomy":"product_cat","embeddable":true,"href":"https:\/\/www.pristatomegeles.lt\/en\/wp-json\/wp\/v2\/product_cat?post=5536"},{"taxonomy":"product_tag","embeddable":true,"href":"https:\/\/www.pristatomegeles.lt\/en\/wp-json\/wp\/v2\/product_tag?post=5536"}],"curies":[{"name":"wp","href":"https:\/\/api.w.org\/{rel}","templated":true}]}}