{"id":5568,"date":"2021-07-13T14:39:20","date_gmt":"2023-02-23T09:44:45","guid":{"rendered":"http:\/\/www.pristatomegeles.lt\/?post_type=product&#038;p=5568"},"modified":"2025-02-18T15:25:35","modified_gmt":"2025-02-18T13:25:35","slug":"flower-box-summer","status":"publish","type":"product","link":"https:\/\/www.pristatomegeles.lt\/en\/produktas\/flower-box-summer\/","title":{"rendered":"Flower box &#8220;Summer&#8221;"},"content":{"rendered":"","protected":false},"excerpt":{"rendered":"<p>This flower box is a gift for you or your friends who believe that beautiful flowers can make their life more colorful. Pink roses &#8211; bright flowers that will impress anyone, and wonderful alstroemerias that give the bouquet freshness.<\/p>\n<p><em><strong><span class=\"Y2IQFc\" lang=\"en\">The color of the alstroemerias may differ from the ones in the photo, as we choose the colors that we have in the store at the time, but we always try to choose the most beautiful option to make the bouquet look perfect.<\/span><\/strong><\/em><\/p>\n<p>&nbsp;<\/p>\n","protected":false},"featured_media":13159,"template":"","meta":[],"product_brand":[],"product_cat":[454,1499,1497,414,1491,1498,1493,1495,1492,1494,1152,1153,415,1501],"product_tag":[],"class_list":{"0":"post-5568","1":"product","2":"type-product","3":"status-publish","4":"has-post-thumbnail","6":"product_cat-alstromerias","7":"product_cat-anniversary-flowers","8":"product_cat-birthday-flowers","9":"product_cat-flower-boxes","10":"product_cat-flowers-for-a-girl","11":"product_cat-flowers-for-mom","12":"product_cat-flowers-for-teachers-day","13":"product_cat-flowers-for-the-1st-of-september","14":"product_cat-flowers-for-the-teachers","15":"product_cat-flowers-for-women","16":"product_cat-march-8-flowers","17":"product_cat-mothers-day-flowers","18":"product_cat-roses","19":"product_cat-valentines-day-flowers","20":"tm-no-options","22":"first","23":"instock","24":"taxable","25":"shipping-taxable","26":"purchasable","27":"product-type-variable","28":"has-default-attributes"},"yoast_head":"<!-- This site is optimized with the Yoast SEO plugin v24.3 - https:\/\/yoast.com\/wordpress\/plugins\/seo\/ -->\n<title>Flower box &quot;Summer&quot; | Flower boxes | Pristatome g\u0117les<\/title>\n<meta name=\"description\" content=\"This flower box will reflect the recipient, if they are as colorful and playful as this bouquet of pink roses and alstromerias. Order now!\" \/>\n<meta name=\"robots\" content=\"index, follow, max-snippet:-1, max-image-preview:large, max-video-preview:-1\" \/>\n<link rel=\"canonical\" href=\"https:\/\/www.pristatomegeles.lt\/en\/produktas\/flower-box-summer\/\" \/>\n<meta property=\"og:locale\" content=\"en_US\" \/>\n<meta property=\"og:type\" content=\"article\" \/>\n<meta property=\"og:title\" content=\"Flower box &quot;Summer&quot; | Flower boxes | Pristatome g\u0117les\" \/>\n<meta property=\"og:description\" content=\"This flower box will reflect the recipient, if they are as colorful and playful as this bouquet of pink roses and alstromerias. Order now!\" \/>\n<meta property=\"og:url\" content=\"https:\/\/www.pristatomegeles.lt\/en\/produktas\/flower-box-summer\/\" \/>\n<meta property=\"og:site_name\" content=\"Pristatomegeles.lt\" \/>\n<meta property=\"article:modified_time\" content=\"2025-02-18T13:25:35+00:00\" \/>\n<meta property=\"og:image\" content=\"https:\/\/www.pristatomegeles.lt\/wp-content\/uploads\/2021\/03\/rozines-rozes-ir-spalvotos-altromerijos-dezuteje-scaled.jpg\" \/>\n\t<meta property=\"og:image:width\" content=\"1000\" \/>\n\t<meta property=\"og:image:height\" content=\"1000\" \/>\n\t<meta property=\"og:image:type\" content=\"image\/jpeg\" \/>\n<meta name=\"twitter:card\" content=\"summary_large_image\" \/>\n<meta name=\"twitter:label1\" content=\"Est. reading time\" \/>\n\t<meta name=\"twitter:data1\" content=\"1 minute\" \/>\n<script type=\"application\/ld+json\" class=\"yoast-schema-graph\">{\"@context\":\"https:\/\/schema.org\",\"@graph\":[{\"@type\":\"WebPage\",\"@id\":\"https:\/\/www.pristatomegeles.lt\/en\/produktas\/flower-box-summer\/\",\"url\":\"https:\/\/www.pristatomegeles.lt\/en\/produktas\/flower-box-summer\/\",\"name\":\"Flower box \\\"Summer\\\" | Flower boxes | Pristatome g\u0117les\",\"isPartOf\":{\"@id\":\"https:\/\/www.pristatomegeles.lt\/en\/#website\"},\"primaryImageOfPage\":{\"@id\":\"https:\/\/www.pristatomegeles.lt\/en\/produktas\/flower-box-summer\/#primaryimage\"},\"image\":{\"@id\":\"https:\/\/www.pristatomegeles.lt\/en\/produktas\/flower-box-summer\/#primaryimage\"},\"thumbnailUrl\":\"https:\/\/www.pristatomegeles.lt\/wp-content\/uploads\/2021\/03\/rozines-rozes-ir-spalvotos-altromerijos-dezuteje-scaled.jpg\",\"datePublished\":\"2023-02-23T09:44:45+00:00\",\"dateModified\":\"2025-02-18T13:25:35+00:00\",\"description\":\"This flower box will reflect the recipient, if they are as colorful and playful as this bouquet of pink roses and alstromerias. Order now!\",\"breadcrumb\":{\"@id\":\"https:\/\/www.pristatomegeles.lt\/en\/produktas\/flower-box-summer\/#breadcrumb\"},\"inLanguage\":\"en-US\",\"potentialAction\":[{\"@type\":\"ReadAction\",\"target\":[\"https:\/\/www.pristatomegeles.lt\/en\/produktas\/flower-box-summer\/\"]}]},{\"@type\":\"ImageObject\",\"inLanguage\":\"en-US\",\"@id\":\"https:\/\/www.pristatomegeles.lt\/en\/produktas\/flower-box-summer\/#primaryimage\",\"url\":\"https:\/\/www.pristatomegeles.lt\/wp-content\/uploads\/2021\/03\/rozines-rozes-ir-spalvotos-altromerijos-dezuteje-scaled.jpg\",\"contentUrl\":\"https:\/\/www.pristatomegeles.lt\/wp-content\/uploads\/2021\/03\/rozines-rozes-ir-spalvotos-altromerijos-dezuteje-scaled.jpg\",\"width\":1000,\"height\":1000,\"caption\":\"Ro\u017ein\u0173 ro\u017ei\u0173 ir alstromerij\u0173 puok\u0161t\u0117 d\u0117\u017eut\u0117je\"},{\"@type\":\"BreadcrumbList\",\"@id\":\"https:\/\/www.pristatomegeles.lt\/en\/produktas\/flower-box-summer\/#breadcrumb\",\"itemListElement\":[{\"@type\":\"ListItem\",\"position\":1,\"name\":\"Home\",\"item\":\"https:\/\/www.pristatomegeles.lt\/en\/home-2\/\"},{\"@type\":\"ListItem\",\"position\":2,\"name\":\"Flowers\",\"item\":\"https:\/\/www.pristatomegeles.lt\/en\/flowers\/\"},{\"@type\":\"ListItem\",\"position\":3,\"name\":\"Flower box &#8220;Summer&#8221;\"}]},{\"@type\":\"WebSite\",\"@id\":\"https:\/\/www.pristatomegeles.lt\/en\/#website\",\"url\":\"https:\/\/www.pristatomegeles.lt\/en\/\",\"name\":\"Pristatomegeles.lt\",\"description\":\"\",\"potentialAction\":[{\"@type\":\"SearchAction\",\"target\":{\"@type\":\"EntryPoint\",\"urlTemplate\":\"https:\/\/www.pristatomegeles.lt\/en\/?s={search_term_string}\"},\"query-input\":{\"@type\":\"PropertyValueSpecification\",\"valueRequired\":true,\"valueName\":\"search_term_string\"}}],\"inLanguage\":\"en-US\"}]}<\/script>\n<!-- \/ Yoast SEO plugin. -->","yoast_head_json":{"title":"Flower box \"Summer\" | Flower boxes | Pristatome g\u0117les","description":"This flower box will reflect the recipient, if they are as colorful and playful as this bouquet of pink roses and alstromerias. Order now!","robots":{"index":"index","follow":"follow","max-snippet":"max-snippet:-1","max-image-preview":"max-image-preview:large","max-video-preview":"max-video-preview:-1"},"canonical":"https:\/\/www.pristatomegeles.lt\/en\/produktas\/flower-box-summer\/","og_locale":"en_US","og_type":"article","og_title":"Flower box \"Summer\" | Flower boxes | Pristatome g\u0117les","og_description":"This flower box will reflect the recipient, if they are as colorful and playful as this bouquet of pink roses and alstromerias. Order now!","og_url":"https:\/\/www.pristatomegeles.lt\/en\/produktas\/flower-box-summer\/","og_site_name":"Pristatomegeles.lt","article_modified_time":"2025-02-18T13:25:35+00:00","og_image":[{"width":1000,"height":1000,"url":"https:\/\/www.pristatomegeles.lt\/wp-content\/uploads\/2021\/03\/rozines-rozes-ir-spalvotos-altromerijos-dezuteje-scaled.jpg","type":"image\/jpeg"}],"twitter_card":"summary_large_image","twitter_misc":{"Est. reading time":"1 minute"},"schema":{"@context":"https:\/\/schema.org","@graph":[{"@type":"WebPage","@id":"https:\/\/www.pristatomegeles.lt\/en\/produktas\/flower-box-summer\/","url":"https:\/\/www.pristatomegeles.lt\/en\/produktas\/flower-box-summer\/","name":"Flower box \"Summer\" | Flower boxes | Pristatome g\u0117les","isPartOf":{"@id":"https:\/\/www.pristatomegeles.lt\/en\/#website"},"primaryImageOfPage":{"@id":"https:\/\/www.pristatomegeles.lt\/en\/produktas\/flower-box-summer\/#primaryimage"},"image":{"@id":"https:\/\/www.pristatomegeles.lt\/en\/produktas\/flower-box-summer\/#primaryimage"},"thumbnailUrl":"https:\/\/www.pristatomegeles.lt\/wp-content\/uploads\/2021\/03\/rozines-rozes-ir-spalvotos-altromerijos-dezuteje-scaled.jpg","datePublished":"2023-02-23T09:44:45+00:00","dateModified":"2025-02-18T13:25:35+00:00","description":"This flower box will reflect the recipient, if they are as colorful and playful as this bouquet of pink roses and alstromerias. Order now!","breadcrumb":{"@id":"https:\/\/www.pristatomegeles.lt\/en\/produktas\/flower-box-summer\/#breadcrumb"},"inLanguage":"en-US","potentialAction":[{"@type":"ReadAction","target":["https:\/\/www.pristatomegeles.lt\/en\/produktas\/flower-box-summer\/"]}]},{"@type":"ImageObject","inLanguage":"en-US","@id":"https:\/\/www.pristatomegeles.lt\/en\/produktas\/flower-box-summer\/#primaryimage","url":"https:\/\/www.pristatomegeles.lt\/wp-content\/uploads\/2021\/03\/rozines-rozes-ir-spalvotos-altromerijos-dezuteje-scaled.jpg","contentUrl":"https:\/\/www.pristatomegeles.lt\/wp-content\/uploads\/2021\/03\/rozines-rozes-ir-spalvotos-altromerijos-dezuteje-scaled.jpg","width":1000,"height":1000,"caption":"Ro\u017ein\u0173 ro\u017ei\u0173 ir alstromerij\u0173 puok\u0161t\u0117 d\u0117\u017eut\u0117je"},{"@type":"BreadcrumbList","@id":"https:\/\/www.pristatomegeles.lt\/en\/produktas\/flower-box-summer\/#breadcrumb","itemListElement":[{"@type":"ListItem","position":1,"name":"Home","item":"https:\/\/www.pristatomegeles.lt\/en\/home-2\/"},{"@type":"ListItem","position":2,"name":"Flowers","item":"https:\/\/www.pristatomegeles.lt\/en\/flowers\/"},{"@type":"ListItem","position":3,"name":"Flower box &#8220;Summer&#8221;"}]},{"@type":"WebSite","@id":"https:\/\/www.pristatomegeles.lt\/en\/#website","url":"https:\/\/www.pristatomegeles.lt\/en\/","name":"Pristatomegeles.lt","description":"","potentialAction":[{"@type":"SearchAction","target":{"@type":"EntryPoint","urlTemplate":"https:\/\/www.pristatomegeles.lt\/en\/?s={search_term_string}"},"query-input":{"@type":"PropertyValueSpecification","valueRequired":true,"valueName":"search_term_string"}}],"inLanguage":"en-US"}]}},"_links":{"self":[{"href":"https:\/\/www.pristatomegeles.lt\/en\/wp-json\/wp\/v2\/product\/5568","targetHints":{"allow":["GET"]}}],"collection":[{"href":"https:\/\/www.pristatomegeles.lt\/en\/wp-json\/wp\/v2\/product"}],"about":[{"href":"https:\/\/www.pristatomegeles.lt\/en\/wp-json\/wp\/v2\/types\/product"}],"wp:featuredmedia":[{"embeddable":true,"href":"https:\/\/www.pristatomegeles.lt\/en\/wp-json\/wp\/v2\/media\/13159"}],"wp:attachment":[{"href":"https:\/\/www.pristatomegeles.lt\/en\/wp-json\/wp\/v2\/media?parent=5568"}],"wp:term":[{"taxonomy":"product_brand","embeddable":true,"href":"https:\/\/www.pristatomegeles.lt\/en\/wp-json\/wp\/v2\/product_brand?post=5568"},{"taxonomy":"product_cat","embeddable":true,"href":"https:\/\/www.pristatomegeles.lt\/en\/wp-json\/wp\/v2\/product_cat?post=5568"},{"taxonomy":"product_tag","embeddable":true,"href":"https:\/\/www.pristatomegeles.lt\/en\/wp-json\/wp\/v2\/product_tag?post=5568"}],"curies":[{"name":"wp","href":"https:\/\/api.w.org\/{rel}","templated":true}]}}