{"id":5647,"date":"2020-08-22T15:17:32","date_gmt":"2021-04-19T10:22:23","guid":{"rendered":"http:\/\/www.pristatomegeles.lt\/?post_type=product&#038;p=5647"},"modified":"2025-01-31T12:16:06","modified_gmt":"2025-01-31T10:16:06","slug":"flower-bouquet-colorful","status":"publish","type":"product","link":"https:\/\/www.pristatomegeles.lt\/en\/produktas\/flower-bouquet-colorful\/","title":{"rendered":"Flower bouquet &#8220;Colorful&#8221;"},"content":{"rendered":"<p>The bouquet &#8220;Colorful&#8221; consists of multicolored limonium: dark purple, lilac, and white. Perfectly matching colors create an expressive, eye-catching composition that is suitable to give both to men and women on various occasions.<\/p>\n","protected":false},"excerpt":{"rendered":"<p>Colorful and lovely limonium blossoms look incredibly beautiful in a bouquet when wrapped in a paper and tied with a ribbon. Surprise your close person by giving him or her this exceptional bouquet.<\/p>\n<p><strong>You may choose from three bouquet sizes:<\/strong><\/p>\n<ul>\n<li>Small bouquet consists of 21 limonium;<\/li>\n<li>Medium-sized bouquet consists of 35 limonium;<\/li>\n<li>Large bouquet consists of 49 limonium.<\/li>\n<\/ul>\n<p><em><strong>We choose the color of the limonium according to what we have in the store at the time of ordering.<\/strong><\/em><\/p>\n","protected":false},"featured_media":7935,"template":"","meta":[],"product_brand":[],"product_cat":[1497,419,1491,1496,1498,1492,1494,1153],"product_tag":[],"class_list":{"0":"post-5647","1":"product","2":"type-product","3":"status-publish","4":"has-post-thumbnail","6":"product_cat-birthday-flowers","7":"product_cat-bouquets","8":"product_cat-flowers-for-a-girl","9":"product_cat-flowers-for-men","10":"product_cat-flowers-for-mom","11":"product_cat-flowers-for-the-teachers","12":"product_cat-flowers-for-women","13":"product_cat-mothers-day-flowers","14":"tm-has-options","16":"first","17":"instock","18":"taxable","19":"shipping-taxable","20":"purchasable","21":"product-type-variable"},"yoast_head":"<!-- This site is optimized with the Yoast SEO plugin v24.3 - https:\/\/yoast.com\/wordpress\/plugins\/seo\/ -->\n<title>Flower bouquet &quot;Colorful&quot; | Colorful bouquets | Pristatome g\u0117les<\/title>\n<meta name=\"description\" content=\"Perfectly matching colors create an expressive, eye-catching composition that is suitable to give both to men and women on various occasions.\u00a0\" \/>\n<meta name=\"robots\" content=\"index, follow, max-snippet:-1, max-image-preview:large, max-video-preview:-1\" \/>\n<link rel=\"canonical\" href=\"https:\/\/www.pristatomegeles.lt\/en\/produktas\/flower-bouquet-colorful\/\" \/>\n<meta property=\"og:locale\" content=\"en_US\" \/>\n<meta property=\"og:type\" content=\"article\" \/>\n<meta property=\"og:title\" content=\"Flower bouquet &quot;Colorful&quot; | Colorful bouquets | Pristatome g\u0117les\" \/>\n<meta property=\"og:description\" content=\"Perfectly matching colors create an expressive, eye-catching composition that is suitable to give both to men and women on various occasions.\u00a0\" \/>\n<meta property=\"og:url\" content=\"https:\/\/www.pristatomegeles.lt\/en\/produktas\/flower-bouquet-colorful\/\" \/>\n<meta property=\"og:site_name\" content=\"Pristatomegeles.lt\" \/>\n<meta property=\"article:modified_time\" content=\"2025-01-31T10:16:06+00:00\" \/>\n<meta property=\"og:image\" content=\"https:\/\/www.pristatomegeles.lt\/wp-content\/uploads\/2020\/08\/geliu-puokstes-spalvingos-limonijos-scaled.jpg\" \/>\n\t<meta property=\"og:image:width\" content=\"2560\" \/>\n\t<meta property=\"og:image:height\" content=\"2560\" \/>\n\t<meta property=\"og:image:type\" content=\"image\/jpeg\" \/>\n<meta name=\"twitter:card\" content=\"summary_large_image\" \/>\n<script type=\"application\/ld+json\" class=\"yoast-schema-graph\">{\"@context\":\"https:\/\/schema.org\",\"@graph\":[{\"@type\":\"WebPage\",\"@id\":\"https:\/\/www.pristatomegeles.lt\/en\/produktas\/flower-bouquet-colorful\/\",\"url\":\"https:\/\/www.pristatomegeles.lt\/en\/produktas\/flower-bouquet-colorful\/\",\"name\":\"Flower bouquet \\\"Colorful\\\" | Colorful bouquets | Pristatome g\u0117les\",\"isPartOf\":{\"@id\":\"https:\/\/www.pristatomegeles.lt\/en\/#website\"},\"primaryImageOfPage\":{\"@id\":\"https:\/\/www.pristatomegeles.lt\/en\/produktas\/flower-bouquet-colorful\/#primaryimage\"},\"image\":{\"@id\":\"https:\/\/www.pristatomegeles.lt\/en\/produktas\/flower-bouquet-colorful\/#primaryimage\"},\"thumbnailUrl\":\"https:\/\/www.pristatomegeles.lt\/wp-content\/uploads\/2020\/08\/geliu-puokstes-spalvingos-limonijos-scaled.jpg\",\"datePublished\":\"2021-04-19T10:22:23+00:00\",\"dateModified\":\"2025-01-31T10:16:06+00:00\",\"description\":\"Perfectly matching colors create an expressive, eye-catching composition that is suitable to give both to men and women on various occasions.\u00a0\",\"breadcrumb\":{\"@id\":\"https:\/\/www.pristatomegeles.lt\/en\/produktas\/flower-bouquet-colorful\/#breadcrumb\"},\"inLanguage\":\"en-US\",\"potentialAction\":[{\"@type\":\"ReadAction\",\"target\":[\"https:\/\/www.pristatomegeles.lt\/en\/produktas\/flower-bouquet-colorful\/\"]}]},{\"@type\":\"ImageObject\",\"inLanguage\":\"en-US\",\"@id\":\"https:\/\/www.pristatomegeles.lt\/en\/produktas\/flower-bouquet-colorful\/#primaryimage\",\"url\":\"https:\/\/www.pristatomegeles.lt\/wp-content\/uploads\/2020\/08\/geliu-puokstes-spalvingos-limonijos-scaled.jpg\",\"contentUrl\":\"https:\/\/www.pristatomegeles.lt\/wp-content\/uploads\/2020\/08\/geliu-puokstes-spalvingos-limonijos-scaled.jpg\",\"width\":1000,\"height\":1000,\"caption\":\"\u012evairi\u0173 spalv\u0173 limonij\u0173 puok\u0161t\u0117\"},{\"@type\":\"BreadcrumbList\",\"@id\":\"https:\/\/www.pristatomegeles.lt\/en\/produktas\/flower-bouquet-colorful\/#breadcrumb\",\"itemListElement\":[{\"@type\":\"ListItem\",\"position\":1,\"name\":\"Home\",\"item\":\"https:\/\/www.pristatomegeles.lt\/en\/home-2\/\"},{\"@type\":\"ListItem\",\"position\":2,\"name\":\"Flowers\",\"item\":\"https:\/\/www.pristatomegeles.lt\/en\/flowers\/\"},{\"@type\":\"ListItem\",\"position\":3,\"name\":\"Flower bouquet &#8220;Colorful&#8221;\"}]},{\"@type\":\"WebSite\",\"@id\":\"https:\/\/www.pristatomegeles.lt\/en\/#website\",\"url\":\"https:\/\/www.pristatomegeles.lt\/en\/\",\"name\":\"Pristatomegeles.lt\",\"description\":\"\",\"potentialAction\":[{\"@type\":\"SearchAction\",\"target\":{\"@type\":\"EntryPoint\",\"urlTemplate\":\"https:\/\/www.pristatomegeles.lt\/en\/?s={search_term_string}\"},\"query-input\":{\"@type\":\"PropertyValueSpecification\",\"valueRequired\":true,\"valueName\":\"search_term_string\"}}],\"inLanguage\":\"en-US\"}]}<\/script>\n<!-- \/ Yoast SEO plugin. -->","yoast_head_json":{"title":"Flower bouquet \"Colorful\" | Colorful bouquets | Pristatome g\u0117les","description":"Perfectly matching colors create an expressive, eye-catching composition that is suitable to give both to men and women on various occasions.\u00a0","robots":{"index":"index","follow":"follow","max-snippet":"max-snippet:-1","max-image-preview":"max-image-preview:large","max-video-preview":"max-video-preview:-1"},"canonical":"https:\/\/www.pristatomegeles.lt\/en\/produktas\/flower-bouquet-colorful\/","og_locale":"en_US","og_type":"article","og_title":"Flower bouquet \"Colorful\" | Colorful bouquets | Pristatome g\u0117les","og_description":"Perfectly matching colors create an expressive, eye-catching composition that is suitable to give both to men and women on various occasions.\u00a0","og_url":"https:\/\/www.pristatomegeles.lt\/en\/produktas\/flower-bouquet-colorful\/","og_site_name":"Pristatomegeles.lt","article_modified_time":"2025-01-31T10:16:06+00:00","og_image":[{"width":2560,"height":2560,"url":"https:\/\/www.pristatomegeles.lt\/wp-content\/uploads\/2020\/08\/geliu-puokstes-spalvingos-limonijos-scaled.jpg","type":"image\/jpeg"}],"twitter_card":"summary_large_image","schema":{"@context":"https:\/\/schema.org","@graph":[{"@type":"WebPage","@id":"https:\/\/www.pristatomegeles.lt\/en\/produktas\/flower-bouquet-colorful\/","url":"https:\/\/www.pristatomegeles.lt\/en\/produktas\/flower-bouquet-colorful\/","name":"Flower bouquet \"Colorful\" | Colorful bouquets | Pristatome g\u0117les","isPartOf":{"@id":"https:\/\/www.pristatomegeles.lt\/en\/#website"},"primaryImageOfPage":{"@id":"https:\/\/www.pristatomegeles.lt\/en\/produktas\/flower-bouquet-colorful\/#primaryimage"},"image":{"@id":"https:\/\/www.pristatomegeles.lt\/en\/produktas\/flower-bouquet-colorful\/#primaryimage"},"thumbnailUrl":"https:\/\/www.pristatomegeles.lt\/wp-content\/uploads\/2020\/08\/geliu-puokstes-spalvingos-limonijos-scaled.jpg","datePublished":"2021-04-19T10:22:23+00:00","dateModified":"2025-01-31T10:16:06+00:00","description":"Perfectly matching colors create an expressive, eye-catching composition that is suitable to give both to men and women on various occasions.\u00a0","breadcrumb":{"@id":"https:\/\/www.pristatomegeles.lt\/en\/produktas\/flower-bouquet-colorful\/#breadcrumb"},"inLanguage":"en-US","potentialAction":[{"@type":"ReadAction","target":["https:\/\/www.pristatomegeles.lt\/en\/produktas\/flower-bouquet-colorful\/"]}]},{"@type":"ImageObject","inLanguage":"en-US","@id":"https:\/\/www.pristatomegeles.lt\/en\/produktas\/flower-bouquet-colorful\/#primaryimage","url":"https:\/\/www.pristatomegeles.lt\/wp-content\/uploads\/2020\/08\/geliu-puokstes-spalvingos-limonijos-scaled.jpg","contentUrl":"https:\/\/www.pristatomegeles.lt\/wp-content\/uploads\/2020\/08\/geliu-puokstes-spalvingos-limonijos-scaled.jpg","width":1000,"height":1000,"caption":"\u012evairi\u0173 spalv\u0173 limonij\u0173 puok\u0161t\u0117"},{"@type":"BreadcrumbList","@id":"https:\/\/www.pristatomegeles.lt\/en\/produktas\/flower-bouquet-colorful\/#breadcrumb","itemListElement":[{"@type":"ListItem","position":1,"name":"Home","item":"https:\/\/www.pristatomegeles.lt\/en\/home-2\/"},{"@type":"ListItem","position":2,"name":"Flowers","item":"https:\/\/www.pristatomegeles.lt\/en\/flowers\/"},{"@type":"ListItem","position":3,"name":"Flower bouquet &#8220;Colorful&#8221;"}]},{"@type":"WebSite","@id":"https:\/\/www.pristatomegeles.lt\/en\/#website","url":"https:\/\/www.pristatomegeles.lt\/en\/","name":"Pristatomegeles.lt","description":"","potentialAction":[{"@type":"SearchAction","target":{"@type":"EntryPoint","urlTemplate":"https:\/\/www.pristatomegeles.lt\/en\/?s={search_term_string}"},"query-input":{"@type":"PropertyValueSpecification","valueRequired":true,"valueName":"search_term_string"}}],"inLanguage":"en-US"}]}},"_links":{"self":[{"href":"https:\/\/www.pristatomegeles.lt\/en\/wp-json\/wp\/v2\/product\/5647","targetHints":{"allow":["GET"]}}],"collection":[{"href":"https:\/\/www.pristatomegeles.lt\/en\/wp-json\/wp\/v2\/product"}],"about":[{"href":"https:\/\/www.pristatomegeles.lt\/en\/wp-json\/wp\/v2\/types\/product"}],"wp:featuredmedia":[{"embeddable":true,"href":"https:\/\/www.pristatomegeles.lt\/en\/wp-json\/wp\/v2\/media\/7935"}],"wp:attachment":[{"href":"https:\/\/www.pristatomegeles.lt\/en\/wp-json\/wp\/v2\/media?parent=5647"}],"wp:term":[{"taxonomy":"product_brand","embeddable":true,"href":"https:\/\/www.pristatomegeles.lt\/en\/wp-json\/wp\/v2\/product_brand?post=5647"},{"taxonomy":"product_cat","embeddable":true,"href":"https:\/\/www.pristatomegeles.lt\/en\/wp-json\/wp\/v2\/product_cat?post=5647"},{"taxonomy":"product_tag","embeddable":true,"href":"https:\/\/www.pristatomegeles.lt\/en\/wp-json\/wp\/v2\/product_tag?post=5647"}],"curies":[{"name":"wp","href":"https:\/\/api.w.org\/{rel}","templated":true}]}}