{"id":5656,"date":"2019-11-03T18:32:41","date_gmt":"2019-11-03T20:32:41","guid":{"rendered":"http:\/\/www.pristatomegeles.lt\/produktas\/bouquet-of-flowers-discovery\/"},"modified":"2026-02-05T20:00:51","modified_gmt":"2026-02-05T18:00:51","slug":"bouquet-of-flowers-discovery","status":"publish","type":"product","link":"https:\/\/www.pristatomegeles.lt\/en\/produktas\/bouquet-of-flowers-discovery\/","title":{"rendered":"Bouquet of flowers &#8220;Discovery&#8221;"},"content":{"rendered":"","protected":false},"excerpt":{"rendered":"<p>This elegant bouquet looks great as it consists of red roses and blue irises, and everyone knows that these colors always go together. You can gift these flowers on any occasions you want to, or you can even gift them without any at all. Spoil your loved ones !<\/p>\n<p><strong>There are three sizes to choose from:<\/strong><\/p>\n<p>The small bouquet consists of 7 roses and 6 irises;<\/p>\n<p>The average bouquet consists of 15 roses 14 teas;<\/p>\n<p>The large bouquet consists of 21 roses and 20 irises.<\/p>\n","protected":false},"featured_media":17052,"template":"","meta":[],"product_brand":[],"product_cat":[1499,1497,419,1491,1496,1498,1493,1495,1492,1494,442,1152,1153,415,1501],"product_tag":[],"class_list":{"0":"post-5656","1":"product","2":"type-product","3":"status-publish","4":"has-post-thumbnail","6":"product_cat-anniversary-flowers","7":"product_cat-birthday-flowers","8":"product_cat-bouquets","9":"product_cat-flowers-for-a-girl","10":"product_cat-flowers-for-men","11":"product_cat-flowers-for-mom","12":"product_cat-flowers-for-teachers-day","13":"product_cat-flowers-for-the-1st-of-september","14":"product_cat-flowers-for-the-teachers","15":"product_cat-flowers-for-women","16":"product_cat-irises","17":"product_cat-march-8-flowers","18":"product_cat-mothers-day-flowers","19":"product_cat-roses","20":"product_cat-valentines-day-flowers","21":"tm-has-options","23":"first","24":"instock","25":"taxable","26":"shipping-taxable","27":"purchasable","28":"product-type-variable","29":"has-default-attributes"},"yoast_head":"<!-- This site is optimized with the Yoast SEO plugin v24.3 - https:\/\/yoast.com\/wordpress\/plugins\/seo\/ -->\n<title>Bouquet of flowers &quot;Discovery&quot; | Birthday flowers | Pristatome g\u0117les<\/title>\n<meta name=\"description\" content=\"Bouquet &quot;Discovery&quot;, consisting of red roses and blue irises. Beautiful, elegant and extraordinary for the eyes and heart.\" \/>\n<meta name=\"robots\" content=\"index, follow, max-snippet:-1, max-image-preview:large, max-video-preview:-1\" \/>\n<link rel=\"canonical\" href=\"https:\/\/www.pristatomegeles.lt\/en\/produktas\/bouquet-of-flowers-discovery\/\" \/>\n<meta property=\"og:locale\" content=\"en_US\" \/>\n<meta property=\"og:type\" content=\"article\" \/>\n<meta property=\"og:title\" content=\"Bouquet of flowers &quot;Discovery&quot; | Birthday flowers | Pristatome g\u0117les\" \/>\n<meta property=\"og:description\" content=\"Bouquet &quot;Discovery&quot;, consisting of red roses and blue irises. Beautiful, elegant and extraordinary for the eyes and heart.\" \/>\n<meta property=\"og:url\" content=\"https:\/\/www.pristatomegeles.lt\/en\/produktas\/bouquet-of-flowers-discovery\/\" \/>\n<meta property=\"og:site_name\" content=\"Pristatomegeles.lt\" \/>\n<meta property=\"article:modified_time\" content=\"2026-02-05T18:00:51+00:00\" \/>\n<meta property=\"og:image\" content=\"https:\/\/www.pristatomegeles.lt\/wp-content\/uploads\/2019\/11\/irisai-ir-raudonos-rozes-puoksteje-gimtadienio-proga.jpg\" \/>\n\t<meta property=\"og:image:width\" content=\"1000\" \/>\n\t<meta property=\"og:image:height\" content=\"1000\" \/>\n\t<meta property=\"og:image:type\" content=\"image\/jpeg\" \/>\n<meta name=\"twitter:card\" content=\"summary_large_image\" \/>\n<meta name=\"twitter:label1\" content=\"Est. reading time\" \/>\n\t<meta name=\"twitter:data1\" content=\"1 minute\" \/>\n<script type=\"application\/ld+json\" class=\"yoast-schema-graph\">{\"@context\":\"https:\/\/schema.org\",\"@graph\":[{\"@type\":\"WebPage\",\"@id\":\"https:\/\/www.pristatomegeles.lt\/en\/produktas\/bouquet-of-flowers-discovery\/\",\"url\":\"https:\/\/www.pristatomegeles.lt\/en\/produktas\/bouquet-of-flowers-discovery\/\",\"name\":\"Bouquet of flowers \\\"Discovery\\\" | Birthday flowers | Pristatome g\u0117les\",\"isPartOf\":{\"@id\":\"https:\/\/www.pristatomegeles.lt\/en\/#website\"},\"primaryImageOfPage\":{\"@id\":\"https:\/\/www.pristatomegeles.lt\/en\/produktas\/bouquet-of-flowers-discovery\/#primaryimage\"},\"image\":{\"@id\":\"https:\/\/www.pristatomegeles.lt\/en\/produktas\/bouquet-of-flowers-discovery\/#primaryimage\"},\"thumbnailUrl\":\"https:\/\/www.pristatomegeles.lt\/wp-content\/uploads\/2019\/11\/irisai-ir-raudonos-rozes-puoksteje-gimtadienio-proga.jpg\",\"datePublished\":\"2019-11-03T20:32:41+00:00\",\"dateModified\":\"2026-02-05T18:00:51+00:00\",\"description\":\"Bouquet \\\"Discovery\\\", consisting of red roses and blue irises. Beautiful, elegant and extraordinary for the eyes and heart.\",\"breadcrumb\":{\"@id\":\"https:\/\/www.pristatomegeles.lt\/en\/produktas\/bouquet-of-flowers-discovery\/#breadcrumb\"},\"inLanguage\":\"en-US\",\"potentialAction\":[{\"@type\":\"ReadAction\",\"target\":[\"https:\/\/www.pristatomegeles.lt\/en\/produktas\/bouquet-of-flowers-discovery\/\"]}]},{\"@type\":\"ImageObject\",\"inLanguage\":\"en-US\",\"@id\":\"https:\/\/www.pristatomegeles.lt\/en\/produktas\/bouquet-of-flowers-discovery\/#primaryimage\",\"url\":\"https:\/\/www.pristatomegeles.lt\/wp-content\/uploads\/2019\/11\/irisai-ir-raudonos-rozes-puoksteje-gimtadienio-proga.jpg\",\"contentUrl\":\"https:\/\/www.pristatomegeles.lt\/wp-content\/uploads\/2019\/11\/irisai-ir-raudonos-rozes-puoksteje-gimtadienio-proga.jpg\",\"width\":1000,\"height\":1000,\"caption\":\"Kontrastinga raudon\u0173 ro\u017ei\u0173 ir m\u0117lyn\u0173 iris\u0173 puok\u0161t\u0117\"},{\"@type\":\"BreadcrumbList\",\"@id\":\"https:\/\/www.pristatomegeles.lt\/en\/produktas\/bouquet-of-flowers-discovery\/#breadcrumb\",\"itemListElement\":[{\"@type\":\"ListItem\",\"position\":1,\"name\":\"Home\",\"item\":\"https:\/\/www.pristatomegeles.lt\/en\/home-2\/\"},{\"@type\":\"ListItem\",\"position\":2,\"name\":\"Flowers\",\"item\":\"https:\/\/www.pristatomegeles.lt\/en\/flowers\/\"},{\"@type\":\"ListItem\",\"position\":3,\"name\":\"Bouquet of flowers &#8220;Discovery&#8221;\"}]},{\"@type\":\"WebSite\",\"@id\":\"https:\/\/www.pristatomegeles.lt\/en\/#website\",\"url\":\"https:\/\/www.pristatomegeles.lt\/en\/\",\"name\":\"Pristatomegeles.lt\",\"description\":\"\",\"potentialAction\":[{\"@type\":\"SearchAction\",\"target\":{\"@type\":\"EntryPoint\",\"urlTemplate\":\"https:\/\/www.pristatomegeles.lt\/en\/?s={search_term_string}\"},\"query-input\":{\"@type\":\"PropertyValueSpecification\",\"valueRequired\":true,\"valueName\":\"search_term_string\"}}],\"inLanguage\":\"en-US\"}]}<\/script>\n<!-- \/ Yoast SEO plugin. -->","yoast_head_json":{"title":"Bouquet of flowers \"Discovery\" | Birthday flowers | Pristatome g\u0117les","description":"Bouquet \"Discovery\", consisting of red roses and blue irises. Beautiful, elegant and extraordinary for the eyes and heart.","robots":{"index":"index","follow":"follow","max-snippet":"max-snippet:-1","max-image-preview":"max-image-preview:large","max-video-preview":"max-video-preview:-1"},"canonical":"https:\/\/www.pristatomegeles.lt\/en\/produktas\/bouquet-of-flowers-discovery\/","og_locale":"en_US","og_type":"article","og_title":"Bouquet of flowers \"Discovery\" | Birthday flowers | Pristatome g\u0117les","og_description":"Bouquet \"Discovery\", consisting of red roses and blue irises. Beautiful, elegant and extraordinary for the eyes and heart.","og_url":"https:\/\/www.pristatomegeles.lt\/en\/produktas\/bouquet-of-flowers-discovery\/","og_site_name":"Pristatomegeles.lt","article_modified_time":"2026-02-05T18:00:51+00:00","og_image":[{"width":1000,"height":1000,"url":"https:\/\/www.pristatomegeles.lt\/wp-content\/uploads\/2019\/11\/irisai-ir-raudonos-rozes-puoksteje-gimtadienio-proga.jpg","type":"image\/jpeg"}],"twitter_card":"summary_large_image","twitter_misc":{"Est. reading time":"1 minute"},"schema":{"@context":"https:\/\/schema.org","@graph":[{"@type":"WebPage","@id":"https:\/\/www.pristatomegeles.lt\/en\/produktas\/bouquet-of-flowers-discovery\/","url":"https:\/\/www.pristatomegeles.lt\/en\/produktas\/bouquet-of-flowers-discovery\/","name":"Bouquet of flowers \"Discovery\" | Birthday flowers | Pristatome g\u0117les","isPartOf":{"@id":"https:\/\/www.pristatomegeles.lt\/en\/#website"},"primaryImageOfPage":{"@id":"https:\/\/www.pristatomegeles.lt\/en\/produktas\/bouquet-of-flowers-discovery\/#primaryimage"},"image":{"@id":"https:\/\/www.pristatomegeles.lt\/en\/produktas\/bouquet-of-flowers-discovery\/#primaryimage"},"thumbnailUrl":"https:\/\/www.pristatomegeles.lt\/wp-content\/uploads\/2019\/11\/irisai-ir-raudonos-rozes-puoksteje-gimtadienio-proga.jpg","datePublished":"2019-11-03T20:32:41+00:00","dateModified":"2026-02-05T18:00:51+00:00","description":"Bouquet \"Discovery\", consisting of red roses and blue irises. Beautiful, elegant and extraordinary for the eyes and heart.","breadcrumb":{"@id":"https:\/\/www.pristatomegeles.lt\/en\/produktas\/bouquet-of-flowers-discovery\/#breadcrumb"},"inLanguage":"en-US","potentialAction":[{"@type":"ReadAction","target":["https:\/\/www.pristatomegeles.lt\/en\/produktas\/bouquet-of-flowers-discovery\/"]}]},{"@type":"ImageObject","inLanguage":"en-US","@id":"https:\/\/www.pristatomegeles.lt\/en\/produktas\/bouquet-of-flowers-discovery\/#primaryimage","url":"https:\/\/www.pristatomegeles.lt\/wp-content\/uploads\/2019\/11\/irisai-ir-raudonos-rozes-puoksteje-gimtadienio-proga.jpg","contentUrl":"https:\/\/www.pristatomegeles.lt\/wp-content\/uploads\/2019\/11\/irisai-ir-raudonos-rozes-puoksteje-gimtadienio-proga.jpg","width":1000,"height":1000,"caption":"Kontrastinga raudon\u0173 ro\u017ei\u0173 ir m\u0117lyn\u0173 iris\u0173 puok\u0161t\u0117"},{"@type":"BreadcrumbList","@id":"https:\/\/www.pristatomegeles.lt\/en\/produktas\/bouquet-of-flowers-discovery\/#breadcrumb","itemListElement":[{"@type":"ListItem","position":1,"name":"Home","item":"https:\/\/www.pristatomegeles.lt\/en\/home-2\/"},{"@type":"ListItem","position":2,"name":"Flowers","item":"https:\/\/www.pristatomegeles.lt\/en\/flowers\/"},{"@type":"ListItem","position":3,"name":"Bouquet of flowers &#8220;Discovery&#8221;"}]},{"@type":"WebSite","@id":"https:\/\/www.pristatomegeles.lt\/en\/#website","url":"https:\/\/www.pristatomegeles.lt\/en\/","name":"Pristatomegeles.lt","description":"","potentialAction":[{"@type":"SearchAction","target":{"@type":"EntryPoint","urlTemplate":"https:\/\/www.pristatomegeles.lt\/en\/?s={search_term_string}"},"query-input":{"@type":"PropertyValueSpecification","valueRequired":true,"valueName":"search_term_string"}}],"inLanguage":"en-US"}]}},"_links":{"self":[{"href":"https:\/\/www.pristatomegeles.lt\/en\/wp-json\/wp\/v2\/product\/5656","targetHints":{"allow":["GET"]}}],"collection":[{"href":"https:\/\/www.pristatomegeles.lt\/en\/wp-json\/wp\/v2\/product"}],"about":[{"href":"https:\/\/www.pristatomegeles.lt\/en\/wp-json\/wp\/v2\/types\/product"}],"wp:featuredmedia":[{"embeddable":true,"href":"https:\/\/www.pristatomegeles.lt\/en\/wp-json\/wp\/v2\/media\/17052"}],"wp:attachment":[{"href":"https:\/\/www.pristatomegeles.lt\/en\/wp-json\/wp\/v2\/media?parent=5656"}],"wp:term":[{"taxonomy":"product_brand","embeddable":true,"href":"https:\/\/www.pristatomegeles.lt\/en\/wp-json\/wp\/v2\/product_brand?post=5656"},{"taxonomy":"product_cat","embeddable":true,"href":"https:\/\/www.pristatomegeles.lt\/en\/wp-json\/wp\/v2\/product_cat?post=5656"},{"taxonomy":"product_tag","embeddable":true,"href":"https:\/\/www.pristatomegeles.lt\/en\/wp-json\/wp\/v2\/product_tag?post=5656"}],"curies":[{"name":"wp","href":"https:\/\/api.w.org\/{rel}","templated":true}]}}