{"id":5661,"date":"2019-04-30T11:18:54","date_gmt":"2019-04-30T13:18:54","guid":{"rendered":"http:\/\/www.pristatomegeles.lt\/produktas\/red-rose-box-romance\/"},"modified":"2026-02-08T12:36:09","modified_gmt":"2026-02-08T10:36:09","slug":"red-rose-box-romance","status":"publish","type":"product","link":"https:\/\/www.pristatomegeles.lt\/en\/produktas\/red-rose-box-romance\/","title":{"rendered":"Red rose box &#8220;Romance&#8221;"},"content":{"rendered":"","protected":false},"excerpt":{"rendered":"<p>An upcoming birthday, anniversary or some other very important romantic celebration? The exact variant of this box of red roses and eucalyptus is designed to emphasize the elegance of the woman, hers importance to you, to give more confidence in themselves and you.<\/p>\n","protected":false},"featured_media":9558,"template":"","meta":[],"product_brand":[],"product_cat":[1499,1497,414,1491,1496,1498,1494,1152,1153,415,1501],"product_tag":[],"class_list":{"0":"post-5661","1":"product","2":"type-product","3":"status-publish","4":"has-post-thumbnail","6":"product_cat-anniversary-flowers","7":"product_cat-birthday-flowers","8":"product_cat-flower-boxes","9":"product_cat-flowers-for-a-girl","10":"product_cat-flowers-for-men","11":"product_cat-flowers-for-mom","12":"product_cat-flowers-for-women","13":"product_cat-march-8-flowers","14":"product_cat-mothers-day-flowers","15":"product_cat-roses","16":"product_cat-valentines-day-flowers","17":"tm-no-options","19":"first","20":"instock","21":"taxable","22":"shipping-taxable","23":"purchasable","24":"product-type-variable","25":"has-default-attributes"},"yoast_head":"<!-- This site is optimized with the Yoast SEO plugin v24.3 - https:\/\/yoast.com\/wordpress\/plugins\/seo\/ -->\n<title>Red rose box &quot;Romance&quot; | PristatomeGeles.lt<\/title>\n<meta name=\"description\" content=\"Red roses are a true sign of romance and love. Looking for something elegant, chic? A great option for gifting your beloved woman.\" \/>\n<meta name=\"robots\" content=\"index, follow, max-snippet:-1, max-image-preview:large, max-video-preview:-1\" \/>\n<link rel=\"canonical\" href=\"https:\/\/www.pristatomegeles.lt\/en\/produktas\/red-rose-box-romance\/\" \/>\n<meta property=\"og:locale\" content=\"en_US\" \/>\n<meta property=\"og:type\" content=\"article\" \/>\n<meta property=\"og:title\" content=\"Red rose box &quot;Romance&quot; | PristatomeGeles.lt\" \/>\n<meta property=\"og:description\" content=\"Red roses are a true sign of romance and love. Looking for something elegant, chic? A great option for gifting your beloved woman.\" \/>\n<meta property=\"og:url\" content=\"https:\/\/www.pristatomegeles.lt\/en\/produktas\/red-rose-box-romance\/\" \/>\n<meta property=\"og:site_name\" content=\"Pristatomegeles.lt\" \/>\n<meta property=\"article:modified_time\" content=\"2026-02-08T10:36:09+00:00\" \/>\n<meta property=\"og:image\" content=\"https:\/\/www.pristatomegeles.lt\/wp-content\/uploads\/2019\/04\/rozes-dezutteje-raudonos-rozes-ir-eukaliptai-scaled.jpg\" \/>\n\t<meta property=\"og:image:width\" content=\"1000\" \/>\n\t<meta property=\"og:image:height\" content=\"1000\" \/>\n\t<meta property=\"og:image:type\" content=\"image\/jpeg\" \/>\n<meta name=\"twitter:card\" content=\"summary_large_image\" \/>\n<meta name=\"twitter:label1\" content=\"Est. reading time\" \/>\n\t<meta name=\"twitter:data1\" content=\"1 minute\" \/>\n<script type=\"application\/ld+json\" class=\"yoast-schema-graph\">{\"@context\":\"https:\/\/schema.org\",\"@graph\":[{\"@type\":\"WebPage\",\"@id\":\"https:\/\/www.pristatomegeles.lt\/en\/produktas\/red-rose-box-romance\/\",\"url\":\"https:\/\/www.pristatomegeles.lt\/en\/produktas\/red-rose-box-romance\/\",\"name\":\"Red rose box \\\"Romance\\\" | PristatomeGeles.lt\",\"isPartOf\":{\"@id\":\"https:\/\/www.pristatomegeles.lt\/en\/#website\"},\"primaryImageOfPage\":{\"@id\":\"https:\/\/www.pristatomegeles.lt\/en\/produktas\/red-rose-box-romance\/#primaryimage\"},\"image\":{\"@id\":\"https:\/\/www.pristatomegeles.lt\/en\/produktas\/red-rose-box-romance\/#primaryimage\"},\"thumbnailUrl\":\"https:\/\/www.pristatomegeles.lt\/wp-content\/uploads\/2019\/04\/rozes-dezutteje-raudonos-rozes-ir-eukaliptai-scaled.jpg\",\"datePublished\":\"2019-04-30T13:18:54+00:00\",\"dateModified\":\"2026-02-08T10:36:09+00:00\",\"description\":\"Red roses are a true sign of romance and love. Looking for something elegant, chic? A great option for gifting your beloved woman.\",\"breadcrumb\":{\"@id\":\"https:\/\/www.pristatomegeles.lt\/en\/produktas\/red-rose-box-romance\/#breadcrumb\"},\"inLanguage\":\"en-US\",\"potentialAction\":[{\"@type\":\"ReadAction\",\"target\":[\"https:\/\/www.pristatomegeles.lt\/en\/produktas\/red-rose-box-romance\/\"]}]},{\"@type\":\"ImageObject\",\"inLanguage\":\"en-US\",\"@id\":\"https:\/\/www.pristatomegeles.lt\/en\/produktas\/red-rose-box-romance\/#primaryimage\",\"url\":\"https:\/\/www.pristatomegeles.lt\/wp-content\/uploads\/2019\/04\/rozes-dezutteje-raudonos-rozes-ir-eukaliptai-scaled.jpg\",\"contentUrl\":\"https:\/\/www.pristatomegeles.lt\/wp-content\/uploads\/2019\/04\/rozes-dezutteje-raudonos-rozes-ir-eukaliptai-scaled.jpg\",\"width\":1000,\"height\":1000,\"caption\":\"Raudonos ro\u017e\u0117s ir eukaliptai d\u0117\u017eut\u0117je\"},{\"@type\":\"BreadcrumbList\",\"@id\":\"https:\/\/www.pristatomegeles.lt\/en\/produktas\/red-rose-box-romance\/#breadcrumb\",\"itemListElement\":[{\"@type\":\"ListItem\",\"position\":1,\"name\":\"Home\",\"item\":\"https:\/\/www.pristatomegeles.lt\/en\/home-2\/\"},{\"@type\":\"ListItem\",\"position\":2,\"name\":\"Flowers\",\"item\":\"https:\/\/www.pristatomegeles.lt\/en\/flowers\/\"},{\"@type\":\"ListItem\",\"position\":3,\"name\":\"Red rose box &#8220;Romance&#8221;\"}]},{\"@type\":\"WebSite\",\"@id\":\"https:\/\/www.pristatomegeles.lt\/en\/#website\",\"url\":\"https:\/\/www.pristatomegeles.lt\/en\/\",\"name\":\"Pristatomegeles.lt\",\"description\":\"\",\"potentialAction\":[{\"@type\":\"SearchAction\",\"target\":{\"@type\":\"EntryPoint\",\"urlTemplate\":\"https:\/\/www.pristatomegeles.lt\/en\/?s={search_term_string}\"},\"query-input\":{\"@type\":\"PropertyValueSpecification\",\"valueRequired\":true,\"valueName\":\"search_term_string\"}}],\"inLanguage\":\"en-US\"}]}<\/script>\n<!-- \/ Yoast SEO plugin. -->","yoast_head_json":{"title":"Red rose box \"Romance\" | PristatomeGeles.lt","description":"Red roses are a true sign of romance and love. Looking for something elegant, chic? A great option for gifting your beloved woman.","robots":{"index":"index","follow":"follow","max-snippet":"max-snippet:-1","max-image-preview":"max-image-preview:large","max-video-preview":"max-video-preview:-1"},"canonical":"https:\/\/www.pristatomegeles.lt\/en\/produktas\/red-rose-box-romance\/","og_locale":"en_US","og_type":"article","og_title":"Red rose box \"Romance\" | PristatomeGeles.lt","og_description":"Red roses are a true sign of romance and love. Looking for something elegant, chic? A great option for gifting your beloved woman.","og_url":"https:\/\/www.pristatomegeles.lt\/en\/produktas\/red-rose-box-romance\/","og_site_name":"Pristatomegeles.lt","article_modified_time":"2026-02-08T10:36:09+00:00","og_image":[{"width":1000,"height":1000,"url":"https:\/\/www.pristatomegeles.lt\/wp-content\/uploads\/2019\/04\/rozes-dezutteje-raudonos-rozes-ir-eukaliptai-scaled.jpg","type":"image\/jpeg"}],"twitter_card":"summary_large_image","twitter_misc":{"Est. reading time":"1 minute"},"schema":{"@context":"https:\/\/schema.org","@graph":[{"@type":"WebPage","@id":"https:\/\/www.pristatomegeles.lt\/en\/produktas\/red-rose-box-romance\/","url":"https:\/\/www.pristatomegeles.lt\/en\/produktas\/red-rose-box-romance\/","name":"Red rose box \"Romance\" | PristatomeGeles.lt","isPartOf":{"@id":"https:\/\/www.pristatomegeles.lt\/en\/#website"},"primaryImageOfPage":{"@id":"https:\/\/www.pristatomegeles.lt\/en\/produktas\/red-rose-box-romance\/#primaryimage"},"image":{"@id":"https:\/\/www.pristatomegeles.lt\/en\/produktas\/red-rose-box-romance\/#primaryimage"},"thumbnailUrl":"https:\/\/www.pristatomegeles.lt\/wp-content\/uploads\/2019\/04\/rozes-dezutteje-raudonos-rozes-ir-eukaliptai-scaled.jpg","datePublished":"2019-04-30T13:18:54+00:00","dateModified":"2026-02-08T10:36:09+00:00","description":"Red roses are a true sign of romance and love. Looking for something elegant, chic? A great option for gifting your beloved woman.","breadcrumb":{"@id":"https:\/\/www.pristatomegeles.lt\/en\/produktas\/red-rose-box-romance\/#breadcrumb"},"inLanguage":"en-US","potentialAction":[{"@type":"ReadAction","target":["https:\/\/www.pristatomegeles.lt\/en\/produktas\/red-rose-box-romance\/"]}]},{"@type":"ImageObject","inLanguage":"en-US","@id":"https:\/\/www.pristatomegeles.lt\/en\/produktas\/red-rose-box-romance\/#primaryimage","url":"https:\/\/www.pristatomegeles.lt\/wp-content\/uploads\/2019\/04\/rozes-dezutteje-raudonos-rozes-ir-eukaliptai-scaled.jpg","contentUrl":"https:\/\/www.pristatomegeles.lt\/wp-content\/uploads\/2019\/04\/rozes-dezutteje-raudonos-rozes-ir-eukaliptai-scaled.jpg","width":1000,"height":1000,"caption":"Raudonos ro\u017e\u0117s ir eukaliptai d\u0117\u017eut\u0117je"},{"@type":"BreadcrumbList","@id":"https:\/\/www.pristatomegeles.lt\/en\/produktas\/red-rose-box-romance\/#breadcrumb","itemListElement":[{"@type":"ListItem","position":1,"name":"Home","item":"https:\/\/www.pristatomegeles.lt\/en\/home-2\/"},{"@type":"ListItem","position":2,"name":"Flowers","item":"https:\/\/www.pristatomegeles.lt\/en\/flowers\/"},{"@type":"ListItem","position":3,"name":"Red rose box &#8220;Romance&#8221;"}]},{"@type":"WebSite","@id":"https:\/\/www.pristatomegeles.lt\/en\/#website","url":"https:\/\/www.pristatomegeles.lt\/en\/","name":"Pristatomegeles.lt","description":"","potentialAction":[{"@type":"SearchAction","target":{"@type":"EntryPoint","urlTemplate":"https:\/\/www.pristatomegeles.lt\/en\/?s={search_term_string}"},"query-input":{"@type":"PropertyValueSpecification","valueRequired":true,"valueName":"search_term_string"}}],"inLanguage":"en-US"}]}},"_links":{"self":[{"href":"https:\/\/www.pristatomegeles.lt\/en\/wp-json\/wp\/v2\/product\/5661","targetHints":{"allow":["GET"]}}],"collection":[{"href":"https:\/\/www.pristatomegeles.lt\/en\/wp-json\/wp\/v2\/product"}],"about":[{"href":"https:\/\/www.pristatomegeles.lt\/en\/wp-json\/wp\/v2\/types\/product"}],"wp:featuredmedia":[{"embeddable":true,"href":"https:\/\/www.pristatomegeles.lt\/en\/wp-json\/wp\/v2\/media\/9558"}],"wp:attachment":[{"href":"https:\/\/www.pristatomegeles.lt\/en\/wp-json\/wp\/v2\/media?parent=5661"}],"wp:term":[{"taxonomy":"product_brand","embeddable":true,"href":"https:\/\/www.pristatomegeles.lt\/en\/wp-json\/wp\/v2\/product_brand?post=5661"},{"taxonomy":"product_cat","embeddable":true,"href":"https:\/\/www.pristatomegeles.lt\/en\/wp-json\/wp\/v2\/product_cat?post=5661"},{"taxonomy":"product_tag","embeddable":true,"href":"https:\/\/www.pristatomegeles.lt\/en\/wp-json\/wp\/v2\/product_tag?post=5661"}],"curies":[{"name":"wp","href":"https:\/\/api.w.org\/{rel}","templated":true}]}}