{"id":5697,"date":"2019-04-18T13:36:26","date_gmt":"2019-04-18T15:36:26","guid":{"rendered":"http:\/\/www.pristatomegeles.lt\/produktas\/bouquet-of-small-roses-the-desire-for-beauty\/"},"modified":"2025-03-03T11:11:47","modified_gmt":"2025-03-03T09:11:47","slug":"bouquet-of-small-roses-the-desire-for-beauty","status":"publish","type":"product","link":"https:\/\/www.pristatomegeles.lt\/en\/produktas\/bouquet-of-small-roses-the-desire-for-beauty\/","title":{"rendered":"Bouquet of small roses &#8220;The desire for beauty&#8221;"},"content":{"rendered":"","protected":false},"excerpt":{"rendered":"<p>Petite Rose Bouquet &#8220;The desire for beauty&#8221; is made up of one colored roses, whose twigs grow unevenly creating an interesting and extraordinary bouquet. This cute bouquet will please every girl and attention is the key to unlocking the heart. The color of the roses may vary.<\/p>\n<p><em><strong>We choose the color of the small roses according to what we have in the store at the time of ordering.<\/strong><\/em><\/p>\n","protected":false},"featured_media":18793,"template":"","meta":[],"product_brand":[],"product_cat":[1499,1497,419,1491,1498,1493,1495,1492,1494,1152,1153,415,1501],"product_tag":[],"class_list":{"0":"post-5697","1":"product","2":"type-product","3":"status-publish","4":"has-post-thumbnail","6":"product_cat-anniversary-flowers","7":"product_cat-birthday-flowers","8":"product_cat-bouquets","9":"product_cat-flowers-for-a-girl","10":"product_cat-flowers-for-mom","11":"product_cat-flowers-for-teachers-day","12":"product_cat-flowers-for-the-1st-of-september","13":"product_cat-flowers-for-the-teachers","14":"product_cat-flowers-for-women","15":"product_cat-march-8-flowers","16":"product_cat-mothers-day-flowers","17":"product_cat-roses","18":"product_cat-valentines-day-flowers","19":"tm-has-options","21":"first","22":"instock","23":"taxable","24":"shipping-taxable","25":"purchasable","26":"product-type-variable","27":"has-default-attributes"},"yoast_head":"<!-- This site is optimized with the Yoast SEO plugin v24.3 - https:\/\/yoast.com\/wordpress\/plugins\/seo\/ -->\n<title>Small Rose Bouquet &quot;Desire for Beauty&quot; | Pristatome g\u0117les<\/title>\n<meta name=\"description\" content=\"The bouquet is made up of one colored roses, their branches are unevenly distributed, but they give impeccable beauty and spectacular appearance.\" \/>\n<meta name=\"robots\" content=\"index, follow, max-snippet:-1, max-image-preview:large, max-video-preview:-1\" \/>\n<link rel=\"canonical\" href=\"https:\/\/www.pristatomegeles.lt\/en\/produktas\/bouquet-of-small-roses-the-desire-for-beauty\/\" \/>\n<meta property=\"og:locale\" content=\"en_US\" \/>\n<meta property=\"og:type\" content=\"article\" \/>\n<meta property=\"og:title\" content=\"Small Rose Bouquet &quot;Desire for Beauty&quot; | Pristatome g\u0117les\" \/>\n<meta property=\"og:description\" content=\"The bouquet is made up of one colored roses, their branches are unevenly distributed, but they give impeccable beauty and spectacular appearance.\" \/>\n<meta property=\"og:url\" content=\"https:\/\/www.pristatomegeles.lt\/en\/produktas\/bouquet-of-small-roses-the-desire-for-beauty\/\" \/>\n<meta property=\"og:site_name\" content=\"Pristatomegeles.lt\" \/>\n<meta property=\"article:modified_time\" content=\"2025-03-03T09:11:47+00:00\" \/>\n<meta property=\"og:image\" content=\"https:\/\/www.pristatomegeles.lt\/wp-content\/uploads\/2019\/04\/smulkiu-roziu-puokste-gimtadienio-geles-scaled.jpg\" \/>\n\t<meta property=\"og:image:width\" content=\"2560\" \/>\n\t<meta property=\"og:image:height\" content=\"2560\" \/>\n\t<meta property=\"og:image:type\" content=\"image\/jpeg\" \/>\n<meta name=\"twitter:card\" content=\"summary_large_image\" \/>\n<meta name=\"twitter:label1\" content=\"Est. reading time\" \/>\n\t<meta name=\"twitter:data1\" content=\"1 minute\" \/>\n<script type=\"application\/ld+json\" class=\"yoast-schema-graph\">{\"@context\":\"https:\/\/schema.org\",\"@graph\":[{\"@type\":\"WebPage\",\"@id\":\"https:\/\/www.pristatomegeles.lt\/en\/produktas\/bouquet-of-small-roses-the-desire-for-beauty\/\",\"url\":\"https:\/\/www.pristatomegeles.lt\/en\/produktas\/bouquet-of-small-roses-the-desire-for-beauty\/\",\"name\":\"Small Rose Bouquet \\\"Desire for Beauty\\\" | Pristatome g\u0117les\",\"isPartOf\":{\"@id\":\"https:\/\/www.pristatomegeles.lt\/en\/#website\"},\"primaryImageOfPage\":{\"@id\":\"https:\/\/www.pristatomegeles.lt\/en\/produktas\/bouquet-of-small-roses-the-desire-for-beauty\/#primaryimage\"},\"image\":{\"@id\":\"https:\/\/www.pristatomegeles.lt\/en\/produktas\/bouquet-of-small-roses-the-desire-for-beauty\/#primaryimage\"},\"thumbnailUrl\":\"https:\/\/www.pristatomegeles.lt\/wp-content\/uploads\/2019\/04\/smulkiu-roziu-puokste-gimtadienio-geles-scaled.jpg\",\"datePublished\":\"2019-04-18T15:36:26+00:00\",\"dateModified\":\"2025-03-03T09:11:47+00:00\",\"description\":\"The bouquet is made up of one colored roses, their branches are unevenly distributed, but they give impeccable beauty and spectacular appearance.\",\"breadcrumb\":{\"@id\":\"https:\/\/www.pristatomegeles.lt\/en\/produktas\/bouquet-of-small-roses-the-desire-for-beauty\/#breadcrumb\"},\"inLanguage\":\"en-US\",\"potentialAction\":[{\"@type\":\"ReadAction\",\"target\":[\"https:\/\/www.pristatomegeles.lt\/en\/produktas\/bouquet-of-small-roses-the-desire-for-beauty\/\"]}]},{\"@type\":\"ImageObject\",\"inLanguage\":\"en-US\",\"@id\":\"https:\/\/www.pristatomegeles.lt\/en\/produktas\/bouquet-of-small-roses-the-desire-for-beauty\/#primaryimage\",\"url\":\"https:\/\/www.pristatomegeles.lt\/wp-content\/uploads\/2019\/04\/smulkiu-roziu-puokste-gimtadienio-geles-scaled.jpg\",\"contentUrl\":\"https:\/\/www.pristatomegeles.lt\/wp-content\/uploads\/2019\/04\/smulkiu-roziu-puokste-gimtadienio-geles-scaled.jpg\",\"width\":2560,\"height\":2560,\"caption\":\"Vienspalv\u0117 smulki\u0173 ro\u017ey\u010di\u0173 puok\u0161t\u0117 merginai\"},{\"@type\":\"BreadcrumbList\",\"@id\":\"https:\/\/www.pristatomegeles.lt\/en\/produktas\/bouquet-of-small-roses-the-desire-for-beauty\/#breadcrumb\",\"itemListElement\":[{\"@type\":\"ListItem\",\"position\":1,\"name\":\"Home\",\"item\":\"https:\/\/www.pristatomegeles.lt\/en\/home-2\/\"},{\"@type\":\"ListItem\",\"position\":2,\"name\":\"Flowers\",\"item\":\"https:\/\/www.pristatomegeles.lt\/en\/flowers\/\"},{\"@type\":\"ListItem\",\"position\":3,\"name\":\"Bouquet of small roses &#8220;The desire for beauty&#8221;\"}]},{\"@type\":\"WebSite\",\"@id\":\"https:\/\/www.pristatomegeles.lt\/en\/#website\",\"url\":\"https:\/\/www.pristatomegeles.lt\/en\/\",\"name\":\"Pristatomegeles.lt\",\"description\":\"\",\"potentialAction\":[{\"@type\":\"SearchAction\",\"target\":{\"@type\":\"EntryPoint\",\"urlTemplate\":\"https:\/\/www.pristatomegeles.lt\/en\/?s={search_term_string}\"},\"query-input\":{\"@type\":\"PropertyValueSpecification\",\"valueRequired\":true,\"valueName\":\"search_term_string\"}}],\"inLanguage\":\"en-US\"}]}<\/script>\n<!-- \/ Yoast SEO plugin. -->","yoast_head_json":{"title":"Small Rose Bouquet \"Desire for Beauty\" | Pristatome g\u0117les","description":"The bouquet is made up of one colored roses, their branches are unevenly distributed, but they give impeccable beauty and spectacular appearance.","robots":{"index":"index","follow":"follow","max-snippet":"max-snippet:-1","max-image-preview":"max-image-preview:large","max-video-preview":"max-video-preview:-1"},"canonical":"https:\/\/www.pristatomegeles.lt\/en\/produktas\/bouquet-of-small-roses-the-desire-for-beauty\/","og_locale":"en_US","og_type":"article","og_title":"Small Rose Bouquet \"Desire for Beauty\" | Pristatome g\u0117les","og_description":"The bouquet is made up of one colored roses, their branches are unevenly distributed, but they give impeccable beauty and spectacular appearance.","og_url":"https:\/\/www.pristatomegeles.lt\/en\/produktas\/bouquet-of-small-roses-the-desire-for-beauty\/","og_site_name":"Pristatomegeles.lt","article_modified_time":"2025-03-03T09:11:47+00:00","og_image":[{"width":2560,"height":2560,"url":"https:\/\/www.pristatomegeles.lt\/wp-content\/uploads\/2019\/04\/smulkiu-roziu-puokste-gimtadienio-geles-scaled.jpg","type":"image\/jpeg"}],"twitter_card":"summary_large_image","twitter_misc":{"Est. reading time":"1 minute"},"schema":{"@context":"https:\/\/schema.org","@graph":[{"@type":"WebPage","@id":"https:\/\/www.pristatomegeles.lt\/en\/produktas\/bouquet-of-small-roses-the-desire-for-beauty\/","url":"https:\/\/www.pristatomegeles.lt\/en\/produktas\/bouquet-of-small-roses-the-desire-for-beauty\/","name":"Small Rose Bouquet \"Desire for Beauty\" | Pristatome g\u0117les","isPartOf":{"@id":"https:\/\/www.pristatomegeles.lt\/en\/#website"},"primaryImageOfPage":{"@id":"https:\/\/www.pristatomegeles.lt\/en\/produktas\/bouquet-of-small-roses-the-desire-for-beauty\/#primaryimage"},"image":{"@id":"https:\/\/www.pristatomegeles.lt\/en\/produktas\/bouquet-of-small-roses-the-desire-for-beauty\/#primaryimage"},"thumbnailUrl":"https:\/\/www.pristatomegeles.lt\/wp-content\/uploads\/2019\/04\/smulkiu-roziu-puokste-gimtadienio-geles-scaled.jpg","datePublished":"2019-04-18T15:36:26+00:00","dateModified":"2025-03-03T09:11:47+00:00","description":"The bouquet is made up of one colored roses, their branches are unevenly distributed, but they give impeccable beauty and spectacular appearance.","breadcrumb":{"@id":"https:\/\/www.pristatomegeles.lt\/en\/produktas\/bouquet-of-small-roses-the-desire-for-beauty\/#breadcrumb"},"inLanguage":"en-US","potentialAction":[{"@type":"ReadAction","target":["https:\/\/www.pristatomegeles.lt\/en\/produktas\/bouquet-of-small-roses-the-desire-for-beauty\/"]}]},{"@type":"ImageObject","inLanguage":"en-US","@id":"https:\/\/www.pristatomegeles.lt\/en\/produktas\/bouquet-of-small-roses-the-desire-for-beauty\/#primaryimage","url":"https:\/\/www.pristatomegeles.lt\/wp-content\/uploads\/2019\/04\/smulkiu-roziu-puokste-gimtadienio-geles-scaled.jpg","contentUrl":"https:\/\/www.pristatomegeles.lt\/wp-content\/uploads\/2019\/04\/smulkiu-roziu-puokste-gimtadienio-geles-scaled.jpg","width":2560,"height":2560,"caption":"Vienspalv\u0117 smulki\u0173 ro\u017ey\u010di\u0173 puok\u0161t\u0117 merginai"},{"@type":"BreadcrumbList","@id":"https:\/\/www.pristatomegeles.lt\/en\/produktas\/bouquet-of-small-roses-the-desire-for-beauty\/#breadcrumb","itemListElement":[{"@type":"ListItem","position":1,"name":"Home","item":"https:\/\/www.pristatomegeles.lt\/en\/home-2\/"},{"@type":"ListItem","position":2,"name":"Flowers","item":"https:\/\/www.pristatomegeles.lt\/en\/flowers\/"},{"@type":"ListItem","position":3,"name":"Bouquet of small roses &#8220;The desire for beauty&#8221;"}]},{"@type":"WebSite","@id":"https:\/\/www.pristatomegeles.lt\/en\/#website","url":"https:\/\/www.pristatomegeles.lt\/en\/","name":"Pristatomegeles.lt","description":"","potentialAction":[{"@type":"SearchAction","target":{"@type":"EntryPoint","urlTemplate":"https:\/\/www.pristatomegeles.lt\/en\/?s={search_term_string}"},"query-input":{"@type":"PropertyValueSpecification","valueRequired":true,"valueName":"search_term_string"}}],"inLanguage":"en-US"}]}},"_links":{"self":[{"href":"https:\/\/www.pristatomegeles.lt\/en\/wp-json\/wp\/v2\/product\/5697","targetHints":{"allow":["GET"]}}],"collection":[{"href":"https:\/\/www.pristatomegeles.lt\/en\/wp-json\/wp\/v2\/product"}],"about":[{"href":"https:\/\/www.pristatomegeles.lt\/en\/wp-json\/wp\/v2\/types\/product"}],"wp:featuredmedia":[{"embeddable":true,"href":"https:\/\/www.pristatomegeles.lt\/en\/wp-json\/wp\/v2\/media\/18793"}],"wp:attachment":[{"href":"https:\/\/www.pristatomegeles.lt\/en\/wp-json\/wp\/v2\/media?parent=5697"}],"wp:term":[{"taxonomy":"product_brand","embeddable":true,"href":"https:\/\/www.pristatomegeles.lt\/en\/wp-json\/wp\/v2\/product_brand?post=5697"},{"taxonomy":"product_cat","embeddable":true,"href":"https:\/\/www.pristatomegeles.lt\/en\/wp-json\/wp\/v2\/product_cat?post=5697"},{"taxonomy":"product_tag","embeddable":true,"href":"https:\/\/www.pristatomegeles.lt\/en\/wp-json\/wp\/v2\/product_tag?post=5697"}],"curies":[{"name":"wp","href":"https:\/\/api.w.org\/{rel}","templated":true}]}}