{"id":5939,"date":"2019-04-02T07:52:38","date_gmt":"2019-04-02T09:52:38","guid":{"rendered":"http:\/\/www.pristatomegeles.lt\/produktas\/creamy-sleeping-rose\/"},"modified":"2026-02-05T19:43:07","modified_gmt":"2026-02-05T17:43:07","slug":"creamy-sleeping-rose","status":"publish","type":"product","link":"https:\/\/www.pristatomegeles.lt\/en\/produktas\/creamy-sleeping-rose\/","title":{"rendered":"Creamy Sleeping Rose"},"content":{"rendered":"<p>Creamy Sleeping Rose is the perfect gift for a woman. It&#8217;s a stylish and elegant idea, so you can really give it to newlyweds, parents or friends. There is no single celebration that is appropriate to present this sleeping rose, so don&#8217;t think too much and give it anytime. The creamy sleeping rose is wrapped around a dome that is neatly tied with a ribbon that matches the color of the flower. The best part is that you can remove and replace the dome at any time without harming the flower itself. The creamy sleeping rose does not wither for several years, which is a good investment for the future as the rose decorates the house for about 3 years. Also, it is worth noting that it is a living flower, just properly preserved, it does not harm people or animals, looks gorgeous. Give a creamy sleeping rose and make the recipient smile. This is an exclusive, stylish gift that you almost don&#8217;t have to care about, so it&#8217;s perfect for those who don&#8217;t have time, travel a lot, but take great care of the comfort of home.<\/p>\n","protected":false},"excerpt":{"rendered":"<p>Stabilized roses are a great gift for all ages. The creamy-colored sleeping rose holds and delights for up to several years. The flowers are affixed on a wooden surface and covered with a glass dome, bound with a ribbon chosen according to the color of the blossom, in this case &#8211; creamy color.<\/p>\n","protected":false},"featured_media":13959,"template":"","meta":[],"product_brand":[],"product_cat":[458],"product_tag":[],"class_list":{"0":"post-5939","1":"product","2":"type-product","3":"status-publish","4":"has-post-thumbnail","6":"product_cat-sleeping-roses","7":"product_shipping_class-in-all-lithuania","8":"tm-has-options","10":"first","11":"instock","12":"taxable","13":"shipping-taxable","14":"purchasable","15":"product-type-simple"},"yoast_head":"<!-- This site is optimized with the Yoast SEO plugin v24.3 - https:\/\/yoast.com\/wordpress\/plugins\/seo\/ -->\n<title>Creamy Sleeping Rose | Long lasting gift | PristatomeGeles.lt<\/title>\n<meta name=\"description\" content=\"Tired of live flowers that raise a smile just for a week? A creamy sleeping rose that lasts for up to several years without blemish can be your solution.\" \/>\n<meta name=\"robots\" content=\"index, follow, max-snippet:-1, max-image-preview:large, max-video-preview:-1\" \/>\n<link rel=\"canonical\" href=\"https:\/\/www.pristatomegeles.lt\/en\/produktas\/creamy-sleeping-rose\/\" \/>\n<meta property=\"og:locale\" content=\"en_US\" \/>\n<meta property=\"og:type\" content=\"article\" \/>\n<meta property=\"og:title\" content=\"Creamy Sleeping Rose | Long lasting gift | PristatomeGeles.lt\" \/>\n<meta property=\"og:description\" content=\"Tired of live flowers that raise a smile just for a week? A creamy sleeping rose that lasts for up to several years without blemish can be your solution.\" \/>\n<meta property=\"og:url\" content=\"https:\/\/www.pristatomegeles.lt\/en\/produktas\/creamy-sleeping-rose\/\" \/>\n<meta property=\"og:site_name\" content=\"Pristatomegeles.lt\" \/>\n<meta property=\"article:modified_time\" content=\"2026-02-05T17:43:07+00:00\" \/>\n<meta property=\"og:image\" content=\"https:\/\/www.pristatomegeles.lt\/wp-content\/uploads\/2019\/04\/didele-kremine-stabilizuota-roze-po-stiklu-gimtadienio-geles-scaled.jpg\" \/>\n\t<meta property=\"og:image:width\" content=\"1000\" \/>\n\t<meta property=\"og:image:height\" content=\"1000\" \/>\n\t<meta property=\"og:image:type\" content=\"image\/jpeg\" \/>\n<meta name=\"twitter:card\" content=\"summary_large_image\" \/>\n<meta name=\"twitter:label1\" content=\"Est. reading time\" \/>\n\t<meta name=\"twitter:data1\" content=\"2 minutes\" \/>\n<script type=\"application\/ld+json\" class=\"yoast-schema-graph\">{\"@context\":\"https:\/\/schema.org\",\"@graph\":[{\"@type\":\"WebPage\",\"@id\":\"https:\/\/www.pristatomegeles.lt\/en\/produktas\/creamy-sleeping-rose\/\",\"url\":\"https:\/\/www.pristatomegeles.lt\/en\/produktas\/creamy-sleeping-rose\/\",\"name\":\"Creamy Sleeping Rose | Long lasting gift | PristatomeGeles.lt\",\"isPartOf\":{\"@id\":\"https:\/\/www.pristatomegeles.lt\/en\/#website\"},\"primaryImageOfPage\":{\"@id\":\"https:\/\/www.pristatomegeles.lt\/en\/produktas\/creamy-sleeping-rose\/#primaryimage\"},\"image\":{\"@id\":\"https:\/\/www.pristatomegeles.lt\/en\/produktas\/creamy-sleeping-rose\/#primaryimage\"},\"thumbnailUrl\":\"https:\/\/www.pristatomegeles.lt\/wp-content\/uploads\/2019\/04\/didele-kremine-stabilizuota-roze-po-stiklu-gimtadienio-geles-scaled.jpg\",\"datePublished\":\"2019-04-02T09:52:38+00:00\",\"dateModified\":\"2026-02-05T17:43:07+00:00\",\"description\":\"Tired of live flowers that raise a smile just for a week? A creamy sleeping rose that lasts for up to several years without blemish can be your solution.\",\"breadcrumb\":{\"@id\":\"https:\/\/www.pristatomegeles.lt\/en\/produktas\/creamy-sleeping-rose\/#breadcrumb\"},\"inLanguage\":\"en-US\",\"potentialAction\":[{\"@type\":\"ReadAction\",\"target\":[\"https:\/\/www.pristatomegeles.lt\/en\/produktas\/creamy-sleeping-rose\/\"]}]},{\"@type\":\"ImageObject\",\"inLanguage\":\"en-US\",\"@id\":\"https:\/\/www.pristatomegeles.lt\/en\/produktas\/creamy-sleeping-rose\/#primaryimage\",\"url\":\"https:\/\/www.pristatomegeles.lt\/wp-content\/uploads\/2019\/04\/didele-kremine-stabilizuota-roze-po-stiklu-gimtadienio-geles-scaled.jpg\",\"contentUrl\":\"https:\/\/www.pristatomegeles.lt\/wp-content\/uploads\/2019\/04\/didele-kremine-stabilizuota-roze-po-stiklu-gimtadienio-geles-scaled.jpg\",\"width\":1000,\"height\":1000,\"caption\":\"Kremin\u0117s spalvos mieganti ro\u017e\u0117 po stiklu\"},{\"@type\":\"BreadcrumbList\",\"@id\":\"https:\/\/www.pristatomegeles.lt\/en\/produktas\/creamy-sleeping-rose\/#breadcrumb\",\"itemListElement\":[{\"@type\":\"ListItem\",\"position\":1,\"name\":\"Home\",\"item\":\"https:\/\/www.pristatomegeles.lt\/en\/home-2\/\"},{\"@type\":\"ListItem\",\"position\":2,\"name\":\"Flowers\",\"item\":\"https:\/\/www.pristatomegeles.lt\/en\/flowers\/\"},{\"@type\":\"ListItem\",\"position\":3,\"name\":\"Creamy Sleeping Rose\"}]},{\"@type\":\"WebSite\",\"@id\":\"https:\/\/www.pristatomegeles.lt\/en\/#website\",\"url\":\"https:\/\/www.pristatomegeles.lt\/en\/\",\"name\":\"Pristatomegeles.lt\",\"description\":\"\",\"potentialAction\":[{\"@type\":\"SearchAction\",\"target\":{\"@type\":\"EntryPoint\",\"urlTemplate\":\"https:\/\/www.pristatomegeles.lt\/en\/?s={search_term_string}\"},\"query-input\":{\"@type\":\"PropertyValueSpecification\",\"valueRequired\":true,\"valueName\":\"search_term_string\"}}],\"inLanguage\":\"en-US\"}]}<\/script>\n<!-- \/ Yoast SEO plugin. -->","yoast_head_json":{"title":"Creamy Sleeping Rose | Long lasting gift | PristatomeGeles.lt","description":"Tired of live flowers that raise a smile just for a week? A creamy sleeping rose that lasts for up to several years without blemish can be your solution.","robots":{"index":"index","follow":"follow","max-snippet":"max-snippet:-1","max-image-preview":"max-image-preview:large","max-video-preview":"max-video-preview:-1"},"canonical":"https:\/\/www.pristatomegeles.lt\/en\/produktas\/creamy-sleeping-rose\/","og_locale":"en_US","og_type":"article","og_title":"Creamy Sleeping Rose | Long lasting gift | PristatomeGeles.lt","og_description":"Tired of live flowers that raise a smile just for a week? A creamy sleeping rose that lasts for up to several years without blemish can be your solution.","og_url":"https:\/\/www.pristatomegeles.lt\/en\/produktas\/creamy-sleeping-rose\/","og_site_name":"Pristatomegeles.lt","article_modified_time":"2026-02-05T17:43:07+00:00","og_image":[{"width":1000,"height":1000,"url":"https:\/\/www.pristatomegeles.lt\/wp-content\/uploads\/2019\/04\/didele-kremine-stabilizuota-roze-po-stiklu-gimtadienio-geles-scaled.jpg","type":"image\/jpeg"}],"twitter_card":"summary_large_image","twitter_misc":{"Est. reading time":"2 minutes"},"schema":{"@context":"https:\/\/schema.org","@graph":[{"@type":"WebPage","@id":"https:\/\/www.pristatomegeles.lt\/en\/produktas\/creamy-sleeping-rose\/","url":"https:\/\/www.pristatomegeles.lt\/en\/produktas\/creamy-sleeping-rose\/","name":"Creamy Sleeping Rose | Long lasting gift | PristatomeGeles.lt","isPartOf":{"@id":"https:\/\/www.pristatomegeles.lt\/en\/#website"},"primaryImageOfPage":{"@id":"https:\/\/www.pristatomegeles.lt\/en\/produktas\/creamy-sleeping-rose\/#primaryimage"},"image":{"@id":"https:\/\/www.pristatomegeles.lt\/en\/produktas\/creamy-sleeping-rose\/#primaryimage"},"thumbnailUrl":"https:\/\/www.pristatomegeles.lt\/wp-content\/uploads\/2019\/04\/didele-kremine-stabilizuota-roze-po-stiklu-gimtadienio-geles-scaled.jpg","datePublished":"2019-04-02T09:52:38+00:00","dateModified":"2026-02-05T17:43:07+00:00","description":"Tired of live flowers that raise a smile just for a week? A creamy sleeping rose that lasts for up to several years without blemish can be your solution.","breadcrumb":{"@id":"https:\/\/www.pristatomegeles.lt\/en\/produktas\/creamy-sleeping-rose\/#breadcrumb"},"inLanguage":"en-US","potentialAction":[{"@type":"ReadAction","target":["https:\/\/www.pristatomegeles.lt\/en\/produktas\/creamy-sleeping-rose\/"]}]},{"@type":"ImageObject","inLanguage":"en-US","@id":"https:\/\/www.pristatomegeles.lt\/en\/produktas\/creamy-sleeping-rose\/#primaryimage","url":"https:\/\/www.pristatomegeles.lt\/wp-content\/uploads\/2019\/04\/didele-kremine-stabilizuota-roze-po-stiklu-gimtadienio-geles-scaled.jpg","contentUrl":"https:\/\/www.pristatomegeles.lt\/wp-content\/uploads\/2019\/04\/didele-kremine-stabilizuota-roze-po-stiklu-gimtadienio-geles-scaled.jpg","width":1000,"height":1000,"caption":"Kremin\u0117s spalvos mieganti ro\u017e\u0117 po stiklu"},{"@type":"BreadcrumbList","@id":"https:\/\/www.pristatomegeles.lt\/en\/produktas\/creamy-sleeping-rose\/#breadcrumb","itemListElement":[{"@type":"ListItem","position":1,"name":"Home","item":"https:\/\/www.pristatomegeles.lt\/en\/home-2\/"},{"@type":"ListItem","position":2,"name":"Flowers","item":"https:\/\/www.pristatomegeles.lt\/en\/flowers\/"},{"@type":"ListItem","position":3,"name":"Creamy Sleeping Rose"}]},{"@type":"WebSite","@id":"https:\/\/www.pristatomegeles.lt\/en\/#website","url":"https:\/\/www.pristatomegeles.lt\/en\/","name":"Pristatomegeles.lt","description":"","potentialAction":[{"@type":"SearchAction","target":{"@type":"EntryPoint","urlTemplate":"https:\/\/www.pristatomegeles.lt\/en\/?s={search_term_string}"},"query-input":{"@type":"PropertyValueSpecification","valueRequired":true,"valueName":"search_term_string"}}],"inLanguage":"en-US"}]}},"_links":{"self":[{"href":"https:\/\/www.pristatomegeles.lt\/en\/wp-json\/wp\/v2\/product\/5939","targetHints":{"allow":["GET"]}}],"collection":[{"href":"https:\/\/www.pristatomegeles.lt\/en\/wp-json\/wp\/v2\/product"}],"about":[{"href":"https:\/\/www.pristatomegeles.lt\/en\/wp-json\/wp\/v2\/types\/product"}],"wp:featuredmedia":[{"embeddable":true,"href":"https:\/\/www.pristatomegeles.lt\/en\/wp-json\/wp\/v2\/media\/13959"}],"wp:attachment":[{"href":"https:\/\/www.pristatomegeles.lt\/en\/wp-json\/wp\/v2\/media?parent=5939"}],"wp:term":[{"taxonomy":"product_brand","embeddable":true,"href":"https:\/\/www.pristatomegeles.lt\/en\/wp-json\/wp\/v2\/product_brand?post=5939"},{"taxonomy":"product_cat","embeddable":true,"href":"https:\/\/www.pristatomegeles.lt\/en\/wp-json\/wp\/v2\/product_cat?post=5939"},{"taxonomy":"product_tag","embeddable":true,"href":"https:\/\/www.pristatomegeles.lt\/en\/wp-json\/wp\/v2\/product_tag?post=5939"}],"curies":[{"name":"wp","href":"https:\/\/api.w.org\/{rel}","templated":true}]}}