{"id":5999,"date":"2019-03-21T07:03:53","date_gmt":"2019-03-21T09:03:53","guid":{"rendered":"http:\/\/www.pristatomegeles.lt\/produktas\/cherry-sleeping-rose\/"},"modified":"2021-12-15T17:22:00","modified_gmt":"2021-12-15T15:22:00","slug":"cherry-sleeping-rose","status":"publish","type":"product","link":"https:\/\/www.pristatomegeles.lt\/en\/produktas\/cherry-sleeping-rose\/","title":{"rendered":"Cherry Sleeping Rose"},"content":{"rendered":"<p>Florists are always trying to find interesting and unexpected ways to surprise people. And this is the sleeping rose &#8211; it is long-lasting, not withering for several years, and after a couple years looks like it has just been picked. It is a playful, yet elegant and stylish flower that can be a perfect gift for anyone. Cherry Sleeping Rose is a rich cherry color so beautiful that it enhances the interior of every home. This sleeping rose is the accent that can bring vitality to the room and bring it to life. We sell a cherry sleeping rose under a dome tied to a flower-matching ribbon. The overall composition looks exceptional, as if it were from a fairy tale, making it suitable for a dear person&#8217;s birthday or other important occasion. Best of all, this rose is non-toxic, so it doesn&#8217;t harm people and you almost do not have to worry about it. Therefore, if the recipient loves to travel, loves flowers, but does not pay or have time to take care of them &#8211; cherry sleeping rose is a very suitable gift for him. Order it and our courier will deliver the sleeping rose to the address provided.<\/p>\n","protected":false},"excerpt":{"rendered":"<p>Cherry Sleeping Rose will appeal to many girls and women because it is a symbol of success, and this rose is also special in that it will bloom for 3 years.<\/p>\n","protected":false},"featured_media":13965,"template":"","meta":[],"product_brand":[],"product_cat":[458],"product_tag":[],"class_list":{"0":"post-5999","1":"product","2":"type-product","3":"status-publish","4":"has-post-thumbnail","6":"product_cat-sleeping-roses","7":"product_shipping_class-in-all-lithuania","8":"tm-has-options","10":"first","11":"outofstock","12":"taxable","13":"shipping-taxable","14":"purchasable","15":"product-type-simple"},"yoast_head":"<!-- This site is optimized with the Yoast SEO plugin v24.3 - https:\/\/yoast.com\/wordpress\/plugins\/seo\/ -->\n<title>Cherry sleeping rose under glass hood | PristatomeGeles.lt<\/title>\n<meta name=\"description\" content=\"Order a cherry-colored sleeping rose under a glass dome and surprise your loved ones, moms or girlfriends.\" \/>\n<meta name=\"robots\" content=\"index, follow, max-snippet:-1, max-image-preview:large, max-video-preview:-1\" \/>\n<link rel=\"canonical\" href=\"https:\/\/www.pristatomegeles.lt\/en\/produktas\/cherry-sleeping-rose\/\" \/>\n<meta property=\"og:locale\" content=\"en_US\" \/>\n<meta property=\"og:type\" content=\"article\" \/>\n<meta property=\"og:title\" content=\"Cherry sleeping rose under glass hood | PristatomeGeles.lt\" \/>\n<meta property=\"og:description\" content=\"Order a cherry-colored sleeping rose under a glass dome and surprise your loved ones, moms or girlfriends.\" \/>\n<meta property=\"og:url\" content=\"https:\/\/www.pristatomegeles.lt\/en\/produktas\/cherry-sleeping-rose\/\" \/>\n<meta property=\"og:site_name\" content=\"Pristatomegeles.lt\" \/>\n<meta property=\"article:modified_time\" content=\"2021-12-15T15:22:00+00:00\" \/>\n<meta property=\"og:image\" content=\"https:\/\/www.pristatomegeles.lt\/wp-content\/uploads\/2019\/03\/didele-vysnine-stabilizuota-roze-po-stiklu-gimtadienio-geles-scaled.jpg\" \/>\n\t<meta property=\"og:image:width\" content=\"2560\" \/>\n\t<meta property=\"og:image:height\" content=\"2560\" \/>\n\t<meta property=\"og:image:type\" content=\"image\/jpeg\" \/>\n<meta name=\"twitter:card\" content=\"summary_large_image\" \/>\n<meta name=\"twitter:label1\" content=\"Est. reading time\" \/>\n\t<meta name=\"twitter:data1\" content=\"1 minute\" \/>\n<script type=\"application\/ld+json\" class=\"yoast-schema-graph\">{\"@context\":\"https:\/\/schema.org\",\"@graph\":[{\"@type\":\"WebPage\",\"@id\":\"https:\/\/www.pristatomegeles.lt\/en\/produktas\/cherry-sleeping-rose\/\",\"url\":\"https:\/\/www.pristatomegeles.lt\/en\/produktas\/cherry-sleeping-rose\/\",\"name\":\"Cherry sleeping rose under glass hood | PristatomeGeles.lt\",\"isPartOf\":{\"@id\":\"https:\/\/www.pristatomegeles.lt\/en\/#website\"},\"primaryImageOfPage\":{\"@id\":\"https:\/\/www.pristatomegeles.lt\/en\/produktas\/cherry-sleeping-rose\/#primaryimage\"},\"image\":{\"@id\":\"https:\/\/www.pristatomegeles.lt\/en\/produktas\/cherry-sleeping-rose\/#primaryimage\"},\"thumbnailUrl\":\"https:\/\/www.pristatomegeles.lt\/wp-content\/uploads\/2019\/03\/didele-vysnine-stabilizuota-roze-po-stiklu-gimtadienio-geles-scaled.jpg\",\"datePublished\":\"2019-03-21T09:03:53+00:00\",\"dateModified\":\"2021-12-15T15:22:00+00:00\",\"description\":\"Order a cherry-colored sleeping rose under a glass dome and surprise your loved ones, moms or girlfriends.\",\"breadcrumb\":{\"@id\":\"https:\/\/www.pristatomegeles.lt\/en\/produktas\/cherry-sleeping-rose\/#breadcrumb\"},\"inLanguage\":\"en-US\",\"potentialAction\":[{\"@type\":\"ReadAction\",\"target\":[\"https:\/\/www.pristatomegeles.lt\/en\/produktas\/cherry-sleeping-rose\/\"]}]},{\"@type\":\"ImageObject\",\"inLanguage\":\"en-US\",\"@id\":\"https:\/\/www.pristatomegeles.lt\/en\/produktas\/cherry-sleeping-rose\/#primaryimage\",\"url\":\"https:\/\/www.pristatomegeles.lt\/wp-content\/uploads\/2019\/03\/didele-vysnine-stabilizuota-roze-po-stiklu-gimtadienio-geles-scaled.jpg\",\"contentUrl\":\"https:\/\/www.pristatomegeles.lt\/wp-content\/uploads\/2019\/03\/didele-vysnine-stabilizuota-roze-po-stiklu-gimtadienio-geles-scaled.jpg\",\"width\":1000,\"height\":1000,\"caption\":\"Vy\u0161nin\u0117s spalvos mieganti ro\u017e\u0117 po stiklu\"},{\"@type\":\"BreadcrumbList\",\"@id\":\"https:\/\/www.pristatomegeles.lt\/en\/produktas\/cherry-sleeping-rose\/#breadcrumb\",\"itemListElement\":[{\"@type\":\"ListItem\",\"position\":1,\"name\":\"Home\",\"item\":\"https:\/\/www.pristatomegeles.lt\/en\/home-2\/\"},{\"@type\":\"ListItem\",\"position\":2,\"name\":\"Flowers\",\"item\":\"https:\/\/www.pristatomegeles.lt\/en\/flowers\/\"},{\"@type\":\"ListItem\",\"position\":3,\"name\":\"Cherry Sleeping Rose\"}]},{\"@type\":\"WebSite\",\"@id\":\"https:\/\/www.pristatomegeles.lt\/en\/#website\",\"url\":\"https:\/\/www.pristatomegeles.lt\/en\/\",\"name\":\"Pristatomegeles.lt\",\"description\":\"\",\"potentialAction\":[{\"@type\":\"SearchAction\",\"target\":{\"@type\":\"EntryPoint\",\"urlTemplate\":\"https:\/\/www.pristatomegeles.lt\/en\/?s={search_term_string}\"},\"query-input\":{\"@type\":\"PropertyValueSpecification\",\"valueRequired\":true,\"valueName\":\"search_term_string\"}}],\"inLanguage\":\"en-US\"}]}<\/script>\n<!-- \/ Yoast SEO plugin. -->","yoast_head_json":{"title":"Cherry sleeping rose under glass hood | PristatomeGeles.lt","description":"Order a cherry-colored sleeping rose under a glass dome and surprise your loved ones, moms or girlfriends.","robots":{"index":"index","follow":"follow","max-snippet":"max-snippet:-1","max-image-preview":"max-image-preview:large","max-video-preview":"max-video-preview:-1"},"canonical":"https:\/\/www.pristatomegeles.lt\/en\/produktas\/cherry-sleeping-rose\/","og_locale":"en_US","og_type":"article","og_title":"Cherry sleeping rose under glass hood | PristatomeGeles.lt","og_description":"Order a cherry-colored sleeping rose under a glass dome and surprise your loved ones, moms or girlfriends.","og_url":"https:\/\/www.pristatomegeles.lt\/en\/produktas\/cherry-sleeping-rose\/","og_site_name":"Pristatomegeles.lt","article_modified_time":"2021-12-15T15:22:00+00:00","og_image":[{"width":2560,"height":2560,"url":"https:\/\/www.pristatomegeles.lt\/wp-content\/uploads\/2019\/03\/didele-vysnine-stabilizuota-roze-po-stiklu-gimtadienio-geles-scaled.jpg","type":"image\/jpeg"}],"twitter_card":"summary_large_image","twitter_misc":{"Est. reading time":"1 minute"},"schema":{"@context":"https:\/\/schema.org","@graph":[{"@type":"WebPage","@id":"https:\/\/www.pristatomegeles.lt\/en\/produktas\/cherry-sleeping-rose\/","url":"https:\/\/www.pristatomegeles.lt\/en\/produktas\/cherry-sleeping-rose\/","name":"Cherry sleeping rose under glass hood | PristatomeGeles.lt","isPartOf":{"@id":"https:\/\/www.pristatomegeles.lt\/en\/#website"},"primaryImageOfPage":{"@id":"https:\/\/www.pristatomegeles.lt\/en\/produktas\/cherry-sleeping-rose\/#primaryimage"},"image":{"@id":"https:\/\/www.pristatomegeles.lt\/en\/produktas\/cherry-sleeping-rose\/#primaryimage"},"thumbnailUrl":"https:\/\/www.pristatomegeles.lt\/wp-content\/uploads\/2019\/03\/didele-vysnine-stabilizuota-roze-po-stiklu-gimtadienio-geles-scaled.jpg","datePublished":"2019-03-21T09:03:53+00:00","dateModified":"2021-12-15T15:22:00+00:00","description":"Order a cherry-colored sleeping rose under a glass dome and surprise your loved ones, moms or girlfriends.","breadcrumb":{"@id":"https:\/\/www.pristatomegeles.lt\/en\/produktas\/cherry-sleeping-rose\/#breadcrumb"},"inLanguage":"en-US","potentialAction":[{"@type":"ReadAction","target":["https:\/\/www.pristatomegeles.lt\/en\/produktas\/cherry-sleeping-rose\/"]}]},{"@type":"ImageObject","inLanguage":"en-US","@id":"https:\/\/www.pristatomegeles.lt\/en\/produktas\/cherry-sleeping-rose\/#primaryimage","url":"https:\/\/www.pristatomegeles.lt\/wp-content\/uploads\/2019\/03\/didele-vysnine-stabilizuota-roze-po-stiklu-gimtadienio-geles-scaled.jpg","contentUrl":"https:\/\/www.pristatomegeles.lt\/wp-content\/uploads\/2019\/03\/didele-vysnine-stabilizuota-roze-po-stiklu-gimtadienio-geles-scaled.jpg","width":1000,"height":1000,"caption":"Vy\u0161nin\u0117s spalvos mieganti ro\u017e\u0117 po stiklu"},{"@type":"BreadcrumbList","@id":"https:\/\/www.pristatomegeles.lt\/en\/produktas\/cherry-sleeping-rose\/#breadcrumb","itemListElement":[{"@type":"ListItem","position":1,"name":"Home","item":"https:\/\/www.pristatomegeles.lt\/en\/home-2\/"},{"@type":"ListItem","position":2,"name":"Flowers","item":"https:\/\/www.pristatomegeles.lt\/en\/flowers\/"},{"@type":"ListItem","position":3,"name":"Cherry Sleeping Rose"}]},{"@type":"WebSite","@id":"https:\/\/www.pristatomegeles.lt\/en\/#website","url":"https:\/\/www.pristatomegeles.lt\/en\/","name":"Pristatomegeles.lt","description":"","potentialAction":[{"@type":"SearchAction","target":{"@type":"EntryPoint","urlTemplate":"https:\/\/www.pristatomegeles.lt\/en\/?s={search_term_string}"},"query-input":{"@type":"PropertyValueSpecification","valueRequired":true,"valueName":"search_term_string"}}],"inLanguage":"en-US"}]}},"_links":{"self":[{"href":"https:\/\/www.pristatomegeles.lt\/en\/wp-json\/wp\/v2\/product\/5999","targetHints":{"allow":["GET"]}}],"collection":[{"href":"https:\/\/www.pristatomegeles.lt\/en\/wp-json\/wp\/v2\/product"}],"about":[{"href":"https:\/\/www.pristatomegeles.lt\/en\/wp-json\/wp\/v2\/types\/product"}],"wp:featuredmedia":[{"embeddable":true,"href":"https:\/\/www.pristatomegeles.lt\/en\/wp-json\/wp\/v2\/media\/13965"}],"wp:attachment":[{"href":"https:\/\/www.pristatomegeles.lt\/en\/wp-json\/wp\/v2\/media?parent=5999"}],"wp:term":[{"taxonomy":"product_brand","embeddable":true,"href":"https:\/\/www.pristatomegeles.lt\/en\/wp-json\/wp\/v2\/product_brand?post=5999"},{"taxonomy":"product_cat","embeddable":true,"href":"https:\/\/www.pristatomegeles.lt\/en\/wp-json\/wp\/v2\/product_cat?post=5999"},{"taxonomy":"product_tag","embeddable":true,"href":"https:\/\/www.pristatomegeles.lt\/en\/wp-json\/wp\/v2\/product_tag?post=5999"}],"curies":[{"name":"wp","href":"https:\/\/api.w.org\/{rel}","templated":true}]}}