{"id":6001,"date":"2019-03-20T17:20:06","date_gmt":"2019-03-20T19:20:06","guid":{"rendered":"http:\/\/www.pristatomegeles.lt\/produktas\/an-olive-sleeping-rose\/"},"modified":"2026-02-05T19:41:15","modified_gmt":"2026-02-05T17:41:15","slug":"lilac-sleeping-rose","status":"publish","type":"product","link":"https:\/\/www.pristatomegeles.lt\/en\/produktas\/lilac-sleeping-rose\/","title":{"rendered":"Lilac sleeping rose"},"content":{"rendered":"<p>If you can&#8217;t figure out what flowers to give your dear person on a day that is important to them, you can definitely choose a sleeping rose. The lilac colored sleeping rose is a flower that symbolizes trust, so you can really deliver it to your beloved wife, girlfriend, mom, surprise your sister or friends. The sleeping rose blooms for several years, so even after a couple of years, flower does not change its lilac color, this flower always looks like it has just been picked. It should also be emphasized that it is non-toxic so it can be put in homes with small children or animals. The lilac sleeping rose really decorates the environment, fills it with colors, a unique style detail that everyone will love. We sell the lilac sleeping rose under the elegant dome and tie the whole composition with a ribbon that matches the flower. The gift is stylish and looks like a fairy tale, and adding a favorite recipient&#8217;s candy or other gift to it would surely make it even more of a surprise. Our courier delivers the sleeping rose directly to the recipient&#8217;s workplace, home address or any other location you specify in Vilnius and Vilnius areas.<\/p>\n","protected":false},"excerpt":{"rendered":"<p>Lilac is the color of confidence, so this sleeping rose will be a perfect gift for your dearest and most caring person.<\/p>\n","protected":false},"featured_media":13910,"template":"","meta":[],"product_brand":[],"product_cat":[458],"product_tag":[],"class_list":{"0":"post-6001","1":"product","2":"type-product","3":"status-publish","4":"has-post-thumbnail","6":"product_cat-sleeping-roses","7":"product_shipping_class-in-all-lithuania","8":"tm-has-options","10":"first","11":"instock","12":"taxable","13":"shipping-taxable","14":"purchasable","15":"product-type-simple"},"yoast_head":"<!-- This site is optimized with the Yoast SEO plugin v24.3 - https:\/\/yoast.com\/wordpress\/plugins\/seo\/ -->\n<title>Lilac sleeping rose under glass dome | Pristatomegeles.lt<\/title>\n<meta name=\"description\" content=\"The lilac sleeping rose under the glass dome will bloom for up to 3 years, making this a perfect gift for anyone of any age or gender.\" \/>\n<meta name=\"robots\" content=\"index, follow, max-snippet:-1, max-image-preview:large, max-video-preview:-1\" \/>\n<link rel=\"canonical\" href=\"https:\/\/www.pristatomegeles.lt\/en\/produktas\/lilac-sleeping-rose\/\" \/>\n<meta property=\"og:locale\" content=\"en_US\" \/>\n<meta property=\"og:type\" content=\"article\" \/>\n<meta property=\"og:title\" content=\"Lilac sleeping rose under glass dome | Pristatomegeles.lt\" \/>\n<meta property=\"og:description\" content=\"The lilac sleeping rose under the glass dome will bloom for up to 3 years, making this a perfect gift for anyone of any age or gender.\" \/>\n<meta property=\"og:url\" content=\"https:\/\/www.pristatomegeles.lt\/en\/produktas\/lilac-sleeping-rose\/\" \/>\n<meta property=\"og:site_name\" content=\"Pristatomegeles.lt\" \/>\n<meta property=\"article:modified_time\" content=\"2026-02-05T17:41:15+00:00\" \/>\n<meta property=\"og:image\" content=\"https:\/\/www.pristatomegeles.lt\/wp-content\/uploads\/2019\/03\/didele-alyvine-mieganti-roze-po-stiklu-scaled.jpg\" \/>\n\t<meta property=\"og:image:width\" content=\"1000\" \/>\n\t<meta property=\"og:image:height\" content=\"1000\" \/>\n\t<meta property=\"og:image:type\" content=\"image\/jpeg\" \/>\n<meta name=\"twitter:card\" content=\"summary_large_image\" \/>\n<meta name=\"twitter:label1\" content=\"Est. reading time\" \/>\n\t<meta name=\"twitter:data1\" content=\"2 minutes\" \/>\n<script type=\"application\/ld+json\" class=\"yoast-schema-graph\">{\"@context\":\"https:\/\/schema.org\",\"@graph\":[{\"@type\":\"WebPage\",\"@id\":\"https:\/\/www.pristatomegeles.lt\/en\/produktas\/lilac-sleeping-rose\/\",\"url\":\"https:\/\/www.pristatomegeles.lt\/en\/produktas\/lilac-sleeping-rose\/\",\"name\":\"Lilac sleeping rose under glass dome | Pristatomegeles.lt\",\"isPartOf\":{\"@id\":\"https:\/\/www.pristatomegeles.lt\/en\/#website\"},\"primaryImageOfPage\":{\"@id\":\"https:\/\/www.pristatomegeles.lt\/en\/produktas\/lilac-sleeping-rose\/#primaryimage\"},\"image\":{\"@id\":\"https:\/\/www.pristatomegeles.lt\/en\/produktas\/lilac-sleeping-rose\/#primaryimage\"},\"thumbnailUrl\":\"https:\/\/www.pristatomegeles.lt\/wp-content\/uploads\/2019\/03\/didele-alyvine-mieganti-roze-po-stiklu-scaled.jpg\",\"datePublished\":\"2019-03-20T19:20:06+00:00\",\"dateModified\":\"2026-02-05T17:41:15+00:00\",\"description\":\"The lilac sleeping rose under the glass dome will bloom for up to 3 years, making this a perfect gift for anyone of any age or gender.\",\"breadcrumb\":{\"@id\":\"https:\/\/www.pristatomegeles.lt\/en\/produktas\/lilac-sleeping-rose\/#breadcrumb\"},\"inLanguage\":\"en-US\",\"potentialAction\":[{\"@type\":\"ReadAction\",\"target\":[\"https:\/\/www.pristatomegeles.lt\/en\/produktas\/lilac-sleeping-rose\/\"]}]},{\"@type\":\"ImageObject\",\"inLanguage\":\"en-US\",\"@id\":\"https:\/\/www.pristatomegeles.lt\/en\/produktas\/lilac-sleeping-rose\/#primaryimage\",\"url\":\"https:\/\/www.pristatomegeles.lt\/wp-content\/uploads\/2019\/03\/didele-alyvine-mieganti-roze-po-stiklu-scaled.jpg\",\"contentUrl\":\"https:\/\/www.pristatomegeles.lt\/wp-content\/uploads\/2019\/03\/didele-alyvine-mieganti-roze-po-stiklu-scaled.jpg\",\"width\":1000,\"height\":1000,\"caption\":\"Alyvin\u0117s spalvos mieganti ro\u017e\u0117 po stiklu\"},{\"@type\":\"BreadcrumbList\",\"@id\":\"https:\/\/www.pristatomegeles.lt\/en\/produktas\/lilac-sleeping-rose\/#breadcrumb\",\"itemListElement\":[{\"@type\":\"ListItem\",\"position\":1,\"name\":\"Home\",\"item\":\"https:\/\/www.pristatomegeles.lt\/en\/home-2\/\"},{\"@type\":\"ListItem\",\"position\":2,\"name\":\"Flowers\",\"item\":\"https:\/\/www.pristatomegeles.lt\/en\/flowers\/\"},{\"@type\":\"ListItem\",\"position\":3,\"name\":\"Lilac sleeping rose\"}]},{\"@type\":\"WebSite\",\"@id\":\"https:\/\/www.pristatomegeles.lt\/en\/#website\",\"url\":\"https:\/\/www.pristatomegeles.lt\/en\/\",\"name\":\"Pristatomegeles.lt\",\"description\":\"\",\"potentialAction\":[{\"@type\":\"SearchAction\",\"target\":{\"@type\":\"EntryPoint\",\"urlTemplate\":\"https:\/\/www.pristatomegeles.lt\/en\/?s={search_term_string}\"},\"query-input\":{\"@type\":\"PropertyValueSpecification\",\"valueRequired\":true,\"valueName\":\"search_term_string\"}}],\"inLanguage\":\"en-US\"}]}<\/script>\n<!-- \/ Yoast SEO plugin. -->","yoast_head_json":{"title":"Lilac sleeping rose under glass dome | Pristatomegeles.lt","description":"The lilac sleeping rose under the glass dome will bloom for up to 3 years, making this a perfect gift for anyone of any age or gender.","robots":{"index":"index","follow":"follow","max-snippet":"max-snippet:-1","max-image-preview":"max-image-preview:large","max-video-preview":"max-video-preview:-1"},"canonical":"https:\/\/www.pristatomegeles.lt\/en\/produktas\/lilac-sleeping-rose\/","og_locale":"en_US","og_type":"article","og_title":"Lilac sleeping rose under glass dome | Pristatomegeles.lt","og_description":"The lilac sleeping rose under the glass dome will bloom for up to 3 years, making this a perfect gift for anyone of any age or gender.","og_url":"https:\/\/www.pristatomegeles.lt\/en\/produktas\/lilac-sleeping-rose\/","og_site_name":"Pristatomegeles.lt","article_modified_time":"2026-02-05T17:41:15+00:00","og_image":[{"width":1000,"height":1000,"url":"https:\/\/www.pristatomegeles.lt\/wp-content\/uploads\/2019\/03\/didele-alyvine-mieganti-roze-po-stiklu-scaled.jpg","type":"image\/jpeg"}],"twitter_card":"summary_large_image","twitter_misc":{"Est. reading time":"2 minutes"},"schema":{"@context":"https:\/\/schema.org","@graph":[{"@type":"WebPage","@id":"https:\/\/www.pristatomegeles.lt\/en\/produktas\/lilac-sleeping-rose\/","url":"https:\/\/www.pristatomegeles.lt\/en\/produktas\/lilac-sleeping-rose\/","name":"Lilac sleeping rose under glass dome | Pristatomegeles.lt","isPartOf":{"@id":"https:\/\/www.pristatomegeles.lt\/en\/#website"},"primaryImageOfPage":{"@id":"https:\/\/www.pristatomegeles.lt\/en\/produktas\/lilac-sleeping-rose\/#primaryimage"},"image":{"@id":"https:\/\/www.pristatomegeles.lt\/en\/produktas\/lilac-sleeping-rose\/#primaryimage"},"thumbnailUrl":"https:\/\/www.pristatomegeles.lt\/wp-content\/uploads\/2019\/03\/didele-alyvine-mieganti-roze-po-stiklu-scaled.jpg","datePublished":"2019-03-20T19:20:06+00:00","dateModified":"2026-02-05T17:41:15+00:00","description":"The lilac sleeping rose under the glass dome will bloom for up to 3 years, making this a perfect gift for anyone of any age or gender.","breadcrumb":{"@id":"https:\/\/www.pristatomegeles.lt\/en\/produktas\/lilac-sleeping-rose\/#breadcrumb"},"inLanguage":"en-US","potentialAction":[{"@type":"ReadAction","target":["https:\/\/www.pristatomegeles.lt\/en\/produktas\/lilac-sleeping-rose\/"]}]},{"@type":"ImageObject","inLanguage":"en-US","@id":"https:\/\/www.pristatomegeles.lt\/en\/produktas\/lilac-sleeping-rose\/#primaryimage","url":"https:\/\/www.pristatomegeles.lt\/wp-content\/uploads\/2019\/03\/didele-alyvine-mieganti-roze-po-stiklu-scaled.jpg","contentUrl":"https:\/\/www.pristatomegeles.lt\/wp-content\/uploads\/2019\/03\/didele-alyvine-mieganti-roze-po-stiklu-scaled.jpg","width":1000,"height":1000,"caption":"Alyvin\u0117s spalvos mieganti ro\u017e\u0117 po stiklu"},{"@type":"BreadcrumbList","@id":"https:\/\/www.pristatomegeles.lt\/en\/produktas\/lilac-sleeping-rose\/#breadcrumb","itemListElement":[{"@type":"ListItem","position":1,"name":"Home","item":"https:\/\/www.pristatomegeles.lt\/en\/home-2\/"},{"@type":"ListItem","position":2,"name":"Flowers","item":"https:\/\/www.pristatomegeles.lt\/en\/flowers\/"},{"@type":"ListItem","position":3,"name":"Lilac sleeping rose"}]},{"@type":"WebSite","@id":"https:\/\/www.pristatomegeles.lt\/en\/#website","url":"https:\/\/www.pristatomegeles.lt\/en\/","name":"Pristatomegeles.lt","description":"","potentialAction":[{"@type":"SearchAction","target":{"@type":"EntryPoint","urlTemplate":"https:\/\/www.pristatomegeles.lt\/en\/?s={search_term_string}"},"query-input":{"@type":"PropertyValueSpecification","valueRequired":true,"valueName":"search_term_string"}}],"inLanguage":"en-US"}]}},"_links":{"self":[{"href":"https:\/\/www.pristatomegeles.lt\/en\/wp-json\/wp\/v2\/product\/6001","targetHints":{"allow":["GET"]}}],"collection":[{"href":"https:\/\/www.pristatomegeles.lt\/en\/wp-json\/wp\/v2\/product"}],"about":[{"href":"https:\/\/www.pristatomegeles.lt\/en\/wp-json\/wp\/v2\/types\/product"}],"wp:featuredmedia":[{"embeddable":true,"href":"https:\/\/www.pristatomegeles.lt\/en\/wp-json\/wp\/v2\/media\/13910"}],"wp:attachment":[{"href":"https:\/\/www.pristatomegeles.lt\/en\/wp-json\/wp\/v2\/media?parent=6001"}],"wp:term":[{"taxonomy":"product_brand","embeddable":true,"href":"https:\/\/www.pristatomegeles.lt\/en\/wp-json\/wp\/v2\/product_brand?post=6001"},{"taxonomy":"product_cat","embeddable":true,"href":"https:\/\/www.pristatomegeles.lt\/en\/wp-json\/wp\/v2\/product_cat?post=6001"},{"taxonomy":"product_tag","embeddable":true,"href":"https:\/\/www.pristatomegeles.lt\/en\/wp-json\/wp\/v2\/product_tag?post=6001"}],"curies":[{"name":"wp","href":"https:\/\/api.w.org\/{rel}","templated":true}]}}