{"id":7152,"date":"2018-02-05T16:53:03","date_gmt":"2018-02-05T18:53:03","guid":{"rendered":"http:\/\/www.pristatomegeles.lt\/produktas\/a-box-of-red-roses\/"},"modified":"2026-02-05T19:50:50","modified_gmt":"2026-02-05T17:50:50","slug":"a-box-of-red-roses","status":"publish","type":"product","link":"https:\/\/www.pristatomegeles.lt\/en\/produktas\/a-box-of-red-roses\/","title":{"rendered":"A box of red roses"},"content":{"rendered":"<p>Send this lovely and elegant box of roses to your relatives or loved ones, that will definitely charm even the most picky people. This box is special in it&#8217;s versatility &#8211; it could be used as a perfect gift on many different occasions from anniversaries or weddings to Valentine day&#8217;s. The box&#8217;s size will depend on the amount of roses that you choose. It can include a few roses more or less depending on the type and efflorescence of the flowers themselves.<\/p>\n","protected":false},"excerpt":{"rendered":"<p>A subtle and elegant box of roses won&#8217;t leave anyone indifferent! This traditional box of red roses will become an ideal present for both male and female recipients on every opportunity. This box spreads luxury and elegance everywhere and will leave an indelible impression on everyone.<\/p>\n","protected":false},"featured_media":13949,"template":"","meta":[],"product_brand":[],"product_cat":[414,1491,1496,1498,1492,1494,415],"product_tag":[],"class_list":{"0":"post-7152","1":"product","2":"type-product","3":"status-publish","4":"has-post-thumbnail","6":"product_cat-flower-boxes","7":"product_cat-flowers-for-a-girl","8":"product_cat-flowers-for-men","9":"product_cat-flowers-for-mom","10":"product_cat-flowers-for-the-teachers","11":"product_cat-flowers-for-women","12":"product_cat-roses","13":"tm-no-options","15":"first","16":"instock","17":"featured","18":"taxable","19":"shipping-taxable","20":"purchasable","21":"product-type-variable","22":"has-default-attributes"},"yoast_head":"<!-- This site is optimized with the Yoast SEO plugin v24.3 - https:\/\/yoast.com\/wordpress\/plugins\/seo\/ -->\n<title>A box of red roses | Delivery of flowers in Vilnius | Pristatome g\u0117les<\/title>\n<meta name=\"description\" content=\"Looking for a present which is not only elegant, but tasteful and subtle? If so, then an elegant box of roses could be an ideal present for every occasion!\" \/>\n<meta name=\"robots\" content=\"index, follow, max-snippet:-1, max-image-preview:large, max-video-preview:-1\" \/>\n<link rel=\"canonical\" href=\"https:\/\/www.pristatomegeles.lt\/en\/produktas\/a-box-of-red-roses\/\" \/>\n<meta property=\"og:locale\" content=\"en_US\" \/>\n<meta property=\"og:type\" content=\"article\" \/>\n<meta property=\"og:title\" content=\"A box of red roses | Delivery of flowers in Vilnius | Pristatome g\u0117les\" \/>\n<meta property=\"og:description\" content=\"Looking for a present which is not only elegant, but tasteful and subtle? If so, then an elegant box of roses could be an ideal present for every occasion!\" \/>\n<meta property=\"og:url\" content=\"https:\/\/www.pristatomegeles.lt\/en\/produktas\/a-box-of-red-roses\/\" \/>\n<meta property=\"og:site_name\" content=\"Pristatomegeles.lt\" \/>\n<meta property=\"article:modified_time\" content=\"2026-02-05T17:50:50+00:00\" \/>\n<meta property=\"og:image\" content=\"https:\/\/www.pristatomegeles.lt\/wp-content\/uploads\/2018\/02\/raudonos-rozes-dezuteje-geles-moterims-scaled.jpg\" \/>\n\t<meta property=\"og:image:width\" content=\"1000\" \/>\n\t<meta property=\"og:image:height\" content=\"1000\" \/>\n\t<meta property=\"og:image:type\" content=\"image\/jpeg\" \/>\n<meta name=\"twitter:card\" content=\"summary_large_image\" \/>\n<meta name=\"twitter:label1\" content=\"Est. reading time\" \/>\n\t<meta name=\"twitter:data1\" content=\"1 minute\" \/>\n<script type=\"application\/ld+json\" class=\"yoast-schema-graph\">{\"@context\":\"https:\/\/schema.org\",\"@graph\":[{\"@type\":\"WebPage\",\"@id\":\"https:\/\/www.pristatomegeles.lt\/en\/produktas\/a-box-of-red-roses\/\",\"url\":\"https:\/\/www.pristatomegeles.lt\/en\/produktas\/a-box-of-red-roses\/\",\"name\":\"A box of red roses | Delivery of flowers in Vilnius | Pristatome g\u0117les\",\"isPartOf\":{\"@id\":\"https:\/\/www.pristatomegeles.lt\/en\/#website\"},\"primaryImageOfPage\":{\"@id\":\"https:\/\/www.pristatomegeles.lt\/en\/produktas\/a-box-of-red-roses\/#primaryimage\"},\"image\":{\"@id\":\"https:\/\/www.pristatomegeles.lt\/en\/produktas\/a-box-of-red-roses\/#primaryimage\"},\"thumbnailUrl\":\"https:\/\/www.pristatomegeles.lt\/wp-content\/uploads\/2018\/02\/raudonos-rozes-dezuteje-geles-moterims-scaled.jpg\",\"datePublished\":\"2018-02-05T18:53:03+00:00\",\"dateModified\":\"2026-02-05T17:50:50+00:00\",\"description\":\"Looking for a present which is not only elegant, but tasteful and subtle? If so, then an elegant box of roses could be an ideal present for every occasion!\",\"breadcrumb\":{\"@id\":\"https:\/\/www.pristatomegeles.lt\/en\/produktas\/a-box-of-red-roses\/#breadcrumb\"},\"inLanguage\":\"en-US\",\"potentialAction\":[{\"@type\":\"ReadAction\",\"target\":[\"https:\/\/www.pristatomegeles.lt\/en\/produktas\/a-box-of-red-roses\/\"]}]},{\"@type\":\"ImageObject\",\"inLanguage\":\"en-US\",\"@id\":\"https:\/\/www.pristatomegeles.lt\/en\/produktas\/a-box-of-red-roses\/#primaryimage\",\"url\":\"https:\/\/www.pristatomegeles.lt\/wp-content\/uploads\/2018\/02\/raudonos-rozes-dezuteje-geles-moterims-scaled.jpg\",\"contentUrl\":\"https:\/\/www.pristatomegeles.lt\/wp-content\/uploads\/2018\/02\/raudonos-rozes-dezuteje-geles-moterims-scaled.jpg\",\"width\":1000,\"height\":1000,\"caption\":\"Eleganti\u0161ka raudon\u0173 ro\u017ei\u0173 d\u0117\u017eut\u0117 gimtadienio proga\"},{\"@type\":\"BreadcrumbList\",\"@id\":\"https:\/\/www.pristatomegeles.lt\/en\/produktas\/a-box-of-red-roses\/#breadcrumb\",\"itemListElement\":[{\"@type\":\"ListItem\",\"position\":1,\"name\":\"Home\",\"item\":\"https:\/\/www.pristatomegeles.lt\/en\/home-2\/\"},{\"@type\":\"ListItem\",\"position\":2,\"name\":\"Flowers\",\"item\":\"https:\/\/www.pristatomegeles.lt\/en\/flowers\/\"},{\"@type\":\"ListItem\",\"position\":3,\"name\":\"A box of red roses\"}]},{\"@type\":\"WebSite\",\"@id\":\"https:\/\/www.pristatomegeles.lt\/en\/#website\",\"url\":\"https:\/\/www.pristatomegeles.lt\/en\/\",\"name\":\"Pristatomegeles.lt\",\"description\":\"\",\"potentialAction\":[{\"@type\":\"SearchAction\",\"target\":{\"@type\":\"EntryPoint\",\"urlTemplate\":\"https:\/\/www.pristatomegeles.lt\/en\/?s={search_term_string}\"},\"query-input\":{\"@type\":\"PropertyValueSpecification\",\"valueRequired\":true,\"valueName\":\"search_term_string\"}}],\"inLanguage\":\"en-US\"}]}<\/script>\n<!-- \/ Yoast SEO plugin. -->","yoast_head_json":{"title":"A box of red roses | Delivery of flowers in Vilnius | Pristatome g\u0117les","description":"Looking for a present which is not only elegant, but tasteful and subtle? If so, then an elegant box of roses could be an ideal present for every occasion!","robots":{"index":"index","follow":"follow","max-snippet":"max-snippet:-1","max-image-preview":"max-image-preview:large","max-video-preview":"max-video-preview:-1"},"canonical":"https:\/\/www.pristatomegeles.lt\/en\/produktas\/a-box-of-red-roses\/","og_locale":"en_US","og_type":"article","og_title":"A box of red roses | Delivery of flowers in Vilnius | Pristatome g\u0117les","og_description":"Looking for a present which is not only elegant, but tasteful and subtle? If so, then an elegant box of roses could be an ideal present for every occasion!","og_url":"https:\/\/www.pristatomegeles.lt\/en\/produktas\/a-box-of-red-roses\/","og_site_name":"Pristatomegeles.lt","article_modified_time":"2026-02-05T17:50:50+00:00","og_image":[{"width":1000,"height":1000,"url":"https:\/\/www.pristatomegeles.lt\/wp-content\/uploads\/2018\/02\/raudonos-rozes-dezuteje-geles-moterims-scaled.jpg","type":"image\/jpeg"}],"twitter_card":"summary_large_image","twitter_misc":{"Est. reading time":"1 minute"},"schema":{"@context":"https:\/\/schema.org","@graph":[{"@type":"WebPage","@id":"https:\/\/www.pristatomegeles.lt\/en\/produktas\/a-box-of-red-roses\/","url":"https:\/\/www.pristatomegeles.lt\/en\/produktas\/a-box-of-red-roses\/","name":"A box of red roses | Delivery of flowers in Vilnius | Pristatome g\u0117les","isPartOf":{"@id":"https:\/\/www.pristatomegeles.lt\/en\/#website"},"primaryImageOfPage":{"@id":"https:\/\/www.pristatomegeles.lt\/en\/produktas\/a-box-of-red-roses\/#primaryimage"},"image":{"@id":"https:\/\/www.pristatomegeles.lt\/en\/produktas\/a-box-of-red-roses\/#primaryimage"},"thumbnailUrl":"https:\/\/www.pristatomegeles.lt\/wp-content\/uploads\/2018\/02\/raudonos-rozes-dezuteje-geles-moterims-scaled.jpg","datePublished":"2018-02-05T18:53:03+00:00","dateModified":"2026-02-05T17:50:50+00:00","description":"Looking for a present which is not only elegant, but tasteful and subtle? If so, then an elegant box of roses could be an ideal present for every occasion!","breadcrumb":{"@id":"https:\/\/www.pristatomegeles.lt\/en\/produktas\/a-box-of-red-roses\/#breadcrumb"},"inLanguage":"en-US","potentialAction":[{"@type":"ReadAction","target":["https:\/\/www.pristatomegeles.lt\/en\/produktas\/a-box-of-red-roses\/"]}]},{"@type":"ImageObject","inLanguage":"en-US","@id":"https:\/\/www.pristatomegeles.lt\/en\/produktas\/a-box-of-red-roses\/#primaryimage","url":"https:\/\/www.pristatomegeles.lt\/wp-content\/uploads\/2018\/02\/raudonos-rozes-dezuteje-geles-moterims-scaled.jpg","contentUrl":"https:\/\/www.pristatomegeles.lt\/wp-content\/uploads\/2018\/02\/raudonos-rozes-dezuteje-geles-moterims-scaled.jpg","width":1000,"height":1000,"caption":"Eleganti\u0161ka raudon\u0173 ro\u017ei\u0173 d\u0117\u017eut\u0117 gimtadienio proga"},{"@type":"BreadcrumbList","@id":"https:\/\/www.pristatomegeles.lt\/en\/produktas\/a-box-of-red-roses\/#breadcrumb","itemListElement":[{"@type":"ListItem","position":1,"name":"Home","item":"https:\/\/www.pristatomegeles.lt\/en\/home-2\/"},{"@type":"ListItem","position":2,"name":"Flowers","item":"https:\/\/www.pristatomegeles.lt\/en\/flowers\/"},{"@type":"ListItem","position":3,"name":"A box of red roses"}]},{"@type":"WebSite","@id":"https:\/\/www.pristatomegeles.lt\/en\/#website","url":"https:\/\/www.pristatomegeles.lt\/en\/","name":"Pristatomegeles.lt","description":"","potentialAction":[{"@type":"SearchAction","target":{"@type":"EntryPoint","urlTemplate":"https:\/\/www.pristatomegeles.lt\/en\/?s={search_term_string}"},"query-input":{"@type":"PropertyValueSpecification","valueRequired":true,"valueName":"search_term_string"}}],"inLanguage":"en-US"}]}},"_links":{"self":[{"href":"https:\/\/www.pristatomegeles.lt\/en\/wp-json\/wp\/v2\/product\/7152","targetHints":{"allow":["GET"]}}],"collection":[{"href":"https:\/\/www.pristatomegeles.lt\/en\/wp-json\/wp\/v2\/product"}],"about":[{"href":"https:\/\/www.pristatomegeles.lt\/en\/wp-json\/wp\/v2\/types\/product"}],"wp:featuredmedia":[{"embeddable":true,"href":"https:\/\/www.pristatomegeles.lt\/en\/wp-json\/wp\/v2\/media\/13949"}],"wp:attachment":[{"href":"https:\/\/www.pristatomegeles.lt\/en\/wp-json\/wp\/v2\/media?parent=7152"}],"wp:term":[{"taxonomy":"product_brand","embeddable":true,"href":"https:\/\/www.pristatomegeles.lt\/en\/wp-json\/wp\/v2\/product_brand?post=7152"},{"taxonomy":"product_cat","embeddable":true,"href":"https:\/\/www.pristatomegeles.lt\/en\/wp-json\/wp\/v2\/product_cat?post=7152"},{"taxonomy":"product_tag","embeddable":true,"href":"https:\/\/www.pristatomegeles.lt\/en\/wp-json\/wp\/v2\/product_tag?post=7152"}],"curies":[{"name":"wp","href":"https:\/\/api.w.org\/{rel}","templated":true}]}}