{"id":7184,"date":"2018-02-05T16:53:04","date_gmt":"2018-02-05T18:53:04","guid":{"rendered":"http:\/\/www.pristatomegeles.lt\/produktas\/a-box-of-21-white-roses\/"},"modified":"2026-02-05T20:36:30","modified_gmt":"2026-02-05T18:36:30","slug":"a-box-of-21-white-roses","status":"publish","type":"product","link":"https:\/\/www.pristatomegeles.lt\/en\/produktas\/a-box-of-21-white-roses\/","title":{"rendered":"A box of white roses"},"content":{"rendered":"<p>This box consists of the quantity of roses of your choice, the roses will be placed in a box. The size of the box also depends on how many roses you choose. The color of the box may be different, but we always match the ribbon and tissue paper, so the overall composition always looks great. The rose box is not only a stylish but also a practical choice, as the box includes a specific water reserve, so the recipient will not have to worry about either the vase or the water.<\/p>\n","protected":false},"excerpt":{"rendered":"<p>A stylish box of white roses will become an ideal gift for both a romantic occasion like Valentine\u2019s Day and a solid holiday like an anniversary. Delight friends, family or a loved one with a very beautiful gift delivered right to your home or office in Vilnius.<\/p>\n","protected":false},"featured_media":9819,"template":"","meta":[],"product_brand":[],"product_cat":[414,590,415],"product_tag":[],"class_list":{"0":"post-7184","1":"product","2":"type-product","3":"status-publish","4":"has-post-thumbnail","6":"product_cat-flower-boxes","7":"product_cat-flowers-for-funerals","8":"product_cat-roses","9":"tm-no-options","11":"first","12":"instock","13":"featured","14":"taxable","15":"shipping-taxable","16":"purchasable","17":"product-type-variable","18":"has-default-attributes"},"yoast_head":"<!-- This site is optimized with the Yoast SEO plugin v24.3 - https:\/\/yoast.com\/wordpress\/plugins\/seo\/ -->\n<title>A box of white roses | Delivery of flowers in Vilnius | Pristatome g\u0117les<\/title>\n<meta name=\"description\" content=\"Give a special person a special gift - a box of white roses emiting elegance and luxury, which will not leave any recipient indifferent. Order this box of white roses online and greet both men and women. spread\" \/>\n<meta name=\"robots\" content=\"index, follow, max-snippet:-1, max-image-preview:large, max-video-preview:-1\" \/>\n<link rel=\"canonical\" href=\"https:\/\/www.pristatomegeles.lt\/en\/produktas\/a-box-of-21-white-roses\/\" \/>\n<meta property=\"og:locale\" content=\"en_US\" \/>\n<meta property=\"og:type\" content=\"article\" \/>\n<meta property=\"og:title\" content=\"A box of white roses | Delivery of flowers in Vilnius | Pristatome g\u0117les\" \/>\n<meta property=\"og:description\" content=\"Give a special person a special gift - a box of white roses emiting elegance and luxury, which will not leave any recipient indifferent. Order this box of white roses online and greet both men and women. spread\" \/>\n<meta property=\"og:url\" content=\"https:\/\/www.pristatomegeles.lt\/en\/produktas\/a-box-of-21-white-roses\/\" \/>\n<meta property=\"og:site_name\" content=\"Pristatomegeles.lt\" \/>\n<meta property=\"article:modified_time\" content=\"2026-02-05T18:36:30+00:00\" \/>\n<meta property=\"og:image\" content=\"https:\/\/www.pristatomegeles.lt\/wp-content\/uploads\/2018\/02\/roziu-dezutes-baltos-rozes-scaled.jpg\" \/>\n\t<meta property=\"og:image:width\" content=\"2560\" \/>\n\t<meta property=\"og:image:height\" content=\"2560\" \/>\n\t<meta property=\"og:image:type\" content=\"image\/jpeg\" \/>\n<meta name=\"twitter:card\" content=\"summary_large_image\" \/>\n<meta name=\"twitter:label1\" content=\"Est. reading time\" \/>\n\t<meta name=\"twitter:data1\" content=\"1 minute\" \/>\n<script type=\"application\/ld+json\" class=\"yoast-schema-graph\">{\"@context\":\"https:\/\/schema.org\",\"@graph\":[{\"@type\":\"WebPage\",\"@id\":\"https:\/\/www.pristatomegeles.lt\/en\/produktas\/a-box-of-21-white-roses\/\",\"url\":\"https:\/\/www.pristatomegeles.lt\/en\/produktas\/a-box-of-21-white-roses\/\",\"name\":\"A box of white roses | Delivery of flowers in Vilnius | Pristatome g\u0117les\",\"isPartOf\":{\"@id\":\"https:\/\/www.pristatomegeles.lt\/en\/#website\"},\"primaryImageOfPage\":{\"@id\":\"https:\/\/www.pristatomegeles.lt\/en\/produktas\/a-box-of-21-white-roses\/#primaryimage\"},\"image\":{\"@id\":\"https:\/\/www.pristatomegeles.lt\/en\/produktas\/a-box-of-21-white-roses\/#primaryimage\"},\"thumbnailUrl\":\"https:\/\/www.pristatomegeles.lt\/wp-content\/uploads\/2018\/02\/roziu-dezutes-baltos-rozes-scaled.jpg\",\"datePublished\":\"2018-02-05T18:53:04+00:00\",\"dateModified\":\"2026-02-05T18:36:30+00:00\",\"description\":\"Give a special person a special gift - a box of white roses emiting elegance and luxury, which will not leave any recipient indifferent. Order this box of white roses online and greet both men and women. spread\",\"breadcrumb\":{\"@id\":\"https:\/\/www.pristatomegeles.lt\/en\/produktas\/a-box-of-21-white-roses\/#breadcrumb\"},\"inLanguage\":\"en-US\",\"potentialAction\":[{\"@type\":\"ReadAction\",\"target\":[\"https:\/\/www.pristatomegeles.lt\/en\/produktas\/a-box-of-21-white-roses\/\"]}]},{\"@type\":\"ImageObject\",\"inLanguage\":\"en-US\",\"@id\":\"https:\/\/www.pristatomegeles.lt\/en\/produktas\/a-box-of-21-white-roses\/#primaryimage\",\"url\":\"https:\/\/www.pristatomegeles.lt\/wp-content\/uploads\/2018\/02\/roziu-dezutes-baltos-rozes-scaled.jpg\",\"contentUrl\":\"https:\/\/www.pristatomegeles.lt\/wp-content\/uploads\/2018\/02\/roziu-dezutes-baltos-rozes-scaled.jpg\",\"width\":2560,\"height\":2560,\"caption\":\"Balt\u0173 ro\u017ei\u0173 d\u0117\u017eut\u0117 G\u0117l\u0117s gimtadienio proga\"},{\"@type\":\"BreadcrumbList\",\"@id\":\"https:\/\/www.pristatomegeles.lt\/en\/produktas\/a-box-of-21-white-roses\/#breadcrumb\",\"itemListElement\":[{\"@type\":\"ListItem\",\"position\":1,\"name\":\"Home\",\"item\":\"https:\/\/www.pristatomegeles.lt\/en\/home-2\/\"},{\"@type\":\"ListItem\",\"position\":2,\"name\":\"Flowers\",\"item\":\"https:\/\/www.pristatomegeles.lt\/en\/flowers\/\"},{\"@type\":\"ListItem\",\"position\":3,\"name\":\"A box of white roses\"}]},{\"@type\":\"WebSite\",\"@id\":\"https:\/\/www.pristatomegeles.lt\/en\/#website\",\"url\":\"https:\/\/www.pristatomegeles.lt\/en\/\",\"name\":\"Pristatomegeles.lt\",\"description\":\"\",\"potentialAction\":[{\"@type\":\"SearchAction\",\"target\":{\"@type\":\"EntryPoint\",\"urlTemplate\":\"https:\/\/www.pristatomegeles.lt\/en\/?s={search_term_string}\"},\"query-input\":{\"@type\":\"PropertyValueSpecification\",\"valueRequired\":true,\"valueName\":\"search_term_string\"}}],\"inLanguage\":\"en-US\"}]}<\/script>\n<!-- \/ Yoast SEO plugin. -->","yoast_head_json":{"title":"A box of white roses | Delivery of flowers in Vilnius | Pristatome g\u0117les","description":"Give a special person a special gift - a box of white roses emiting elegance and luxury, which will not leave any recipient indifferent. Order this box of white roses online and greet both men and women. spread","robots":{"index":"index","follow":"follow","max-snippet":"max-snippet:-1","max-image-preview":"max-image-preview:large","max-video-preview":"max-video-preview:-1"},"canonical":"https:\/\/www.pristatomegeles.lt\/en\/produktas\/a-box-of-21-white-roses\/","og_locale":"en_US","og_type":"article","og_title":"A box of white roses | Delivery of flowers in Vilnius | Pristatome g\u0117les","og_description":"Give a special person a special gift - a box of white roses emiting elegance and luxury, which will not leave any recipient indifferent. Order this box of white roses online and greet both men and women. spread","og_url":"https:\/\/www.pristatomegeles.lt\/en\/produktas\/a-box-of-21-white-roses\/","og_site_name":"Pristatomegeles.lt","article_modified_time":"2026-02-05T18:36:30+00:00","og_image":[{"width":2560,"height":2560,"url":"https:\/\/www.pristatomegeles.lt\/wp-content\/uploads\/2018\/02\/roziu-dezutes-baltos-rozes-scaled.jpg","type":"image\/jpeg"}],"twitter_card":"summary_large_image","twitter_misc":{"Est. reading time":"1 minute"},"schema":{"@context":"https:\/\/schema.org","@graph":[{"@type":"WebPage","@id":"https:\/\/www.pristatomegeles.lt\/en\/produktas\/a-box-of-21-white-roses\/","url":"https:\/\/www.pristatomegeles.lt\/en\/produktas\/a-box-of-21-white-roses\/","name":"A box of white roses | Delivery of flowers in Vilnius | Pristatome g\u0117les","isPartOf":{"@id":"https:\/\/www.pristatomegeles.lt\/en\/#website"},"primaryImageOfPage":{"@id":"https:\/\/www.pristatomegeles.lt\/en\/produktas\/a-box-of-21-white-roses\/#primaryimage"},"image":{"@id":"https:\/\/www.pristatomegeles.lt\/en\/produktas\/a-box-of-21-white-roses\/#primaryimage"},"thumbnailUrl":"https:\/\/www.pristatomegeles.lt\/wp-content\/uploads\/2018\/02\/roziu-dezutes-baltos-rozes-scaled.jpg","datePublished":"2018-02-05T18:53:04+00:00","dateModified":"2026-02-05T18:36:30+00:00","description":"Give a special person a special gift - a box of white roses emiting elegance and luxury, which will not leave any recipient indifferent. Order this box of white roses online and greet both men and women. spread","breadcrumb":{"@id":"https:\/\/www.pristatomegeles.lt\/en\/produktas\/a-box-of-21-white-roses\/#breadcrumb"},"inLanguage":"en-US","potentialAction":[{"@type":"ReadAction","target":["https:\/\/www.pristatomegeles.lt\/en\/produktas\/a-box-of-21-white-roses\/"]}]},{"@type":"ImageObject","inLanguage":"en-US","@id":"https:\/\/www.pristatomegeles.lt\/en\/produktas\/a-box-of-21-white-roses\/#primaryimage","url":"https:\/\/www.pristatomegeles.lt\/wp-content\/uploads\/2018\/02\/roziu-dezutes-baltos-rozes-scaled.jpg","contentUrl":"https:\/\/www.pristatomegeles.lt\/wp-content\/uploads\/2018\/02\/roziu-dezutes-baltos-rozes-scaled.jpg","width":2560,"height":2560,"caption":"Balt\u0173 ro\u017ei\u0173 d\u0117\u017eut\u0117 G\u0117l\u0117s gimtadienio proga"},{"@type":"BreadcrumbList","@id":"https:\/\/www.pristatomegeles.lt\/en\/produktas\/a-box-of-21-white-roses\/#breadcrumb","itemListElement":[{"@type":"ListItem","position":1,"name":"Home","item":"https:\/\/www.pristatomegeles.lt\/en\/home-2\/"},{"@type":"ListItem","position":2,"name":"Flowers","item":"https:\/\/www.pristatomegeles.lt\/en\/flowers\/"},{"@type":"ListItem","position":3,"name":"A box of white roses"}]},{"@type":"WebSite","@id":"https:\/\/www.pristatomegeles.lt\/en\/#website","url":"https:\/\/www.pristatomegeles.lt\/en\/","name":"Pristatomegeles.lt","description":"","potentialAction":[{"@type":"SearchAction","target":{"@type":"EntryPoint","urlTemplate":"https:\/\/www.pristatomegeles.lt\/en\/?s={search_term_string}"},"query-input":{"@type":"PropertyValueSpecification","valueRequired":true,"valueName":"search_term_string"}}],"inLanguage":"en-US"}]}},"_links":{"self":[{"href":"https:\/\/www.pristatomegeles.lt\/en\/wp-json\/wp\/v2\/product\/7184","targetHints":{"allow":["GET"]}}],"collection":[{"href":"https:\/\/www.pristatomegeles.lt\/en\/wp-json\/wp\/v2\/product"}],"about":[{"href":"https:\/\/www.pristatomegeles.lt\/en\/wp-json\/wp\/v2\/types\/product"}],"wp:featuredmedia":[{"embeddable":true,"href":"https:\/\/www.pristatomegeles.lt\/en\/wp-json\/wp\/v2\/media\/9819"}],"wp:attachment":[{"href":"https:\/\/www.pristatomegeles.lt\/en\/wp-json\/wp\/v2\/media?parent=7184"}],"wp:term":[{"taxonomy":"product_brand","embeddable":true,"href":"https:\/\/www.pristatomegeles.lt\/en\/wp-json\/wp\/v2\/product_brand?post=7184"},{"taxonomy":"product_cat","embeddable":true,"href":"https:\/\/www.pristatomegeles.lt\/en\/wp-json\/wp\/v2\/product_cat?post=7184"},{"taxonomy":"product_tag","embeddable":true,"href":"https:\/\/www.pristatomegeles.lt\/en\/wp-json\/wp\/v2\/product_tag?post=7184"}],"curies":[{"name":"wp","href":"https:\/\/api.w.org\/{rel}","templated":true}]}}