{"id":7208,"date":"2018-02-05T16:53:24","date_gmt":"2018-02-05T18:53:24","guid":{"rendered":"http:\/\/www.pristatomegeles.lt\/produktas\/a-bouquet-of-red-tulips\/"},"modified":"2022-03-15T16:49:05","modified_gmt":"2022-03-15T14:49:05","slug":"a-bouquet-of-red-tulips","status":"publish","type":"product","link":"https:\/\/www.pristatomegeles.lt\/en\/produktas\/a-bouquet-of-red-tulips\/","title":{"rendered":"A bouquet of red tulips"},"content":{"rendered":"<p>A bouquet of red tulips is widely considered an expressive gift for a woman or girl for any occasion. It can be a birthday, mother&#8217;s day, name day, and of course, woman&#8217;s day, and tulips in particular are suitable for giving without any occasion. These flowers are often associated with spring, warmth and coziness, so the bouquet of red tulips received no matter the type of day given will really delight anyone.<\/p>\n","protected":false},"excerpt":{"rendered":"<p>Red tulips are perfect for expressing love, care and respect. Every lady will be delighted with this bouquet of tulips. You can choose the amount of tulips in the bouquet yourself, thus creating the most ideal option for you.<\/p>\n","protected":false},"featured_media":14466,"template":"","meta":[],"product_brand":[],"product_cat":[1499,1497,419,1491,1496,1498,1494,1152,1153,554,1501],"product_tag":[],"class_list":{"0":"post-7208","1":"product","2":"type-product","3":"status-publish","4":"has-post-thumbnail","6":"product_cat-anniversary-flowers","7":"product_cat-birthday-flowers","8":"product_cat-bouquets","9":"product_cat-flowers-for-a-girl","10":"product_cat-flowers-for-men","11":"product_cat-flowers-for-mom","12":"product_cat-flowers-for-women","13":"product_cat-march-8-flowers","14":"product_cat-mothers-day-flowers","15":"product_cat-tulips","16":"product_cat-valentines-day-flowers","17":"tm-has-options","19":"first","20":"instock","21":"taxable","22":"shipping-taxable","23":"purchasable","24":"product-type-variable","25":"has-default-attributes"},"yoast_head":"<!-- This site is optimized with the Yoast SEO plugin v24.3 - https:\/\/yoast.com\/wordpress\/plugins\/seo\/ -->\n<title>A bouquet of red tulips | Delivery of flowers in Vilnius | Pristatome g\u0117les<\/title>\n<meta name=\"description\" content=\"If you are looking for a romantic gift for a woman or a girl or a beautiful gift for mom - a bouquet of red tulips is probably the best choice.\" \/>\n<meta name=\"robots\" content=\"index, follow, max-snippet:-1, max-image-preview:large, max-video-preview:-1\" \/>\n<link rel=\"canonical\" href=\"https:\/\/www.pristatomegeles.lt\/en\/produktas\/a-bouquet-of-red-tulips\/\" \/>\n<meta property=\"og:locale\" content=\"en_US\" \/>\n<meta property=\"og:type\" content=\"article\" \/>\n<meta property=\"og:title\" content=\"A bouquet of red tulips | Delivery of flowers in Vilnius | Pristatome g\u0117les\" \/>\n<meta property=\"og:description\" content=\"If you are looking for a romantic gift for a woman or a girl or a beautiful gift for mom - a bouquet of red tulips is probably the best choice.\" \/>\n<meta property=\"og:url\" content=\"https:\/\/www.pristatomegeles.lt\/en\/produktas\/a-bouquet-of-red-tulips\/\" \/>\n<meta property=\"og:site_name\" content=\"Pristatomegeles.lt\" \/>\n<meta property=\"article:modified_time\" content=\"2022-03-15T14:49:05+00:00\" \/>\n<meta property=\"og:image\" content=\"https:\/\/www.pristatomegeles.lt\/wp-content\/uploads\/2018\/02\/raudonu-tulpiu-puokste-1-scaled.jpg\" \/>\n\t<meta property=\"og:image:width\" content=\"1000\" \/>\n\t<meta property=\"og:image:height\" content=\"1000\" \/>\n\t<meta property=\"og:image:type\" content=\"image\/jpeg\" \/>\n<meta name=\"twitter:card\" content=\"summary_large_image\" \/>\n<script type=\"application\/ld+json\" class=\"yoast-schema-graph\">{\"@context\":\"https:\/\/schema.org\",\"@graph\":[{\"@type\":\"WebPage\",\"@id\":\"https:\/\/www.pristatomegeles.lt\/en\/produktas\/a-bouquet-of-red-tulips\/\",\"url\":\"https:\/\/www.pristatomegeles.lt\/en\/produktas\/a-bouquet-of-red-tulips\/\",\"name\":\"A bouquet of red tulips | Delivery of flowers in Vilnius | Pristatome g\u0117les\",\"isPartOf\":{\"@id\":\"https:\/\/www.pristatomegeles.lt\/en\/#website\"},\"primaryImageOfPage\":{\"@id\":\"https:\/\/www.pristatomegeles.lt\/en\/produktas\/a-bouquet-of-red-tulips\/#primaryimage\"},\"image\":{\"@id\":\"https:\/\/www.pristatomegeles.lt\/en\/produktas\/a-bouquet-of-red-tulips\/#primaryimage\"},\"thumbnailUrl\":\"https:\/\/www.pristatomegeles.lt\/wp-content\/uploads\/2018\/02\/raudonu-tulpiu-puokste-1-scaled.jpg\",\"datePublished\":\"2018-02-05T18:53:24+00:00\",\"dateModified\":\"2022-03-15T14:49:05+00:00\",\"description\":\"If you are looking for a romantic gift for a woman or a girl or a beautiful gift for mom - a bouquet of red tulips is probably the best choice.\",\"breadcrumb\":{\"@id\":\"https:\/\/www.pristatomegeles.lt\/en\/produktas\/a-bouquet-of-red-tulips\/#breadcrumb\"},\"inLanguage\":\"en-US\",\"potentialAction\":[{\"@type\":\"ReadAction\",\"target\":[\"https:\/\/www.pristatomegeles.lt\/en\/produktas\/a-bouquet-of-red-tulips\/\"]}]},{\"@type\":\"ImageObject\",\"inLanguage\":\"en-US\",\"@id\":\"https:\/\/www.pristatomegeles.lt\/en\/produktas\/a-bouquet-of-red-tulips\/#primaryimage\",\"url\":\"https:\/\/www.pristatomegeles.lt\/wp-content\/uploads\/2018\/02\/raudonu-tulpiu-puokste-1-scaled.jpg\",\"contentUrl\":\"https:\/\/www.pristatomegeles.lt\/wp-content\/uploads\/2018\/02\/raudonu-tulpiu-puokste-1-scaled.jpg\",\"width\":1000,\"height\":1000,\"caption\":\"Raudonos tulp\u0117s puok\u0161t\u0117je g\u0117l\u0117s kovo 8\"},{\"@type\":\"BreadcrumbList\",\"@id\":\"https:\/\/www.pristatomegeles.lt\/en\/produktas\/a-bouquet-of-red-tulips\/#breadcrumb\",\"itemListElement\":[{\"@type\":\"ListItem\",\"position\":1,\"name\":\"Home\",\"item\":\"https:\/\/www.pristatomegeles.lt\/en\/home-2\/\"},{\"@type\":\"ListItem\",\"position\":2,\"name\":\"Flowers\",\"item\":\"https:\/\/www.pristatomegeles.lt\/en\/flowers\/\"},{\"@type\":\"ListItem\",\"position\":3,\"name\":\"A bouquet of red tulips\"}]},{\"@type\":\"WebSite\",\"@id\":\"https:\/\/www.pristatomegeles.lt\/en\/#website\",\"url\":\"https:\/\/www.pristatomegeles.lt\/en\/\",\"name\":\"Pristatomegeles.lt\",\"description\":\"\",\"potentialAction\":[{\"@type\":\"SearchAction\",\"target\":{\"@type\":\"EntryPoint\",\"urlTemplate\":\"https:\/\/www.pristatomegeles.lt\/en\/?s={search_term_string}\"},\"query-input\":{\"@type\":\"PropertyValueSpecification\",\"valueRequired\":true,\"valueName\":\"search_term_string\"}}],\"inLanguage\":\"en-US\"}]}<\/script>\n<!-- \/ Yoast SEO plugin. -->","yoast_head_json":{"title":"A bouquet of red tulips | Delivery of flowers in Vilnius | Pristatome g\u0117les","description":"If you are looking for a romantic gift for a woman or a girl or a beautiful gift for mom - a bouquet of red tulips is probably the best choice.","robots":{"index":"index","follow":"follow","max-snippet":"max-snippet:-1","max-image-preview":"max-image-preview:large","max-video-preview":"max-video-preview:-1"},"canonical":"https:\/\/www.pristatomegeles.lt\/en\/produktas\/a-bouquet-of-red-tulips\/","og_locale":"en_US","og_type":"article","og_title":"A bouquet of red tulips | Delivery of flowers in Vilnius | Pristatome g\u0117les","og_description":"If you are looking for a romantic gift for a woman or a girl or a beautiful gift for mom - a bouquet of red tulips is probably the best choice.","og_url":"https:\/\/www.pristatomegeles.lt\/en\/produktas\/a-bouquet-of-red-tulips\/","og_site_name":"Pristatomegeles.lt","article_modified_time":"2022-03-15T14:49:05+00:00","og_image":[{"width":1000,"height":1000,"url":"https:\/\/www.pristatomegeles.lt\/wp-content\/uploads\/2018\/02\/raudonu-tulpiu-puokste-1-scaled.jpg","type":"image\/jpeg"}],"twitter_card":"summary_large_image","schema":{"@context":"https:\/\/schema.org","@graph":[{"@type":"WebPage","@id":"https:\/\/www.pristatomegeles.lt\/en\/produktas\/a-bouquet-of-red-tulips\/","url":"https:\/\/www.pristatomegeles.lt\/en\/produktas\/a-bouquet-of-red-tulips\/","name":"A bouquet of red tulips | Delivery of flowers in Vilnius | Pristatome g\u0117les","isPartOf":{"@id":"https:\/\/www.pristatomegeles.lt\/en\/#website"},"primaryImageOfPage":{"@id":"https:\/\/www.pristatomegeles.lt\/en\/produktas\/a-bouquet-of-red-tulips\/#primaryimage"},"image":{"@id":"https:\/\/www.pristatomegeles.lt\/en\/produktas\/a-bouquet-of-red-tulips\/#primaryimage"},"thumbnailUrl":"https:\/\/www.pristatomegeles.lt\/wp-content\/uploads\/2018\/02\/raudonu-tulpiu-puokste-1-scaled.jpg","datePublished":"2018-02-05T18:53:24+00:00","dateModified":"2022-03-15T14:49:05+00:00","description":"If you are looking for a romantic gift for a woman or a girl or a beautiful gift for mom - a bouquet of red tulips is probably the best choice.","breadcrumb":{"@id":"https:\/\/www.pristatomegeles.lt\/en\/produktas\/a-bouquet-of-red-tulips\/#breadcrumb"},"inLanguage":"en-US","potentialAction":[{"@type":"ReadAction","target":["https:\/\/www.pristatomegeles.lt\/en\/produktas\/a-bouquet-of-red-tulips\/"]}]},{"@type":"ImageObject","inLanguage":"en-US","@id":"https:\/\/www.pristatomegeles.lt\/en\/produktas\/a-bouquet-of-red-tulips\/#primaryimage","url":"https:\/\/www.pristatomegeles.lt\/wp-content\/uploads\/2018\/02\/raudonu-tulpiu-puokste-1-scaled.jpg","contentUrl":"https:\/\/www.pristatomegeles.lt\/wp-content\/uploads\/2018\/02\/raudonu-tulpiu-puokste-1-scaled.jpg","width":1000,"height":1000,"caption":"Raudonos tulp\u0117s puok\u0161t\u0117je g\u0117l\u0117s kovo 8"},{"@type":"BreadcrumbList","@id":"https:\/\/www.pristatomegeles.lt\/en\/produktas\/a-bouquet-of-red-tulips\/#breadcrumb","itemListElement":[{"@type":"ListItem","position":1,"name":"Home","item":"https:\/\/www.pristatomegeles.lt\/en\/home-2\/"},{"@type":"ListItem","position":2,"name":"Flowers","item":"https:\/\/www.pristatomegeles.lt\/en\/flowers\/"},{"@type":"ListItem","position":3,"name":"A bouquet of red tulips"}]},{"@type":"WebSite","@id":"https:\/\/www.pristatomegeles.lt\/en\/#website","url":"https:\/\/www.pristatomegeles.lt\/en\/","name":"Pristatomegeles.lt","description":"","potentialAction":[{"@type":"SearchAction","target":{"@type":"EntryPoint","urlTemplate":"https:\/\/www.pristatomegeles.lt\/en\/?s={search_term_string}"},"query-input":{"@type":"PropertyValueSpecification","valueRequired":true,"valueName":"search_term_string"}}],"inLanguage":"en-US"}]}},"_links":{"self":[{"href":"https:\/\/www.pristatomegeles.lt\/en\/wp-json\/wp\/v2\/product\/7208","targetHints":{"allow":["GET"]}}],"collection":[{"href":"https:\/\/www.pristatomegeles.lt\/en\/wp-json\/wp\/v2\/product"}],"about":[{"href":"https:\/\/www.pristatomegeles.lt\/en\/wp-json\/wp\/v2\/types\/product"}],"wp:featuredmedia":[{"embeddable":true,"href":"https:\/\/www.pristatomegeles.lt\/en\/wp-json\/wp\/v2\/media\/14466"}],"wp:attachment":[{"href":"https:\/\/www.pristatomegeles.lt\/en\/wp-json\/wp\/v2\/media?parent=7208"}],"wp:term":[{"taxonomy":"product_brand","embeddable":true,"href":"https:\/\/www.pristatomegeles.lt\/en\/wp-json\/wp\/v2\/product_brand?post=7208"},{"taxonomy":"product_cat","embeddable":true,"href":"https:\/\/www.pristatomegeles.lt\/en\/wp-json\/wp\/v2\/product_cat?post=7208"},{"taxonomy":"product_tag","embeddable":true,"href":"https:\/\/www.pristatomegeles.lt\/en\/wp-json\/wp\/v2\/product_tag?post=7208"}],"curies":[{"name":"wp","href":"https:\/\/api.w.org\/{rel}","templated":true}]}}