{"id":7226,"date":"2018-02-05T16:53:37","date_gmt":"2018-02-05T18:53:37","guid":{"rendered":"http:\/\/www.pristatomegeles.lt\/produktas\/a-bouquet-of-red-and-white-tulips\/"},"modified":"2022-03-04T17:36:14","modified_gmt":"2022-03-04T15:36:14","slug":"a-bouquet-of-red-and-white-tulips","status":"publish","type":"product","link":"https:\/\/www.pristatomegeles.lt\/en\/produktas\/a-bouquet-of-red-and-white-tulips\/","title":{"rendered":"A bouquet of red and white tulips"},"content":{"rendered":"<p>White and red tulips go well in one bouquet. The bouquet of two-colored tulips looks neat and even a little playful. Tulips will bring a boost of good mood to every home or office, and the surprise will remain in the recipient\u2019s memory for a long time. The bouquet consists of the amount of tulips of your choice, the tulips will be wrapped in cellophane and everything will be completed by a beautiful satin ribbon of the right color.<\/p>\n","protected":false},"excerpt":{"rendered":"<p>Wonderful color combination &#8211; white and red tulips. It is not only a bouquet that smells of spring, but also a romantic and original choice.<\/p>\n","protected":false},"featured_media":14477,"template":"","meta":[],"product_brand":[],"product_cat":[1499,1497,419,1491,1498,1494,1152,1153,554,1501],"product_tag":[],"class_list":{"0":"post-7226","1":"product","2":"type-product","3":"status-publish","4":"has-post-thumbnail","6":"product_cat-anniversary-flowers","7":"product_cat-birthday-flowers","8":"product_cat-bouquets","9":"product_cat-flowers-for-a-girl","10":"product_cat-flowers-for-mom","11":"product_cat-flowers-for-women","12":"product_cat-march-8-flowers","13":"product_cat-mothers-day-flowers","14":"product_cat-tulips","15":"product_cat-valentines-day-flowers","16":"tm-has-options","18":"first","19":"instock","20":"taxable","21":"shipping-taxable","22":"purchasable","23":"product-type-variable","24":"has-default-attributes"},"yoast_head":"<!-- This site is optimized with the Yoast SEO plugin v24.3 - https:\/\/yoast.com\/wordpress\/plugins\/seo\/ -->\n<title>A bouquet of red and white tulips | Delivery of flowers in Vilnius | Pristatome g\u0117les<\/title>\n<meta name=\"description\" content=\"One of the most beautiful choices when giving a tulip bouquet is two-color tulip bouquets. In this case, white and red tulips will definitely captivate everyone.\" \/>\n<meta name=\"robots\" content=\"index, follow, max-snippet:-1, max-image-preview:large, max-video-preview:-1\" \/>\n<link rel=\"canonical\" href=\"https:\/\/www.pristatomegeles.lt\/en\/produktas\/a-bouquet-of-red-and-white-tulips\/\" \/>\n<meta property=\"og:locale\" content=\"en_US\" \/>\n<meta property=\"og:type\" content=\"article\" \/>\n<meta property=\"og:title\" content=\"A bouquet of red and white tulips | Delivery of flowers in Vilnius | Pristatome g\u0117les\" \/>\n<meta property=\"og:description\" content=\"One of the most beautiful choices when giving a tulip bouquet is two-color tulip bouquets. In this case, white and red tulips will definitely captivate everyone.\" \/>\n<meta property=\"og:url\" content=\"https:\/\/www.pristatomegeles.lt\/en\/produktas\/a-bouquet-of-red-and-white-tulips\/\" \/>\n<meta property=\"og:site_name\" content=\"Pristatomegeles.lt\" \/>\n<meta property=\"article:modified_time\" content=\"2022-03-04T15:36:14+00:00\" \/>\n<meta property=\"og:image\" content=\"https:\/\/www.pristatomegeles.lt\/wp-content\/uploads\/2018\/02\/tulpiu-puokste-baltos-ir-raudonos-tulpes-scaled.jpg\" \/>\n\t<meta property=\"og:image:width\" content=\"1000\" \/>\n\t<meta property=\"og:image:height\" content=\"1000\" \/>\n\t<meta property=\"og:image:type\" content=\"image\/jpeg\" \/>\n<meta name=\"twitter:card\" content=\"summary_large_image\" \/>\n<script type=\"application\/ld+json\" class=\"yoast-schema-graph\">{\"@context\":\"https:\/\/schema.org\",\"@graph\":[{\"@type\":\"WebPage\",\"@id\":\"https:\/\/www.pristatomegeles.lt\/en\/produktas\/a-bouquet-of-red-and-white-tulips\/\",\"url\":\"https:\/\/www.pristatomegeles.lt\/en\/produktas\/a-bouquet-of-red-and-white-tulips\/\",\"name\":\"A bouquet of red and white tulips | Delivery of flowers in Vilnius | Pristatome g\u0117les\",\"isPartOf\":{\"@id\":\"https:\/\/www.pristatomegeles.lt\/en\/#website\"},\"primaryImageOfPage\":{\"@id\":\"https:\/\/www.pristatomegeles.lt\/en\/produktas\/a-bouquet-of-red-and-white-tulips\/#primaryimage\"},\"image\":{\"@id\":\"https:\/\/www.pristatomegeles.lt\/en\/produktas\/a-bouquet-of-red-and-white-tulips\/#primaryimage\"},\"thumbnailUrl\":\"https:\/\/www.pristatomegeles.lt\/wp-content\/uploads\/2018\/02\/tulpiu-puokste-baltos-ir-raudonos-tulpes-scaled.jpg\",\"datePublished\":\"2018-02-05T18:53:37+00:00\",\"dateModified\":\"2022-03-04T15:36:14+00:00\",\"description\":\"One of the most beautiful choices when giving a tulip bouquet is two-color tulip bouquets. In this case, white and red tulips will definitely captivate everyone.\",\"breadcrumb\":{\"@id\":\"https:\/\/www.pristatomegeles.lt\/en\/produktas\/a-bouquet-of-red-and-white-tulips\/#breadcrumb\"},\"inLanguage\":\"en-US\",\"potentialAction\":[{\"@type\":\"ReadAction\",\"target\":[\"https:\/\/www.pristatomegeles.lt\/en\/produktas\/a-bouquet-of-red-and-white-tulips\/\"]}]},{\"@type\":\"ImageObject\",\"inLanguage\":\"en-US\",\"@id\":\"https:\/\/www.pristatomegeles.lt\/en\/produktas\/a-bouquet-of-red-and-white-tulips\/#primaryimage\",\"url\":\"https:\/\/www.pristatomegeles.lt\/wp-content\/uploads\/2018\/02\/tulpiu-puokste-baltos-ir-raudonos-tulpes-scaled.jpg\",\"contentUrl\":\"https:\/\/www.pristatomegeles.lt\/wp-content\/uploads\/2018\/02\/tulpiu-puokste-baltos-ir-raudonos-tulpes-scaled.jpg\",\"width\":1000,\"height\":1000,\"caption\":\"Raudon\u0173 ir balt\u0173 tulpi\u0173 puok\u0161t\u0117\"},{\"@type\":\"BreadcrumbList\",\"@id\":\"https:\/\/www.pristatomegeles.lt\/en\/produktas\/a-bouquet-of-red-and-white-tulips\/#breadcrumb\",\"itemListElement\":[{\"@type\":\"ListItem\",\"position\":1,\"name\":\"Home\",\"item\":\"https:\/\/www.pristatomegeles.lt\/en\/home-2\/\"},{\"@type\":\"ListItem\",\"position\":2,\"name\":\"Flowers\",\"item\":\"https:\/\/www.pristatomegeles.lt\/en\/flowers\/\"},{\"@type\":\"ListItem\",\"position\":3,\"name\":\"A bouquet of red and white tulips\"}]},{\"@type\":\"WebSite\",\"@id\":\"https:\/\/www.pristatomegeles.lt\/en\/#website\",\"url\":\"https:\/\/www.pristatomegeles.lt\/en\/\",\"name\":\"Pristatomegeles.lt\",\"description\":\"\",\"potentialAction\":[{\"@type\":\"SearchAction\",\"target\":{\"@type\":\"EntryPoint\",\"urlTemplate\":\"https:\/\/www.pristatomegeles.lt\/en\/?s={search_term_string}\"},\"query-input\":{\"@type\":\"PropertyValueSpecification\",\"valueRequired\":true,\"valueName\":\"search_term_string\"}}],\"inLanguage\":\"en-US\"}]}<\/script>\n<!-- \/ Yoast SEO plugin. -->","yoast_head_json":{"title":"A bouquet of red and white tulips | Delivery of flowers in Vilnius | Pristatome g\u0117les","description":"One of the most beautiful choices when giving a tulip bouquet is two-color tulip bouquets. In this case, white and red tulips will definitely captivate everyone.","robots":{"index":"index","follow":"follow","max-snippet":"max-snippet:-1","max-image-preview":"max-image-preview:large","max-video-preview":"max-video-preview:-1"},"canonical":"https:\/\/www.pristatomegeles.lt\/en\/produktas\/a-bouquet-of-red-and-white-tulips\/","og_locale":"en_US","og_type":"article","og_title":"A bouquet of red and white tulips | Delivery of flowers in Vilnius | Pristatome g\u0117les","og_description":"One of the most beautiful choices when giving a tulip bouquet is two-color tulip bouquets. In this case, white and red tulips will definitely captivate everyone.","og_url":"https:\/\/www.pristatomegeles.lt\/en\/produktas\/a-bouquet-of-red-and-white-tulips\/","og_site_name":"Pristatomegeles.lt","article_modified_time":"2022-03-04T15:36:14+00:00","og_image":[{"width":1000,"height":1000,"url":"https:\/\/www.pristatomegeles.lt\/wp-content\/uploads\/2018\/02\/tulpiu-puokste-baltos-ir-raudonos-tulpes-scaled.jpg","type":"image\/jpeg"}],"twitter_card":"summary_large_image","schema":{"@context":"https:\/\/schema.org","@graph":[{"@type":"WebPage","@id":"https:\/\/www.pristatomegeles.lt\/en\/produktas\/a-bouquet-of-red-and-white-tulips\/","url":"https:\/\/www.pristatomegeles.lt\/en\/produktas\/a-bouquet-of-red-and-white-tulips\/","name":"A bouquet of red and white tulips | Delivery of flowers in Vilnius | Pristatome g\u0117les","isPartOf":{"@id":"https:\/\/www.pristatomegeles.lt\/en\/#website"},"primaryImageOfPage":{"@id":"https:\/\/www.pristatomegeles.lt\/en\/produktas\/a-bouquet-of-red-and-white-tulips\/#primaryimage"},"image":{"@id":"https:\/\/www.pristatomegeles.lt\/en\/produktas\/a-bouquet-of-red-and-white-tulips\/#primaryimage"},"thumbnailUrl":"https:\/\/www.pristatomegeles.lt\/wp-content\/uploads\/2018\/02\/tulpiu-puokste-baltos-ir-raudonos-tulpes-scaled.jpg","datePublished":"2018-02-05T18:53:37+00:00","dateModified":"2022-03-04T15:36:14+00:00","description":"One of the most beautiful choices when giving a tulip bouquet is two-color tulip bouquets. In this case, white and red tulips will definitely captivate everyone.","breadcrumb":{"@id":"https:\/\/www.pristatomegeles.lt\/en\/produktas\/a-bouquet-of-red-and-white-tulips\/#breadcrumb"},"inLanguage":"en-US","potentialAction":[{"@type":"ReadAction","target":["https:\/\/www.pristatomegeles.lt\/en\/produktas\/a-bouquet-of-red-and-white-tulips\/"]}]},{"@type":"ImageObject","inLanguage":"en-US","@id":"https:\/\/www.pristatomegeles.lt\/en\/produktas\/a-bouquet-of-red-and-white-tulips\/#primaryimage","url":"https:\/\/www.pristatomegeles.lt\/wp-content\/uploads\/2018\/02\/tulpiu-puokste-baltos-ir-raudonos-tulpes-scaled.jpg","contentUrl":"https:\/\/www.pristatomegeles.lt\/wp-content\/uploads\/2018\/02\/tulpiu-puokste-baltos-ir-raudonos-tulpes-scaled.jpg","width":1000,"height":1000,"caption":"Raudon\u0173 ir balt\u0173 tulpi\u0173 puok\u0161t\u0117"},{"@type":"BreadcrumbList","@id":"https:\/\/www.pristatomegeles.lt\/en\/produktas\/a-bouquet-of-red-and-white-tulips\/#breadcrumb","itemListElement":[{"@type":"ListItem","position":1,"name":"Home","item":"https:\/\/www.pristatomegeles.lt\/en\/home-2\/"},{"@type":"ListItem","position":2,"name":"Flowers","item":"https:\/\/www.pristatomegeles.lt\/en\/flowers\/"},{"@type":"ListItem","position":3,"name":"A bouquet of red and white tulips"}]},{"@type":"WebSite","@id":"https:\/\/www.pristatomegeles.lt\/en\/#website","url":"https:\/\/www.pristatomegeles.lt\/en\/","name":"Pristatomegeles.lt","description":"","potentialAction":[{"@type":"SearchAction","target":{"@type":"EntryPoint","urlTemplate":"https:\/\/www.pristatomegeles.lt\/en\/?s={search_term_string}"},"query-input":{"@type":"PropertyValueSpecification","valueRequired":true,"valueName":"search_term_string"}}],"inLanguage":"en-US"}]}},"_links":{"self":[{"href":"https:\/\/www.pristatomegeles.lt\/en\/wp-json\/wp\/v2\/product\/7226","targetHints":{"allow":["GET"]}}],"collection":[{"href":"https:\/\/www.pristatomegeles.lt\/en\/wp-json\/wp\/v2\/product"}],"about":[{"href":"https:\/\/www.pristatomegeles.lt\/en\/wp-json\/wp\/v2\/types\/product"}],"wp:featuredmedia":[{"embeddable":true,"href":"https:\/\/www.pristatomegeles.lt\/en\/wp-json\/wp\/v2\/media\/14477"}],"wp:attachment":[{"href":"https:\/\/www.pristatomegeles.lt\/en\/wp-json\/wp\/v2\/media?parent=7226"}],"wp:term":[{"taxonomy":"product_brand","embeddable":true,"href":"https:\/\/www.pristatomegeles.lt\/en\/wp-json\/wp\/v2\/product_brand?post=7226"},{"taxonomy":"product_cat","embeddable":true,"href":"https:\/\/www.pristatomegeles.lt\/en\/wp-json\/wp\/v2\/product_cat?post=7226"},{"taxonomy":"product_tag","embeddable":true,"href":"https:\/\/www.pristatomegeles.lt\/en\/wp-json\/wp\/v2\/product_tag?post=7226"}],"curies":[{"name":"wp","href":"https:\/\/api.w.org\/{rel}","templated":true}]}}