{"id":7237,"date":"2018-02-05T16:53:38","date_gmt":"2018-02-05T18:53:38","guid":{"rendered":"http:\/\/www.pristatomegeles.lt\/produktas\/a-bouquet-of-red-roses\/"},"modified":"2026-02-05T19:50:21","modified_gmt":"2026-02-05T17:50:21","slug":"a-bouquet-of-red-roses","status":"publish","type":"product","link":"https:\/\/www.pristatomegeles.lt\/en\/produktas\/a-bouquet-of-red-roses\/","title":{"rendered":"A bouquet of red roses"},"content":{"rendered":"<p>The bouquet of roses consists of 60-70 cm long roses with a red satin ribbon. It is always a good choice for any celebration, when you need classy and well looking gift that suits any kind of person or event. You will never make a mistake when choosing red roses!<\/p>\n","protected":false},"excerpt":{"rendered":"<p>A traditional choice for everyone is a bouquet of red roses. Fresh and classy flowers looks great in bouquets, we have them in different sizes. Choose the amount of red roses and surprise Your Special Person on a significant occasion today!<\/p>\n","protected":false},"featured_media":15948,"template":"","meta":[],"product_brand":[],"product_cat":[1499,1497,419,1491,1496,1498,1492,1494,1152,1153,415,1501],"product_tag":[],"class_list":{"0":"post-7237","1":"product","2":"type-product","3":"status-publish","4":"has-post-thumbnail","6":"product_cat-anniversary-flowers","7":"product_cat-birthday-flowers","8":"product_cat-bouquets","9":"product_cat-flowers-for-a-girl","10":"product_cat-flowers-for-men","11":"product_cat-flowers-for-mom","12":"product_cat-flowers-for-the-teachers","13":"product_cat-flowers-for-women","14":"product_cat-march-8-flowers","15":"product_cat-mothers-day-flowers","16":"product_cat-roses","17":"product_cat-valentines-day-flowers","18":"tm-has-options","20":"first","21":"instock","22":"taxable","23":"shipping-taxable","24":"purchasable","25":"product-type-variable","26":"has-default-attributes"},"yoast_head":"<!-- This site is optimized with the Yoast SEO plugin v24.3 - https:\/\/yoast.com\/wordpress\/plugins\/seo\/ -->\n<title>Bouquet of red roses | Delivery of flowers in Vilnius | Pristatome g\u0117les<\/title>\n<meta name=\"description\" content=\"The most popular, but also the most fascinating bouquet variant - majestic red roses, suitable for all occasions. Suitable to be gifted to anyone.\" \/>\n<meta name=\"robots\" content=\"index, follow, max-snippet:-1, max-image-preview:large, max-video-preview:-1\" \/>\n<link rel=\"canonical\" href=\"https:\/\/www.pristatomegeles.lt\/en\/produktas\/a-bouquet-of-red-roses\/\" \/>\n<meta property=\"og:locale\" content=\"en_US\" \/>\n<meta property=\"og:type\" content=\"article\" \/>\n<meta property=\"og:title\" content=\"Bouquet of red roses | Delivery of flowers in Vilnius | Pristatome g\u0117les\" \/>\n<meta property=\"og:description\" content=\"The most popular, but also the most fascinating bouquet variant - majestic red roses, suitable for all occasions. Suitable to be gifted to anyone.\" \/>\n<meta property=\"og:url\" content=\"https:\/\/www.pristatomegeles.lt\/en\/produktas\/a-bouquet-of-red-roses\/\" \/>\n<meta property=\"og:site_name\" content=\"Pristatomegeles.lt\" \/>\n<meta property=\"article:modified_time\" content=\"2026-02-05T17:50:21+00:00\" \/>\n<meta property=\"og:image\" content=\"https:\/\/www.pristatomegeles.lt\/wp-content\/uploads\/2018\/02\/raudonos-rozes-puoksteje-gimtadienio-geles-scaled.jpg\" \/>\n\t<meta property=\"og:image:width\" content=\"1000\" \/>\n\t<meta property=\"og:image:height\" content=\"1000\" \/>\n\t<meta property=\"og:image:type\" content=\"image\/jpeg\" \/>\n<meta name=\"twitter:card\" content=\"summary_large_image\" \/>\n<meta name=\"twitter:label1\" content=\"Est. reading time\" \/>\n\t<meta name=\"twitter:data1\" content=\"1 minute\" \/>\n<script type=\"application\/ld+json\" class=\"yoast-schema-graph\">{\"@context\":\"https:\/\/schema.org\",\"@graph\":[{\"@type\":\"WebPage\",\"@id\":\"https:\/\/www.pristatomegeles.lt\/en\/produktas\/a-bouquet-of-red-roses\/\",\"url\":\"https:\/\/www.pristatomegeles.lt\/en\/produktas\/a-bouquet-of-red-roses\/\",\"name\":\"Bouquet of red roses | Delivery of flowers in Vilnius | Pristatome g\u0117les\",\"isPartOf\":{\"@id\":\"https:\/\/www.pristatomegeles.lt\/en\/#website\"},\"primaryImageOfPage\":{\"@id\":\"https:\/\/www.pristatomegeles.lt\/en\/produktas\/a-bouquet-of-red-roses\/#primaryimage\"},\"image\":{\"@id\":\"https:\/\/www.pristatomegeles.lt\/en\/produktas\/a-bouquet-of-red-roses\/#primaryimage\"},\"thumbnailUrl\":\"https:\/\/www.pristatomegeles.lt\/wp-content\/uploads\/2018\/02\/raudonos-rozes-puoksteje-gimtadienio-geles-scaled.jpg\",\"datePublished\":\"2018-02-05T18:53:38+00:00\",\"dateModified\":\"2026-02-05T17:50:21+00:00\",\"description\":\"The most popular, but also the most fascinating bouquet variant - majestic red roses, suitable for all occasions. Suitable to be gifted to anyone.\",\"breadcrumb\":{\"@id\":\"https:\/\/www.pristatomegeles.lt\/en\/produktas\/a-bouquet-of-red-roses\/#breadcrumb\"},\"inLanguage\":\"en-US\",\"potentialAction\":[{\"@type\":\"ReadAction\",\"target\":[\"https:\/\/www.pristatomegeles.lt\/en\/produktas\/a-bouquet-of-red-roses\/\"]}]},{\"@type\":\"ImageObject\",\"inLanguage\":\"en-US\",\"@id\":\"https:\/\/www.pristatomegeles.lt\/en\/produktas\/a-bouquet-of-red-roses\/#primaryimage\",\"url\":\"https:\/\/www.pristatomegeles.lt\/wp-content\/uploads\/2018\/02\/raudonos-rozes-puoksteje-gimtadienio-geles-scaled.jpg\",\"contentUrl\":\"https:\/\/www.pristatomegeles.lt\/wp-content\/uploads\/2018\/02\/raudonos-rozes-puoksteje-gimtadienio-geles-scaled.jpg\",\"width\":1000,\"height\":1000,\"caption\":\"Raudon\u0173 ro\u017ei\u0173 puok\u0161t\u0117 g\u0117l\u0117s gimtadieniui\"},{\"@type\":\"BreadcrumbList\",\"@id\":\"https:\/\/www.pristatomegeles.lt\/en\/produktas\/a-bouquet-of-red-roses\/#breadcrumb\",\"itemListElement\":[{\"@type\":\"ListItem\",\"position\":1,\"name\":\"Home\",\"item\":\"https:\/\/www.pristatomegeles.lt\/en\/home-2\/\"},{\"@type\":\"ListItem\",\"position\":2,\"name\":\"Flowers\",\"item\":\"https:\/\/www.pristatomegeles.lt\/en\/flowers\/\"},{\"@type\":\"ListItem\",\"position\":3,\"name\":\"A bouquet of red roses\"}]},{\"@type\":\"WebSite\",\"@id\":\"https:\/\/www.pristatomegeles.lt\/en\/#website\",\"url\":\"https:\/\/www.pristatomegeles.lt\/en\/\",\"name\":\"Pristatomegeles.lt\",\"description\":\"\",\"potentialAction\":[{\"@type\":\"SearchAction\",\"target\":{\"@type\":\"EntryPoint\",\"urlTemplate\":\"https:\/\/www.pristatomegeles.lt\/en\/?s={search_term_string}\"},\"query-input\":{\"@type\":\"PropertyValueSpecification\",\"valueRequired\":true,\"valueName\":\"search_term_string\"}}],\"inLanguage\":\"en-US\"}]}<\/script>\n<!-- \/ Yoast SEO plugin. -->","yoast_head_json":{"title":"Bouquet of red roses | Delivery of flowers in Vilnius | Pristatome g\u0117les","description":"The most popular, but also the most fascinating bouquet variant - majestic red roses, suitable for all occasions. Suitable to be gifted to anyone.","robots":{"index":"index","follow":"follow","max-snippet":"max-snippet:-1","max-image-preview":"max-image-preview:large","max-video-preview":"max-video-preview:-1"},"canonical":"https:\/\/www.pristatomegeles.lt\/en\/produktas\/a-bouquet-of-red-roses\/","og_locale":"en_US","og_type":"article","og_title":"Bouquet of red roses | Delivery of flowers in Vilnius | Pristatome g\u0117les","og_description":"The most popular, but also the most fascinating bouquet variant - majestic red roses, suitable for all occasions. Suitable to be gifted to anyone.","og_url":"https:\/\/www.pristatomegeles.lt\/en\/produktas\/a-bouquet-of-red-roses\/","og_site_name":"Pristatomegeles.lt","article_modified_time":"2026-02-05T17:50:21+00:00","og_image":[{"width":1000,"height":1000,"url":"https:\/\/www.pristatomegeles.lt\/wp-content\/uploads\/2018\/02\/raudonos-rozes-puoksteje-gimtadienio-geles-scaled.jpg","type":"image\/jpeg"}],"twitter_card":"summary_large_image","twitter_misc":{"Est. reading time":"1 minute"},"schema":{"@context":"https:\/\/schema.org","@graph":[{"@type":"WebPage","@id":"https:\/\/www.pristatomegeles.lt\/en\/produktas\/a-bouquet-of-red-roses\/","url":"https:\/\/www.pristatomegeles.lt\/en\/produktas\/a-bouquet-of-red-roses\/","name":"Bouquet of red roses | Delivery of flowers in Vilnius | Pristatome g\u0117les","isPartOf":{"@id":"https:\/\/www.pristatomegeles.lt\/en\/#website"},"primaryImageOfPage":{"@id":"https:\/\/www.pristatomegeles.lt\/en\/produktas\/a-bouquet-of-red-roses\/#primaryimage"},"image":{"@id":"https:\/\/www.pristatomegeles.lt\/en\/produktas\/a-bouquet-of-red-roses\/#primaryimage"},"thumbnailUrl":"https:\/\/www.pristatomegeles.lt\/wp-content\/uploads\/2018\/02\/raudonos-rozes-puoksteje-gimtadienio-geles-scaled.jpg","datePublished":"2018-02-05T18:53:38+00:00","dateModified":"2026-02-05T17:50:21+00:00","description":"The most popular, but also the most fascinating bouquet variant - majestic red roses, suitable for all occasions. Suitable to be gifted to anyone.","breadcrumb":{"@id":"https:\/\/www.pristatomegeles.lt\/en\/produktas\/a-bouquet-of-red-roses\/#breadcrumb"},"inLanguage":"en-US","potentialAction":[{"@type":"ReadAction","target":["https:\/\/www.pristatomegeles.lt\/en\/produktas\/a-bouquet-of-red-roses\/"]}]},{"@type":"ImageObject","inLanguage":"en-US","@id":"https:\/\/www.pristatomegeles.lt\/en\/produktas\/a-bouquet-of-red-roses\/#primaryimage","url":"https:\/\/www.pristatomegeles.lt\/wp-content\/uploads\/2018\/02\/raudonos-rozes-puoksteje-gimtadienio-geles-scaled.jpg","contentUrl":"https:\/\/www.pristatomegeles.lt\/wp-content\/uploads\/2018\/02\/raudonos-rozes-puoksteje-gimtadienio-geles-scaled.jpg","width":1000,"height":1000,"caption":"Raudon\u0173 ro\u017ei\u0173 puok\u0161t\u0117 g\u0117l\u0117s gimtadieniui"},{"@type":"BreadcrumbList","@id":"https:\/\/www.pristatomegeles.lt\/en\/produktas\/a-bouquet-of-red-roses\/#breadcrumb","itemListElement":[{"@type":"ListItem","position":1,"name":"Home","item":"https:\/\/www.pristatomegeles.lt\/en\/home-2\/"},{"@type":"ListItem","position":2,"name":"Flowers","item":"https:\/\/www.pristatomegeles.lt\/en\/flowers\/"},{"@type":"ListItem","position":3,"name":"A bouquet of red roses"}]},{"@type":"WebSite","@id":"https:\/\/www.pristatomegeles.lt\/en\/#website","url":"https:\/\/www.pristatomegeles.lt\/en\/","name":"Pristatomegeles.lt","description":"","potentialAction":[{"@type":"SearchAction","target":{"@type":"EntryPoint","urlTemplate":"https:\/\/www.pristatomegeles.lt\/en\/?s={search_term_string}"},"query-input":{"@type":"PropertyValueSpecification","valueRequired":true,"valueName":"search_term_string"}}],"inLanguage":"en-US"}]}},"_links":{"self":[{"href":"https:\/\/www.pristatomegeles.lt\/en\/wp-json\/wp\/v2\/product\/7237","targetHints":{"allow":["GET"]}}],"collection":[{"href":"https:\/\/www.pristatomegeles.lt\/en\/wp-json\/wp\/v2\/product"}],"about":[{"href":"https:\/\/www.pristatomegeles.lt\/en\/wp-json\/wp\/v2\/types\/product"}],"wp:featuredmedia":[{"embeddable":true,"href":"https:\/\/www.pristatomegeles.lt\/en\/wp-json\/wp\/v2\/media\/15948"}],"wp:attachment":[{"href":"https:\/\/www.pristatomegeles.lt\/en\/wp-json\/wp\/v2\/media?parent=7237"}],"wp:term":[{"taxonomy":"product_brand","embeddable":true,"href":"https:\/\/www.pristatomegeles.lt\/en\/wp-json\/wp\/v2\/product_brand?post=7237"},{"taxonomy":"product_cat","embeddable":true,"href":"https:\/\/www.pristatomegeles.lt\/en\/wp-json\/wp\/v2\/product_cat?post=7237"},{"taxonomy":"product_tag","embeddable":true,"href":"https:\/\/www.pristatomegeles.lt\/en\/wp-json\/wp\/v2\/product_tag?post=7237"}],"curies":[{"name":"wp","href":"https:\/\/api.w.org\/{rel}","templated":true}]}}