{"id":7289,"date":"2018-03-01T13:47:10","date_gmt":"2018-03-01T15:47:10","guid":{"rendered":"http:\/\/www.pristatomegeles.lt\/produktas\/a-box-of-red-and-white-tulips\/"},"modified":"2023-02-12T16:11:54","modified_gmt":"2023-02-12T14:11:54","slug":"a-box-of-red-and-white-tulips","status":"publish","type":"product","link":"https:\/\/www.pristatomegeles.lt\/en\/produktas\/a-box-of-red-and-white-tulips\/","title":{"rendered":"A box of red and white tulips"},"content":{"rendered":"<p>The box consists of red and white tulips. The size of the box is chosen according to the number of tulips you choose. The color of the box is chosen at random, but we always match the color of the tulips and tie a matching ribbon. The tulip box already comes with a water reserve, so there is no need to soak the flowers in a vase or fill the box with water. The box can contain several tulips more or less, depending on the size of the flowers.<\/p>\n","protected":false},"excerpt":{"rendered":"<p>Amazingly bright red tulips combined with white ones symbolize purity and look truly harmonious and tasteful. Also, the presentation of flowers in a box creates an effect of style and modernity.<\/p>\n","protected":false},"featured_media":5809,"template":"","meta":[],"product_brand":[],"product_cat":[1499,1497,414,1491,1498,1494,1152,1153,554],"product_tag":[],"class_list":{"0":"post-7289","1":"product","2":"type-product","3":"status-publish","4":"has-post-thumbnail","6":"product_cat-anniversary-flowers","7":"product_cat-birthday-flowers","8":"product_cat-flower-boxes","9":"product_cat-flowers-for-a-girl","10":"product_cat-flowers-for-mom","11":"product_cat-flowers-for-women","12":"product_cat-march-8-flowers","13":"product_cat-mothers-day-flowers","14":"product_cat-tulips","15":"tm-no-options","17":"first","18":"instock","19":"taxable","20":"shipping-taxable","21":"purchasable","22":"product-type-variable","23":"has-default-attributes"},"yoast_head":"<!-- This site is optimized with the Yoast SEO plugin v24.3 - https:\/\/yoast.com\/wordpress\/plugins\/seo\/ -->\n<title>A box of red and white tulips | Delivery of flowers in Vilnius | Pristatome g\u0117les<\/title>\n<meta name=\"description\" content=\"A box of red and white tulips for home, office or brought directly to a celebration is an unforgettable surprise for every woman or girl. This box will impress with its matching colors and the positive energy emitted by the tulips. Order online and we will help you surprise a special person.\" \/>\n<meta name=\"robots\" content=\"index, follow, max-snippet:-1, max-image-preview:large, max-video-preview:-1\" \/>\n<link rel=\"canonical\" href=\"https:\/\/www.pristatomegeles.lt\/en\/produktas\/a-box-of-red-and-white-tulips\/\" \/>\n<meta property=\"og:locale\" content=\"en_US\" \/>\n<meta property=\"og:type\" content=\"article\" \/>\n<meta property=\"og:title\" content=\"A box of red and white tulips | Delivery of flowers in Vilnius | Pristatome g\u0117les\" \/>\n<meta property=\"og:description\" content=\"A box of red and white tulips for home, office or brought directly to a celebration is an unforgettable surprise for every woman or girl. This box will impress with its matching colors and the positive energy emitted by the tulips. Order online and we will help you surprise a special person.\" \/>\n<meta property=\"og:url\" content=\"https:\/\/www.pristatomegeles.lt\/en\/produktas\/a-box-of-red-and-white-tulips\/\" \/>\n<meta property=\"og:site_name\" content=\"Pristatomegeles.lt\" \/>\n<meta property=\"article:modified_time\" content=\"2023-02-12T14:11:54+00:00\" \/>\n<meta property=\"og:image\" content=\"https:\/\/www.pristatomegeles.lt\/wp-content\/uploads\/2018\/03\/tulpes-dezuteje-raudonos-ir-baltos.jpg\" \/>\n\t<meta property=\"og:image:width\" content=\"1000\" \/>\n\t<meta property=\"og:image:height\" content=\"1000\" \/>\n\t<meta property=\"og:image:type\" content=\"image\/jpeg\" \/>\n<meta name=\"twitter:card\" content=\"summary_large_image\" \/>\n<script type=\"application\/ld+json\" class=\"yoast-schema-graph\">{\"@context\":\"https:\/\/schema.org\",\"@graph\":[{\"@type\":\"WebPage\",\"@id\":\"https:\/\/www.pristatomegeles.lt\/en\/produktas\/a-box-of-red-and-white-tulips\/\",\"url\":\"https:\/\/www.pristatomegeles.lt\/en\/produktas\/a-box-of-red-and-white-tulips\/\",\"name\":\"A box of red and white tulips | Delivery of flowers in Vilnius | Pristatome g\u0117les\",\"isPartOf\":{\"@id\":\"https:\/\/www.pristatomegeles.lt\/en\/#website\"},\"primaryImageOfPage\":{\"@id\":\"https:\/\/www.pristatomegeles.lt\/en\/produktas\/a-box-of-red-and-white-tulips\/#primaryimage\"},\"image\":{\"@id\":\"https:\/\/www.pristatomegeles.lt\/en\/produktas\/a-box-of-red-and-white-tulips\/#primaryimage\"},\"thumbnailUrl\":\"https:\/\/www.pristatomegeles.lt\/wp-content\/uploads\/2018\/03\/tulpes-dezuteje-raudonos-ir-baltos-scaled.jpg\",\"datePublished\":\"2018-03-01T15:47:10+00:00\",\"dateModified\":\"2023-02-12T14:11:54+00:00\",\"description\":\"A box of red and white tulips for home, office or brought directly to a celebration is an unforgettable surprise for every woman or girl. This box will impress with its matching colors and the positive energy emitted by the tulips. Order online and we will help you surprise a special person.\",\"breadcrumb\":{\"@id\":\"https:\/\/www.pristatomegeles.lt\/en\/produktas\/a-box-of-red-and-white-tulips\/#breadcrumb\"},\"inLanguage\":\"en-US\",\"potentialAction\":[{\"@type\":\"ReadAction\",\"target\":[\"https:\/\/www.pristatomegeles.lt\/en\/produktas\/a-box-of-red-and-white-tulips\/\"]}]},{\"@type\":\"ImageObject\",\"inLanguage\":\"en-US\",\"@id\":\"https:\/\/www.pristatomegeles.lt\/en\/produktas\/a-box-of-red-and-white-tulips\/#primaryimage\",\"url\":\"https:\/\/www.pristatomegeles.lt\/wp-content\/uploads\/2018\/03\/tulpes-dezuteje-raudonos-ir-baltos-scaled.jpg\",\"contentUrl\":\"https:\/\/www.pristatomegeles.lt\/wp-content\/uploads\/2018\/03\/tulpes-dezuteje-raudonos-ir-baltos-scaled.jpg\",\"width\":2560,\"height\":2560,\"caption\":\"Balt\u0173 ir raudon\u0173 tulpi\u0173 d\u0117\u017eut\u0117 moters dienai\"},{\"@type\":\"BreadcrumbList\",\"@id\":\"https:\/\/www.pristatomegeles.lt\/en\/produktas\/a-box-of-red-and-white-tulips\/#breadcrumb\",\"itemListElement\":[{\"@type\":\"ListItem\",\"position\":1,\"name\":\"Home\",\"item\":\"https:\/\/www.pristatomegeles.lt\/en\/home-2\/\"},{\"@type\":\"ListItem\",\"position\":2,\"name\":\"Flowers\",\"item\":\"https:\/\/www.pristatomegeles.lt\/en\/flowers\/\"},{\"@type\":\"ListItem\",\"position\":3,\"name\":\"A box of red and white tulips\"}]},{\"@type\":\"WebSite\",\"@id\":\"https:\/\/www.pristatomegeles.lt\/en\/#website\",\"url\":\"https:\/\/www.pristatomegeles.lt\/en\/\",\"name\":\"Pristatomegeles.lt\",\"description\":\"\",\"potentialAction\":[{\"@type\":\"SearchAction\",\"target\":{\"@type\":\"EntryPoint\",\"urlTemplate\":\"https:\/\/www.pristatomegeles.lt\/en\/?s={search_term_string}\"},\"query-input\":{\"@type\":\"PropertyValueSpecification\",\"valueRequired\":true,\"valueName\":\"search_term_string\"}}],\"inLanguage\":\"en-US\"}]}<\/script>\n<!-- \/ Yoast SEO plugin. -->","yoast_head_json":{"title":"A box of red and white tulips | Delivery of flowers in Vilnius | Pristatome g\u0117les","description":"A box of red and white tulips for home, office or brought directly to a celebration is an unforgettable surprise for every woman or girl. This box will impress with its matching colors and the positive energy emitted by the tulips. Order online and we will help you surprise a special person.","robots":{"index":"index","follow":"follow","max-snippet":"max-snippet:-1","max-image-preview":"max-image-preview:large","max-video-preview":"max-video-preview:-1"},"canonical":"https:\/\/www.pristatomegeles.lt\/en\/produktas\/a-box-of-red-and-white-tulips\/","og_locale":"en_US","og_type":"article","og_title":"A box of red and white tulips | Delivery of flowers in Vilnius | Pristatome g\u0117les","og_description":"A box of red and white tulips for home, office or brought directly to a celebration is an unforgettable surprise for every woman or girl. This box will impress with its matching colors and the positive energy emitted by the tulips. Order online and we will help you surprise a special person.","og_url":"https:\/\/www.pristatomegeles.lt\/en\/produktas\/a-box-of-red-and-white-tulips\/","og_site_name":"Pristatomegeles.lt","article_modified_time":"2023-02-12T14:11:54+00:00","og_image":[{"width":1000,"height":1000,"url":"https:\/\/www.pristatomegeles.lt\/wp-content\/uploads\/2018\/03\/tulpes-dezuteje-raudonos-ir-baltos.jpg","type":"image\/jpeg"}],"twitter_card":"summary_large_image","schema":{"@context":"https:\/\/schema.org","@graph":[{"@type":"WebPage","@id":"https:\/\/www.pristatomegeles.lt\/en\/produktas\/a-box-of-red-and-white-tulips\/","url":"https:\/\/www.pristatomegeles.lt\/en\/produktas\/a-box-of-red-and-white-tulips\/","name":"A box of red and white tulips | Delivery of flowers in Vilnius | Pristatome g\u0117les","isPartOf":{"@id":"https:\/\/www.pristatomegeles.lt\/en\/#website"},"primaryImageOfPage":{"@id":"https:\/\/www.pristatomegeles.lt\/en\/produktas\/a-box-of-red-and-white-tulips\/#primaryimage"},"image":{"@id":"https:\/\/www.pristatomegeles.lt\/en\/produktas\/a-box-of-red-and-white-tulips\/#primaryimage"},"thumbnailUrl":"https:\/\/www.pristatomegeles.lt\/wp-content\/uploads\/2018\/03\/tulpes-dezuteje-raudonos-ir-baltos-scaled.jpg","datePublished":"2018-03-01T15:47:10+00:00","dateModified":"2023-02-12T14:11:54+00:00","description":"A box of red and white tulips for home, office or brought directly to a celebration is an unforgettable surprise for every woman or girl. This box will impress with its matching colors and the positive energy emitted by the tulips. Order online and we will help you surprise a special person.","breadcrumb":{"@id":"https:\/\/www.pristatomegeles.lt\/en\/produktas\/a-box-of-red-and-white-tulips\/#breadcrumb"},"inLanguage":"en-US","potentialAction":[{"@type":"ReadAction","target":["https:\/\/www.pristatomegeles.lt\/en\/produktas\/a-box-of-red-and-white-tulips\/"]}]},{"@type":"ImageObject","inLanguage":"en-US","@id":"https:\/\/www.pristatomegeles.lt\/en\/produktas\/a-box-of-red-and-white-tulips\/#primaryimage","url":"https:\/\/www.pristatomegeles.lt\/wp-content\/uploads\/2018\/03\/tulpes-dezuteje-raudonos-ir-baltos-scaled.jpg","contentUrl":"https:\/\/www.pristatomegeles.lt\/wp-content\/uploads\/2018\/03\/tulpes-dezuteje-raudonos-ir-baltos-scaled.jpg","width":2560,"height":2560,"caption":"Balt\u0173 ir raudon\u0173 tulpi\u0173 d\u0117\u017eut\u0117 moters dienai"},{"@type":"BreadcrumbList","@id":"https:\/\/www.pristatomegeles.lt\/en\/produktas\/a-box-of-red-and-white-tulips\/#breadcrumb","itemListElement":[{"@type":"ListItem","position":1,"name":"Home","item":"https:\/\/www.pristatomegeles.lt\/en\/home-2\/"},{"@type":"ListItem","position":2,"name":"Flowers","item":"https:\/\/www.pristatomegeles.lt\/en\/flowers\/"},{"@type":"ListItem","position":3,"name":"A box of red and white tulips"}]},{"@type":"WebSite","@id":"https:\/\/www.pristatomegeles.lt\/en\/#website","url":"https:\/\/www.pristatomegeles.lt\/en\/","name":"Pristatomegeles.lt","description":"","potentialAction":[{"@type":"SearchAction","target":{"@type":"EntryPoint","urlTemplate":"https:\/\/www.pristatomegeles.lt\/en\/?s={search_term_string}"},"query-input":{"@type":"PropertyValueSpecification","valueRequired":true,"valueName":"search_term_string"}}],"inLanguage":"en-US"}]}},"_links":{"self":[{"href":"https:\/\/www.pristatomegeles.lt\/en\/wp-json\/wp\/v2\/product\/7289","targetHints":{"allow":["GET"]}}],"collection":[{"href":"https:\/\/www.pristatomegeles.lt\/en\/wp-json\/wp\/v2\/product"}],"about":[{"href":"https:\/\/www.pristatomegeles.lt\/en\/wp-json\/wp\/v2\/types\/product"}],"wp:featuredmedia":[{"embeddable":true,"href":"https:\/\/www.pristatomegeles.lt\/en\/wp-json\/wp\/v2\/media\/5809"}],"wp:attachment":[{"href":"https:\/\/www.pristatomegeles.lt\/en\/wp-json\/wp\/v2\/media?parent=7289"}],"wp:term":[{"taxonomy":"product_brand","embeddable":true,"href":"https:\/\/www.pristatomegeles.lt\/en\/wp-json\/wp\/v2\/product_brand?post=7289"},{"taxonomy":"product_cat","embeddable":true,"href":"https:\/\/www.pristatomegeles.lt\/en\/wp-json\/wp\/v2\/product_cat?post=7289"},{"taxonomy":"product_tag","embeddable":true,"href":"https:\/\/www.pristatomegeles.lt\/en\/wp-json\/wp\/v2\/product_tag?post=7289"}],"curies":[{"name":"wp","href":"https:\/\/api.w.org\/{rel}","templated":true}]}}